{"id":17294,"date":"2023-10-25T00:51:43","date_gmt":"2023-10-24T17:51:43","guid":{"rendered":"https:\/\/livinghome.vn\/thiet-bi\/?post_type=product&#038;p=17294"},"modified":"2024-11-29T14:19:09","modified_gmt":"2024-11-29T07:19:09","slug":"may-rua-chen-bat-cong-nghiep-texgio-ultrasonic-tgu-1000xs","status":"publish","type":"product","link":"https:\/\/livinghome.vn\/thiet-bi\/may-rua-chen-bat-cong-nghiep-texgio-ultrasonic-tgu-1000xs\/","title":{"rendered":"M\u00e1y R\u1eeda Ch\u00e9n B\u00e1t C\u00f4ng Nghi\u1ec7p Texgio Ultrasonic TGU-1000XS"},"content":{"rendered":"<h2>M\u00e1y R\u1eeda Ch\u00e9n B\u00e1t Texgio Ultrasonic Luxury\u00a0Texgio TGU-1000XS<\/h2>\n<ul>\n<li>Th\u01b0\u01a1ng hi\u1ec7u: <strong><a href=\"https:\/\/livinghome.vn\/thiet-bi\/thuong-hieu-texgio\/\">Texgio<\/a><\/strong><\/li>\n<li>Ki\u1ec3u d\u00e1ng: <a href=\"https:\/\/livinghome.vn\/thiet-bi\/may-rua-chen-bat-cong-nghiep\/\"><strong>M\u00e1y r\u1eeda ch\u00e9n b\u00e1t c\u00f4ng nghi\u1ec7p<\/strong><\/a> ch\u1eadu \u0111\u01a1n (1 ch\u1eadu)<\/li>\n<li>\u0110i\u1ec1u khi\u1ec3n: Ph\u00edm c\u01a1 ph\u00eda tr\u00ean<\/li>\n<li>Ch\u1ea5t li\u1ec7u: Th\u00e9p kh\u00f4ng g\u1ec9 304<\/li>\n<li>T\u1ea7n s\u1ed1 si\u00eau \u00e2m: 28kHz<\/li>\n<li>Nhi\u1ec7t \u0111\u1ed9 c\u00e0i \u0111\u1eb7t: 0-100oC<\/li>\n<li>C\u00f4ng su\u1ea5t 1 b\u1ed9 dao \u0111\u1ed9ng: 60W<\/li>\n<li>T\u1ed5ng c\u00f4ng su\u1ea5t: 7000W<\/li>\n<li>K\u00edch th\u01b0\u1edbc ch\u1eadu ch\u00ednh: 800 x 570 x 300 mm<\/li>\n<li>K\u00edch th\u01b0\u1edbc s\u1ea3n ph\u1ea9m: 1000 x 800 x 930 mm<\/li>\n<li>Ngu\u1ed3n: 220V\u00b110%, 1P, 50Hz<\/li>\n<li>B\u1ea3o H\u00e0nh 12 th\u00e1ng<\/li>\n<\/ul>\n<p><img loading=\"lazy\" decoding=\"async\" class=\"size-full wp-image-17318\" src=\"https:\/\/livinghome.vn\/thiet-bi\/wp-content\/uploads\/san-pham\/may-rua-chen-bat-cong-nghiep\/may-rua-chen-bat-cong-nghiep-texgio\/texgio-tgu-1000xs\/texgio-tgu-1000xs-2.jpg\" alt=\"M\u00e1y R\u1eeda Ch\u00e9n B\u00e1t C\u00f4ng Nghi\u1ec7p Texgio Ultrasonic TGU-1000XS\" width=\"800\" height=\"891\" title=\"\"><\/p>\n<p><img loading=\"lazy\" decoding=\"async\" class=\"size-full wp-image-17318\" src=\"https:\/\/livinghome.vn\/thiet-bi\/wp-content\/uploads\/san-pham\/may-rua-chen-bat-cong-nghiep\/may-rua-chen-bat-cong-nghiep-texgio\/texgio-tgu-1000xs\/texgio-tgu-1000xs-1.jpg\" alt=\"M\u00e1y R\u1eeda Ch\u00e9n B\u00e1t C\u00f4ng Nghi\u1ec7p Texgio Ultrasonic TGU-1000XS\" width=\"800\" height=\"891\" title=\"\" srcset=\"https:\/\/livinghome.vn\/thiet-bi\/wp-content\/uploads\/san-pham\/may-rua-chen-bat-cong-nghiep\/may-rua-chen-bat-cong-nghiep-texgio\/texgio-tgu-1000xs\/texgio-tgu-1000xs-1.jpg 800w, https:\/\/livinghome.vn\/thiet-bi\/wp-content\/uploads\/san-pham\/may-rua-chen-bat-cong-nghiep\/may-rua-chen-bat-cong-nghiep-texgio\/texgio-tgu-1000xs\/texgio-tgu-1000xs-1-600x668.jpg 600w, https:\/\/livinghome.vn\/thiet-bi\/wp-content\/uploads\/san-pham\/may-rua-chen-bat-cong-nghiep\/may-rua-chen-bat-cong-nghiep-texgio\/texgio-tgu-1000xs\/texgio-tgu-1000xs-1-359x400.jpg 359w, https:\/\/livinghome.vn\/thiet-bi\/wp-content\/uploads\/san-pham\/may-rua-chen-bat-cong-nghiep\/may-rua-chen-bat-cong-nghiep-texgio\/texgio-tgu-1000xs\/texgio-tgu-1000xs-1-718x800.jpg 718w, https:\/\/livinghome.vn\/thiet-bi\/wp-content\/uploads\/san-pham\/may-rua-chen-bat-cong-nghiep\/may-rua-chen-bat-cong-nghiep-texgio\/texgio-tgu-1000xs\/texgio-tgu-1000xs-1-768x855.jpg 768w\" sizes=\"auto, (max-width: 800px) 100vw, 800px\" \/><\/p>\n<p><img loading=\"lazy\" decoding=\"async\" class=\"size-full wp-image-17318\" src=\"https:\/\/livinghome.vn\/thiet-bi\/wp-content\/uploads\/san-pham\/may-rua-chen-bat-cong-nghiep\/may-rua-chen-bat-cong-nghiep-texgio\/texgio-tgu-1000xs\/texgio-tgu-1000xs-4.jpg\" alt=\"M\u00e1y R\u1eeda Ch\u00e9n B\u00e1t C\u00f4ng Nghi\u1ec7p Texgio Ultrasonic TGU-1000XS\" width=\"800\" height=\"891\" title=\"\"><\/p>\n<p><img loading=\"lazy\" decoding=\"async\" class=\"size-full wp-image-17318\" src=\"https:\/\/livinghome.vn\/thiet-bi\/wp-content\/uploads\/san-pham\/may-rua-chen-bat-cong-nghiep\/may-rua-chen-bat-cong-nghiep-texgio\/texgio-tgu-1000xs\/texgio-tgu-1000xs-5.jpg\" alt=\"M\u00e1y R\u1eeda Ch\u00e9n B\u00e1t C\u00f4ng Nghi\u1ec7p Texgio Ultrasonic TGU-1000XS\" width=\"800\" height=\"891\" title=\"\"><\/p>\n<p><img loading=\"lazy\" decoding=\"async\" class=\"size-full wp-image-17318\" src=\"https:\/\/livinghome.vn\/thiet-bi\/wp-content\/uploads\/san-pham\/may-rua-chen-bat-cong-nghiep\/may-rua-chen-bat-cong-nghiep-texgio\/texgio-tgu-1000xs\/texgio-tgu-1000xs-6.jpg\" alt=\"M\u00e1y R\u1eeda Ch\u00e9n B\u00e1t C\u00f4ng Nghi\u1ec7p Texgio Ultrasonic TGU-1000XS\" width=\"800\" height=\"891\" title=\"\"><\/p>\n<p><img loading=\"lazy\" decoding=\"async\" class=\"size-full wp-image-17318\" src=\"https:\/\/livinghome.vn\/thiet-bi\/wp-content\/uploads\/san-pham\/may-rua-chen-bat-cong-nghiep\/may-rua-chen-bat-cong-nghiep-texgio\/texgio-tgu-1000xs\/texgio-tgu-1000xs-7.jpg\" alt=\"M\u00e1y R\u1eeda Ch\u00e9n B\u00e1t C\u00f4ng Nghi\u1ec7p Texgio Ultrasonic TGU-1000XS\" width=\"800\" height=\"891\" title=\"\"><\/p>\n<p><img loading=\"lazy\" decoding=\"async\" class=\"size-full wp-image-17318\" src=\"https:\/\/livinghome.vn\/thiet-bi\/wp-content\/uploads\/san-pham\/may-rua-chen-bat-cong-nghiep\/may-rua-chen-bat-cong-nghiep-texgio\/texgio-tgu-1000xs\/texgio-tgu-1000xs-8.jpg\" alt=\"M\u00e1y R\u1eeda Ch\u00e9n B\u00e1t C\u00f4ng Nghi\u1ec7p Texgio Ultrasonic TGU-1000XS\" width=\"800\" height=\"891\" title=\"\"><\/p>\n<p><img loading=\"lazy\" decoding=\"async\" class=\"size-full wp-image-17318\" src=\"https:\/\/livinghome.vn\/thiet-bi\/wp-content\/uploads\/san-pham\/may-rua-chen-bat-cong-nghiep\/may-rua-chen-bat-cong-nghiep-texgio\/texgio-tgu-1000xs\/texgio-tgu-1000xs-9.jpg\" alt=\"M\u00e1y R\u1eeda Ch\u00e9n B\u00e1t C\u00f4ng Nghi\u1ec7p Texgio Ultrasonic TGU-1000XS\" width=\"800\" height=\"891\" title=\"\"><\/p>\n<p><img loading=\"lazy\" decoding=\"async\" class=\"size-full wp-image-17318\" src=\"https:\/\/livinghome.vn\/thiet-bi\/wp-content\/uploads\/san-pham\/may-rua-chen-bat-cong-nghiep\/may-rua-chen-bat-cong-nghiep-texgio\/texgio-tgu-1000xs\/texgio-tgu-1000xs-10.jpg\" alt=\"M\u00e1y R\u1eeda Ch\u00e9n B\u00e1t C\u00f4ng Nghi\u1ec7p Texgio Ultrasonic TGU-1000XS\" width=\"800\" height=\"891\" title=\"\"><\/p>\n<p><img loading=\"lazy\" decoding=\"async\" class=\"size-full wp-image-17318\" src=\"https:\/\/livinghome.vn\/thiet-bi\/wp-content\/uploads\/san-pham\/may-rua-chen-bat-cong-nghiep\/may-rua-chen-bat-cong-nghiep-texgio\/texgio-tgu-1000xs\/texgio-tgu-1000xs-11.jpg\" alt=\"M\u00e1y R\u1eeda Ch\u00e9n B\u00e1t C\u00f4ng Nghi\u1ec7p Texgio Ultrasonic TGU-1000XS\" width=\"800\" height=\"891\" title=\"\"><\/p>\n<p><img loading=\"lazy\" decoding=\"async\" class=\"size-full wp-image-17318\" src=\"https:\/\/livinghome.vn\/thiet-bi\/wp-content\/uploads\/san-pham\/may-rua-chen-bat-cong-nghiep\/may-rua-chen-bat-cong-nghiep-texgio\/texgio-tgu-1000xs\/texgio-tgu-1000xs-12.jpg\" alt=\"M\u00e1y R\u1eeda Ch\u00e9n B\u00e1t C\u00f4ng Nghi\u1ec7p Texgio Ultrasonic TGU-1000XS\" width=\"800\" height=\"891\" title=\"\"><\/p>\n<p><img loading=\"lazy\" decoding=\"async\" class=\"size-full wp-image-17318\" src=\"https:\/\/livinghome.vn\/thiet-bi\/wp-content\/uploads\/san-pham\/may-rua-chen-bat-cong-nghiep\/may-rua-chen-bat-cong-nghiep-texgio\/texgio-tgu-1000xs\/texgio-tgu-1000xs-13.jpg\" alt=\"M\u00e1y R\u1eeda Ch\u00e9n B\u00e1t C\u00f4ng Nghi\u1ec7p Texgio Ultrasonic TGU-1000XS\" width=\"800\" height=\"891\" title=\"\"><\/p>\n<p><img loading=\"lazy\" decoding=\"async\" class=\"size-full wp-image-17318\" src=\"https:\/\/livinghome.vn\/thiet-bi\/wp-content\/uploads\/san-pham\/may-rua-chen-bat-cong-nghiep\/may-rua-chen-bat-cong-nghiep-texgio\/texgio-tgu-1000xs\/texgio-tgu-1000xs-14.jpg\" alt=\"M\u00e1y R\u1eeda Ch\u00e9n B\u00e1t C\u00f4ng Nghi\u1ec7p Texgio Ultrasonic TGU-1000XS\" width=\"800\" height=\"891\" title=\"\"><\/p>\n<p><img loading=\"lazy\" decoding=\"async\" class=\"size-full wp-image-17318\" src=\"https:\/\/livinghome.vn\/thiet-bi\/wp-content\/uploads\/san-pham\/may-rua-chen-bat-cong-nghiep\/may-rua-chen-bat-cong-nghiep-texgio\/texgio-tgu-1000xs\/texgio-tgu-1000xs-15.jpg\" alt=\"M\u00e1y R\u1eeda Ch\u00e9n B\u00e1t C\u00f4ng Nghi\u1ec7p Texgio Ultrasonic TGU-1000XS\" width=\"800\" height=\"891\" title=\"\"><\/p>\n","protected":false},"excerpt":{"rendered":"<h2>M\u00e1y R\u1eeda Ch\u00e9n B\u00e1t C\u00f4ng Nghi\u1ec7p S\u00f3ng Si\u00eau \u00c2m<\/h2>\n<ul>\n<li>Model: Texgio TGU-1000XS<\/li>\n<li>C\u00f4ng su\u1ea5t s\u00f3ng \u00e2m (W): 3000<\/li>\n<li>C\u00f4ng su\u1ea5t gia nhi\u1ec7t (W): 4000<\/li>\n<li>T\u1ed5ng c\u00f4ng su\u1ea5t (W): 7000<\/li>\n<li>B\u1ed9 t\u1ea1o giao \u0111\u1ed9ng (b\u1ed9): 35<\/li>\n<li>N\u00e2ng su\u1ea5t 1 l\u1ea7n r\u1eeda (chi\u1ebfc\/c\u00e1i): 240<\/li>\n<li>N\u00e2ng su\u1ea5t 1 gi\u1edd r\u1eeda (chi\u1ebfc\/c\u00e1i): 2600<\/li>\n<li>K\u00edch th\u01b0\u1edbc s\u1ea3n ph\u1ea9m (D x R x C mm): 1000 x 800 x 930<\/li>\n<li>K\u00edch th\u01b0\u1edbc ch\u1eadu ch\u00ednh (D x R x C mm): 800 x 600 x 300<\/li>\n<li>Th\u1ec3 t\u00edch (l\u00edt): 144 L<\/li>\n<\/ul>\n","protected":false},"featured_media":17328,"comment_status":"open","ping_status":"closed","template":"","meta":[],"product_brand":[],"product_cat":[92,936,569],"product_tag":[1764,1767],"class_list":{"0":"post-17294","1":"product","2":"type-product","3":"status-publish","4":"has-post-thumbnail","6":"product_cat-may-rua-chen-bat","7":"product_cat-may-rua-chen-bat-cong-nghiep","8":"product_cat-thuong-hieu-texgio","9":"product_tag-may-rua-chen-bat-cong-nghiep","10":"product_tag-may-rua-chen-bat-song-sieu-am","12":"first","13":"instock","14":"sale","15":"shipping-taxable","16":"purchasable","17":"product-type-simple"},"_links":{"self":[{"href":"https:\/\/livinghome.vn\/thiet-bi\/wp-json\/wp\/v2\/product\/17294","targetHints":{"allow":["GET"]}}],"collection":[{"href":"https:\/\/livinghome.vn\/thiet-bi\/wp-json\/wp\/v2\/product"}],"about":[{"href":"https:\/\/livinghome.vn\/thiet-bi\/wp-json\/wp\/v2\/types\/product"}],"replies":[{"embeddable":true,"href":"https:\/\/livinghome.vn\/thiet-bi\/wp-json\/wp\/v2\/comments?post=17294"}],"wp:featuredmedia":[{"embeddable":true,"href":"https:\/\/livinghome.vn\/thiet-bi\/wp-json\/wp\/v2\/media\/17328"}],"wp:attachment":[{"href":"https:\/\/livinghome.vn\/thiet-bi\/wp-json\/wp\/v2\/media?parent=17294"}],"wp:term":[{"taxonomy":"product_brand","embeddable":true,"href":"https:\/\/livinghome.vn\/thiet-bi\/wp-json\/wp\/v2\/product_brand?post=17294"},{"taxonomy":"product_cat","embeddable":true,"href":"https:\/\/livinghome.vn\/thiet-bi\/wp-json\/wp\/v2\/product_cat?post=17294"},{"taxonomy":"product_tag","embeddable":true,"href":"https:\/\/livinghome.vn\/thiet-bi\/wp-json\/wp\/v2\/product_tag?post=17294"}],"curies":[{"name":"wp","href":"https:\/\/api.w.org\/{rel}","templated":true}]}}