{"id":17268,"date":"2023-10-24T23:42:51","date_gmt":"2023-10-24T16:42:51","guid":{"rendered":"https:\/\/livinghome.vn\/thiet-bi\/?post_type=product&#038;p=17268"},"modified":"2024-11-29T14:19:09","modified_gmt":"2024-11-29T07:19:09","slug":"may-rua-chen-bat-cong-nghiep-texgio-ultrasonic-tgu-2400sd","status":"publish","type":"product","link":"https:\/\/livinghome.vn\/thiet-bi\/may-rua-chen-bat-cong-nghiep-texgio-ultrasonic-tgu-2400sd\/","title":{"rendered":"M\u00e1y R\u1eeda Ch\u00e9n B\u00e1t C\u00f4ng Nghi\u1ec7p Texgio Ultrasonic TGU-2400SD"},"content":{"rendered":"<h2>M\u00e1y R\u1eeda Ch\u00e9n B\u00e1t Texgio Ultrasonic Standard TGU-2400SD<\/h2>\n<ul>\n<li>Th\u01b0\u01a1ng hi\u1ec7u: <strong><a href=\"https:\/\/livinghome.vn\/thiet-bi\/thuong-hieu-texgio\/\">Texgio<\/a><\/strong><\/li>\n<li>Ki\u1ec3u d\u00e1ng: <a href=\"https:\/\/livinghome.vn\/thiet-bi\/may-rua-chen-bat-cong-nghiep\/\"><strong>M\u00e1y r\u1eeda ch\u00e9n b\u00e1t c\u00f4ng nghi\u1ec7p<\/strong><\/a> ch\u1eadu \u0111\u00f4i (2 ch\u1eadu)<\/li>\n<li>\u0110i\u1ec1u khi\u1ec3n: Ph\u00edm c\u01a1 ph\u00eda d\u01b0\u1edbi<\/li>\n<li>Ch\u1ea5t li\u1ec7u: Th\u00e9p kh\u00f4ng g\u1ec9 201<\/li>\n<li>T\u1ea7n s\u1ed1 si\u00eau \u00e2m: 28kHz<\/li>\n<li>Nhi\u1ec7t \u0111\u1ed9 c\u00e0i \u0111\u1eb7t: 30-110oC<\/li>\n<li>C\u00f4ng su\u1ea5t 1 b\u1ed9 dao \u0111\u1ed9ng: 55W<\/li>\n<li>T\u1ed5ng c\u00f4ng su\u1ea5t: 11000W<\/li>\n<li>K\u00edch th\u01b0\u1edbc ch\u1eadu ch\u00ednh: D1200 x R570 x C300 mm<\/li>\n<li>K\u00edch th\u01b0\u1edbc ch\u1eadu tr\u00e1ng: D900x R570 x C300 mm<\/li>\n<li>K\u00edch th\u01b0\u1edbc s\u1ea3n ph\u1ea9m: D2400 x R800 x C930 mm<\/li>\n<li>Ngu\u1ed3n: 220V\u00b110%, 1P, 50Hz<\/li>\n<li>\u00a0B\u1ea3o H\u00e0nh 12 th\u00e1ng<\/li>\n<\/ul>\n<p><img loading=\"lazy\" decoding=\"async\" class=\"size-full wp-image-17256\" src=\"https:\/\/livinghome.vn\/thiet-bi\/wp-content\/uploads\/san-pham\/may-rua-chen-bat-cong-nghiep\/may-rua-chen-bat-cong-nghiep-texgio\/texgio-tgu-2400sd\/texgio-tgu-2400sd-13.jpg\" alt=\"M\u00e1y R\u1eeda Ch\u00e9n B\u00e1t C\u00f4ng Nghi\u1ec7p Texgio Ultrasonic TGU-2400SD\" width=\"800\" height=\"755\" title=\"\"><\/p>\n<p><img loading=\"lazy\" decoding=\"async\" class=\"size-full wp-image-17256\" src=\"https:\/\/livinghome.vn\/thiet-bi\/wp-content\/uploads\/san-pham\/may-rua-chen-bat-cong-nghiep\/may-rua-chen-bat-cong-nghiep-texgio\/texgio-tgu-2400sd\/texgio-tgu-2400sd-2.jpg\" alt=\"M\u00e1y R\u1eeda Ch\u00e9n B\u00e1t C\u00f4ng Nghi\u1ec7p Texgio Ultrasonic TGU-2400SD\" width=\"800\" height=\"755\" title=\"\" srcset=\"https:\/\/livinghome.vn\/thiet-bi\/wp-content\/uploads\/san-pham\/may-rua-chen-bat-cong-nghiep\/may-rua-chen-bat-cong-nghiep-texgio\/texgio-tgu-2400sd\/texgio-tgu-2400sd-2.jpg 800w, https:\/\/livinghome.vn\/thiet-bi\/wp-content\/uploads\/san-pham\/may-rua-chen-bat-cong-nghiep\/may-rua-chen-bat-cong-nghiep-texgio\/texgio-tgu-2400sd\/texgio-tgu-2400sd-2-600x566.jpg 600w, https:\/\/livinghome.vn\/thiet-bi\/wp-content\/uploads\/san-pham\/may-rua-chen-bat-cong-nghiep\/may-rua-chen-bat-cong-nghiep-texgio\/texgio-tgu-2400sd\/texgio-tgu-2400sd-2-424x400.jpg 424w, https:\/\/livinghome.vn\/thiet-bi\/wp-content\/uploads\/san-pham\/may-rua-chen-bat-cong-nghiep\/may-rua-chen-bat-cong-nghiep-texgio\/texgio-tgu-2400sd\/texgio-tgu-2400sd-2-768x725.jpg 768w\" sizes=\"auto, (max-width: 800px) 100vw, 800px\" \/><\/p>\n<p><img loading=\"lazy\" decoding=\"async\" class=\"size-full wp-image-17256\" src=\"https:\/\/livinghome.vn\/thiet-bi\/wp-content\/uploads\/san-pham\/may-rua-chen-bat-cong-nghiep\/may-rua-chen-bat-cong-nghiep-texgio\/texgio-tgu-2400sd\/texgio-tgu-2400sd-3.jpg\" alt=\"M\u00e1y R\u1eeda Ch\u00e9n B\u00e1t C\u00f4ng Nghi\u1ec7p Texgio Ultrasonic TGU-2400SD\" width=\"800\" height=\"755\" title=\"\"><\/p>\n<p><img loading=\"lazy\" decoding=\"async\" class=\"size-full wp-image-17256\" src=\"https:\/\/livinghome.vn\/thiet-bi\/wp-content\/uploads\/san-pham\/may-rua-chen-bat-cong-nghiep\/may-rua-chen-bat-cong-nghiep-texgio\/texgio-tgu-2400sd\/texgio-tgu-2400sd-4.jpg\" alt=\"M\u00e1y R\u1eeda Ch\u00e9n B\u00e1t C\u00f4ng Nghi\u1ec7p Texgio Ultrasonic TGU-2400SD\" width=\"800\" height=\"755\" title=\"\"><\/p>\n<p><img loading=\"lazy\" decoding=\"async\" class=\"size-full wp-image-17256\" src=\"https:\/\/livinghome.vn\/thiet-bi\/wp-content\/uploads\/san-pham\/may-rua-chen-bat-cong-nghiep\/may-rua-chen-bat-cong-nghiep-texgio\/texgio-tgu-2400sd\/texgio-tgu-2400sd-5.jpg\" alt=\"M\u00e1y R\u1eeda Ch\u00e9n B\u00e1t C\u00f4ng Nghi\u1ec7p Texgio Ultrasonic TGU-2400SD\" width=\"800\" height=\"755\" title=\"\"><\/p>\n<p><img loading=\"lazy\" decoding=\"async\" class=\"size-full wp-image-17256\" src=\"https:\/\/livinghome.vn\/thiet-bi\/wp-content\/uploads\/san-pham\/may-rua-chen-bat-cong-nghiep\/may-rua-chen-bat-cong-nghiep-texgio\/texgio-tgu-2400sd\/texgio-tgu-2400sd-6.jpg\" alt=\"M\u00e1y R\u1eeda Ch\u00e9n B\u00e1t C\u00f4ng Nghi\u1ec7p Texgio Ultrasonic TGU-2400SD\" width=\"800\" height=\"755\" title=\"\"><\/p>\n<p><img loading=\"lazy\" decoding=\"async\" class=\"size-full wp-image-17256\" src=\"https:\/\/livinghome.vn\/thiet-bi\/wp-content\/uploads\/san-pham\/may-rua-chen-bat-cong-nghiep\/may-rua-chen-bat-cong-nghiep-texgio\/texgio-tgu-2400sd\/texgio-tgu-2400sd-8.jpg\" alt=\"M\u00e1y R\u1eeda Ch\u00e9n B\u00e1t C\u00f4ng Nghi\u1ec7p Texgio Ultrasonic TGU-2400SD\" width=\"800\" height=\"755\" title=\"\"><\/p>\n<p><img loading=\"lazy\" decoding=\"async\" class=\"size-full wp-image-17256\" src=\"https:\/\/livinghome.vn\/thiet-bi\/wp-content\/uploads\/san-pham\/may-rua-chen-bat-cong-nghiep\/may-rua-chen-bat-cong-nghiep-texgio\/texgio-tgu-2400sd\/texgio-tgu-2400sd-9.jpg\" alt=\"M\u00e1y R\u1eeda Ch\u00e9n B\u00e1t C\u00f4ng Nghi\u1ec7p Texgio Ultrasonic TGU-2400SD\" width=\"800\" height=\"755\" title=\"\"><\/p>\n<p><img loading=\"lazy\" decoding=\"async\" class=\"size-full wp-image-17256\" src=\"https:\/\/livinghome.vn\/thiet-bi\/wp-content\/uploads\/san-pham\/may-rua-chen-bat-cong-nghiep\/may-rua-chen-bat-cong-nghiep-texgio\/texgio-tgu-2400sd\/texgio-tgu-2400sd-10.jpg\" alt=\"M\u00e1y R\u1eeda Ch\u00e9n B\u00e1t C\u00f4ng Nghi\u1ec7p Texgio Ultrasonic TGU-2400SD\" width=\"800\" height=\"755\" title=\"\"><\/p>\n<p><img loading=\"lazy\" decoding=\"async\" class=\"size-full wp-image-17256\" src=\"https:\/\/livinghome.vn\/thiet-bi\/wp-content\/uploads\/san-pham\/may-rua-chen-bat-cong-nghiep\/may-rua-chen-bat-cong-nghiep-texgio\/texgio-tgu-2400sd\/texgio-tgu-2400sd-11.jpg\" alt=\"M\u00e1y R\u1eeda Ch\u00e9n B\u00e1t C\u00f4ng Nghi\u1ec7p Texgio Ultrasonic TGU-2400SD\" width=\"800\" height=\"755\" title=\"\"><\/p>\n<p><img loading=\"lazy\" decoding=\"async\" class=\"size-full wp-image-17256\" src=\"https:\/\/livinghome.vn\/thiet-bi\/wp-content\/uploads\/san-pham\/may-rua-chen-bat-cong-nghiep\/may-rua-chen-bat-cong-nghiep-texgio\/texgio-tgu-2400sd\/texgio-tgu-2400sd-12.jpg\" alt=\"M\u00e1y R\u1eeda Ch\u00e9n B\u00e1t C\u00f4ng Nghi\u1ec7p Texgio Ultrasonic TGU-2400SD\" width=\"800\" height=\"755\" title=\"\"><\/p>\n<p><img loading=\"lazy\" decoding=\"async\" class=\"size-full wp-image-17256\" src=\"https:\/\/livinghome.vn\/thiet-bi\/wp-content\/uploads\/san-pham\/may-rua-chen-bat-cong-nghiep\/may-rua-chen-bat-cong-nghiep-texgio\/texgio-tgu-2400sd\/texgio-tgu-2400sd-14.jpg\" alt=\"M\u00e1y R\u1eeda Ch\u00e9n B\u00e1t C\u00f4ng Nghi\u1ec7p Texgio Ultrasonic TGU-2400SD\" width=\"800\" height=\"755\" title=\"\"><\/p>\n<p><img loading=\"lazy\" decoding=\"async\" class=\"size-full wp-image-17256\" src=\"https:\/\/livinghome.vn\/thiet-bi\/wp-content\/uploads\/san-pham\/may-rua-chen-bat-cong-nghiep\/may-rua-chen-bat-cong-nghiep-texgio\/texgio-tgu-2400sd\/texgio-tgu-2400sd-15.jpg\" alt=\"M\u00e1y R\u1eeda Ch\u00e9n B\u00e1t C\u00f4ng Nghi\u1ec7p Texgio Ultrasonic TGU-2400SD\" width=\"800\" height=\"755\" title=\"\"><\/p>\n","protected":false},"excerpt":{"rendered":"<h2>M\u00e1y R\u1eeda Ch\u00e9n B\u00e1t C\u00f4ng Nghi\u1ec7p S\u00f3ng Si\u00eau \u00c2m<\/h2>\n<ul>\n<li>Model: Texgio TGU-2400SD<\/li>\n<li>C\u00f4ng su\u1ea5t s\u00f3ng \u00e2m (W): 3000<\/li>\n<li>C\u00f4ng su\u1ea5t gia nhi\u1ec7t (W): 8000<\/li>\n<li>T\u1ed5ng c\u00f4ng su\u1ea5t (W): 11.000<\/li>\n<li>B\u1ed9 t\u1ea1o giao \u0111\u1ed9ng (b\u1ed9): 55<\/li>\n<li>N\u00e2ng su\u1ea5t 1 l\u1ea7n r\u1eeda (chi\u1ebfc\/c\u00e1i): 360<\/li>\n<li>N\u00e2ng su\u1ea5t 1 gi\u1edd r\u1eeda (chi\u1ebfc\/c\u00e1i): 5000<\/li>\n<li>K\u00edch th\u01b0\u1edbc s\u1ea3n ph\u1ea9m (D x R x C mm): 2400 x 800 x 930<\/li>\n<li>K\u00edch th\u01b0\u1edbc ch\u1eadu ch\u00ednh (D x R x C mm): 1200 x 570 x 300<\/li>\n<li>K\u00edch th\u01b0\u1edbc ch\u1eadu tr\u00e1ng (D x R x C mm): 900 x 570 x 300<\/li>\n<li>Th\u1ec3 t\u00edch (l\u00edt): 188.1 L<\/li>\n<\/ul>\n","protected":false},"featured_media":17252,"comment_status":"open","ping_status":"closed","template":"","meta":[],"product_brand":[],"product_cat":[92,936,569],"product_tag":[1764,1767],"class_list":{"0":"post-17268","1":"product","2":"type-product","3":"status-publish","4":"has-post-thumbnail","6":"product_cat-may-rua-chen-bat","7":"product_cat-may-rua-chen-bat-cong-nghiep","8":"product_cat-thuong-hieu-texgio","9":"product_tag-may-rua-chen-bat-cong-nghiep","10":"product_tag-may-rua-chen-bat-song-sieu-am","12":"first","13":"instock","14":"sale","15":"shipping-taxable","16":"purchasable","17":"product-type-simple"},"_links":{"self":[{"href":"https:\/\/livinghome.vn\/thiet-bi\/wp-json\/wp\/v2\/product\/17268","targetHints":{"allow":["GET"]}}],"collection":[{"href":"https:\/\/livinghome.vn\/thiet-bi\/wp-json\/wp\/v2\/product"}],"about":[{"href":"https:\/\/livinghome.vn\/thiet-bi\/wp-json\/wp\/v2\/types\/product"}],"replies":[{"embeddable":true,"href":"https:\/\/livinghome.vn\/thiet-bi\/wp-json\/wp\/v2\/comments?post=17268"}],"wp:featuredmedia":[{"embeddable":true,"href":"https:\/\/livinghome.vn\/thiet-bi\/wp-json\/wp\/v2\/media\/17252"}],"wp:attachment":[{"href":"https:\/\/livinghome.vn\/thiet-bi\/wp-json\/wp\/v2\/media?parent=17268"}],"wp:term":[{"taxonomy":"product_brand","embeddable":true,"href":"https:\/\/livinghome.vn\/thiet-bi\/wp-json\/wp\/v2\/product_brand?post=17268"},{"taxonomy":"product_cat","embeddable":true,"href":"https:\/\/livinghome.vn\/thiet-bi\/wp-json\/wp\/v2\/product_cat?post=17268"},{"taxonomy":"product_tag","embeddable":true,"href":"https:\/\/livinghome.vn\/thiet-bi\/wp-json\/wp\/v2\/product_tag?post=17268"}],"curies":[{"name":"wp","href":"https:\/\/api.w.org\/{rel}","templated":true}]}}