{"id":1699,"date":"2023-01-12T13:38:51","date_gmt":"2023-01-12T06:38:51","guid":{"rendered":"https:\/\/livinghome.vn\/thiet-bi\/?post_type=product&#038;p=1699"},"modified":"2024-11-29T14:20:38","modified_gmt":"2024-11-29T07:20:38","slug":"chau-rua-chen-malloca-zen-k-13073-da-granite-nano-mau-xam-hien-dai","status":"publish","type":"product","link":"https:\/\/livinghome.vn\/thiet-bi\/chau-rua-chen-malloca-zen-k-13073-da-granite-nano-mau-xam-hien-dai\/","title":{"rendered":"Ch\u1eadu r\u1eeda ch\u00e9n Malloca ZEN K-13073 \u0111\u00e1 granite nano m\u00e0u x\u00e1m hi\u1ec7n \u0111\u1ea1i"},"content":{"rendered":"<h3>Ch\u1eadu r\u1eeda ch\u00e9n Malloca ZEN K-13073 \u0111\u00e1 granite nano m\u00e0u x\u00e1m hi\u1ec7n \u0111\u1ea1i<\/h3>\n<figure id=\"attachment_53092\" aria-describedby=\"caption-attachment-53092\" style=\"width: 800px\" class=\"wp-caption alignnone\"><img loading=\"lazy\" decoding=\"async\" class=\"wp-image-53092 size-large\" src=\"https:\/\/livinghome.vn\/thiet-bi\/wp-content\/uploads\/nha-bep\/malloca\/chau-rua-chen\/chau-rua-chen-malloca-zen-k-13073\/chau-rua-chen-malloca-zen-k-13073-4-800x800.jpg\" alt=\"Ch\u1eadu r\u1eeda ch\u00e9n Malloca ZEN K-13073 \u0111\u00e1 granite nano m\u00e0u x\u00e1m hi\u1ec7n \u0111\u1ea1i\" width=\"800\" height=\"800\" title=\"\"><figcaption id=\"caption-attachment-53092\" class=\"wp-caption-text\">Ch\u1eadu r\u1eeda ch\u00e9n Malloca ZEN K-13073 \u0111\u00e1 granite nano m\u00e0u x\u00e1m hi\u1ec7n \u0111\u1ea1i<\/figcaption><\/figure>\n<h3>T\u00ednh n\u0103ng c\u01a1 b\u1ea3n<\/h3>\n<ul>\n<li><a href=\"https:\/\/livinghome.vn\/thiet-bi\/chau-rua-chen\/\">Ch\u1eadu r\u1eeda ch\u00e9n<\/a> &#8211; Ch\u1eadu \u0111\u00e1<\/li>\n<li>Ch\u1eadu r\u1eeda \u0111\u00e1 Granite Nano \u2013 M\u00e0u X\u00e1m<\/li>\n<li>B\u1ed9t \u0111\u00e1 Granite t\u1ef1 nhi\u00ean v\u00e0 ch\u1ea5t k\u1ebft d\u00ednh<\/li>\n<li>B\u1ec1 m\u1eb7t ph\u1ee7 Nano B\u1ea1c, di\u1ec7t khu\u1ea9n 100%<\/li>\n<\/ul>\n<p>&nbsp;<\/p>\n<h3>Th\u00f4ng s\u1ed1 k\u1ef9 thu\u1eadt<\/h3>\n<ul>\n<li>K\u00edch th\u01b0\u1edbc: W756 x D456 x H200mm<\/li>\n<li>K\u00edch th\u01b0\u1edbc l\u1ed7 \u0111\u00e1:<\/li>\n<li>L\u1eafp N\u1ed5i: W736 x D440mm (R5)<\/li>\n<li>L\u1eafp \u00c2m: W700 x D400mm (R10)<\/li>\n<\/ul>\n<p><strong>L\u01b0u \u00fd: Kh\u00f4ng \u0111\u1eb7t n\u1ed3i ch\u1ea3o c\u00f2n n\u00f3ng l\u00ean b\u1ec1 m\u1eb7t ch\u1eadu r\u1eeda<\/strong><\/p>\n<figure id=\"attachment_53094\" aria-describedby=\"caption-attachment-53094\" style=\"width: 800px\" class=\"wp-caption alignnone\"><img loading=\"lazy\" decoding=\"async\" class=\"wp-image-53094 size-large\" src=\"https:\/\/livinghome.vn\/thiet-bi\/wp-content\/uploads\/nha-bep\/malloca\/chau-rua-chen\/chau-rua-chen-malloca-zen-k-13073\/chau-rua-chen-malloca-zen-k-13073-2-800x800.jpg\" alt=\"K\u00edch th\u01b0\u1edbc ch\u1eadu r\u1eeda ch\u00e9n Malloca ZEN K-13073 \" width=\"800\" height=\"800\" title=\"\"><figcaption id=\"caption-attachment-53094\" class=\"wp-caption-text\">K\u00edch th\u01b0\u1edbc ch\u1eadu r\u1eeda ch\u00e9n Malloca ZEN K-13073<\/figcaption><\/figure>\n<h3>Xu\u1ea5t x\u1ee9: \u00dd<\/h3>\n<div><\/div>\n","protected":false},"excerpt":{"rendered":"<p>Ch\u1eadu r\u1eeda ch\u00e9n Malloca ZEN K-13073 \u0111\u00e1 granite nano m\u00e0u x\u00e1m hi\u1ec7n \u0111\u1ea1i T\u00ednh n\u0103ng c\u01a1 b\u1ea3n Ch\u1eadu r\u1eeda ch\u00e9n &#8211; Ch\u1eadu \u0111\u00e1 Ch\u1eadu r\u1eeda \u0111\u00e1 Granite Nano \u2013 M\u00e0u X\u00e1m B\u1ed9t \u0111\u00e1 Granite t\u1ef1 nhi\u00ean v\u00e0 ch\u1ea5t k\u1ebft d\u00ednh B\u1ec1 m\u1eb7t ph\u1ee7 Nano B\u1ea1c, di\u1ec7t khu\u1ea9n 100% &nbsp; Th\u00f4ng s\u1ed1 k\u1ef9 thu\u1eadt K\u00edch th\u01b0\u1edbc: [&#8230;]\n","protected":false},"featured_media":1803,"comment_status":"open","ping_status":"closed","template":"","meta":[],"product_brand":[],"product_cat":[1821,79,262],"product_tag":[287,148,1822,288,289,270],"class_list":{"0":"post-1699","1":"product","2":"type-product","3":"status-publish","4":"has-post-thumbnail","6":"product_cat-chau-rua-chen-bat-malloca","7":"product_cat-chau-rua-chen-bat","8":"product_cat-thuong-hieu-malloca","9":"product_tag-chau-bep","10":"product_tag-chau-rua-chen","11":"product_tag-chau-rua-chen-bat-malloca","12":"product_tag-chau-rua-chen-da","13":"product_tag-chau-rua-chen-malloca","14":"product_tag-malloca","16":"first","17":"instock","18":"sale","19":"shipping-taxable","20":"purchasable","21":"product-type-simple"},"_links":{"self":[{"href":"https:\/\/livinghome.vn\/thiet-bi\/wp-json\/wp\/v2\/product\/1699","targetHints":{"allow":["GET"]}}],"collection":[{"href":"https:\/\/livinghome.vn\/thiet-bi\/wp-json\/wp\/v2\/product"}],"about":[{"href":"https:\/\/livinghome.vn\/thiet-bi\/wp-json\/wp\/v2\/types\/product"}],"replies":[{"embeddable":true,"href":"https:\/\/livinghome.vn\/thiet-bi\/wp-json\/wp\/v2\/comments?post=1699"}],"wp:featuredmedia":[{"embeddable":true,"href":"https:\/\/livinghome.vn\/thiet-bi\/wp-json\/wp\/v2\/media\/1803"}],"wp:attachment":[{"href":"https:\/\/livinghome.vn\/thiet-bi\/wp-json\/wp\/v2\/media?parent=1699"}],"wp:term":[{"taxonomy":"product_brand","embeddable":true,"href":"https:\/\/livinghome.vn\/thiet-bi\/wp-json\/wp\/v2\/product_brand?post=1699"},{"taxonomy":"product_cat","embeddable":true,"href":"https:\/\/livinghome.vn\/thiet-bi\/wp-json\/wp\/v2\/product_cat?post=1699"},{"taxonomy":"product_tag","embeddable":true,"href":"https:\/\/livinghome.vn\/thiet-bi\/wp-json\/wp\/v2\/product_tag?post=1699"}],"curies":[{"name":"wp","href":"https:\/\/api.w.org\/{rel}","templated":true}]}}