{"id":16920,"date":"2023-10-17T18:46:14","date_gmt":"2023-10-17T11:46:14","guid":{"rendered":"https:\/\/livinghome.vn\/thiet-bi\/?post_type=product&#038;p=16920"},"modified":"2025-07-24T00:55:18","modified_gmt":"2025-07-23T17:55:18","slug":"may-hut-mui-tomate-tom-3155-90cm-gan-tuong-850m3-h","status":"publish","type":"product","link":"https:\/\/livinghome.vn\/thiet-bi\/may-hut-mui-tomate-tom-3155-90cm-gan-tuong-850m3-h\/","title":{"rendered":"M\u00e1y H\u00fat M\u00f9i Tomate TOM 3155, 90CM, G\u1eafn T\u01b0\u1eddng, 850m3\/h"},"content":{"rendered":"<h2>M\u00e1y H\u00fat M\u00f9i Tomate TOM 3155 &#8211; 70, L\u1ef1c H\u00fat 850m3\/h, K\u00ednh Cong<\/h2>\n<ul>\n<li><a href=\"https:\/\/livinghome.vn\/thiet-bi\/may-hut-mui\/\">M\u00e1y h\u00fat m\u00f9i <\/a>TOM 3155 l\u00e0 d\u00f2ng m\u00e1y h\u00fat m\u00f9i treo t\u01b0\u1eddng. Thi\u1ebft k\u1ebf v\u00e0 s\u1ea3n xu\u1ea5t theo ti\u1ec3u chu\u1ea9n Ch\u00e2u \u00c2u. \u0110i\u1ec1u khi\u1ec3n c\u1ea3m \u1ee9ng\u00a0 3 m\u1ee9c c\u00f4ng su\u1ea5t, h\u1eb9n gi\u1edd t\u1eaft<\/li>\n<li>Th\u00e2n m\u00e1y b\u1eb1ng inox, k\u1ebft h\u1ee3p v\u1edbi k\u00ednh c\u01b0\u1eddng l\u1ef1c, ph\u1ed1i m\u00e0u k\u00ednh \u0111en m\u1eb7t \u0111i\u1ec1u khi\u1ec3n, sang tr\u1ecdng v\u00e0 d\u1ec5 v\u1ec7 sinh<\/li>\n<li>L\u01b0\u1edbi l\u1ecdc baffle (inox kh\u00f4ng g\u1ec9) an to\u00e0n, b\u1ec1n v\u00e0 ng\u0103n d\u1ea7u m\u1edf<\/li>\n<\/ul>\n<figure id=\"attachment_16428\" aria-describedby=\"caption-attachment-16428\" style=\"width: 800px\" class=\"wp-caption alignnone\"><img loading=\"lazy\" decoding=\"async\" class=\"size-full wp-image-16428\" src=\"https:\/\/livinghome.vn\/thiet-bi\/wp-content\/uploads\/san-pham\/may-hut-mui\/may-hut-mui-tomate\/tomate-tom-3155-70.jpg\" alt=\"M\u00e1y H\u00fat M\u00f9i Tomate TOM 3155, 70CM, G\u1eafn T\u01b0\u1eddng, 850m3\/h\" width=\"800\" height=\"800\" title=\"\" srcset=\"https:\/\/livinghome.vn\/thiet-bi\/wp-content\/uploads\/san-pham\/may-hut-mui\/may-hut-mui-tomate\/tomate-tom-3155-70.jpg 800w, https:\/\/livinghome.vn\/thiet-bi\/wp-content\/uploads\/san-pham\/may-hut-mui\/may-hut-mui-tomate\/tomate-tom-3155-70-300x300.jpg 300w, https:\/\/livinghome.vn\/thiet-bi\/wp-content\/uploads\/san-pham\/may-hut-mui\/may-hut-mui-tomate\/tomate-tom-3155-70-100x100.jpg 100w, https:\/\/livinghome.vn\/thiet-bi\/wp-content\/uploads\/san-pham\/may-hut-mui\/may-hut-mui-tomate\/tomate-tom-3155-70-600x600.jpg 600w, https:\/\/livinghome.vn\/thiet-bi\/wp-content\/uploads\/san-pham\/may-hut-mui\/may-hut-mui-tomate\/tomate-tom-3155-70-400x400.jpg 400w, https:\/\/livinghome.vn\/thiet-bi\/wp-content\/uploads\/san-pham\/may-hut-mui\/may-hut-mui-tomate\/tomate-tom-3155-70-280x280.jpg 280w, https:\/\/livinghome.vn\/thiet-bi\/wp-content\/uploads\/san-pham\/may-hut-mui\/may-hut-mui-tomate\/tomate-tom-3155-70-768x768.jpg 768w\" sizes=\"auto, (max-width: 800px) 100vw, 800px\" \/><figcaption id=\"caption-attachment-16428\" class=\"wp-caption-text\">M\u00e1y H\u00fat M\u00f9i Tomate TOM 3155, 70CM, G\u1eafn T\u01b0\u1eddng, 850m3\/h<\/figcaption><\/figure>\n<h3>Th\u00f4ng tin s\u1ea3n ph\u1ea9m<\/h3>\n<ul>\n<li>Ch\u1ee9c n\u0103ng h\u1eb9n gi\u1edd, b\u00e1o th\u1ee9c<\/li>\n<li>M\u1ee9c c\u00f4ng su\u1ea5t: 5<\/li>\n<li>C\u00f4ng su\u1ea5t: 850 m3\/h, \u1ed1ng tho\u00e1t \u00d8150 mm<\/li>\n<li>\u0110\u00e8n: 2\u00d71.5W LED<\/li>\n<li>L\u01b0\u1edbi l\u1ecdc \u00a0INOX Baffle ng\u0103n d\u1ea7u m\u1edf &amp; d\u1ec5 v\u1ec7 sinh<\/li>\n<li>H\u1ec7 th\u1ed1ng b\u1ea3o v\u1ec7: N-RV system<\/li>\n<li>Ch\u1ee9c n\u0103ng l\u1ef1a ch\u1ecdn h\u00fat \u0111\u1ea9y: Tr\u1ef1c ti\u1ebfp qua \u1ed1ng tho\u00e1t ho\u1eb7c tu\u1ea7n ho\u00e0n b\u1eb1ng than ho\u1ea1t t\u00ednh<\/li>\n<li>S\u1ea3n xu\u1ea5t theo thi\u1ebft k\u1ebf v\u00e0 \u1ee7y quy\u1ec1n TOMATE Electrodom\u00e9sticos T\u00e2y Ban Nha.<\/li>\n<li>\u0110i\u1ec7n ngu\u1ed3n: 220-240 VAC<\/li>\n<li>T\u1ea7n s\u1ed1 : 50\/60 Hz<\/li>\n<li>Ki\u1ec3u d\u00e1ng : WALL HOOD<\/li>\n<li>Th\u00e2n m\u00e1y : Inox + K\u00ednh c\u01b0\u1eddng l\u1ef1c<\/li>\n<li>K\u00edch th\u01b0\u1edbc : 900 mm<\/li>\n<li>\u0110i\u1ec1u khi\u1ec3n : C\u1ea3m \u1ee9ng<\/li>\n<\/ul>\n<h2>Th\u00f4ng Tin Ch\u00ednh H\u00e3ng M\u00e1y H\u00fat M\u00f9i Tomate TOM 3155 &#8211; 70<\/h2>\n<figure id=\"attachment_16490\" aria-describedby=\"caption-attachment-16490\" style=\"width: 1067px\" class=\"wp-caption alignnone\"><img loading=\"lazy\" decoding=\"async\" class=\"size-full wp-image-16490\" src=\"https:\/\/livinghome.vn\/thiet-bi\/wp-content\/uploads\/catalog-hang\/tomate\/catalog-tomate-07-2023-43.jpg\" alt=\"M\u00e1y H\u00fat M\u00f9i Tomate TOM 3155, 70CM, G\u1eafn T\u01b0\u1eddng, 850m3\/h\" width=\"1067\" height=\"1702\" title=\"\" srcset=\"https:\/\/livinghome.vn\/thiet-bi\/wp-content\/uploads\/catalog-hang\/tomate\/catalog-tomate-07-2023-43.jpg 1067w, https:\/\/livinghome.vn\/thiet-bi\/wp-content\/uploads\/catalog-hang\/tomate\/catalog-tomate-07-2023-43-600x957.jpg 600w, https:\/\/livinghome.vn\/thiet-bi\/wp-content\/uploads\/catalog-hang\/tomate\/catalog-tomate-07-2023-43-251x400.jpg 251w, https:\/\/livinghome.vn\/thiet-bi\/wp-content\/uploads\/catalog-hang\/tomate\/catalog-tomate-07-2023-43-502x800.jpg 502w, https:\/\/livinghome.vn\/thiet-bi\/wp-content\/uploads\/catalog-hang\/tomate\/catalog-tomate-07-2023-43-768x1225.jpg 768w, https:\/\/livinghome.vn\/thiet-bi\/wp-content\/uploads\/catalog-hang\/tomate\/catalog-tomate-07-2023-43-963x1536.jpg 963w\" sizes=\"auto, (max-width: 1067px) 100vw, 1067px\" \/><figcaption id=\"caption-attachment-16490\" class=\"wp-caption-text\">Catalog Tomate 2023 &#8211; TOM 3155, 70CM<\/figcaption><\/figure>\n<h2>M\u00e1y H\u00fat Kh\u00f3i Kh\u1eed M\u00f9i Tomate Ch\u00ednh H\u00e3ng<\/h2>\n<figure id=\"attachment_16498\" aria-describedby=\"caption-attachment-16498\" style=\"width: 1067px\" class=\"wp-caption alignnone\"><img loading=\"lazy\" decoding=\"async\" class=\"wp-image-16498 size-full\" src=\"https:\/\/livinghome.vn\/thiet-bi\/wp-content\/uploads\/catalog-hang\/tomate\/catalog-tomate-07-2023-36.jpg\" alt=\"M\u00e1y H\u00fat Kh\u00f3i Kh\u1eed M\u00f9i Tomate Ch\u00ednh H\u00e3ng\" width=\"1067\" height=\"1702\" title=\"\" srcset=\"https:\/\/livinghome.vn\/thiet-bi\/wp-content\/uploads\/catalog-hang\/tomate\/catalog-tomate-07-2023-36.jpg 1067w, https:\/\/livinghome.vn\/thiet-bi\/wp-content\/uploads\/catalog-hang\/tomate\/catalog-tomate-07-2023-36-600x957.jpg 600w, https:\/\/livinghome.vn\/thiet-bi\/wp-content\/uploads\/catalog-hang\/tomate\/catalog-tomate-07-2023-36-251x400.jpg 251w, https:\/\/livinghome.vn\/thiet-bi\/wp-content\/uploads\/catalog-hang\/tomate\/catalog-tomate-07-2023-36-502x800.jpg 502w, https:\/\/livinghome.vn\/thiet-bi\/wp-content\/uploads\/catalog-hang\/tomate\/catalog-tomate-07-2023-36-768x1225.jpg 768w, https:\/\/livinghome.vn\/thiet-bi\/wp-content\/uploads\/catalog-hang\/tomate\/catalog-tomate-07-2023-36-963x1536.jpg 963w\" sizes=\"auto, (max-width: 1067px) 100vw, 1067px\" \/><figcaption id=\"caption-attachment-16498\" class=\"wp-caption-text\">Kh\u00f4ng gian b\u1ebfp c\u00e0ng tr\u1edf n\u00ean sang tr\u1ecdng hi\u1ec7n \u0111\u1ea1i h\u01a1n v\u1edbi M\u00e1y h\u00fat m\u00f9i Tomate<\/figcaption><\/figure>\n<h2>C\u00f4ng Ngh\u1ec7 M\u00e1y H\u00fat M\u00f9i Tomate Green Air<\/h2>\n<figure id=\"attachment_16497\" aria-describedby=\"caption-attachment-16497\" style=\"width: 1067px\" class=\"wp-caption alignnone\"><img loading=\"lazy\" decoding=\"async\" class=\"wp-image-16497 size-full\" src=\"https:\/\/livinghome.vn\/thiet-bi\/wp-content\/uploads\/catalog-hang\/tomate\/catalog-tomate-07-2023-37.jpg\" alt=\"C\u00f4ng Ngh\u1ec7 M\u00e1y H\u00fat M\u00f9i Tomate Green Air\" width=\"1067\" height=\"1702\" title=\"\" srcset=\"https:\/\/livinghome.vn\/thiet-bi\/wp-content\/uploads\/catalog-hang\/tomate\/catalog-tomate-07-2023-37.jpg 1067w, https:\/\/livinghome.vn\/thiet-bi\/wp-content\/uploads\/catalog-hang\/tomate\/catalog-tomate-07-2023-37-600x957.jpg 600w, https:\/\/livinghome.vn\/thiet-bi\/wp-content\/uploads\/catalog-hang\/tomate\/catalog-tomate-07-2023-37-251x400.jpg 251w, https:\/\/livinghome.vn\/thiet-bi\/wp-content\/uploads\/catalog-hang\/tomate\/catalog-tomate-07-2023-37-502x800.jpg 502w, https:\/\/livinghome.vn\/thiet-bi\/wp-content\/uploads\/catalog-hang\/tomate\/catalog-tomate-07-2023-37-768x1225.jpg 768w, https:\/\/livinghome.vn\/thiet-bi\/wp-content\/uploads\/catalog-hang\/tomate\/catalog-tomate-07-2023-37-963x1536.jpg 963w\" sizes=\"auto, (max-width: 1067px) 100vw, 1067px\" \/><figcaption id=\"caption-attachment-16497\" class=\"wp-caption-text\">B\u1ea7u kh\u00f4ng kh\u00ed tho\u00e1ng m\u00e1t trong qu\u00e1 tr\u00ecnh n\u1ea5u \u0103n lu\u00f4n l\u00e0 GI\u00e1 tr\u1ecb m\u00e0 c\u00e1c d\u00f2ng m\u00e1y h\u00fat m\u00f9i tomate mang \u0111\u1ebfn<\/figcaption><\/figure>\n","protected":false},"excerpt":{"rendered":"<p>M\u1ee9c c\u00f4ng su\u1ea5t: 5<\/p>\n<p>C\u00f4ng su\u1ea5t: 850 m3\/h, \u1ed1ng tho\u00e1t \u00d8150 mm<\/p>\n<p>\u0110i\u1ec7n ngu\u1ed3n: 220-240 VAC<\/p>\n<p>T\u1ea7n s\u1ed1 : 50\/60 Hz<\/p>\n<p>K\u00edch th\u01b0\u1edbc : 900 mm<\/p>\n<p>Ch\u1ee9c n\u0103ng l\u1ef1a ch\u1ecdn h\u00fat \u0111\u1ea9y: Tr\u1ef1c ti\u1ebfp qua \u1ed1ng tho\u00e1t ho\u1eb7c tu\u1ea7n ho\u00e0n b\u1eb1ng than ho\u1ea1t t\u00ednh<\/p>\n<p>&nbsp;<\/p>\n","protected":false},"featured_media":16429,"comment_status":"open","ping_status":"closed","template":"","meta":[],"product_brand":[],"product_cat":[602,89,364],"product_tag":[86,374,370,372],"class_list":{"0":"post-16920","1":"product","2":"type-product","3":"status-publish","4":"has-post-thumbnail","6":"product_cat-may-hut-mui-tomate","7":"product_cat-may-hut-mui-gan-tuong","8":"product_cat-thuong-hieu-tomate","9":"product_tag-may-hut-mui","10":"product_tag-may-hut-mui-ong-khoi","11":"product_tag-may-hut-mui-tomate","12":"product_tag-tomate","14":"first","15":"instock","16":"sale","17":"shipping-taxable","18":"purchasable","19":"product-type-simple"},"_links":{"self":[{"href":"https:\/\/livinghome.vn\/thiet-bi\/wp-json\/wp\/v2\/product\/16920","targetHints":{"allow":["GET"]}}],"collection":[{"href":"https:\/\/livinghome.vn\/thiet-bi\/wp-json\/wp\/v2\/product"}],"about":[{"href":"https:\/\/livinghome.vn\/thiet-bi\/wp-json\/wp\/v2\/types\/product"}],"replies":[{"embeddable":true,"href":"https:\/\/livinghome.vn\/thiet-bi\/wp-json\/wp\/v2\/comments?post=16920"}],"wp:featuredmedia":[{"embeddable":true,"href":"https:\/\/livinghome.vn\/thiet-bi\/wp-json\/wp\/v2\/media\/16429"}],"wp:attachment":[{"href":"https:\/\/livinghome.vn\/thiet-bi\/wp-json\/wp\/v2\/media?parent=16920"}],"wp:term":[{"taxonomy":"product_brand","embeddable":true,"href":"https:\/\/livinghome.vn\/thiet-bi\/wp-json\/wp\/v2\/product_brand?post=16920"},{"taxonomy":"product_cat","embeddable":true,"href":"https:\/\/livinghome.vn\/thiet-bi\/wp-json\/wp\/v2\/product_cat?post=16920"},{"taxonomy":"product_tag","embeddable":true,"href":"https:\/\/livinghome.vn\/thiet-bi\/wp-json\/wp\/v2\/product_tag?post=16920"}],"curies":[{"name":"wp","href":"https:\/\/api.w.org\/{rel}","templated":true}]}}