{"id":16918,"date":"2023-10-17T18:42:40","date_gmt":"2023-10-17T11:42:40","guid":{"rendered":"https:\/\/livinghome.vn\/thiet-bi\/?post_type=product&#038;p=16918"},"modified":"2025-07-24T00:23:21","modified_gmt":"2025-07-23T17:23:21","slug":"may-hut-mui-tomate-tom-3020-90cm-gan-tuong-850m3-h","status":"publish","type":"product","link":"https:\/\/livinghome.vn\/thiet-bi\/may-hut-mui-tomate-tom-3020-90cm-gan-tuong-850m3-h\/","title":{"rendered":"M\u00e1y H\u00fat M\u00f9i Tomate TOM 3020, 90cm, G\u1eafn T\u01b0\u1eddng, 850m3\/h"},"content":{"rendered":"<h2>M\u00e1y H\u00fat M\u00f9i Tomate TOM 3020, Ch\u1eef T, N\u00fat Nh\u1ea5n \u0110i\u1ec7n T\u1eed<\/h2>\n<p><a href=\"https:\/\/livinghome.vn\/thiet-bi\/may-hut-mui\/\"><strong>M\u00e1y h\u00fat m\u00f9i<\/strong><\/a> TOM 3020 v\u1edbi k\u00edch th\u01b0\u1edbc 70cm v\u1edbi ki\u1ec3u d\u00e1ng chu\u1ea9n m\u1ef1c c\u1ee7a d\u00f2ng m\u00e0y h\u00fat m\u00f9i g\u1eafn t\u01b0\u1eddng kh\u01a1i ngu\u1ed3n c\u1ea3m h\u1ee9ng.Th\u00e2n m\u00e1y \u0111\u01b0\u1ee3c l\u00e0m b\u1eb1ng Inox gi\u00fap d\u1ec5 d\u00e0ng v\u1ec7 sinh, thi\u1ebft k\u1ebf \u0111\u1eb9p cho kh\u00f4ng gian b\u1ebfp.<\/p>\n<h3>Th\u00f4ng tin s\u1ea3n ph\u1ea9m<\/h3>\n<ul>\n<li>M\u1ee9c c\u00f4ng su\u1ea5t: 3 m\u1ee9c<\/li>\n<li>\u0110\u00e8n: 2x2W LED<\/li>\n<li>C\u00f4ng su\u1ea5t: 850 m3\/h<\/li>\n<li>K\u00e8m \u1ed1ng tho\u00e1t 2m (Phi 150mm)<\/li>\n<li>H\u1ec7 th\u1ed1ng b\u1ea3o v\u1ec7: N-RV system<\/li>\n<li>L\u01b0\u1edbi l\u1ecdc nh\u00f4m 5 l\u1edbp: An to\u00e0n v\u1edbi m\u00e1y r\u1eeda ch\u00e9n<\/li>\n<li>Ch\u1ee9c n\u0103ng b\u00e1o v\u1ec7 sinh l\u01b0\u1edbi l\u1ecdc<\/li>\n<li>Ch\u1ee9c n\u0103ng l\u1ef1a ch\u1ecdn h\u00fat \u0111\u1ea9y: Tr\u1ef1c ti\u1ebfp qua \u1ed1ng tho\u00e1t ho\u1eb7c tu\u1ea7n ho\u00e0n b\u1eb1ng than ho\u1ea1t t\u00ednh<\/li>\n<li>S\u1ea3n xu\u1ea5t theo thi\u1ebft k\u1ebf v\u00e0 \u1ee7y quy\u1ec1n TOMATE Electrodom\u00e9sticos T\u00e2y Ban Nha.<\/li>\n<li>\u0110i\u1ec7n ngu\u1ed3n: 220-240 VAC<\/li>\n<li>T\u1ea7n s\u1ed1 : 50\/60 Hz<\/li>\n<\/ul>\n<h3>\u0110\u1eb7c t\u00ednh s\u1ea3n ph\u1ea9m n\u00e0y<\/h3>\n<ul>\n<li>Ki\u1ec3u d\u00e1ng : M\u00e1y h\u00fat m\u00f9i g\u1eafn \u00e1p t\u01b0\u1eddng d\u1ea1ng ch\u1eef T<\/li>\n<li>Th\u00e2n m\u00e1y : Inox<\/li>\n<li>K\u00edch th\u01b0\u1edbc : 700 mm<\/li>\n<\/ul>\n<p>\u0110i\u1ec1u khi\u1ec3n : N\u00fat nh\u1ea5n c\u01a1 h\u1ecdc<\/p>\n<h2>Th\u00f4ng Tin Ch\u00ednh H\u00e3ng M\u00e1y H\u00fat M\u00f9i Tomate TOM 3020<\/h2>\n<p>&nbsp;<\/p>\n<h2>M\u00e1y H\u00fat Kh\u00f3i Kh\u1eed M\u00f9i Tomate Ch\u00ednh H\u00e3ng<\/h2>\n<figure id=\"attachment_16498\" aria-describedby=\"caption-attachment-16498\" style=\"width: 1067px\" class=\"wp-caption alignnone\"><img loading=\"lazy\" decoding=\"async\" class=\"wp-image-16498 size-full\" src=\"https:\/\/livinghome.vn\/thiet-bi\/wp-content\/uploads\/catalog-hang\/tomate\/catalog-tomate-07-2023-36.jpg\" alt=\"M\u00e1y H\u00fat Kh\u00f3i Kh\u1eed M\u00f9i Tomate Ch\u00ednh H\u00e3ng\" width=\"1067\" height=\"1702\" title=\"\" srcset=\"https:\/\/livinghome.vn\/thiet-bi\/wp-content\/uploads\/catalog-hang\/tomate\/catalog-tomate-07-2023-36.jpg 1067w, https:\/\/livinghome.vn\/thiet-bi\/wp-content\/uploads\/catalog-hang\/tomate\/catalog-tomate-07-2023-36-600x957.jpg 600w, https:\/\/livinghome.vn\/thiet-bi\/wp-content\/uploads\/catalog-hang\/tomate\/catalog-tomate-07-2023-36-251x400.jpg 251w, https:\/\/livinghome.vn\/thiet-bi\/wp-content\/uploads\/catalog-hang\/tomate\/catalog-tomate-07-2023-36-502x800.jpg 502w, https:\/\/livinghome.vn\/thiet-bi\/wp-content\/uploads\/catalog-hang\/tomate\/catalog-tomate-07-2023-36-768x1225.jpg 768w, https:\/\/livinghome.vn\/thiet-bi\/wp-content\/uploads\/catalog-hang\/tomate\/catalog-tomate-07-2023-36-963x1536.jpg 963w\" sizes=\"auto, (max-width: 1067px) 100vw, 1067px\" \/><figcaption id=\"caption-attachment-16498\" class=\"wp-caption-text\">Kh\u00f4ng gian b\u1ebfp c\u00e0ng tr\u1edf n\u00ean sang tr\u1ecdng hi\u1ec7n \u0111\u1ea1i h\u01a1n v\u1edbi M\u00e1y h\u00fat m\u00f9i Tomate<\/figcaption><\/figure>\n<h2>C\u00f4ng Ngh\u1ec7 M\u00e1y H\u00fat M\u00f9i Tomate Green Air<\/h2>\n<figure id=\"attachment_16497\" aria-describedby=\"caption-attachment-16497\" style=\"width: 1067px\" class=\"wp-caption alignnone\"><img loading=\"lazy\" decoding=\"async\" class=\"wp-image-16497 size-full\" src=\"https:\/\/livinghome.vn\/thiet-bi\/wp-content\/uploads\/catalog-hang\/tomate\/catalog-tomate-07-2023-37.jpg\" alt=\"C\u00f4ng Ngh\u1ec7 M\u00e1y H\u00fat M\u00f9i Tomate Green Air\" width=\"1067\" height=\"1702\" title=\"\" srcset=\"https:\/\/livinghome.vn\/thiet-bi\/wp-content\/uploads\/catalog-hang\/tomate\/catalog-tomate-07-2023-37.jpg 1067w, https:\/\/livinghome.vn\/thiet-bi\/wp-content\/uploads\/catalog-hang\/tomate\/catalog-tomate-07-2023-37-600x957.jpg 600w, https:\/\/livinghome.vn\/thiet-bi\/wp-content\/uploads\/catalog-hang\/tomate\/catalog-tomate-07-2023-37-251x400.jpg 251w, https:\/\/livinghome.vn\/thiet-bi\/wp-content\/uploads\/catalog-hang\/tomate\/catalog-tomate-07-2023-37-502x800.jpg 502w, https:\/\/livinghome.vn\/thiet-bi\/wp-content\/uploads\/catalog-hang\/tomate\/catalog-tomate-07-2023-37-768x1225.jpg 768w, https:\/\/livinghome.vn\/thiet-bi\/wp-content\/uploads\/catalog-hang\/tomate\/catalog-tomate-07-2023-37-963x1536.jpg 963w\" sizes=\"auto, (max-width: 1067px) 100vw, 1067px\" \/><figcaption id=\"caption-attachment-16497\" class=\"wp-caption-text\">B\u1ea7u kh\u00f4ng kh\u00ed tho\u00e1ng m\u00e1t trong qu\u00e1 tr\u00ecnh n\u1ea5u \u0103n lu\u00f4n l\u00e0 GI\u00e1 tr\u1ecb m\u00e0 c\u00e1c d\u00f2ng m\u00e1y h\u00fat m\u00f9i tomate mang \u0111\u1ebfn<\/figcaption><\/figure>\n","protected":false},"excerpt":{"rendered":"<p>M\u1ee9c c\u00f4ng su\u1ea5t: 3<\/p>\n<p>C\u00f4ng su\u1ea5t: 850 m3\/h<\/p>\n<p>\u0110i\u1ec7n ngu\u1ed3n: 220-240 VAC<\/p>\n<p>T\u1ea7n s\u1ed1 : 50\/60 Hz<\/p>\n<p>L\u01b0\u1edbi l\u1ecdc nh\u00f4m 5 l\u1edbp: An to\u00e0n v\u1edbi m\u00e1y r\u1eeda ch\u00e9n<\/p>\n<p>K\u00edch th\u01b0\u1edbc : 700 mm<\/p>\n<p>&nbsp;<\/p>\n","protected":false},"featured_media":16437,"comment_status":"open","ping_status":"closed","template":"","meta":[],"product_brand":[],"product_cat":[602,89,364],"product_tag":[86,90,370,372],"class_list":{"0":"post-16918","1":"product","2":"type-product","3":"status-publish","4":"has-post-thumbnail","6":"product_cat-may-hut-mui-tomate","7":"product_cat-may-hut-mui-gan-tuong","8":"product_cat-thuong-hieu-tomate","9":"product_tag-may-hut-mui","10":"product_tag-may-hut-mui-gan-tuong","11":"product_tag-may-hut-mui-tomate","12":"product_tag-tomate","14":"first","15":"instock","16":"sale","17":"shipping-taxable","18":"purchasable","19":"product-type-simple"},"_links":{"self":[{"href":"https:\/\/livinghome.vn\/thiet-bi\/wp-json\/wp\/v2\/product\/16918","targetHints":{"allow":["GET"]}}],"collection":[{"href":"https:\/\/livinghome.vn\/thiet-bi\/wp-json\/wp\/v2\/product"}],"about":[{"href":"https:\/\/livinghome.vn\/thiet-bi\/wp-json\/wp\/v2\/types\/product"}],"replies":[{"embeddable":true,"href":"https:\/\/livinghome.vn\/thiet-bi\/wp-json\/wp\/v2\/comments?post=16918"}],"wp:featuredmedia":[{"embeddable":true,"href":"https:\/\/livinghome.vn\/thiet-bi\/wp-json\/wp\/v2\/media\/16437"}],"wp:attachment":[{"href":"https:\/\/livinghome.vn\/thiet-bi\/wp-json\/wp\/v2\/media?parent=16918"}],"wp:term":[{"taxonomy":"product_brand","embeddable":true,"href":"https:\/\/livinghome.vn\/thiet-bi\/wp-json\/wp\/v2\/product_brand?post=16918"},{"taxonomy":"product_cat","embeddable":true,"href":"https:\/\/livinghome.vn\/thiet-bi\/wp-json\/wp\/v2\/product_cat?post=16918"},{"taxonomy":"product_tag","embeddable":true,"href":"https:\/\/livinghome.vn\/thiet-bi\/wp-json\/wp\/v2\/product_tag?post=16918"}],"curies":[{"name":"wp","href":"https:\/\/api.w.org\/{rel}","templated":true}]}}