{"id":1665,"date":"2023-01-12T13:38:04","date_gmt":"2023-01-12T06:38:04","guid":{"rendered":"https:\/\/livinghome.vn\/thiet-bi\/?post_type=product&#038;p=1665"},"modified":"2024-11-29T14:20:39","modified_gmt":"2024-11-29T07:20:39","slug":"chau-rua-chen-malloca-smart-k-500-da-granite-nano-mau-xam-cao-cap","status":"publish","type":"product","link":"https:\/\/livinghome.vn\/thiet-bi\/chau-rua-chen-malloca-smart-k-500-da-granite-nano-mau-xam-cao-cap\/","title":{"rendered":"Ch\u1eadu r\u1eeda ch\u00e9n Malloca SMART K-500 \u0111\u00e1 granite nano m\u00e0u x\u00e1m cao c\u1ea5p"},"content":{"rendered":"<h3>Ch\u1eadu r\u1eeda ch\u00e9n Malloca SMART K-500 \u0111\u00e1 granite nano m\u00e0u x\u00e1m cao c\u1ea5p<\/h3>\n<figure id=\"attachment_53071\" aria-describedby=\"caption-attachment-53071\" style=\"width: 800px\" class=\"wp-caption alignnone\"><img loading=\"lazy\" decoding=\"async\" class=\"wp-image-53071 size-large\" src=\"https:\/\/livinghome.vn\/thiet-bi\/wp-content\/uploads\/nha-bep\/malloca\/chau-rua-chen\/chau-rua-chen-malloca-smart-k-500\/chau-rua-chen-malloca-smart-k-500-3-800x800.jpg\" alt=\"Ch\u1eadu r\u1eeda ch\u00e9n Malloca SMART K-500 \u0111\u00e1 granite nano m\u00e0u x\u00e1m\" width=\"800\" height=\"800\" title=\"\"><figcaption id=\"caption-attachment-53071\" class=\"wp-caption-text\">Ch\u1eadu r\u1eeda ch\u00e9n Malloca SMART K-500 \u0111\u00e1 granite nano m\u00e0u x\u00e1m<\/figcaption><\/figure>\n<h3>T\u00ednh n\u0103ng c\u01a1 b\u1ea3n<\/h3>\n<ul>\n<li><a href=\"https:\/\/livinghome.vn\/thiet-bi\/chau-rua-chen\/\">Ch\u1eadu r\u1eeda ch\u00e9n<\/a> &#8211; Ch\u1eadu \u0111\u00e1<\/li>\n<li>Ch\u1eadu r\u1eeda \u0111\u00e1 Granite Nano &#8211; M\u00e0u X\u00e1m<\/li>\n<li>B\u1ed9t \u0111\u00e1 Granite t\u1ef1 nhi\u00ean v\u00e0 ch\u1ea5t k\u1ebft d\u00ednh<\/li>\n<li>B\u1ec1 m\u1eb7t ph\u1ee7 Nano B\u1ea1c, di\u1ec7t khu\u1ea9n 100%<\/li>\n<li>B\u1ec1 m\u1eb7t nh\u1eb5n m\u1ecbn, kh\u00f4ng b\u00e1m b\u1ea9n, d\u1ec5 lau ch\u00f9i<\/li>\n<li>H\u1ec7 th\u1ed1ng x\u1ea3 compact nh\u1ecf g\u1ecdn, t\u1ed1i \u01b0u h\u00f3a kh\u00f4ng gian<\/li>\n<\/ul>\n<h3>Th\u00f4ng s\u1ed1 k\u1ef9 thu\u1eadt<\/h3>\n<ul>\n<li>K\u00edch th\u01b0\u1edbc: W1160 x D515 x H210mm<\/li>\n<li>K\u00edch th\u01b0\u1edbc l\u1ed7 \u0111\u00e1: W1140 x D480mm<\/li>\n<\/ul>\n<p>&nbsp;<\/p>\n<p><strong>L\u01b0u \u00fd: Kh\u00f4ng \u0111\u1eb7t n\u1ed3i ch\u1ea3o c\u00f2n n\u00f3ng l\u00ean b\u1ec1 m\u1eb7t ch\u1eadu r\u1eeda<\/strong><\/p>\n<figure id=\"attachment_53072\" aria-describedby=\"caption-attachment-53072\" style=\"width: 800px\" class=\"wp-caption alignnone\"><img loading=\"lazy\" decoding=\"async\" class=\"wp-image-53072 size-large\" src=\"https:\/\/livinghome.vn\/thiet-bi\/wp-content\/uploads\/nha-bep\/malloca\/chau-rua-chen\/chau-rua-chen-malloca-smart-k-500\/chau-rua-chen-malloca-smart-k-500-2-800x800.jpg\" alt=\"K\u00edch th\u01b0\u1edbc ch\u1eadu r\u1eeda ch\u00e9n Malloca SMART K-500 \" width=\"800\" height=\"800\" title=\"\"><figcaption id=\"caption-attachment-53072\" class=\"wp-caption-text\">K\u00edch th\u01b0\u1edbc ch\u1eadu r\u1eeda ch\u00e9n Malloca SMART K-500<\/figcaption><\/figure>\n<h3>Xu\u1ea5t x\u1ee9: \u00dd<\/h3>\n<div><\/div>\n","protected":false},"excerpt":{"rendered":"<p>Ch\u1eadu r\u1eeda ch\u00e9n Malloca SMART K-500 \u0111\u00e1 granite nano m\u00e0u x\u00e1m cao c\u1ea5p T\u00ednh n\u0103ng c\u01a1 b\u1ea3n Ch\u1eadu r\u1eeda ch\u00e9n &#8211; Ch\u1eadu \u0111\u00e1 Ch\u1eadu r\u1eeda \u0111\u00e1 Granite Nano &#8211; M\u00e0u X\u00e1m B\u1ed9t \u0111\u00e1 Granite t\u1ef1 nhi\u00ean v\u00e0 ch\u1ea5t k\u1ebft d\u00ednh B\u1ec1 m\u1eb7t ph\u1ee7 Nano B\u1ea1c, di\u1ec7t khu\u1ea9n 100% B\u1ec1 m\u1eb7t nh\u1eb5n m\u1ecbn, kh\u00f4ng b\u00e1m b\u1ea9n, [&#8230;]\n","protected":false},"featured_media":1775,"comment_status":"open","ping_status":"closed","template":"","meta":[],"product_brand":[],"product_cat":[1821,79,262],"product_tag":[287,148,1822,288,289,270],"class_list":{"0":"post-1665","1":"product","2":"type-product","3":"status-publish","4":"has-post-thumbnail","6":"product_cat-chau-rua-chen-bat-malloca","7":"product_cat-chau-rua-chen-bat","8":"product_cat-thuong-hieu-malloca","9":"product_tag-chau-bep","10":"product_tag-chau-rua-chen","11":"product_tag-chau-rua-chen-bat-malloca","12":"product_tag-chau-rua-chen-da","13":"product_tag-chau-rua-chen-malloca","14":"product_tag-malloca","16":"first","17":"instock","18":"sale","19":"shipping-taxable","20":"purchasable","21":"product-type-simple"},"_links":{"self":[{"href":"https:\/\/livinghome.vn\/thiet-bi\/wp-json\/wp\/v2\/product\/1665","targetHints":{"allow":["GET"]}}],"collection":[{"href":"https:\/\/livinghome.vn\/thiet-bi\/wp-json\/wp\/v2\/product"}],"about":[{"href":"https:\/\/livinghome.vn\/thiet-bi\/wp-json\/wp\/v2\/types\/product"}],"replies":[{"embeddable":true,"href":"https:\/\/livinghome.vn\/thiet-bi\/wp-json\/wp\/v2\/comments?post=1665"}],"wp:featuredmedia":[{"embeddable":true,"href":"https:\/\/livinghome.vn\/thiet-bi\/wp-json\/wp\/v2\/media\/1775"}],"wp:attachment":[{"href":"https:\/\/livinghome.vn\/thiet-bi\/wp-json\/wp\/v2\/media?parent=1665"}],"wp:term":[{"taxonomy":"product_brand","embeddable":true,"href":"https:\/\/livinghome.vn\/thiet-bi\/wp-json\/wp\/v2\/product_brand?post=1665"},{"taxonomy":"product_cat","embeddable":true,"href":"https:\/\/livinghome.vn\/thiet-bi\/wp-json\/wp\/v2\/product_cat?post=1665"},{"taxonomy":"product_tag","embeddable":true,"href":"https:\/\/livinghome.vn\/thiet-bi\/wp-json\/wp\/v2\/product_tag?post=1665"}],"curies":[{"name":"wp","href":"https:\/\/api.w.org\/{rel}","templated":true}]}}