{"id":1663,"date":"2023-01-12T13:38:04","date_gmt":"2023-01-12T13:38:04","guid":{"rendered":"https:\/\/livinghome.vn\/thiet-bi\/?post_type=product&#038;p=1663"},"modified":"2024-11-29T14:20:39","modified_gmt":"2024-11-29T07:20:39","slug":"chau-rua-chen-malloca-nero-g-45040-da-mau-den-hien-dai","status":"publish","type":"product","link":"https:\/\/livinghome.vn\/thiet-bi\/chau-rua-chen-malloca-nero-g-45040-da-mau-den-hien-dai\/","title":{"rendered":"Ch\u1eadu r\u1eeda ch\u00e9n Malloca NERO G-45040 \u0111\u00e1 m\u00e0u \u0111en hi\u1ec7n \u0111\u1ea1i"},"content":{"rendered":"<h3>Ch\u1eadu r\u1eeda ch\u00e9n Malloca NERO G-45040 \u0111\u00e1 m\u00e0u \u0111en hi\u1ec7n \u0111\u1ea1i<\/h3>\n<figure id=\"attachment_53063\" aria-describedby=\"caption-attachment-53063\" style=\"width: 800px\" class=\"wp-caption alignnone\"><img loading=\"lazy\" decoding=\"async\" class=\"wp-image-53063 size-large\" src=\"https:\/\/livinghome.vn\/thiet-bi\/wp-content\/uploads\/nha-bep\/malloca\/chau-rua-chen\/chau-rua-chen-malloca-nero-g-45040\/chau-rua-chen-malloca-nero-9-45040-1-800x800.jpg\" alt=\"Ch\u1eadu r\u1eeda ch\u00e9n Malloca NERO G-45040 \u0111\u00e1 m\u00e0u \u0111en hi\u1ec7n \u0111\u1ea1i\" width=\"800\" height=\"800\" title=\"\"><figcaption id=\"caption-attachment-53063\" class=\"wp-caption-text\">Ch\u1eadu r\u1eeda ch\u00e9n Malloca NERO G-45040 \u0111\u00e1 m\u00e0u \u0111en hi\u1ec7n \u0111\u1ea1i<\/figcaption><\/figure>\n<h3>T\u00ednh n\u0103ng c\u01a1 b\u1ea3n<\/h3>\n<ul>\n<li><a href=\"https:\/\/livinghome.vn\/thiet-bi\/chau-rua-chen\/\">Ch\u1eadu r\u1eeda ch\u00e9n<\/a> &#8211; Ch\u1eadu \u0111\u00e1<\/li>\n<li>Ch\u1eadu r\u1eeda \u0111\u00e1 Granite m\u00e0u \u0111en<\/li>\n<li>B\u1ed9t \u0111\u00e1 Granite t\u1ef1 nhi\u00ean v\u00e0 ch\u1ea5t k\u1ebft d\u00ednh<\/li>\n<\/ul>\n<h3>Th\u00f4ng s\u1ed1 k\u1ef9 thu\u1eadt<\/h3>\n<ul>\n<li>K\u00edch th\u01b0\u1edbc: W860 x D510 x H217mm<\/li>\n<li>K\u00edch th\u01b0\u1edbc l\u1ed7 \u0111\u00e1: W840 x D480mm<\/li>\n<\/ul>\n<p>&nbsp;<\/p>\n<p>&nbsp;<\/p>\n<p><strong>L\u01b0u \u00fd: Kh\u00f4ng \u0111\u1eb7t n\u1ed3i ch\u1ea3o c\u00f2n n\u00f3ng l\u00ean b\u1ec1 m\u1eb7t ch\u1eadu r\u1eeda<\/strong><\/p>\n<figure id=\"attachment_53062\" aria-describedby=\"caption-attachment-53062\" style=\"width: 800px\" class=\"wp-caption alignnone\"><img loading=\"lazy\" decoding=\"async\" class=\"wp-image-53062 size-large\" src=\"https:\/\/livinghome.vn\/thiet-bi\/wp-content\/uploads\/nha-bep\/malloca\/chau-rua-chen\/chau-rua-chen-malloca-nero-g-45040\/chau-rua-chen-malloca-nero-9-45040-2-800x800.jpg\" alt=\"K\u00edch th\u01b0\u1edbc ch\u1eadu r\u1eeda ch\u00e9n Malloca NERO G-45040 \" width=\"800\" height=\"800\" title=\"\"><figcaption id=\"caption-attachment-53062\" class=\"wp-caption-text\">K\u00edch th\u01b0\u1edbc ch\u1eadu r\u1eeda ch\u00e9n Malloca NERO G-45040<\/figcaption><\/figure>\n<h3>Xu\u1ea5t x\u1ee9: \u00dd<\/h3>\n<div><\/div>\n","protected":false},"excerpt":{"rendered":"<p>Ch\u1eadu r\u1eeda ch\u00e9n Malloca NERO G-45040 \u0111\u00e1 m\u00e0u \u0111en hi\u1ec7n \u0111\u1ea1i T\u00ednh n\u0103ng c\u01a1 b\u1ea3n Ch\u1eadu r\u1eeda ch\u00e9n &#8211; Ch\u1eadu \u0111\u00e1 Ch\u1eadu r\u1eeda \u0111\u00e1 Granite m\u00e0u \u0111en B\u1ed9t \u0111\u00e1 Granite t\u1ef1 nhi\u00ean v\u00e0 ch\u1ea5t k\u1ebft d\u00ednh Th\u00f4ng s\u1ed1 k\u1ef9 thu\u1eadt K\u00edch th\u01b0\u1edbc: W860 x D510 x H217mm K\u00edch th\u01b0\u1edbc l\u1ed7 \u0111\u00e1: W840 x D480mm &nbsp; [&#8230;]\n","protected":false},"featured_media":1771,"comment_status":"open","ping_status":"closed","template":"","meta":[],"product_brand":[],"product_cat":[1821,79,262],"product_tag":[287,148,1822,288,289,270],"class_list":{"0":"post-1663","1":"product","2":"type-product","3":"status-publish","4":"has-post-thumbnail","6":"product_cat-chau-rua-chen-bat-malloca","7":"product_cat-chau-rua-chen-bat","8":"product_cat-thuong-hieu-malloca","9":"product_tag-chau-bep","10":"product_tag-chau-rua-chen","11":"product_tag-chau-rua-chen-bat-malloca","12":"product_tag-chau-rua-chen-da","13":"product_tag-chau-rua-chen-malloca","14":"product_tag-malloca","16":"first","17":"instock","18":"sale","19":"shipping-taxable","20":"purchasable","21":"product-type-simple"},"_links":{"self":[{"href":"https:\/\/livinghome.vn\/thiet-bi\/wp-json\/wp\/v2\/product\/1663","targetHints":{"allow":["GET"]}}],"collection":[{"href":"https:\/\/livinghome.vn\/thiet-bi\/wp-json\/wp\/v2\/product"}],"about":[{"href":"https:\/\/livinghome.vn\/thiet-bi\/wp-json\/wp\/v2\/types\/product"}],"replies":[{"embeddable":true,"href":"https:\/\/livinghome.vn\/thiet-bi\/wp-json\/wp\/v2\/comments?post=1663"}],"wp:featuredmedia":[{"embeddable":true,"href":"https:\/\/livinghome.vn\/thiet-bi\/wp-json\/wp\/v2\/media\/1771"}],"wp:attachment":[{"href":"https:\/\/livinghome.vn\/thiet-bi\/wp-json\/wp\/v2\/media?parent=1663"}],"wp:term":[{"taxonomy":"product_brand","embeddable":true,"href":"https:\/\/livinghome.vn\/thiet-bi\/wp-json\/wp\/v2\/product_brand?post=1663"},{"taxonomy":"product_cat","embeddable":true,"href":"https:\/\/livinghome.vn\/thiet-bi\/wp-json\/wp\/v2\/product_cat?post=1663"},{"taxonomy":"product_tag","embeddable":true,"href":"https:\/\/livinghome.vn\/thiet-bi\/wp-json\/wp\/v2\/product_tag?post=1663"}],"curies":[{"name":"wp","href":"https:\/\/api.w.org\/{rel}","templated":true}]}}