{"id":1643,"date":"2023-01-12T13:37:40","date_gmt":"2023-01-12T06:37:40","guid":{"rendered":"https:\/\/livinghome.vn\/thiet-bi\/?post_type=product&#038;p=1643"},"modified":"2024-11-29T14:20:39","modified_gmt":"2024-11-29T07:20:39","slug":"bo-chau-rua-chen-malloca-myst-k83s-myst-k83l","status":"publish","type":"product","link":"https:\/\/livinghome.vn\/thiet-bi\/bo-chau-rua-chen-malloca-myst-k83s-myst-k83l\/","title":{"rendered":"B\u1ed9 Ch\u1eadu R\u1eeda Ch\u00e9n Malloca MYST K83S &#8211; MYST K83L"},"content":{"rendered":"<h3>Ch\u1eadu r\u1eeda ch\u00e9n Malloca MYST K83S \u0111\u00e1 m\u00e0u c\u00e1 h\u1ed3i thi\u1ebft k\u1ebf \u0111\u1eb3ng c\u1ea5p<\/h3>\n<figure id=\"attachment_53044\" aria-describedby=\"caption-attachment-53044\" style=\"width: 800px\" class=\"wp-caption alignnone\"><img loading=\"lazy\" decoding=\"async\" class=\"wp-image-53044 size-large\" src=\"https:\/\/livinghome.vn\/thiet-bi\/wp-content\/uploads\/nha-bep\/malloca\/chau-rua-chen\/chau-rua-chen-malloca-myst-k83s-myst-k83l\/chau-rua-chen-malloca-myst-k83s-myst-k83l-3-800x800.jpg\" alt=\"Ch\u1eadu r\u1eeda ch\u00e9n Malloca MYST K83S \u0111\u00e1 m\u00e0u c\u00e1 h\u1ed3i thi\u1ebft k\u1ebf \u0111\u1eb3ng c\u1ea5p\" width=\"800\" height=\"800\" title=\"\"><figcaption id=\"caption-attachment-53044\" class=\"wp-caption-text\">Ch\u1eadu r\u1eeda ch\u00e9n Malloca MYST K83S \u0111\u00e1 m\u00e0u c\u00e1 h\u1ed3i thi\u1ebft k\u1ebf \u0111\u1eb3ng c\u1ea5p<\/figcaption><\/figure>\n<h3>T\u00ednh n\u0103ng c\u01a1 b\u1ea3n<\/h3>\n<ul>\n<li><a href=\"https:\/\/livinghome.vn\/thiet-bi\/chau-rua-chen\/\">Ch\u1eadu r\u1eeda ch\u00e9n<\/a> &#8211; Ch\u1eadu \u0111\u00e1<\/li>\n<li>Ch\u1eadu r\u1eeda \u0111\u00e1 Granite Nano &#8211; M\u00e0u c\u00e1 h\u1ed3i<\/li>\n<li>B\u1ed9t \u0111\u00e1 Granite t\u1ef1 nhi\u00ean v\u00e0 ch\u1ea5t k\u1ebft d\u00ednh<\/li>\n<li>B\u1ec1 m\u1eb7t ph\u1ee7 Nano B\u1ea1c, di\u1ec7t khu\u1ea9n 100%<\/li>\n<li>B\u1ec1 m\u1eb7t nh\u1eb5n m\u1ecbn, kh\u00f4ng b\u00e1m b\u1ea9n, d\u1ec5 lau ch\u00f9i<\/li>\n<\/ul>\n<p>&nbsp;<\/p>\n<h3>Th\u00f4ng s\u1ed1 k\u1ef9 thu\u1eadt<\/h3>\n<ul>\n<li>K\u00edch th\u01b0\u1edbc ch\u1eadu nh\u1ecf: W860 x D180 x H168mm<\/li>\n<li>K\u00edch th\u01b0\u1edbc l\u1ed7 \u0111\u00e1 ch\u1eadu nh\u1ecf:<\/li>\n<li>L\u1eafp N\u1ed5i: W850 x D170mm (R5)<\/li>\n<li>L\u1eafp \u00c2m: W820 x D140mm (R4)<\/li>\n<\/ul>\n<p>*Ph\u1ee5 ki\u1ec7n bao g\u1ed3m:<\/p>\n<ol>\n<li>Khay \u0111\u1ef1ng th\u1edbt<\/li>\n<li>R\u1ed5 nh\u1ef1a<\/li>\n<li>Khay \u00fap ch\u00e9n<\/li>\n<li>Khay \u0111\u1ef1ng d\u0129a<\/li>\n<\/ol>\n<p>&nbsp;<\/p>\n<p><strong>L\u01b0u \u00fd: Kh\u00f4ng \u0111\u1eb7t n\u1ed3i ch\u1ea3o c\u00f2n n\u00f3ng l\u00ean b\u1ec1 m\u1eb7t ch\u1eadu r\u1eeda<\/strong><\/p>\n<figure id=\"attachment_53045\" aria-describedby=\"caption-attachment-53045\" style=\"width: 800px\" class=\"wp-caption alignnone\"><img loading=\"lazy\" decoding=\"async\" class=\"wp-image-53045 size-large\" src=\"https:\/\/livinghome.vn\/thiet-bi\/wp-content\/uploads\/nha-bep\/malloca\/chau-rua-chen\/chau-rua-chen-malloca-myst-k83s-myst-k83l\/chau-rua-chen-malloca-myst-k83s-myst-k83l-2-800x800.jpg\" alt=\"K\u00edch th\u01b0\u1edbc ch\u1eadu r\u1eeda ch\u00e9n Malloca MYST K83S \" width=\"800\" height=\"800\" title=\"\"><figcaption id=\"caption-attachment-53045\" class=\"wp-caption-text\">K\u00edch th\u01b0\u1edbc ch\u1eadu r\u1eeda ch\u00e9n Malloca MYST K83S<\/figcaption><\/figure>\n<h3>Xu\u1ea5t x\u1ee9: \u00dd<\/h3>\n<div><\/div>\n","protected":false},"excerpt":{"rendered":"<p>Ch\u1eadu r\u1eeda ch\u00e9n Malloca MYST K83S \u0111\u00e1 m\u00e0u c\u00e1 h\u1ed3i thi\u1ebft k\u1ebf \u0111\u1eb3ng c\u1ea5p T\u00ednh n\u0103ng c\u01a1 b\u1ea3n Ch\u1eadu r\u1eeda ch\u00e9n &#8211; Ch\u1eadu \u0111\u00e1 Ch\u1eadu r\u1eeda \u0111\u00e1 Granite Nano &#8211; M\u00e0u c\u00e1 h\u1ed3i B\u1ed9t \u0111\u00e1 Granite t\u1ef1 nhi\u00ean v\u00e0 ch\u1ea5t k\u1ebft d\u00ednh B\u1ec1 m\u1eb7t ph\u1ee7 Nano B\u1ea1c, di\u1ec7t khu\u1ea9n 100% B\u1ec1 m\u1eb7t nh\u1eb5n m\u1ecbn, kh\u00f4ng [&#8230;]\n","protected":false},"featured_media":1744,"comment_status":"open","ping_status":"closed","template":"","meta":[],"product_brand":[],"product_cat":[1821,79,262],"product_tag":[287,148,1822,288,289,270],"class_list":{"0":"post-1643","1":"product","2":"type-product","3":"status-publish","4":"has-post-thumbnail","6":"product_cat-chau-rua-chen-bat-malloca","7":"product_cat-chau-rua-chen-bat","8":"product_cat-thuong-hieu-malloca","9":"product_tag-chau-bep","10":"product_tag-chau-rua-chen","11":"product_tag-chau-rua-chen-bat-malloca","12":"product_tag-chau-rua-chen-da","13":"product_tag-chau-rua-chen-malloca","14":"product_tag-malloca","16":"first","17":"instock","18":"sale","19":"shipping-taxable","20":"purchasable","21":"product-type-simple"},"_links":{"self":[{"href":"https:\/\/livinghome.vn\/thiet-bi\/wp-json\/wp\/v2\/product\/1643","targetHints":{"allow":["GET"]}}],"collection":[{"href":"https:\/\/livinghome.vn\/thiet-bi\/wp-json\/wp\/v2\/product"}],"about":[{"href":"https:\/\/livinghome.vn\/thiet-bi\/wp-json\/wp\/v2\/types\/product"}],"replies":[{"embeddable":true,"href":"https:\/\/livinghome.vn\/thiet-bi\/wp-json\/wp\/v2\/comments?post=1643"}],"wp:featuredmedia":[{"embeddable":true,"href":"https:\/\/livinghome.vn\/thiet-bi\/wp-json\/wp\/v2\/media\/1744"}],"wp:attachment":[{"href":"https:\/\/livinghome.vn\/thiet-bi\/wp-json\/wp\/v2\/media?parent=1643"}],"wp:term":[{"taxonomy":"product_brand","embeddable":true,"href":"https:\/\/livinghome.vn\/thiet-bi\/wp-json\/wp\/v2\/product_brand?post=1643"},{"taxonomy":"product_cat","embeddable":true,"href":"https:\/\/livinghome.vn\/thiet-bi\/wp-json\/wp\/v2\/product_cat?post=1643"},{"taxonomy":"product_tag","embeddable":true,"href":"https:\/\/livinghome.vn\/thiet-bi\/wp-json\/wp\/v2\/product_tag?post=1643"}],"curies":[{"name":"wp","href":"https:\/\/api.w.org\/{rel}","templated":true}]}}