{"id":1639,"date":"2023-01-12T13:37:39","date_gmt":"2023-01-12T06:37:39","guid":{"rendered":"https:\/\/livinghome.vn\/thiet-bi\/?post_type=product&#038;p=1639"},"modified":"2024-11-29T14:20:39","modified_gmt":"2024-11-29T07:20:39","slug":"voi-rua-chen-malloca-k131cr-mau-kem-hien-dai-khac-biet","status":"publish","type":"product","link":"https:\/\/livinghome.vn\/thiet-bi\/voi-rua-chen-malloca-k131cr-mau-kem-hien-dai-khac-biet\/","title":{"rendered":"V\u00f2i r\u1eeda ch\u00e9n Malloca K131CR m\u00e0u kem hi\u1ec7n \u0111\u1ea1i kh\u00e1c bi\u1ec7t"},"content":{"rendered":"<h3>V\u00f2i r\u1eeda ch\u00e9n Malloca K131CR m\u00e0u kem hi\u1ec7n \u0111\u1ea1i kh\u00e1c bi\u1ec7t<\/h3>\n<figure id=\"attachment_52331\" aria-describedby=\"caption-attachment-52331\" style=\"width: 800px\" class=\"wp-caption alignnone\"><img loading=\"lazy\" decoding=\"async\" class=\"wp-image-52331 size-large\" src=\"https:\/\/livinghome.vn\/thiet-bi\/wp-content\/uploads\/nha-bep\/malloca\/voi-rua-chen\/voi-rua-chen-malloca-k131cr\/voi-rua-chen-malloca-k131cr-1-800x800.jpg\" alt=\"V\u00f2i r\u1eeda ch\u00e9n Malloca K131CR m\u00e0u kem hi\u1ec7n \u0111\u1ea1i kh\u00e1c bi\u1ec7t\" width=\"800\" height=\"800\" title=\"\"><figcaption id=\"caption-attachment-52331\" class=\"wp-caption-text\">V\u00f2i r\u1eeda ch\u00e9n Malloca K131CR m\u00e0u kem hi\u1ec7n \u0111\u1ea1i kh\u00e1c bi\u1ec7t<\/figcaption><\/figure>\n<h3>T\u00ednh n\u0103ng c\u01a1 b\u1ea3n<\/h3>\n<ul>\n<li><a href=\"https:\/\/livinghome.vn\/thiet-bi\/voi-rua-chen\/\">V\u00f2i r\u1eeda ch\u00e9n<\/a><\/li>\n<li>Hai ngu\u1ed3n: n\u00f3ng, l\u1ea1nh<\/li>\n<li>Ch\u1ea5t li\u1ec7u : \u0110\u1ed3ng thau s\u01a1n gi\u1ea3 \u0111\u00e1 (m\u00e0u kem)<\/li>\n<li>B\u1ed9 l\u1ecdc t\u1ea1o b\u1ecdt, ch\u1ed1ng v\u0103ng n\u01b0\u1edbc<\/li>\n<li>Ph\u00f9 h\u1ee3p v\u1edbi ch\u1eadu \u0111\u00e1 Malloca<\/li>\n<\/ul>\n<p>&nbsp;<\/p>\n<figure id=\"attachment_52330\" aria-describedby=\"caption-attachment-52330\" style=\"width: 800px\" class=\"wp-caption alignnone\"><img loading=\"lazy\" decoding=\"async\" class=\"wp-image-52330 size-large\" src=\"https:\/\/livinghome.vn\/thiet-bi\/wp-content\/uploads\/nha-bep\/malloca\/voi-rua-chen\/voi-rua-chen-malloca-k131cr\/voi-rua-chen-malloca-k131cr-2-800x800.jpg\" alt=\"K\u00edch th\u01b0\u1edbc v\u00f2i r\u1eeda ch\u00e9n Malloca K131CR \" width=\"800\" height=\"800\" title=\"\"><figcaption id=\"caption-attachment-52330\" class=\"wp-caption-text\">K\u00edch th\u01b0\u1edbc v\u00f2i r\u1eeda ch\u00e9n Malloca K131CR<\/figcaption><\/figure>\n<h3>Xu\u1ea5t x\u1ee9: Trung Qu\u1ed1c (theo b\u1ea3n quy\u1ec1n Malloca)<\/h3>\n<div><\/div>\n","protected":false},"excerpt":{"rendered":"<p>V\u00f2i r\u1eeda ch\u00e9n Malloca K131CR m\u00e0u kem hi\u1ec7n \u0111\u1ea1i kh\u00e1c bi\u1ec7t T\u00ednh n\u0103ng c\u01a1 b\u1ea3n V\u00f2i r\u1eeda ch\u00e9n Hai ngu\u1ed3n: n\u00f3ng, l\u1ea1nh Ch\u1ea5t li\u1ec7u : \u0110\u1ed3ng thau s\u01a1n gi\u1ea3 \u0111\u00e1 (m\u00e0u kem) B\u1ed9 l\u1ecdc t\u1ea1o b\u1ecdt, ch\u1ed1ng v\u0103ng n\u01b0\u1edbc Ph\u00f9 h\u1ee3p v\u1edbi ch\u1eadu \u0111\u00e1 Malloca &nbsp; Xu\u1ea5t x\u1ee9: Trung Qu\u1ed1c (theo b\u1ea3n quy\u1ec1n Malloca)<\/p>\n","protected":false},"featured_media":1726,"comment_status":"open","ping_status":"closed","template":"","meta":[],"product_brand":[],"product_cat":[1823,262,150],"product_tag":[270,151,152,1824,1825,284],"class_list":{"0":"post-1639","1":"product","2":"type-product","3":"status-publish","4":"has-post-thumbnail","6":"product_cat-voi-rua-chen-bat-malloca","7":"product_cat-thuong-hieu-malloca","8":"product_cat-voi-rua-chen","9":"product_tag-malloca","10":"product_tag-voi-bep","11":"product_tag-voi-rua-chen","12":"product_tag-voi-rua-chen-bat","13":"product_tag-voi-rua-chen-bat-malloca","14":"product_tag-voi-rua-chen-malloca","16":"first","17":"instock","18":"sale","19":"shipping-taxable","20":"purchasable","21":"product-type-simple"},"_links":{"self":[{"href":"https:\/\/livinghome.vn\/thiet-bi\/wp-json\/wp\/v2\/product\/1639","targetHints":{"allow":["GET"]}}],"collection":[{"href":"https:\/\/livinghome.vn\/thiet-bi\/wp-json\/wp\/v2\/product"}],"about":[{"href":"https:\/\/livinghome.vn\/thiet-bi\/wp-json\/wp\/v2\/types\/product"}],"replies":[{"embeddable":true,"href":"https:\/\/livinghome.vn\/thiet-bi\/wp-json\/wp\/v2\/comments?post=1639"}],"wp:featuredmedia":[{"embeddable":true,"href":"https:\/\/livinghome.vn\/thiet-bi\/wp-json\/wp\/v2\/media\/1726"}],"wp:attachment":[{"href":"https:\/\/livinghome.vn\/thiet-bi\/wp-json\/wp\/v2\/media?parent=1639"}],"wp:term":[{"taxonomy":"product_brand","embeddable":true,"href":"https:\/\/livinghome.vn\/thiet-bi\/wp-json\/wp\/v2\/product_brand?post=1639"},{"taxonomy":"product_cat","embeddable":true,"href":"https:\/\/livinghome.vn\/thiet-bi\/wp-json\/wp\/v2\/product_cat?post=1639"},{"taxonomy":"product_tag","embeddable":true,"href":"https:\/\/livinghome.vn\/thiet-bi\/wp-json\/wp\/v2\/product_tag?post=1639"}],"curies":[{"name":"wp","href":"https:\/\/api.w.org\/{rel}","templated":true}]}}