{"id":1532,"date":"2023-01-12T13:35:17","date_gmt":"2023-01-12T06:35:17","guid":{"rendered":"https:\/\/livinghome.vn\/thiet-bi\/?post_type=product&#038;p=1532"},"modified":"2024-11-29T14:20:41","modified_gmt":"2024-11-29T07:20:41","slug":"voi-rua-chen-malloca-k140-dong-thau-ma-chrome","status":"publish","type":"product","link":"https:\/\/livinghome.vn\/thiet-bi\/voi-rua-chen-malloca-k140-dong-thau-ma-chrome\/","title":{"rendered":"V\u00f2i r\u1eeda ch\u00e9n Malloca K140 \u0111\u1ed3ng thau m\u1ea1 Chrome"},"content":{"rendered":"<h3>V\u00f2i r\u1eeda ch\u00e9n Malloca K140 \u0111\u1ed3ng thau m\u1ea1 Chrome<\/h3>\n<figure id=\"attachment_52134\" aria-describedby=\"caption-attachment-52134\" style=\"width: 800px\" class=\"wp-caption alignnone\"><img loading=\"lazy\" decoding=\"async\" class=\"size-large wp-image-52134\" src=\"https:\/\/livinghome.vn\/thiet-bi\/wp-content\/uploads\/nha-bep\/malloca\/voi-rua-chen\/voi-rua-chen-malloca-k140\/voi-rua-chen-malloca-k140-1-800x800.jpg\" alt=\"V\u00f2i r\u1eeda ch\u00e9n Malloca K140 \u0111\u1ed3ng thau m\u1ea1 Chrome\" width=\"800\" height=\"800\" title=\"\"><figcaption id=\"caption-attachment-52134\" class=\"wp-caption-text\">V\u00f2i r\u1eeda ch\u00e9n Malloca K140 \u0111\u1ed3ng thau m\u1ea1 Chrome<\/figcaption><\/figure>\n<h3>T\u00ednh n\u0103ng c\u01a1 b\u1ea3n<\/h3>\n<ul>\n<li><a href=\"https:\/\/livinghome.vn\/thiet-bi\/voi-rua-chen\/\">V\u00f2i r\u1eeda ch\u00e9n<\/a><\/li>\n<li>V\u00f2i n\u00f3ng l\u1ea1nh<\/li>\n<li>V\u00f2i r\u1eeda ch\u00e9n c\u00f3 d\u00e2y r\u00fat<\/li>\n<li>D\u00f2ng s\u1ea3n ph\u1ea9m ch\u1ebf t\u1ea1o th\u1ee7 c\u00f4ng<\/li>\n<li>Ch\u1ebf t\u1ea1o b\u1eb1ng \u0111\u1ed3ng thau m\u1ea1 chrome<\/li>\n<li>M\u1eabu m\u00e3,ki\u1ec3u d\u00e1ng sang tr\u1ecdng, hi\u1ec7n \u0111\u1ea1i<\/li>\n<\/ul>\n<figure id=\"attachment_52135\" aria-describedby=\"caption-attachment-52135\" style=\"width: 800px\" class=\"wp-caption alignnone\"><img loading=\"lazy\" decoding=\"async\" class=\"wp-image-52135 size-large\" src=\"https:\/\/livinghome.vn\/thiet-bi\/wp-content\/uploads\/nha-bep\/malloca\/voi-rua-chen\/voi-rua-chen-malloca-k140\/voi-rua-chen-malloca-k140-2-800x800.jpg\" alt=\"K\u00edch th\u01b0\u1edbc v\u00f2i r\u1eeda ch\u00e9n Malloca K140 \" width=\"800\" height=\"800\" title=\"\"><figcaption id=\"caption-attachment-52135\" class=\"wp-caption-text\">K\u00edch th\u01b0\u1edbc v\u00f2i r\u1eeda ch\u00e9n Malloca K140<\/figcaption><\/figure>\n<h3>Xu\u1ea5t x\u1ee9: <strong>Trung Qu\u1ed1c (theo b\u1ea3n quy\u1ec1n Malloca)<\/strong><\/h3>\n<div><\/div>\n","protected":false},"excerpt":{"rendered":"<p>V\u00f2i r\u1eeda ch\u00e9n Malloca K140 \u0111\u1ed3ng thau m\u1ea1 Chrome T\u00ednh n\u0103ng c\u01a1 b\u1ea3n V\u00f2i r\u1eeda ch\u00e9n V\u00f2i n\u00f3ng l\u1ea1nh V\u00f2i r\u1eeda ch\u00e9n c\u00f3 d\u00e2y r\u00fat D\u00f2ng s\u1ea3n ph\u1ea9m ch\u1ebf t\u1ea1o th\u1ee7 c\u00f4ng Ch\u1ebf t\u1ea1o b\u1eb1ng \u0111\u1ed3ng thau m\u1ea1 chrome M\u1eabu m\u00e3,ki\u1ec3u d\u00e1ng sang tr\u1ecdng, hi\u1ec7n \u0111\u1ea1i Xu\u1ea5t x\u1ee9: Trung Qu\u1ed1c (theo b\u1ea3n quy\u1ec1n Malloca)<\/p>\n","protected":false},"featured_media":1645,"comment_status":"open","ping_status":"closed","template":"","meta":[],"product_brand":[],"product_cat":[1823,262,150],"product_tag":[270,151,285,152,1824,1825,284],"class_list":{"0":"post-1532","1":"product","2":"type-product","3":"status-publish","4":"has-post-thumbnail","6":"product_cat-voi-rua-chen-bat-malloca","7":"product_cat-thuong-hieu-malloca","8":"product_cat-voi-rua-chen","9":"product_tag-malloca","10":"product_tag-voi-bep","11":"product_tag-voi-dong-thau-ma-chrome","12":"product_tag-voi-rua-chen","13":"product_tag-voi-rua-chen-bat","14":"product_tag-voi-rua-chen-bat-malloca","15":"product_tag-voi-rua-chen-malloca","17":"first","18":"instock","19":"sale","20":"shipping-taxable","21":"purchasable","22":"product-type-simple"},"_links":{"self":[{"href":"https:\/\/livinghome.vn\/thiet-bi\/wp-json\/wp\/v2\/product\/1532","targetHints":{"allow":["GET"]}}],"collection":[{"href":"https:\/\/livinghome.vn\/thiet-bi\/wp-json\/wp\/v2\/product"}],"about":[{"href":"https:\/\/livinghome.vn\/thiet-bi\/wp-json\/wp\/v2\/types\/product"}],"replies":[{"embeddable":true,"href":"https:\/\/livinghome.vn\/thiet-bi\/wp-json\/wp\/v2\/comments?post=1532"}],"wp:featuredmedia":[{"embeddable":true,"href":"https:\/\/livinghome.vn\/thiet-bi\/wp-json\/wp\/v2\/media\/1645"}],"wp:attachment":[{"href":"https:\/\/livinghome.vn\/thiet-bi\/wp-json\/wp\/v2\/media?parent=1532"}],"wp:term":[{"taxonomy":"product_brand","embeddable":true,"href":"https:\/\/livinghome.vn\/thiet-bi\/wp-json\/wp\/v2\/product_brand?post=1532"},{"taxonomy":"product_cat","embeddable":true,"href":"https:\/\/livinghome.vn\/thiet-bi\/wp-json\/wp\/v2\/product_cat?post=1532"},{"taxonomy":"product_tag","embeddable":true,"href":"https:\/\/livinghome.vn\/thiet-bi\/wp-json\/wp\/v2\/product_tag?post=1532"}],"curies":[{"name":"wp","href":"https:\/\/api.w.org\/{rel}","templated":true}]}}