{"id":14892,"date":"2023-08-18T08:45:39","date_gmt":"2023-08-18T08:45:39","guid":{"rendered":"https:\/\/livinghome.vn\/thiet-bi\/?post_type=product&#038;p=14892"},"modified":"2024-11-29T14:19:10","modified_gmt":"2024-11-29T07:19:10","slug":"vien-rua-chen-bat-cascade-original-huong-chanh","status":"publish","type":"product","link":"https:\/\/livinghome.vn\/thiet-bi\/vien-rua-chen-bat-cascade-original-huong-chanh\/","title":{"rendered":"Vi\u00ean R\u1eeda Ch\u00e9n B\u00e1t Cascade Original H\u01b0\u01a1ng Chanh 60 Vi\u00ean Nh\u1eadp Kh\u1ea9u M\u1ef9"},"content":{"rendered":"<h2>Vi\u00ean R\u1eeda Ch\u00e9n B\u00e1t Cascade Original H\u01b0\u01a1ng Chanh 60 Vi\u00ean Nh\u1eadp Kh\u1ea9u M\u1ef9<\/h2>\n<p>Vi\u00ean r\u1eeda ch\u00e9n Cascade Original ActionPacs\u2122 &#8211; Lemon Scent v\u1edbi h\u01b0\u01a1ng chanh l\u00e0 nh\u1eefng vi\u00ean ch\u1ee9a ch\u1ea5t t\u1ea9y r\u1eeda m\u00e1y r\u1eeda b\u00e1t ti\u1ec7n l\u1ee3i v\u00e0 mang h\u01b0\u01a1ng th\u01a1m chanh t\u01b0\u01a1i m\u00e1t, \u0111em l\u1ea1i hi\u1ec7u qu\u1ea3 l\u00e0m s\u1ea1ch.<\/p>\n<figure id=\"attachment_14833\" aria-describedby=\"caption-attachment-14833\" style=\"width: 900px\" class=\"wp-caption alignnone\"><img loading=\"lazy\" decoding=\"async\" class=\"wp-image-14833 size-full\" src=\"https:\/\/livinghome.vn\/thiet-bi\/wp-content\/uploads\/nha-bep\/cascade\/vien-rua-chen\/vien-rua-chen-bat-cascade-original-actionpacs-lemon-scent-60-vien\/vien-rua-chen-bat-cascade-original-actionpacs-lemon-scent-60-vien-4.jpg\" alt=\"vien rua chen bat cascade original actionpacs lemon scent 60 vien 4\" width=\"900\" height=\"900\" title=\"\" srcset=\"https:\/\/livinghome.vn\/thiet-bi\/wp-content\/uploads\/nha-bep\/cascade\/vien-rua-chen\/vien-rua-chen-bat-cascade-original-actionpacs-lemon-scent-60-vien\/vien-rua-chen-bat-cascade-original-actionpacs-lemon-scent-60-vien-4.jpg 900w, https:\/\/livinghome.vn\/thiet-bi\/wp-content\/uploads\/nha-bep\/cascade\/vien-rua-chen\/vien-rua-chen-bat-cascade-original-actionpacs-lemon-scent-60-vien\/vien-rua-chen-bat-cascade-original-actionpacs-lemon-scent-60-vien-4-300x300.jpg 300w, https:\/\/livinghome.vn\/thiet-bi\/wp-content\/uploads\/nha-bep\/cascade\/vien-rua-chen\/vien-rua-chen-bat-cascade-original-actionpacs-lemon-scent-60-vien\/vien-rua-chen-bat-cascade-original-actionpacs-lemon-scent-60-vien-4-100x100.jpg 100w, https:\/\/livinghome.vn\/thiet-bi\/wp-content\/uploads\/nha-bep\/cascade\/vien-rua-chen\/vien-rua-chen-bat-cascade-original-actionpacs-lemon-scent-60-vien\/vien-rua-chen-bat-cascade-original-actionpacs-lemon-scent-60-vien-4-600x600.jpg 600w, https:\/\/livinghome.vn\/thiet-bi\/wp-content\/uploads\/nha-bep\/cascade\/vien-rua-chen\/vien-rua-chen-bat-cascade-original-actionpacs-lemon-scent-60-vien\/vien-rua-chen-bat-cascade-original-actionpacs-lemon-scent-60-vien-4-400x400.jpg 400w, https:\/\/livinghome.vn\/thiet-bi\/wp-content\/uploads\/nha-bep\/cascade\/vien-rua-chen\/vien-rua-chen-bat-cascade-original-actionpacs-lemon-scent-60-vien\/vien-rua-chen-bat-cascade-original-actionpacs-lemon-scent-60-vien-4-800x800.jpg 800w, https:\/\/livinghome.vn\/thiet-bi\/wp-content\/uploads\/nha-bep\/cascade\/vien-rua-chen\/vien-rua-chen-bat-cascade-original-actionpacs-lemon-scent-60-vien\/vien-rua-chen-bat-cascade-original-actionpacs-lemon-scent-60-vien-4-280x280.jpg 280w, https:\/\/livinghome.vn\/thiet-bi\/wp-content\/uploads\/nha-bep\/cascade\/vien-rua-chen\/vien-rua-chen-bat-cascade-original-actionpacs-lemon-scent-60-vien\/vien-rua-chen-bat-cascade-original-actionpacs-lemon-scent-60-vien-4-768x768.jpg 768w\" sizes=\"auto, (max-width: 900px) 100vw, 900px\" \/><figcaption id=\"caption-attachment-14833\" class=\"wp-caption-text\">Vi\u00ean R\u1eeda Ch\u00e9n B\u00e1t Cascade Original H\u01b0\u01a1ng Chanh 60 Vi\u00ean Nh\u1eadp Kh\u1ea9u M\u1ef9<\/figcaption><\/figure>\n<p>Vi\u00ean r\u1eeda ch\u00e9n Cascade Original ActionPacs\u2122 &#8211; Lemon Scent r\u1ea5t ti\u1ec7n l\u1ee3i \u0111\u1ec3 s\u1eed d\u1ee5ng. B\u1ea1n ch\u1ec9 c\u1ea7n \u0111\u1eb7t m\u1ed9t vi\u00ean r\u1eeda b\u00e1t v\u00e0o ng\u0103n ch\u1ee9a ch\u1ea5t t\u1ea9y trong m\u00e1y r\u1eeda b\u00e1t, x\u1ebfp ch\u1ed3ng b\u00e1t \u0111\u0129a d\u01a1 v\u00e0o v\u00e0 \u0111\u1ec3 vi\u00ean ActionPac ho\u00e0n t\u1ea5t c\u00f4ng vi\u1ec7c. Kh\u00f4ng c\u1ea7n r\u1eeda s\u1ea1ch tr\u01b0\u1edbc ho\u1eb7c th\u1ef1c hi\u1ec7n b\u1ea5t k\u1ef3 b\u01b0\u1edbc chu\u1ea9n b\u1ecb n\u00e0o kh\u00e1c.<\/p>\n<h3>C\u00f4ng d\u1ee5ng:<\/h3>\n<ul>\n<li>Vi\u00ean r\u1eeda ch\u00e9n b\u00e1t\u00a0Cascade Original ActionPacs\u2122 &#8211; Lemon Scent c\u00f3 kh\u1ea3 n\u0103ng l\u00e0m s\u1ea1ch v\u1ebft b\u1ea9n kh\u00f3 t\u1ea9y ch\u1ec9 trong m\u1ed9t l\u1ea7n r\u1eeda, m\u00e0 kh\u00f4ng c\u1ea7n r\u1eeda tr\u01b0\u1edbc.<\/li>\n<li>Ch\u1ec9 c\u1ea7n c\u1ecd s\u1ea1ch, x\u1ebfp v\u00e0o m\u00e1y r\u1eeda b\u00e1t v\u00e0 b\u1ea1n \u0111\u00e3 ho\u00e0n th\u00e0nh.<\/li>\n<li>V\u1edbi s\u1ee9c m\u1ea1nh ch\u1ed1ng m\u1ee1 c\u1ee7a Dawn \u0111\u01b0\u1ee3c t\u00edch h\u1ee3p s\u1eb5n, ch\u00e9n \u0111\u0129a c\u1ee7a b\u1ea1n lu\u00f4n s\u00e1ng b\u00f3ng v\u00e0 r\u1ef1c r\u1ee1.<\/li>\n<li>S\u1ea3n ph\u1ea9m l\u00e0m s\u1ea1ch r\u1ea5t t\u1ed1t, b\u1ea1n kh\u00f4ng c\u1ea7n ph\u1ea3i r\u1eeda tr\u01b0\u1edbc, gi\u00fap ti\u1ebft ki\u1ec7m t\u1edbi 15 gallon n\u01b0\u1edbc m\u1ed7i l\u1ea7n r\u1eeda.<\/li>\n<li>C\u00f4ng th\u1ee9c c\u00f3 kh\u1ea3 n\u0103ng l\u00e0m s\u1ea1ch m\u1ea1nh m\u1ebd h\u01a1n 50%*, th\u1eadm ch\u00ed ho\u1ea1t \u0111\u1ed9ng trong chu tr\u00ecnh r\u1eeda nhanh c\u1ee7a m\u00e1y r\u1eeda b\u00e1t.<\/li>\n<li>\u0110\u01b0\u1ee3c c\u00f4ng th\u1ee9c h\u00f3a \u0111\u1ec3 ng\u0103n ng\u1eeba hi\u1ec7n t\u01b0\u1ee3ng c\u1eb7n c\u1ee9ng g\u00e2y \u1ea3nh h\u01b0\u1edfng \u0111\u1ebfn m\u00e1y r\u1eeda b\u00e1t c\u1ee7a b\u1ea1n, gi\u00fap m\u00e1y lu\u00f4n s\u1ea1ch v\u00e0 m\u1edbi.<\/li>\n<li>L\u00e0 th\u01b0\u01a1ng hi\u1ec7u \u0111\u01b0\u1ee3c khuy\u1ebfn ngh\u1ecb s\u1ed1 1 t\u1ea1i B\u1eafc M\u1ef9**.<\/li>\n<li>Cascade Platinum ActionPacs\u2122 \u0111\u00e3 \u0111\u1ea1t \u0111\u01b0\u1ee3c ch\u1ee9ng nh\u1eadn Good Housekeeping Seal<\/li>\n<\/ul>\n<p>*** Good Housekeeping Seal l\u00e0 m\u1ed9t ch\u1ee9ng nh\u1eadn c\u1ee7a t\u1ea1p ch\u00ed Good Housekeeping, m\u1ed9t t\u1ea1p ch\u00ed chuy\u00ean v\u1ec1 gia \u0111\u00ecnh v\u00e0 ch\u0103m s\u00f3c s\u1ee9c kh\u1ecfe \u0111\u01b0\u1ee3c ph\u00e1t h\u00e0nh t\u1ea1i Hoa K\u1ef3.<br \/>\nCh\u1ee9ng nh\u1eadn n\u00e0y \u0111\u01b0\u1ee3c xem l\u00e0 m\u1ed9t d\u1ea5u hi\u1ec7u \u0111\u00e1ng tin c\u1eady v\u1ec1 ch\u1ea5t l\u01b0\u1ee3ng v\u00e0 hi\u1ec7u qu\u1ea3 c\u1ee7a c\u00e1c s\u1ea3n ph\u1ea9m \u0111\u01b0\u1ee3c ki\u1ec3m \u0111\u1ecbnh. Ch\u1ee9ng nh\u1eadn Good Housekeeping Seal \u0111\u01b0\u1ee3c xem l\u00e0 m\u1ed9t y\u1ebfu t\u1ed1 quan tr\u1ecdng trong vi\u1ec7c qu\u1ea3ng b\u00e1 v\u00e0 ti\u1ebfp th\u1ecb s\u1ea3n ph\u1ea9m, gi\u00fap t\u0103ng \u0111\u1ed9 tin c\u1eady c\u1ee7a s\u1ea3n ph\u1ea9m \u0111\u1ed1i v\u1edbi ng\u01b0\u1eddi ti\u00eau d\u00f9ng.<\/p>\n<figure id=\"attachment_14832\" aria-describedby=\"caption-attachment-14832\" style=\"width: 900px\" class=\"wp-caption alignnone\"><img loading=\"lazy\" decoding=\"async\" class=\"wp-image-14832 size-full\" src=\"https:\/\/livinghome.vn\/thiet-bi\/wp-content\/uploads\/nha-bep\/cascade\/vien-rua-chen\/vien-rua-chen-bat-cascade-original-actionpacs-lemon-scent-60-vien\/vien-rua-chen-bat-cascade-original-actionpacs-lemon-scent-60-vien-5.jpg\" alt=\"vien rua chen bat cascade original actionpacs lemon scent 60 vien 5\" width=\"900\" height=\"900\" title=\"\" srcset=\"https:\/\/livinghome.vn\/thiet-bi\/wp-content\/uploads\/nha-bep\/cascade\/vien-rua-chen\/vien-rua-chen-bat-cascade-original-actionpacs-lemon-scent-60-vien\/vien-rua-chen-bat-cascade-original-actionpacs-lemon-scent-60-vien-5.jpg 900w, https:\/\/livinghome.vn\/thiet-bi\/wp-content\/uploads\/nha-bep\/cascade\/vien-rua-chen\/vien-rua-chen-bat-cascade-original-actionpacs-lemon-scent-60-vien\/vien-rua-chen-bat-cascade-original-actionpacs-lemon-scent-60-vien-5-300x300.jpg 300w, https:\/\/livinghome.vn\/thiet-bi\/wp-content\/uploads\/nha-bep\/cascade\/vien-rua-chen\/vien-rua-chen-bat-cascade-original-actionpacs-lemon-scent-60-vien\/vien-rua-chen-bat-cascade-original-actionpacs-lemon-scent-60-vien-5-100x100.jpg 100w, https:\/\/livinghome.vn\/thiet-bi\/wp-content\/uploads\/nha-bep\/cascade\/vien-rua-chen\/vien-rua-chen-bat-cascade-original-actionpacs-lemon-scent-60-vien\/vien-rua-chen-bat-cascade-original-actionpacs-lemon-scent-60-vien-5-600x600.jpg 600w, https:\/\/livinghome.vn\/thiet-bi\/wp-content\/uploads\/nha-bep\/cascade\/vien-rua-chen\/vien-rua-chen-bat-cascade-original-actionpacs-lemon-scent-60-vien\/vien-rua-chen-bat-cascade-original-actionpacs-lemon-scent-60-vien-5-400x400.jpg 400w, https:\/\/livinghome.vn\/thiet-bi\/wp-content\/uploads\/nha-bep\/cascade\/vien-rua-chen\/vien-rua-chen-bat-cascade-original-actionpacs-lemon-scent-60-vien\/vien-rua-chen-bat-cascade-original-actionpacs-lemon-scent-60-vien-5-800x800.jpg 800w, https:\/\/livinghome.vn\/thiet-bi\/wp-content\/uploads\/nha-bep\/cascade\/vien-rua-chen\/vien-rua-chen-bat-cascade-original-actionpacs-lemon-scent-60-vien\/vien-rua-chen-bat-cascade-original-actionpacs-lemon-scent-60-vien-5-280x280.jpg 280w, https:\/\/livinghome.vn\/thiet-bi\/wp-content\/uploads\/nha-bep\/cascade\/vien-rua-chen\/vien-rua-chen-bat-cascade-original-actionpacs-lemon-scent-60-vien\/vien-rua-chen-bat-cascade-original-actionpacs-lemon-scent-60-vien-5-768x768.jpg 768w\" sizes=\"auto, (max-width: 900px) 100vw, 900px\" \/><figcaption id=\"caption-attachment-14832\" class=\"wp-caption-text\">Vi\u00ean R\u1eeda Ch\u00e9n B\u00e1t Cascade Original H\u01b0\u01a1ng Chanh 60 Vi\u00ean Nh\u1eadp Kh\u1ea9u M\u1ef9<\/figcaption><\/figure>\n<h3>Th\u00f4ng tin s\u1ea3n ph\u1ea9m<\/h3>\n<ul>\n<li>T\u00ean s\u1ea3n ph\u1ea9m: Cascade Original ActionPacs\u2122 &#8211; Lemon Scent<\/li>\n<li>H\u00e3ng s\u1ea3n xu\u1ea5t: Cascade<\/li>\n<li>Quy c\u00e1ch \u0111\u00f3ng g\u00f3i: 1 h\u1ed9p 60 vi\u00ean<\/li>\n<\/ul>\n<figure id=\"attachment_9713\" aria-describedby=\"caption-attachment-9713\" style=\"width: 900px\" class=\"wp-caption alignnone\"><img loading=\"lazy\" decoding=\"async\" class=\"wp-image-9713 size-full\" src=\"https:\/\/livinghome.vn\/thiet-bi\/wp-content\/uploads\/nha-bep\/cascade\/vien-rua-chen\/vien-rua-chen-cascade-platinum\/vien-rua-chen-cascade-platinum-9.jpg\" alt=\"Vi\u00ean R\u1eeda Ch\u00e9n B\u00e1t Cascade Platinum 92 Vi\u00ean Nh\u1eadp Kh\u1ea9u M\u1ef9\" width=\"900\" height=\"900\" title=\"\" srcset=\"https:\/\/livinghome.vn\/thiet-bi\/wp-content\/uploads\/nha-bep\/cascade\/vien-rua-chen\/vien-rua-chen-cascade-platinum\/vien-rua-chen-cascade-platinum-9.jpg 900w, https:\/\/livinghome.vn\/thiet-bi\/wp-content\/uploads\/nha-bep\/cascade\/vien-rua-chen\/vien-rua-chen-cascade-platinum\/vien-rua-chen-cascade-platinum-9-300x300.jpg 300w, https:\/\/livinghome.vn\/thiet-bi\/wp-content\/uploads\/nha-bep\/cascade\/vien-rua-chen\/vien-rua-chen-cascade-platinum\/vien-rua-chen-cascade-platinum-9-100x100.jpg 100w, https:\/\/livinghome.vn\/thiet-bi\/wp-content\/uploads\/nha-bep\/cascade\/vien-rua-chen\/vien-rua-chen-cascade-platinum\/vien-rua-chen-cascade-platinum-9-600x600.jpg 600w, https:\/\/livinghome.vn\/thiet-bi\/wp-content\/uploads\/nha-bep\/cascade\/vien-rua-chen\/vien-rua-chen-cascade-platinum\/vien-rua-chen-cascade-platinum-9-400x400.jpg 400w, https:\/\/livinghome.vn\/thiet-bi\/wp-content\/uploads\/nha-bep\/cascade\/vien-rua-chen\/vien-rua-chen-cascade-platinum\/vien-rua-chen-cascade-platinum-9-800x800.jpg 800w, https:\/\/livinghome.vn\/thiet-bi\/wp-content\/uploads\/nha-bep\/cascade\/vien-rua-chen\/vien-rua-chen-cascade-platinum\/vien-rua-chen-cascade-platinum-9-280x280.jpg 280w, https:\/\/livinghome.vn\/thiet-bi\/wp-content\/uploads\/nha-bep\/cascade\/vien-rua-chen\/vien-rua-chen-cascade-platinum\/vien-rua-chen-cascade-platinum-9-768x768.jpg 768w\" sizes=\"auto, (max-width: 900px) 100vw, 900px\" \/><figcaption id=\"caption-attachment-9713\" class=\"wp-caption-text\">Vi\u00ean R\u1eeda Ch\u00e9n B\u00e1t Cascade Nh\u1eadp Kh\u1ea9u M\u1ef9 L\u00e0 S\u1ea3n Ph\u1ea9m \u0110\u01b0\u1ee3c C\u00e1c Nh\u00e0 S\u1ea3n Xu\u1ea5t M\u00e1y R\u1eeda Ch\u00e9n H\u00e0ng \u0110\u1ea7u Khu V\u1ef1c B\u1eafc M\u1ef9 Tin Dung. Ng\u01b0\u1eddi Ti\u00eau D\u00f9ng VN C\u0169ng \u0110ang D\u1ea7n D\u00f9ng T\u1edbi Nh\u1eefng N\u0103m G\u1ea7n \u0110\u00e2y<\/figcaption><\/figure>\n<figure id=\"attachment_9724\" aria-describedby=\"caption-attachment-9724\" style=\"width: 1920px\" class=\"wp-caption alignnone\"><img loading=\"lazy\" decoding=\"async\" class=\"wp-image-9724 size-full\" src=\"https:\/\/livinghome.vn\/thiet-bi\/wp-content\/uploads\/nha-bep\/cascade\/vien-rua-chen\/vien-rua-chen-cascade-platinum\/vien-rua-chen-cascade-platinum-10.jpg\" alt=\"Vi\u00ean R\u1eeda Ch\u00e9n B\u00e1t Cascade Platinum 92 Vi\u00ean Nh\u1eadp Kh\u1ea9u M\u1ef9\" width=\"1920\" height=\"855\" title=\"\" srcset=\"https:\/\/livinghome.vn\/thiet-bi\/wp-content\/uploads\/nha-bep\/cascade\/vien-rua-chen\/vien-rua-chen-cascade-platinum\/vien-rua-chen-cascade-platinum-10.jpg 1920w, https:\/\/livinghome.vn\/thiet-bi\/wp-content\/uploads\/nha-bep\/cascade\/vien-rua-chen\/vien-rua-chen-cascade-platinum\/vien-rua-chen-cascade-platinum-10-600x267.jpg 600w, https:\/\/livinghome.vn\/thiet-bi\/wp-content\/uploads\/nha-bep\/cascade\/vien-rua-chen\/vien-rua-chen-cascade-platinum\/vien-rua-chen-cascade-platinum-10-800x356.jpg 800w, https:\/\/livinghome.vn\/thiet-bi\/wp-content\/uploads\/nha-bep\/cascade\/vien-rua-chen\/vien-rua-chen-cascade-platinum\/vien-rua-chen-cascade-platinum-10-1400x623.jpg 1400w, https:\/\/livinghome.vn\/thiet-bi\/wp-content\/uploads\/nha-bep\/cascade\/vien-rua-chen\/vien-rua-chen-cascade-platinum\/vien-rua-chen-cascade-platinum-10-768x342.jpg 768w, https:\/\/livinghome.vn\/thiet-bi\/wp-content\/uploads\/nha-bep\/cascade\/vien-rua-chen\/vien-rua-chen-cascade-platinum\/vien-rua-chen-cascade-platinum-10-1536x684.jpg 1536w\" sizes=\"auto, (max-width: 1920px) 100vw, 1920px\" \/><figcaption id=\"caption-attachment-9724\" class=\"wp-caption-text\">Vi\u00ean R\u1eeda Ch\u00e9n B\u00e1t Cascade Nh\u1eadp Kh\u1ea9u M\u1ef9 \u0110\u01b0\u1ee3c C\u00e1c Brand H\u00e0ng \u0110\u1ea7u Chuy\u00ean S\u1ea3n Xu\u1ea5t M\u00e1y R\u1eeda Ch\u00e9n B\u00e1t Nh\u01b0 WHIRLPOOL, SAMSUNG, ELECTROLUX, KITCHEN AID, MAYTAG, FRIGIDAIRE, GE APPLIANCES, &#8230; L\u1ef1a Ch\u1ecdn L\u00e0m Th\u01b0\u01a1ng Hi\u1ec7u Ch\u1ea5t T\u1ea9y R\u1eeda Khuy\u1ebfn Ngh\u1ecb<\/figcaption><\/figure>\n<h3>Xu\u1ea5t x\u1ee9: M\u1ef9<\/h3>\n","protected":false},"excerpt":{"rendered":"<p>&#8211; Vi\u00ean r\u1eeda ch\u00e9n b\u00e1t Cascade Original ActionPacs\u2122 &#8211; Lemon Scent c\u00f3 kh\u1ea3 n\u0103ng l\u00e0m s\u1ea1ch v\u1ebft b\u1ea9n ch\u00e1y kh\u00f3 t\u1ea9y ch\u1ec9 trong m\u1ed9t l\u1ea7n r\u1eeda, m\u00e0 kh\u00f4ng c\u1ea7n r\u1eeda tr\u01b0\u1edbc.<\/p>\n<p>&#8211; Ch\u1ec9 c\u1ea7n c\u1ecd s\u1ea1ch, x\u1ebfp v\u00e0o m\u00e1y r\u1eeda b\u00e1t v\u00e0 b\u1ea1n \u0111\u00e3 ho\u00e0n th\u00e0nh.<\/p>\n<p>&#8211; Th\u1eadt \u0111\u1ea5y! \u0110\u00e2y l\u00e0 nh\u1eefng vi\u00ean r\u1eeda ch\u00e9n si\u00eau n\u0103ng l\u01b0\u1ee3ng.<\/p>\n<p>&#8211; V\u1edbi s\u1ee9c m\u1ea1nh ch\u1ed1ng m\u1ee1 c\u1ee7a Dawn \u0111\u01b0\u1ee3c t\u00edch h\u1ee3p s\u1eb5n, ch\u00e9n \u0111\u0129a c\u1ee7a b\u1ea1n lu\u00f4n s\u00e1ng b\u00f3ng v\u00e0 r\u1ef1c r\u1ee1.<\/p>\n<p>&#8211; L\u00e0 th\u01b0\u01a1ng hi\u1ec7u \u0111\u01b0\u1ee3c khuy\u1ebfn ngh\u1ecb s\u1ed1 1 t\u1ea1i B\u1eafc M\u1ef9**.<\/p>\n<p>&#8211; Cascade Platinum ActionPacs\u2122 \u0111\u00e3 \u0111\u1ea1t \u0111\u01b0\u1ee3c ch\u1ee9ng nh\u1eadn Good Housekeeping Seal<\/p>\n","protected":false},"featured_media":14834,"comment_status":"open","ping_status":"closed","template":"","meta":[],"product_brand":[],"product_cat":[71,781],"product_tag":[782,783,784],"class_list":{"0":"post-14892","1":"product","2":"type-product","3":"status-publish","4":"has-post-thumbnail","6":"product_cat-thuong-hieu","7":"product_cat-thuong-hieu-cascade","8":"product_tag-cascade","9":"product_tag-vien-rua-chen","10":"product_tag-vien-rua-chen-cascade","12":"first","13":"instock","14":"shipping-taxable","15":"product-type-simple"},"_links":{"self":[{"href":"https:\/\/livinghome.vn\/thiet-bi\/wp-json\/wp\/v2\/product\/14892","targetHints":{"allow":["GET"]}}],"collection":[{"href":"https:\/\/livinghome.vn\/thiet-bi\/wp-json\/wp\/v2\/product"}],"about":[{"href":"https:\/\/livinghome.vn\/thiet-bi\/wp-json\/wp\/v2\/types\/product"}],"replies":[{"embeddable":true,"href":"https:\/\/livinghome.vn\/thiet-bi\/wp-json\/wp\/v2\/comments?post=14892"}],"wp:featuredmedia":[{"embeddable":true,"href":"https:\/\/livinghome.vn\/thiet-bi\/wp-json\/wp\/v2\/media\/14834"}],"wp:attachment":[{"href":"https:\/\/livinghome.vn\/thiet-bi\/wp-json\/wp\/v2\/media?parent=14892"}],"wp:term":[{"taxonomy":"product_brand","embeddable":true,"href":"https:\/\/livinghome.vn\/thiet-bi\/wp-json\/wp\/v2\/product_brand?post=14892"},{"taxonomy":"product_cat","embeddable":true,"href":"https:\/\/livinghome.vn\/thiet-bi\/wp-json\/wp\/v2\/product_cat?post=14892"},{"taxonomy":"product_tag","embeddable":true,"href":"https:\/\/livinghome.vn\/thiet-bi\/wp-json\/wp\/v2\/product_tag?post=14892"}],"curies":[{"name":"wp","href":"https:\/\/api.w.org\/{rel}","templated":true}]}}