{"id":1484,"date":"2023-01-12T13:34:19","date_gmt":"2023-01-12T06:34:19","guid":{"rendered":"https:\/\/livinghome.vn\/thiet-bi\/?post_type=product&#038;p=1484"},"modified":"2024-11-29T14:20:42","modified_gmt":"2024-11-29T07:20:42","slug":"bep-gas-am-malloca-as-9602dg-2-gas","status":"publish","type":"product","link":"https:\/\/livinghome.vn\/thiet-bi\/bep-gas-am-malloca-as-9602dg-2-gas\/","title":{"rendered":"B\u1ebfp Gas \u00c2m Malloca AS 9602DG, 2 Gas, M\u00e2m Sabaf \u00dd"},"content":{"rendered":"<h2>B\u1ebfp gas \u00e2m Malloca AS 9602DG 2 gas m\u00e0u x\u00e1m thanh l\u1ecbch<\/h2>\n<figure id=\"attachment_22155\" aria-describedby=\"caption-attachment-22155\" style=\"width: 800px\" class=\"wp-caption alignnone\"><img loading=\"lazy\" decoding=\"async\" class=\"size-full wp-image-22155\" src=\"https:\/\/livinghome.vn\/thiet-bi\/wp-content\/uploads\/2023\/01\/malloca-as-9602dg.jpg\" alt=\"B\u1ebfp Gas \u00c2m Malloca AS 9602DG, 2 Gas, M\u00e2m Sabaf \u00dd\" width=\"800\" height=\"800\" title=\"\" srcset=\"https:\/\/livinghome.vn\/thiet-bi\/wp-content\/uploads\/2023\/01\/malloca-as-9602dg.jpg 800w, https:\/\/livinghome.vn\/thiet-bi\/wp-content\/uploads\/2023\/01\/malloca-as-9602dg-400x400.jpg 400w, https:\/\/livinghome.vn\/thiet-bi\/wp-content\/uploads\/2023\/01\/malloca-as-9602dg-280x280.jpg 280w, https:\/\/livinghome.vn\/thiet-bi\/wp-content\/uploads\/2023\/01\/malloca-as-9602dg-768x768.jpg 768w, https:\/\/livinghome.vn\/thiet-bi\/wp-content\/uploads\/2023\/01\/malloca-as-9602dg-300x300.jpg 300w, https:\/\/livinghome.vn\/thiet-bi\/wp-content\/uploads\/2023\/01\/malloca-as-9602dg-600x600.jpg 600w, https:\/\/livinghome.vn\/thiet-bi\/wp-content\/uploads\/2023\/01\/malloca-as-9602dg-100x100.jpg 100w\" sizes=\"auto, (max-width: 800px) 100vw, 800px\" \/><figcaption id=\"caption-attachment-22155\" class=\"wp-caption-text\">B\u1ebfp gas \u00e2m Malloca AS 9602DG ph\u00f9 h\u1ee3p m\u1ecdi kh\u00f4ng gian nh\u00e0 b\u1ebfp<\/figcaption><\/figure>\n<h3>T\u00ednh n\u0103ng c\u01a1 b\u1ea3n<\/h3>\n<ul>\n<li><a href=\"https:\/\/livinghome.vn\/thiet-bi\/bep-gas\/\">B\u1ebfp gas \u00e2m<\/a> \u2013 b\u1ebfp k\u00ednh \u00e2m 2 gas<\/li>\n<li>M\u1eb7t k\u00ednh c\u01b0\u1eddng l\u1ef1c m\u00e0u x\u00e1m<\/li>\n<\/ul>\n<h3>Th\u00f4ng s\u1ed1 k\u1ef9 thu\u1eadt<\/h3>\n<ul>\n<li>C\u00f4ng su\u1ea5t: 1 x 4.6kW \u2013 1 x 4.0kW<\/li>\n<li>K\u00edch th\u01b0\u1edbc: W850 x D490 x H75mm<\/li>\n<li>K\u00edch th\u01b0\u1edbc l\u1ed7 \u0111\u00e1: W790 x D440mm<\/li>\n<li><strong>L\u1eafp r\u00e1p t\u1ea1i Vi\u1ec7t Nam theo b\u1ea3n quy\u1ec1n Malloca Vi\u1ec7t Nam<\/strong><\/li>\n<\/ul>\n<h3>Linh ki\u1ec7n: M\u00e2m \u0111\u1ed1t Sabaf &#8211; \u00dd<\/h3>\n<h3>Ph\u1ee5 ki\u1ec7n Trung Qu\u1ed1c<\/h3>\n<figure id=\"attachment_22156\" aria-describedby=\"caption-attachment-22156\" style=\"width: 800px\" class=\"wp-caption alignnone\"><img loading=\"lazy\" decoding=\"async\" class=\"size-full wp-image-22156\" src=\"https:\/\/livinghome.vn\/thiet-bi\/wp-content\/uploads\/2023\/01\/malloca-as-9602dg-1.jpg\" alt=\"B\u1ebfp Gas \u00c2m Malloca AS 9602DG, 2 Gas, M\u00e2m Sabaf \u00dd\" width=\"800\" height=\"800\" title=\"\" srcset=\"https:\/\/livinghome.vn\/thiet-bi\/wp-content\/uploads\/2023\/01\/malloca-as-9602dg-1.jpg 800w, https:\/\/livinghome.vn\/thiet-bi\/wp-content\/uploads\/2023\/01\/malloca-as-9602dg-1-400x400.jpg 400w, https:\/\/livinghome.vn\/thiet-bi\/wp-content\/uploads\/2023\/01\/malloca-as-9602dg-1-280x280.jpg 280w, https:\/\/livinghome.vn\/thiet-bi\/wp-content\/uploads\/2023\/01\/malloca-as-9602dg-1-768x768.jpg 768w, https:\/\/livinghome.vn\/thiet-bi\/wp-content\/uploads\/2023\/01\/malloca-as-9602dg-1-300x300.jpg 300w, https:\/\/livinghome.vn\/thiet-bi\/wp-content\/uploads\/2023\/01\/malloca-as-9602dg-1-600x600.jpg 600w, https:\/\/livinghome.vn\/thiet-bi\/wp-content\/uploads\/2023\/01\/malloca-as-9602dg-1-100x100.jpg 100w\" sizes=\"auto, (max-width: 800px) 100vw, 800px\" \/><figcaption id=\"caption-attachment-22156\" class=\"wp-caption-text\">K\u00edch th\u01b0\u1edbc B\u1ebfp Gas \u00c2m Malloca AS 9602DG, 2 Gas, M\u00e2m Sabaf \u00dd<\/figcaption><\/figure>\n<h3>Xu\u1ea5t x\u1ee9: Trung Qu\u1ed1c<\/h3>\n<div><\/div>\n","protected":false},"excerpt":{"rendered":"<p style=\"text-align: left;\"><span style=\"font-weight: 400;\">M\u1eb7t k\u00ednh c\u01b0\u1eddng l\u1ef1c m\u00e0u x\u00e1m, 2 gas<\/span><\/p>\n<p style=\"text-align: left;\"><span style=\"font-weight: 400;\">C\u00f4ng su\u1ea5t: 1 x 4.6kW \u2013 1 x 4.0kW<\/span><\/p>\n<p style=\"text-align: left;\"><span style=\"font-weight: 400;\">K\u00edch th\u01b0\u1edbc b\u1ebfp: W850 x D490 x H75mm<\/span><\/p>\n<p style=\"text-align: left;\"><span style=\"font-weight: 400;\">K\u00edch th\u01b0\u1edbc l\u1ed7 \u0111\u00e1: W790 x D440mm<\/span><\/p>\n","protected":false},"featured_media":22155,"comment_status":"open","ping_status":"closed","template":"","meta":[],"product_brand":[],"product_cat":[728,123,262],"product_tag":[185,124,125,126,265,281,270],"class_list":{"0":"post-1484","1":"product","2":"type-product","3":"status-publish","4":"has-post-thumbnail","6":"product_cat-bep-gas-malloca","7":"product_cat-bep-gas","8":"product_cat-thuong-hieu-malloca","9":"product_tag-bep-ga","10":"product_tag-bep-gas","11":"product_tag-bep-gas-2-lo-nau","12":"product_tag-bep-gas-am","13":"product_tag-bep-gas-am-malloca","14":"product_tag-bep-gas-malloca","15":"product_tag-malloca","17":"first","18":"instock","19":"sale","20":"shipping-taxable","21":"purchasable","22":"product-type-simple"},"_links":{"self":[{"href":"https:\/\/livinghome.vn\/thiet-bi\/wp-json\/wp\/v2\/product\/1484","targetHints":{"allow":["GET"]}}],"collection":[{"href":"https:\/\/livinghome.vn\/thiet-bi\/wp-json\/wp\/v2\/product"}],"about":[{"href":"https:\/\/livinghome.vn\/thiet-bi\/wp-json\/wp\/v2\/types\/product"}],"replies":[{"embeddable":true,"href":"https:\/\/livinghome.vn\/thiet-bi\/wp-json\/wp\/v2\/comments?post=1484"}],"wp:featuredmedia":[{"embeddable":true,"href":"https:\/\/livinghome.vn\/thiet-bi\/wp-json\/wp\/v2\/media\/22155"}],"wp:attachment":[{"href":"https:\/\/livinghome.vn\/thiet-bi\/wp-json\/wp\/v2\/media?parent=1484"}],"wp:term":[{"taxonomy":"product_brand","embeddable":true,"href":"https:\/\/livinghome.vn\/thiet-bi\/wp-json\/wp\/v2\/product_brand?post=1484"},{"taxonomy":"product_cat","embeddable":true,"href":"https:\/\/livinghome.vn\/thiet-bi\/wp-json\/wp\/v2\/product_cat?post=1484"},{"taxonomy":"product_tag","embeddable":true,"href":"https:\/\/livinghome.vn\/thiet-bi\/wp-json\/wp\/v2\/product_tag?post=1484"}],"curies":[{"name":"wp","href":"https:\/\/api.w.org\/{rel}","templated":true}]}}