{"id":14762,"date":"2023-08-03T08:46:35","date_gmt":"2023-08-03T08:46:35","guid":{"rendered":"https:\/\/livinghome.vn\/thiet-bi\/?post_type=product&#038;p=14762"},"modified":"2025-07-24T00:49:24","modified_gmt":"2025-07-23T17:49:24","slug":"bo-noi-inox-304-tomate-tom-0707-7-mon","status":"publish","type":"product","link":"https:\/\/livinghome.vn\/thiet-bi\/bo-noi-inox-304-tomate-tom-0707-7-mon\/","title":{"rendered":"B\u1ed9 N\u1ed3i Inox 304 Tomate TOM 0707, 7 M\u00f3n"},"content":{"rendered":"<p>B\u1ed9 n\u1ed3i inox 304 Tomate TOM 0708 l\u00e0 m\u1ed9t l\u1ef1a ch\u1ecdn tuy\u1ec7t v\u1eddi cho nh\u1eefng ai \u0111ang t\u00ecm ki\u1ebfm m\u1ed9t b\u1ed9 n\u1ed3i ch\u1ea5t l\u01b0\u1ee3ng cao v\u00e0 \u0111a n\u0103ng. V\u1edbi ch\u1ea5t li\u1ec7u inox 304 ch\u1ea5t l\u01b0\u1ee3ng, b\u1ed9 n\u1ed3i n\u00e0y mang \u0111\u1ebfn \u0111\u1ed9 b\u1ec1n cao v\u00e0 kh\u1ea3 n\u0103ng ch\u1ed1ng \u0103n m\u00f2n tuy\u1ec7t v\u1eddi. \u0110\u1eb7c bi\u1ec7t, \u0111\u00e1y n\u1ed3i \u0111\u01b0\u1ee3c thi\u1ebft k\u1ebf 5 l\u1edbp gi\u00fap ti\u1ebft ki\u1ec7m n\u0103ng l\u01b0\u1ee3ng v\u00e0 gi\u1eef nhi\u1ec7t l\u00e2u, \u0111\u1ea3m b\u1ea3o th\u1ef1c ph\u1ea9m \u0111\u01b0\u1ee3c n\u1ea5u ch\u00edn \u0111\u1ec1u v\u00e0 nhanh ch\u00f3ng.<\/p>\n<h2>B\u1ed9 N\u1ed3i Inox 304 Tomate TOM 0707 Ch\u1ea5t L\u01b0\u1ee3ng B\u1ec1n Theo Th\u1eddi Gian<\/h2>\n<figure id=\"attachment_14768\" aria-describedby=\"caption-attachment-14768\" style=\"width: 900px\" class=\"wp-caption alignnone\"><img loading=\"lazy\" decoding=\"async\" class=\"size-full wp-image-14768\" src=\"https:\/\/livinghome.vn\/thiet-bi\/wp-content\/uploads\/nha-bep\/tomate\/bo-noi\/bo-noi-tomate-tom-0707\/bo-noi-tomate-tom-0707-1.jpg\" alt=\"bo noi tomate tom 0707 1\" width=\"900\" height=\"900\" title=\"\" srcset=\"https:\/\/livinghome.vn\/thiet-bi\/wp-content\/uploads\/nha-bep\/tomate\/bo-noi\/bo-noi-tomate-tom-0707\/bo-noi-tomate-tom-0707-1.jpg 900w, https:\/\/livinghome.vn\/thiet-bi\/wp-content\/uploads\/nha-bep\/tomate\/bo-noi\/bo-noi-tomate-tom-0707\/bo-noi-tomate-tom-0707-1-300x300.jpg 300w, https:\/\/livinghome.vn\/thiet-bi\/wp-content\/uploads\/nha-bep\/tomate\/bo-noi\/bo-noi-tomate-tom-0707\/bo-noi-tomate-tom-0707-1-100x100.jpg 100w, https:\/\/livinghome.vn\/thiet-bi\/wp-content\/uploads\/nha-bep\/tomate\/bo-noi\/bo-noi-tomate-tom-0707\/bo-noi-tomate-tom-0707-1-600x600.jpg 600w, https:\/\/livinghome.vn\/thiet-bi\/wp-content\/uploads\/nha-bep\/tomate\/bo-noi\/bo-noi-tomate-tom-0707\/bo-noi-tomate-tom-0707-1-400x400.jpg 400w, https:\/\/livinghome.vn\/thiet-bi\/wp-content\/uploads\/nha-bep\/tomate\/bo-noi\/bo-noi-tomate-tom-0707\/bo-noi-tomate-tom-0707-1-800x800.jpg 800w, https:\/\/livinghome.vn\/thiet-bi\/wp-content\/uploads\/nha-bep\/tomate\/bo-noi\/bo-noi-tomate-tom-0707\/bo-noi-tomate-tom-0707-1-280x280.jpg 280w, https:\/\/livinghome.vn\/thiet-bi\/wp-content\/uploads\/nha-bep\/tomate\/bo-noi\/bo-noi-tomate-tom-0707\/bo-noi-tomate-tom-0707-1-768x768.jpg 768w\" sizes=\"auto, (max-width: 900px) 100vw, 900px\" \/><figcaption id=\"caption-attachment-14768\" class=\"wp-caption-text\">B\u1ed9 n\u1ed3i Tomate TOM 0707 v\u1edbi 7 m\u00f3n ch\u1ea5t li\u1ec7u inox cao c\u1ea5p<\/figcaption><\/figure>\n<h3>\u0110\u1eb7c t\u00ednh s\u1ea3n ph\u1ea9m<\/h3>\n<ul>\n<li><a href=\"https:\/\/livinghome.vn\/thiet-bi\/bo-noi-bep-tu\/\">B\u1ed9 n\u1ed3i<\/a> inox &#8211; 7 m\u00f3n cao c\u1ea5p<\/li>\n<li>Qu\u00e1nh n\u1eafp Inox: 16\u00d78 cm \u2013 D\u00f9ng \u0111\u1ec3 h\u00e2m n\u00f3ng s\u00fap, h\u1ea5p rau, v\u00e0 c\u00e1c c\u00f4ng vi\u1ec7c nh\u1ecf kh\u00e1c.<\/li>\n<li>N\u1ed3i n\u1eafp inox: 20x10cm \u2013 Ph\u00f9 h\u1ee3p cho vi\u1ec7c n\u1ea5u ch\u00e1o, h\u1ea7m s\u00fap v\u00e0 n\u1ea5u c\u00e1c m\u00f3n \u0103n gia \u0111\u00ecnh h\u00e0ng ng\u00e0y.<\/li>\n<li>N\u1ed3i n\u1eafp inox: 24x12cm \u2013 Th\u00edch h\u1ee3p \u0111\u1ec3 n\u1ea5u canh, n\u1ea5u c\u01a1m v\u00e0 c\u00e1c m\u00f3n l\u1ea9u.<\/li>\n<li>Ch\u1ea3o ch\u1ed1ng d\u00ednh: 24x6cm \u2013 S\u1eed d\u1ee5ng \u0111\u1ec3 chi\u00ean, x\u00e0o v\u00e0 r\u00e1n c\u00e1c m\u00f3n \u0103n.<\/li>\n<\/ul>\n<p>H\u00e3y th\u1eed B\u1ed9 N\u1ed3i Ch\u1ea3o Inox 304 \u2013 7 M\u00f3n TOM 0707, m\u1ed9t s\u1ea3n ph\u1ea9m \u0111\u00e1ng ch\u00fa \u00fd v\u1edbi thi\u1ebft k\u1ebf hi\u1ec7n \u0111\u1ea1i v\u00e0 ti\u1ec7n \u00edch. V\u1edbi ch\u1ea5t li\u1ec7u Inox 304, m\u1ed9t trong nh\u1eefng lo\u1ea1i inox cao c\u1ea5p nh\u1ea5t hi\u1ec7n nay, b\u1ed9 n\u1ed3i n\u00e0y mang \u0111\u1ebfn s\u1ef1 b\u1ec1n b\u1ec9 v\u00e0 \u0111\u1ed9 b\u1ec1n cao.<\/p>\n<h3>\u0110\u1eb7c \u0111i\u1ec3m n\u1ed5i b\u1eadt c\u1ee7a B\u1ed9 N\u1ed3i Ch\u1ea3o Inox 304 \u2013 7 M\u00f3n TOM 0707<\/h3>\n<p>B\u1ed9 N\u1ed3i Ch\u1ea3o Inox 304 \u2013 7 M\u00f3n TOM 0707 c\u00f3 nh\u1eefng \u0111\u1eb7c \u0111i\u1ec3m n\u1ed5i b\u1eadt sau:<\/p>\n<h4><strong>1. 5 \u0111\u00e1y ch\u1eafc ch\u1eafn<\/strong><\/h4>\n<p>\u0110\u1ea3m b\u1ea3o truy\u1ec1n nhi\u1ec7t \u0111\u1ec1u v\u00e0 gi\u00fap th\u1ee9c \u0103n ch\u00edn \u0111\u1ec1u v\u00e0 nhanh ch\u00f3ng.<\/p>\n<h4><strong>2. N\u1eafp n\u1ed3i l\u00e0m t\u1eeb inox<\/strong><\/h4>\n<p>Gi\u1eef nguy\u00ean h\u01b0\u01a1ng v\u1ecb v\u00e0 ch\u1ea5t dinh d\u01b0\u1ee1ng trong qu\u00e1 tr\u00ecnh n\u1ea5u.<\/p>\n<h3>Ti\u1ec7n \u00edch v\u00e0 hi\u1ec7n \u0111\u1ea1i c\u1ee7a B\u1ed9 N\u1ed3i Ch\u1ea3o Inox 304 \u2013 7 M\u00f3n TOM 0707<\/h3>\n<p>B\u1ed9 N\u1ed3i Ch\u1ea3o Inox 304 &#8211; 7 M\u00f3n TOM 0707 kh\u00f4ng ch\u1ec9 ch\u1ea5t l\u01b0\u1ee3ng cao, m\u00e0 c\u00f2n c\u00f3 thi\u1ebft k\u1ebf ti\u1ec7n \u00edch v\u00e0 hi\u1ec7n \u0111\u1ea1i. Tay c\u1ea7m c\u00e1ch nhi\u1ec7t gi\u00fap b\u1ea1n c\u1ea7m n\u1ed3i m\u1ed9t c\u00e1ch tho\u1ea3i m\u00e1i v\u00e0 an to\u00e0n. B\u1ec1 m\u1eb7t trong c\u1ee7a n\u1ed3i \u0111\u01b0\u1ee3c x\u1eed l\u00fd ch\u1ed1ng d\u00ednh, d\u1ec5 d\u00e0ng l\u00e0m s\u1ea1ch sau khi s\u1eed d\u1ee5ng.<\/p>\n<p>B\u1ea1n kh\u00f4ng c\u1ea7n lo l\u1eafng v\u1ec1 vi\u1ec7c m\u1ea5t th\u1eddi gian v\u00e0 c\u00f4ng s\u1ee9c \u0111\u1ec3 l\u00e0m s\u1ea1ch b\u1ed9 n\u1ed3i n\u00e0y. Ch\u00fang r\u1ea5t d\u1ec5 d\u00e0ng v\u1ec7 sinh v\u00e0 c\u00f3 th\u1ec3 \u0111\u01b0\u1ee3c s\u1eed d\u1ee5ng trong m\u00e1y r\u1eeda ch\u00e9n m\u00e0 kh\u00f4ng g\u00e2y h\u01b0 h\u1ecfng.<\/p>\n<h3>B\u1ed9 N\u1ed3i Ch\u1ea3o Inox 304 \u2013 7 M\u00f3n TOM 0707 \u2013 M\u00f3n qu\u00e0 tuy\u1ec7t v\u1eddi cho gia \u0111\u00ecnh v\u00e0 b\u1ea1n b\u00e8<\/h3>\n<p>B\u1ed9 N\u1ed3i Ch\u1ea3o Inox 304 &#8211; 7 M\u00f3n TOM 0707 l\u00e0 m\u1ed9t m\u00f3n qu\u00e0 tuy\u1ec7t v\u1eddi d\u00e0nh cho gia \u0111\u00ecnh v\u00e0 b\u1ea1n b\u00e8. B\u1ea1n c\u00f3 th\u1ec3 s\u1eed d\u1ee5ng n\u00f3 trong c\u00e1c d\u1ecbp l\u1ec5, sinh nh\u1eadt, ho\u1eb7c nh\u1eefng bu\u1ed5i ti\u1ec7c gia \u0111\u00ecnh. \u0110\u1ed3ng th\u1eddi, \u0111\u00e2y c\u0169ng l\u00e0 m\u1ed9t l\u1ef1a ch\u1ecdn tuy\u1ec7t v\u1eddi cho nh\u1eefng ng\u01b0\u1eddi m\u1edbi m\u1edf c\u0103n b\u1ebfp ri\u00eang v\u00e0 c\u1ea7n m\u1ed9t b\u1ed9 n\u1ed3i ch\u1ea5t l\u01b0\u1ee3ng.<\/p>\n<figure id=\"attachment_14766\" aria-describedby=\"caption-attachment-14766\" style=\"width: 900px\" class=\"wp-caption alignnone\"><img loading=\"lazy\" decoding=\"async\" class=\"size-full wp-image-14766\" src=\"https:\/\/livinghome.vn\/thiet-bi\/wp-content\/uploads\/nha-bep\/tomate\/bo-noi\/bo-noi-tomate-tom-0707\/bo-noi-tomate-tom-0707-3.jpg\" alt=\"bo noi tomate tom 0707 3\" width=\"900\" height=\"900\" title=\"\" srcset=\"https:\/\/livinghome.vn\/thiet-bi\/wp-content\/uploads\/nha-bep\/tomate\/bo-noi\/bo-noi-tomate-tom-0707\/bo-noi-tomate-tom-0707-3.jpg 900w, https:\/\/livinghome.vn\/thiet-bi\/wp-content\/uploads\/nha-bep\/tomate\/bo-noi\/bo-noi-tomate-tom-0707\/bo-noi-tomate-tom-0707-3-300x300.jpg 300w, https:\/\/livinghome.vn\/thiet-bi\/wp-content\/uploads\/nha-bep\/tomate\/bo-noi\/bo-noi-tomate-tom-0707\/bo-noi-tomate-tom-0707-3-100x100.jpg 100w, https:\/\/livinghome.vn\/thiet-bi\/wp-content\/uploads\/nha-bep\/tomate\/bo-noi\/bo-noi-tomate-tom-0707\/bo-noi-tomate-tom-0707-3-600x600.jpg 600w, https:\/\/livinghome.vn\/thiet-bi\/wp-content\/uploads\/nha-bep\/tomate\/bo-noi\/bo-noi-tomate-tom-0707\/bo-noi-tomate-tom-0707-3-400x400.jpg 400w, https:\/\/livinghome.vn\/thiet-bi\/wp-content\/uploads\/nha-bep\/tomate\/bo-noi\/bo-noi-tomate-tom-0707\/bo-noi-tomate-tom-0707-3-800x800.jpg 800w, https:\/\/livinghome.vn\/thiet-bi\/wp-content\/uploads\/nha-bep\/tomate\/bo-noi\/bo-noi-tomate-tom-0707\/bo-noi-tomate-tom-0707-3-280x280.jpg 280w, https:\/\/livinghome.vn\/thiet-bi\/wp-content\/uploads\/nha-bep\/tomate\/bo-noi\/bo-noi-tomate-tom-0707\/bo-noi-tomate-tom-0707-3-768x768.jpg 768w\" sizes=\"auto, (max-width: 900px) 100vw, 900px\" \/><figcaption id=\"caption-attachment-14766\" class=\"wp-caption-text\">B\u1ed9 N\u1ed3i Tomate TOM 0707 7 M\u00f3n Inox 304<\/figcaption><\/figure>\n<h3>Tr\u1ea3i nghi\u1ec7m n\u1ea5u n\u01b0\u1edbng tuy\u1ec7t v\u1eddi v\u1edbi B\u1ed9 N\u1ed3i Ch\u1ea3o Inox 304 \u2013 7 M\u00f3n TOM 0707<\/h3>\n<p>V\u1edbi b\u1ed9 N\u1ed3i Ch\u1ea3o Inox 304 \u2013 7 M\u00f3n TOM 0707, b\u1ea1n s\u1ebd c\u00f3 tr\u1ea3i nghi\u1ec7m n\u1ea5u n\u01b0\u1edbng tuy\u1ec7t v\u1eddi v\u00e0 th\u01b0\u1edfng th\u1ee9c nh\u1eefng m\u00f3n \u0103n ngon l\u00e0nh. H\u00e3y trang b\u1ecb cho c\u0103n b\u1ebfp c\u1ee7a b\u1ea1n m\u1ed9t b\u1ed9 n\u1ed3i ch\u1ea5t l\u01b0\u1ee3ng v\u00e0 \u0111\u00e1ng tin c\u1eady t\u1eeb TOM 0707.<\/p>\n<h2>H\u01b0\u1edbng d\u1eabn b\u1ea3o qu\u1ea3n v\u00e0 s\u1eed d\u1ee5ng B\u1ed9 N\u1ed3i Ch\u1ea3o Inox 304 \u2013 7 M\u00f3n TOM 0707<\/h2>\n<h3>H\u01b0\u1edbng d\u1eabn b\u1ea3o qu\u1ea3n<\/h3>\n<p>B\u1ea3o qu\u1ea3n n\u1ed3i inox \u1edf n\u01a1i kh\u00f4 r\u00e1o, tr\u00e1nh ch\u1ea5t ch\u1ed3ng n\u1ed3i l\u00ean nhau \u0111\u1ec3 tr\u00e1nh tr\u1ea7y x\u01b0\u1edbc b\u1ec1 m\u1eb7t n\u1ed3i.<\/p>\n<figure id=\"attachment_14767\" aria-describedby=\"caption-attachment-14767\" style=\"width: 900px\" class=\"wp-caption alignnone\"><img loading=\"lazy\" decoding=\"async\" class=\"size-full wp-image-14767\" src=\"https:\/\/livinghome.vn\/thiet-bi\/wp-content\/uploads\/nha-bep\/tomate\/bo-noi\/bo-noi-tomate-tom-0707\/bo-noi-tomate-tom-0707-4.jpg\" alt=\"bo noi tomate tom 0707 4\" width=\"900\" height=\"900\" title=\"\" srcset=\"https:\/\/livinghome.vn\/thiet-bi\/wp-content\/uploads\/nha-bep\/tomate\/bo-noi\/bo-noi-tomate-tom-0707\/bo-noi-tomate-tom-0707-4.jpg 900w, https:\/\/livinghome.vn\/thiet-bi\/wp-content\/uploads\/nha-bep\/tomate\/bo-noi\/bo-noi-tomate-tom-0707\/bo-noi-tomate-tom-0707-4-300x300.jpg 300w, https:\/\/livinghome.vn\/thiet-bi\/wp-content\/uploads\/nha-bep\/tomate\/bo-noi\/bo-noi-tomate-tom-0707\/bo-noi-tomate-tom-0707-4-100x100.jpg 100w, https:\/\/livinghome.vn\/thiet-bi\/wp-content\/uploads\/nha-bep\/tomate\/bo-noi\/bo-noi-tomate-tom-0707\/bo-noi-tomate-tom-0707-4-600x600.jpg 600w, https:\/\/livinghome.vn\/thiet-bi\/wp-content\/uploads\/nha-bep\/tomate\/bo-noi\/bo-noi-tomate-tom-0707\/bo-noi-tomate-tom-0707-4-400x400.jpg 400w, https:\/\/livinghome.vn\/thiet-bi\/wp-content\/uploads\/nha-bep\/tomate\/bo-noi\/bo-noi-tomate-tom-0707\/bo-noi-tomate-tom-0707-4-800x800.jpg 800w, https:\/\/livinghome.vn\/thiet-bi\/wp-content\/uploads\/nha-bep\/tomate\/bo-noi\/bo-noi-tomate-tom-0707\/bo-noi-tomate-tom-0707-4-280x280.jpg 280w, https:\/\/livinghome.vn\/thiet-bi\/wp-content\/uploads\/nha-bep\/tomate\/bo-noi\/bo-noi-tomate-tom-0707\/bo-noi-tomate-tom-0707-4-768x768.jpg 768w\" sizes=\"auto, (max-width: 900px) 100vw, 900px\" \/><figcaption id=\"caption-attachment-14767\" class=\"wp-caption-text\">B\u1ed9 N\u1ed3i Tomate TOM 0707 Inox 304 Si\u00eau B\u1ec1n<\/figcaption><\/figure>\n<h3>H\u01b0\u1edbng d\u1eabn s\u1eed d\u1ee5ng<\/h3>\n<p>Tr\u01b0\u1edbc khi s\u1eed d\u1ee5ng n\u1ed3i, h\u00e3y g\u1ee1 s\u1ea1ch nh\u00e3n m\u00e1c d\u00e1n tr\u00ean s\u1ea3n ph\u1ea9m. Sau \u0111\u00f3, ng\u00e2m n\u1ed3i inox v\u00e0o n\u01b0\u1edbc n\u00f3ng pha gi\u1ea5m, chanh ho\u1eb7c n\u01b0\u1edbc r\u1eeda ch\u00e9n r\u1ed3i lau kh\u00f4 b\u1eb1ng kh\u0103n m\u1ec1m. Vi\u1ec7c n\u00e0y s\u1ebd gi\u00fap ng\u0103n ch\u1eb7n t\u00ecnh tr\u1ea1ng n\u1ed3i inox b\u1ecb \u1ed1 v\u00e0ng, \u0111\u1eb7c bi\u1ec7t khi ngu\u1ed3n n\u01b0\u1edbc sinh ho\u1ea1t kh\u00f4ng \u0111\u1ea3m b\u1ea3o v\u00e0 ch\u1ee9a t\u1ea1p ch\u1ea5t v\u00e0 h\u00f3a ch\u1ea5t t\u1ea9y.<\/p>\n<p>Kh\u00f4ng n\u00ean \u0111un n\u1ea5u n\u1ed3i inox khi n\u1ed3i \u0111ang \u01b0\u1edbt, v\u00ec \u0111i\u1ec1u n\u00e0y l\u00e0m gi\u1ea3m tu\u1ed5i th\u1ecd c\u1ee7a n\u1ed3i v\u00e0 g\u00e2y ch\u00e1y nguy hi\u1ec3m cho c\u00e1c thi\u1ebft b\u1ecb n\u1ea5u \u0111i\u1ec7n t\u1eeb.<\/p>\n<p>N\u1ebfu c\u00f3 th\u1ec3, h\u00e3y s\u1eed d\u1ee5ng n\u1ed3i inox cho c\u00e1c lo\u1ea1i b\u1ebfp t\u1eeb, b\u1ebfp \u0111i\u1ec7n t\u1eeb ho\u1eb7c b\u1ebfp h\u1ed3ng ngo\u1ea1i. Kh\u00f4ng n\u00ean s\u1eed d\u1ee5ng n\u1ed3i inox tr\u00ean b\u1ebfp ga, b\u1ebfp c\u1ee7i ho\u1eb7c b\u1ebfp than v\u00ec c\u00f3 th\u1ec3 g\u00e2y ch\u00e1y \u0111en \u0111\u00e1y n\u1ed3i v\u00e0 l\u00e0m m\u1ea5t \u0111i \u0111\u1ed9 b\u00f3ng v\u00e0 \u0111\u1ed9 b\u1ec1n c\u1ee7a n\u1ed3i.<\/p>\n<h3>Sau khi s\u1eed d\u1ee5ng n\u1ed3i, \u0111\u1ec3 l\u00e0m s\u1ea1ch n\u1ed3i, b\u1ea1n c\u00f3 th\u1ec3 th\u1ef1c hi\u1ec7n c\u00e1c b\u01b0\u1edbc sau:<\/h3>\n<ol>\n<li>\u0110\u1ed5 n\u01b0\u1edbc v\u00e0o n\u1ed3i v\u00e0 \u0111un s\u00f4i: \u0110\u1eb7t n\u1ed3i tr\u00ean b\u1ebfp v\u00e0 \u0111\u1ed5 n\u01b0\u1edbc v\u00e0o \u0111\u1ebfn m\u1ee9c \u0111\u1ee7 che ph\u1ee7 v\u1ebft b\u1ea9n. H\u00e3y \u0111un n\u1ed3i cho \u0111\u1ebfn khi n\u01b0\u1edbc s\u00f4i.<\/li>\n<li>S\u1eed d\u1ee5ng baking soda: Th\u00eam m\u1ed9t mu\u1ed7ng baking soda v\u00e0o n\u1ed3i. Baking soda c\u00f3 t\u00ednh ki\u1ec1m m\u1ea1nh v\u00e0 c\u00f3 th\u1ec3 gi\u00fap l\u00e0m s\u1ea1ch c\u00e1c v\u1ebft b\u1ea9n c\u1ee9ng \u0111\u1ea7u. H\u00e3y \u0111\u1ea3m b\u1ea3o n\u1ed3i v\u1eabn \u0111ang s\u00f4i v\u00e0 khu\u1ea5y \u0111\u1ec1u \u0111\u1ec3 h\u00f2a tan baking soda.<\/li>\n<li>\u0110un n\u1ed3i trong m\u1ed9t th\u1eddi gian ng\u1eafn: Ti\u1ebfp t\u1ee5c \u0111un n\u1ed3i v\u1edbi baking soda trong kho\u1ea3ng 10-15 ph\u00fat. \u0110i\u1ec1u n\u00e0y gi\u00fap ho\u1ea1t ch\u1ea5t trong baking soda t\u00e1c \u0111\u1ed9ng v\u00e0o v\u1ebft b\u1ea9n v\u00e0 l\u00e0m tan ch\u00fang.<\/li>\n<li>Lau ch\u00f9i n\u1ed3i: T\u1eaft b\u1ebfp v\u00e0 ch\u1edd n\u1ed3i ngu\u1ed9i \u0111i m\u1ed9t ch\u00fat. Sau \u0111\u00f3, s\u1eed d\u1ee5ng m\u1ed9t kh\u0103n m\u1ec1m ho\u1eb7c b\u00f4ng m\u1ec1m \u0111\u1ec3 lau ch\u00f9i n\u1ed3i. V\u1edbi c\u00e1c v\u1ebft b\u1ea9n c\u1ee9ng \u0111\u1ea7u, b\u1ea1n c\u00f3 th\u1ec3 c\u1ea7n d\u00f9ng th\u00eam m\u1ed9t \u00edt baking soda ho\u1eb7c m\u1ed9t ch\u00fat n\u01b0\u1edbc r\u1eeda ch\u00e9n l\u00ean kh\u0103n \u0111\u1ec3 l\u00e0m s\u1ea1ch.<\/li>\n<li>R\u1eeda s\u1ea1ch v\u00e0 lau kh\u00f4: R\u1eeda n\u1ed3i b\u1eb1ng n\u01b0\u1edbc \u1ea5m v\u00e0 x\u00e0 ph\u00f2ng d\u1ecbu nh\u1eb9, sau \u0111\u00f3 r\u1eeda s\u1ea1ch b\u1eb1ng n\u01b0\u1edbc s\u1ea1ch. Sau khi r\u1eeda, h\u00e3y lau kh\u00f4 n\u1ed3i ho\u00e0n to\u00e0n b\u1eb1ng m\u1ed9t kh\u0103n s\u1ea1ch v\u00e0 \u0111\u1ec3 n\u1ed3i kh\u00f4 t\u1ef1 nhi\u00ean tr\u01b0\u1edbc khi l\u01b0u tr\u1eef.<\/li>\n<\/ol>\n<p>V\u1edbi vi\u1ec7c tu\u00e2n th\u1ee7 c\u00e1c h\u01b0\u1edbng d\u1eabn b\u1ea3o qu\u1ea3n v\u00e0 s\u1eed d\u1ee5ng \u0111\u00fang c\u00e1ch, b\u1ed9 N\u1ed3i Ch\u1ea3o Inox 304 \u2013 7 M\u00f3n TOM 0707 s\u1ebd lu\u00f4n gi\u1eef \u0111\u01b0\u1ee3c v\u1ebb \u0111\u1eb9p v\u00e0 ch\u1ea5t l\u01b0\u1ee3ng l\u00e2u d\u00e0i. H\u00e3y t\u1eadn h\u01b0\u1edfng nh\u1eefng tr\u1ea3i nghi\u1ec7m n\u1ea5u n\u01b0\u1edbng tuy\u1ec7t v\u1eddi c\u00f9ng v\u1edbi b\u1ed9 n\u1ed3i ch\u1ea3o cao c\u1ea5p n\u00e0y!<\/p>\n<h2>Th\u00f4ng s\u1ed1 k\u1ef9 thu\u1eadt<\/h2>\n<p>V\u1edbi ch\u1ea5t li\u1ec7u inox 304 ch\u1ea5t l\u01b0\u1ee3ng, b\u1ed9 n\u1ed3i n\u00e0y mang \u0111\u1ebfn \u0111\u1ed9 b\u1ec1n cao v\u00e0 kh\u1ea3 n\u0103ng ch\u1ed1ng \u0103n m\u00f2n tuy\u1ec7t v\u1eddi. \u0110\u1eb7c bi\u1ec7t, \u0111\u00e1y n\u1ed3i \u0111\u01b0\u1ee3c thi\u1ebft k\u1ebf 5 l\u1edbp gi\u00fap ti\u1ebft ki\u1ec7m n\u0103ng l\u01b0\u1ee3ng v\u00e0 gi\u1eef nhi\u1ec7t l\u00e2u, \u0111\u1ea3m b\u1ea3o th\u1ef1c ph\u1ea9m \u0111\u01b0\u1ee3c n\u1ea5u ch\u00edn \u0111\u1ec1u v\u00e0 nhanh ch\u00f3ng.<\/p>\n<h3>K\u00edch th\u01b0\u1edbc<\/h3>\n<ul>\n<li>Qu\u00e1nh n\u1eafp Inox: 16\u00d78 cm<\/li>\n<li>N\u1ed3i n\u1eafp inox: 20x10cm<\/li>\n<li>N\u1ed3i n\u1eafp inox: 24x12cm<\/li>\n<li>Ch\u1ea3o ch\u1ed1ng d\u00ednh: 24x6cm<\/li>\n<\/ul>\n<h2>H\u00ecnh \u1ea3nh th\u1ef1c t\u1ebf<\/h2>\n<figure id=\"attachment_14769\" aria-describedby=\"caption-attachment-14769\" style=\"width: 900px\" class=\"wp-caption alignnone\"><img loading=\"lazy\" decoding=\"async\" class=\"size-full wp-image-14769\" src=\"https:\/\/livinghome.vn\/thiet-bi\/wp-content\/uploads\/nha-bep\/tomate\/bo-noi\/bo-noi-tomate-tom-0707\/bo-noi-tomate-tom-0707-2.jpg\" alt=\"bo noi tomate tom 0707 2\" width=\"900\" height=\"900\" title=\"\" srcset=\"https:\/\/livinghome.vn\/thiet-bi\/wp-content\/uploads\/nha-bep\/tomate\/bo-noi\/bo-noi-tomate-tom-0707\/bo-noi-tomate-tom-0707-2.jpg 900w, https:\/\/livinghome.vn\/thiet-bi\/wp-content\/uploads\/nha-bep\/tomate\/bo-noi\/bo-noi-tomate-tom-0707\/bo-noi-tomate-tom-0707-2-300x300.jpg 300w, https:\/\/livinghome.vn\/thiet-bi\/wp-content\/uploads\/nha-bep\/tomate\/bo-noi\/bo-noi-tomate-tom-0707\/bo-noi-tomate-tom-0707-2-100x100.jpg 100w, https:\/\/livinghome.vn\/thiet-bi\/wp-content\/uploads\/nha-bep\/tomate\/bo-noi\/bo-noi-tomate-tom-0707\/bo-noi-tomate-tom-0707-2-600x600.jpg 600w, https:\/\/livinghome.vn\/thiet-bi\/wp-content\/uploads\/nha-bep\/tomate\/bo-noi\/bo-noi-tomate-tom-0707\/bo-noi-tomate-tom-0707-2-400x400.jpg 400w, https:\/\/livinghome.vn\/thiet-bi\/wp-content\/uploads\/nha-bep\/tomate\/bo-noi\/bo-noi-tomate-tom-0707\/bo-noi-tomate-tom-0707-2-800x800.jpg 800w, https:\/\/livinghome.vn\/thiet-bi\/wp-content\/uploads\/nha-bep\/tomate\/bo-noi\/bo-noi-tomate-tom-0707\/bo-noi-tomate-tom-0707-2-280x280.jpg 280w, https:\/\/livinghome.vn\/thiet-bi\/wp-content\/uploads\/nha-bep\/tomate\/bo-noi\/bo-noi-tomate-tom-0707\/bo-noi-tomate-tom-0707-2-768x768.jpg 768w\" sizes=\"auto, (max-width: 900px) 100vw, 900px\" \/><figcaption id=\"caption-attachment-14769\" class=\"wp-caption-text\">H\u00ecnh \u1ea3nh th\u1ef1c t\u1ebf B\u1ed9 N\u1ed3i Tomate TOM 0707 7 M\u00f3n Inox 304 \u0111\u01b0\u1ee3c ch\u1ee5p t\u1ea1i kho h\u00e0ng Tomate<\/figcaption><\/figure>\n","protected":false},"excerpt":{"rendered":"<h3>B\u1ed9 N\u1ed3i Ch\u1ea3o 7 M\u00f3n Inox 304 Tomate TOM 0707<\/h3>\n<ul>\n<li>Ch\u1ea5t li\u1ec7u Inox 304 \u2013 5 \u0111\u00e1y. N\u1eafp inox<\/li>\n<li>Qu\u00e1nh n\u1eafp Inox: 16\u00d78 cm<\/li>\n<li>N\u1ed3i n\u1eafp inox: 20x10cm<\/li>\n<li>N\u1ed3i n\u1eafp inox: 24x12cm<\/li>\n<li>Ch\u1ea3o ch\u1ed1ng d\u00ednh: 24x6cm<\/li>\n<\/ul>\n","protected":false},"featured_media":14768,"comment_status":"open","ping_status":"closed","template":"","meta":[],"product_brand":[],"product_cat":[364,98],"product_tag":[140,1733,1732],"class_list":{"0":"post-14762","1":"product","2":"type-product","3":"status-publish","4":"has-post-thumbnail","6":"product_cat-thuong-hieu-tomate","7":"product_cat-bo-noi-bep-tu","8":"product_tag-bo-noi-inox-304","9":"product_tag-bo-noi-tomate","10":"product_tag-noi","12":"first","13":"instock","14":"sale","15":"shipping-taxable","16":"purchasable","17":"product-type-simple"},"_links":{"self":[{"href":"https:\/\/livinghome.vn\/thiet-bi\/wp-json\/wp\/v2\/product\/14762","targetHints":{"allow":["GET"]}}],"collection":[{"href":"https:\/\/livinghome.vn\/thiet-bi\/wp-json\/wp\/v2\/product"}],"about":[{"href":"https:\/\/livinghome.vn\/thiet-bi\/wp-json\/wp\/v2\/types\/product"}],"replies":[{"embeddable":true,"href":"https:\/\/livinghome.vn\/thiet-bi\/wp-json\/wp\/v2\/comments?post=14762"}],"wp:featuredmedia":[{"embeddable":true,"href":"https:\/\/livinghome.vn\/thiet-bi\/wp-json\/wp\/v2\/media\/14768"}],"wp:attachment":[{"href":"https:\/\/livinghome.vn\/thiet-bi\/wp-json\/wp\/v2\/media?parent=14762"}],"wp:term":[{"taxonomy":"product_brand","embeddable":true,"href":"https:\/\/livinghome.vn\/thiet-bi\/wp-json\/wp\/v2\/product_brand?post=14762"},{"taxonomy":"product_cat","embeddable":true,"href":"https:\/\/livinghome.vn\/thiet-bi\/wp-json\/wp\/v2\/product_cat?post=14762"},{"taxonomy":"product_tag","embeddable":true,"href":"https:\/\/livinghome.vn\/thiet-bi\/wp-json\/wp\/v2\/product_tag?post=14762"}],"curies":[{"name":"wp","href":"https:\/\/api.w.org\/{rel}","templated":true}]}}