{"id":1469,"date":"2023-01-12T13:33:55","date_gmt":"2023-01-12T13:33:55","guid":{"rendered":"https:\/\/livinghome.vn\/thiet-bi\/?post_type=product&#038;p=1469"},"modified":"2024-11-29T14:20:42","modified_gmt":"2024-11-29T07:20:42","slug":"may-hut-mui-malloca-k-3410dr-am-ban-sang-trong-tiet-kiem-dien-tich","status":"publish","type":"product","link":"https:\/\/livinghome.vn\/thiet-bi\/may-hut-mui-malloca-k-3410dr-am-ban-sang-trong-tiet-kiem-dien-tich\/","title":{"rendered":"M\u00e1y h\u00fat m\u00f9i Malloca K-3410DR \u00e2m b\u00e0n sang tr\u1ecdng, ti\u1ebft ki\u1ec7m di\u1ec7n t\u00edch"},"content":{"rendered":"<h3>M\u00e1y h\u00fat m\u00f9i Malloca K-3410DR \u00e2m b\u00e0n sang tr\u1ecdng, ti\u1ebft ki\u1ec7m di\u1ec7n t\u00edch<\/h3>\n<figure id=\"attachment_48572\" aria-describedby=\"caption-attachment-48572\" style=\"width: 800px\" class=\"wp-caption alignnone\"><img loading=\"lazy\" decoding=\"async\" class=\"wp-image-48572 size-large\" src=\"https:\/\/livinghome.vn\/thiet-bi\/wp-content\/uploads\/nha-bep\/malloca\/may-hut-mui\/may-hut-am-ban\/may-hut-am-ban-k-3410dr\/may-hut-am-ban-k-3410dr-1-800x800.jpg\" alt=\"M\u00e1y h\u00fat m\u00f9i \u00e2m b\u00e0n Malloca K-3410DR nh\u00ecn \u0111\u01a1n gi\u1ea3n m\u00e0 sang tr\u1ecdng v\u00e0 \u0111\u1eb7c bi\u1ec7t kh\u00f4ng t\u1ed1n qu\u00e1 nhi\u1ec1u di\u1ec7n t\u00edch\" width=\"800\" height=\"800\" title=\"\"><figcaption id=\"caption-attachment-48572\" class=\"wp-caption-text\">M\u00e1y h\u00fat m\u00f9i \u00e2m b\u00e0n Malloca K-3410DR nh\u00ecn \u0111\u01a1n gi\u1ea3n m\u00e0 sang tr\u1ecdng v\u00e0 \u0111\u1eb7c bi\u1ec7t kh\u00f4ng t\u1ed1n qu\u00e1 nhi\u1ec1u di\u1ec7n t\u00edch<\/figcaption><\/figure>\n<h3>T\u00ednh n\u0103ng c\u01a1 b\u1ea3n<\/h3>\n<ul>\n<li><a href=\"https:\/\/livinghome.vn\/thiet-bi\/may-hut-mui\/\">M\u00e1y h\u00fat kh\u00f3i kh\u1eed m\u00f9i<\/a> \u2013 kh\u1eed m\u00f9i \u00e2m b\u00e0n<\/li>\n<li>Ch\u1ea5t li\u1ec7u: Th\u00e9p kh\u00f4ng g\u1ec9 k\u1ebft h\u1ee3p k\u00ednh<\/li>\n<li>\u0110i\u1ec1u khi\u1ec3n c\u1ea3m \u1ee9ng<\/li>\n<li>H\u1ec7 th\u1ed1ng \u0111i\u1ec1u khi\u1ec3n 4 t\u1ed1c \u0111\u1ed9<\/li>\n<\/ul>\n<h3>Th\u00f4ng s\u1ed1 k\u1ef9 thu\u1eadt<\/h3>\n<ul>\n<li>S\u1ee9c h\u00fat : 750m3\/h<\/li>\n<li>\u0110\u1ed9 \u1ed3n: &lt;65dB<\/li>\n<li>C\u00f4ng Su\u1ea5t : 275W<\/li>\n<li>K\u00edch th\u01b0\u1edbc: W808 x D118.5 x H(735-1085)mm<\/li>\n<li>K\u00edch th\u01b0\u1edbc \u00e2m b\u00e0n: W800 x D103 x H760mm<\/li>\n<\/ul>\n<p>&nbsp;<\/p>\n<p>&nbsp;<\/p>\n<p>&nbsp;<\/p>\n<figure id=\"attachment_48573\" aria-describedby=\"caption-attachment-48573\" style=\"width: 800px\" class=\"wp-caption alignnone\"><img loading=\"lazy\" decoding=\"async\" class=\"wp-image-48573 size-large\" src=\"https:\/\/livinghome.vn\/thiet-bi\/wp-content\/uploads\/nha-bep\/malloca\/may-hut-mui\/may-hut-am-ban\/may-hut-am-ban-k-3410dr\/may-hut-am-ban-k-3410dr-2-800x800.jpg\" alt=\"K\u00edch th\u01b0\u1edbc m\u00e1y h\u00fat m\u00f9i \u00e2m b\u00e0n Malloca K-3410DR \" width=\"800\" height=\"800\" title=\"\"><figcaption id=\"caption-attachment-48573\" class=\"wp-caption-text\">K\u00edch th\u01b0\u1edbc m\u00e1y h\u00fat m\u00f9i \u00e2m b\u00e0n Malloca K-3410DR<\/figcaption><\/figure>\n<h3>Xu\u1ea5t x\u1ee9: <strong>Th\u1ed5 Nh\u0129 K\u1ef3<\/strong><\/h3>\n<div><\/div>\n","protected":false},"excerpt":{"rendered":"<p style=\"text-align: left;\"><span style=\"font-weight: 400;\">M\u00e0u s\u1eafc: <\/span><span style=\"font-weight: 400;\">\u00a0Th\u00e9p kh\u00f4ng g\u1ec9 k\u1ebft h\u1ee3p k\u00ednh<\/span><\/p>\n<p style=\"text-align: left;\"><span style=\"font-weight: 400;\">\u0110i\u1ec1u khi\u1ec3n <\/span><span style=\"font-weight: 400;\">\u00a0c\u1ea3m \u1ee9ng<\/span><span style=\"font-weight: 400;\">\u00a0<\/span><\/p>\n<p style=\"text-align: left;\"><span style=\"font-weight: 400;\">S\u1ee9c h\u00fat: <\/span><span style=\"font-weight: 400;\">750m3\/h<\/span> <span style=\"font-weight: 400;\">&#8211;<\/span><span style=\"font-weight: 400;\"> \u0110\u1ed9 \u1ed3n: <\/span><span style=\"font-weight: 400;\">&lt;65dB<\/span><\/p>\n<p style=\"text-align: left;\"><span style=\"font-weight: 400;\">C\u00f4ng su\u1ea5t:<\/span> <span style=\"font-weight: 400;\">\u00a0275W<\/span><\/p>\n<p style=\"text-align: left;\"><span style=\"font-weight: 400;\">K\u00edch th\u01b0\u1edbc: W808 x D118.5 x H(735-1085)mm<\/span><\/p>\n<p style=\"text-align: left;\"><span style=\"font-weight: 400;\">K\u00edch th\u01b0\u1edbc \u00e2m b\u00e0n: W800 x D103 x H760mm<\/span><\/p>\n","protected":false},"featured_media":18897,"comment_status":"open","ping_status":"closed","template":"","meta":[],"product_brand":[],"product_cat":[278,274,262],"product_tag":[270,279,86,280,271],"class_list":{"0":"post-1469","1":"product","2":"type-product","3":"status-publish","4":"has-post-thumbnail","6":"product_cat-may-hut-mui-am-ban","7":"product_cat-may-hut-mui-malloca","8":"product_cat-thuong-hieu-malloca","9":"product_tag-malloca","10":"product_tag-may-hut-am-ban","11":"product_tag-may-hut-mui","12":"product_tag-may-hut-mui-am-ban","13":"product_tag-may-hut-mui-malloca","15":"first","16":"outofstock","17":"sale","18":"shipping-taxable","19":"purchasable","20":"product-type-simple"},"_links":{"self":[{"href":"https:\/\/livinghome.vn\/thiet-bi\/wp-json\/wp\/v2\/product\/1469","targetHints":{"allow":["GET"]}}],"collection":[{"href":"https:\/\/livinghome.vn\/thiet-bi\/wp-json\/wp\/v2\/product"}],"about":[{"href":"https:\/\/livinghome.vn\/thiet-bi\/wp-json\/wp\/v2\/types\/product"}],"replies":[{"embeddable":true,"href":"https:\/\/livinghome.vn\/thiet-bi\/wp-json\/wp\/v2\/comments?post=1469"}],"wp:featuredmedia":[{"embeddable":true,"href":"https:\/\/livinghome.vn\/thiet-bi\/wp-json\/wp\/v2\/media\/18897"}],"wp:attachment":[{"href":"https:\/\/livinghome.vn\/thiet-bi\/wp-json\/wp\/v2\/media?parent=1469"}],"wp:term":[{"taxonomy":"product_brand","embeddable":true,"href":"https:\/\/livinghome.vn\/thiet-bi\/wp-json\/wp\/v2\/product_brand?post=1469"},{"taxonomy":"product_cat","embeddable":true,"href":"https:\/\/livinghome.vn\/thiet-bi\/wp-json\/wp\/v2\/product_cat?post=1469"},{"taxonomy":"product_tag","embeddable":true,"href":"https:\/\/livinghome.vn\/thiet-bi\/wp-json\/wp\/v2\/product_tag?post=1469"}],"curies":[{"name":"wp","href":"https:\/\/api.w.org\/{rel}","templated":true}]}}