{"id":1468,"date":"2023-01-12T13:33:55","date_gmt":"2023-01-12T13:33:55","guid":{"rendered":"https:\/\/livinghome.vn\/thiet-bi\/?post_type=product&#038;p=1468"},"modified":"2024-11-29T14:20:42","modified_gmt":"2024-11-29T07:20:42","slug":"may-hut-mui-malloca-ellitto-c-100-am-tran-hien-dai-cao-cap","status":"publish","type":"product","link":"https:\/\/livinghome.vn\/thiet-bi\/may-hut-mui-malloca-ellitto-c-100-am-tran-hien-dai-cao-cap\/","title":{"rendered":"M\u00e1y h\u00fat m\u00f9i Malloca ELLITTO C-100 \u00e2m tr\u1ea7n hi\u1ec7n \u0111\u1ea1i, cao c\u1ea5p"},"content":{"rendered":"<h3>M\u00e1y h\u00fat m\u00f9i Malloca ELLITTO C-100 \u00e2m tr\u1ea7n hi\u1ec7n \u0111\u1ea1i, cao c\u1ea5p<\/h3>\n<figure id=\"attachment_48569\" aria-describedby=\"caption-attachment-48569\" style=\"width: 800px\" class=\"wp-caption alignnone\"><img loading=\"lazy\" decoding=\"async\" class=\"wp-image-48569 size-large\" src=\"https:\/\/livinghome.vn\/thiet-bi\/wp-content\/uploads\/nha-bep\/malloca\/may-hut-mui\/may-hut-am-tran\/may-hut-am-tran-ellitto-c-100\/may-hut-am-tran-ellitto-c-100-1-800x800.jpg\" alt=\"M\u00e1y h\u00fat m\u00f9i \u00e2m tr\u1ea7n Malloca ELLITTO C-100 \u0111\u01b0\u1ee3c thi\u1ebft k\u1ebf nh\u01b0 m\u1ed9t chi\u1ebfc \u0111\u00e8n tr\u1ea7n t\u00edch h\u1ee3p, t\u1ea1o cho kh\u00f4ng gian c\u0103n b\u1ebfp v\u00f9a sang tr\u1ecdng v\u1eeba \u0111\u1eb3ng c\u1ea5p\" width=\"800\" height=\"800\" title=\"\"><figcaption id=\"caption-attachment-48569\" class=\"wp-caption-text\">M\u00e1y h\u00fat m\u00f9i \u00e2m tr\u1ea7n Malloca ELLITTO C-100 \u0111\u01b0\u1ee3c thi\u1ebft k\u1ebf nh\u01b0 m\u1ed9t chi\u1ebfc \u0111\u00e8n tr\u1ea7n t\u00edch h\u1ee3p, t\u1ea1o cho kh\u00f4ng gian c\u0103n b\u1ebfp v\u1eeba sang tr\u1ecdng v\u1eeba \u0111\u1eb3ng c\u1ea5p<\/figcaption><\/figure>\n<h3>T\u00ednh n\u0103ng c\u01a1 b\u1ea3n<\/h3>\n<ul>\n<li><a href=\"https:\/\/livinghome.vn\/thiet-bi\/may-hut-mui\/\">M\u00e1y h\u00fat kh\u00f3i kh\u1eed m\u00f9i<\/a> \u2013 kh\u1eed m\u00f9i \u00e2m tr\u1ea7n<\/li>\n<li>Ch\u1ea5t li\u1ec7u: Inox, k\u00ednh tr\u1eafng<\/li>\n<li>\u0110i\u1ec1u khi\u1ec3n remote, 4 t\u1ed1c \u0111\u1ed9<\/li>\n<li>H\u1ec7 th\u1ed1ng \u0111i\u1ec1u khi\u1ec3n k\u1ebft n\u1ed1i v\u1edbi b\u1ebfp &#8211;<strong>\u00a0Integra<\/strong><\/li>\n<\/ul>\n<p>&nbsp;<\/p>\n<h3>Th\u00f4ng s\u1ed1 k\u1ef9 thu\u1eadt<\/h3>\n<ul>\n<li>C\u00f4ng su\u1ea5t h\u00fat: 850m3\/h<\/li>\n<li>\u0110\u1ed9 \u1ed3n: 58 dB<\/li>\n<li>C\u00f4ng su\u1ea5t: 102.6 W<\/li>\n<li>K\u00edch th\u01b0\u1edbc: W1000 x D650 x H214 mm<\/li>\n<\/ul>\n<p>&nbsp;<\/p>\n<p>&nbsp;<\/p>\n<figure id=\"attachment_48568\" aria-describedby=\"caption-attachment-48568\" style=\"width: 800px\" class=\"wp-caption alignnone\"><img loading=\"lazy\" decoding=\"async\" class=\"wp-image-48568 size-large\" src=\"https:\/\/livinghome.vn\/thiet-bi\/wp-content\/uploads\/nha-bep\/malloca\/may-hut-mui\/may-hut-am-tran\/may-hut-am-tran-ellitto-c-100\/may-hut-am-tran-ellitto-c-100-2-800x800.jpg\" alt=\"K\u00edch th\u01b0\u1edbc m\u00e1y h\u00fat m\u00f9i \u00e2m tr\u1ea7n Malloca ELLITTO C-100 \" width=\"800\" height=\"800\" title=\"\"><figcaption id=\"caption-attachment-48568\" class=\"wp-caption-text\">K\u00edch th\u01b0\u1edbc m\u00e1y h\u00fat m\u00f9i \u00e2m tr\u1ea7n Malloca ELLITTO C-100<\/figcaption><\/figure>\n<h3>Xu\u1ea5t x\u1ee9: <strong>\u00dd<\/strong><\/h3>\n<div><\/div>\n","protected":false},"excerpt":{"rendered":"<p style=\"text-align: center\"><span style=\"font-weight: 400\">M\u00e0u s\u1eafc: <\/span><span style=\"font-weight: 400\">\u00a0Inox, k\u00ednh tr\u1eafng<\/span><\/p>\n<p style=\"text-align: center\"><span style=\"font-weight: 400\">\u0110i\u1ec1u khi\u1ec3n <\/span><span style=\"font-weight: 400\">remote<\/span><span style=\"font-weight: 400\">\u00a0<\/span><\/p>\n<p style=\"text-align: center\"><span style=\"font-weight: 400\">S\u1ee9c h\u00fat: <\/span><span style=\"font-weight: 400\">850m3\/h<\/span> <span style=\"font-weight: 400\">&#8211;<\/span><span style=\"font-weight: 400\"> \u0110\u1ed9 \u1ed3n: <\/span><span style=\"font-weight: 400\">58 dB<\/span><\/p>\n<p style=\"text-align: center\"><span style=\"font-weight: 400\">C\u00f4ng su\u1ea5t:<\/span> <span style=\"font-weight: 400\">102.6W<\/span><\/p>\n<p style=\"text-align: center\"><span style=\"font-weight: 400\">K\u00edch th\u01b0\u1edbc: <\/span><span style=\"font-weight: 400\">\u00a0W1000 x D650 x H214 mm<\/span><\/p>\n","protected":false},"featured_media":18892,"comment_status":"open","ping_status":"closed","template":"","meta":[],"product_brand":[],"product_cat":[274,85,262],"product_tag":[270,277,86,206,271],"class_list":{"0":"post-1468","1":"product","2":"type-product","3":"status-publish","4":"has-post-thumbnail","6":"product_cat-may-hut-mui-malloca","7":"product_cat-may-hut-mui-treo-tran","8":"product_cat-thuong-hieu-malloca","9":"product_tag-malloca","10":"product_tag-may-hut-am-tran","11":"product_tag-may-hut-mui","12":"product_tag-may-hut-mui-am-tran","13":"product_tag-may-hut-mui-malloca","15":"first","16":"instock","17":"sale","18":"shipping-taxable","19":"purchasable","20":"product-type-simple"},"_links":{"self":[{"href":"https:\/\/livinghome.vn\/thiet-bi\/wp-json\/wp\/v2\/product\/1468","targetHints":{"allow":["GET"]}}],"collection":[{"href":"https:\/\/livinghome.vn\/thiet-bi\/wp-json\/wp\/v2\/product"}],"about":[{"href":"https:\/\/livinghome.vn\/thiet-bi\/wp-json\/wp\/v2\/types\/product"}],"replies":[{"embeddable":true,"href":"https:\/\/livinghome.vn\/thiet-bi\/wp-json\/wp\/v2\/comments?post=1468"}],"wp:featuredmedia":[{"embeddable":true,"href":"https:\/\/livinghome.vn\/thiet-bi\/wp-json\/wp\/v2\/media\/18892"}],"wp:attachment":[{"href":"https:\/\/livinghome.vn\/thiet-bi\/wp-json\/wp\/v2\/media?parent=1468"}],"wp:term":[{"taxonomy":"product_brand","embeddable":true,"href":"https:\/\/livinghome.vn\/thiet-bi\/wp-json\/wp\/v2\/product_brand?post=1468"},{"taxonomy":"product_cat","embeddable":true,"href":"https:\/\/livinghome.vn\/thiet-bi\/wp-json\/wp\/v2\/product_cat?post=1468"},{"taxonomy":"product_tag","embeddable":true,"href":"https:\/\/livinghome.vn\/thiet-bi\/wp-json\/wp\/v2\/product_tag?post=1468"}],"curies":[{"name":"wp","href":"https:\/\/api.w.org\/{rel}","templated":true}]}}