{"id":14521,"date":"2023-06-09T10:11:52","date_gmt":"2023-06-09T10:11:52","guid":{"rendered":"https:\/\/livinghome.vn\/thiet-bi\/?post_type=product&#038;p=14521"},"modified":"2024-11-29T14:19:10","modified_gmt":"2024-11-29T07:19:10","slug":"bep-dien-tu-kaff-kf-eg902ih-70cm-1-dien-1-tu","status":"publish","type":"product","link":"https:\/\/livinghome.vn\/thiet-bi\/bep-dien-tu-kaff-kf-eg902ih-70cm-1-dien-1-tu\/","title":{"rendered":"B\u1ebfp \u0110i\u1ec7n T\u1eeb Kaff KF-EG902IH 70CM 1 \u0110i\u1ec7n 1 T\u1eeb M\u1eb7t K\u00ednh Schott Ceran"},"content":{"rendered":"<h2>C\u00f9ng kh\u00e1m ph\u00e1 B\u1ebfp \u0110i\u1ec7n T\u1eeb Kaff KF-EG902IH M\u1eb7t K\u00ednh Schott Ceran<\/h2>\n<p>B\u1ebfp \u0111i\u1ec7n t\u1eeb Kaff KF-EG902IH s\u1eed d\u1ee5ng m\u1eb7t k\u00ednh Schott Ceran s\u1ea3n xu\u1ea5t t\u1ea1i \u0110\u1ee9c, m\u1eb7t k\u00ednh \u0111\u01b0\u1ee3c l\u00e0m t\u1eeb ch\u1ea5t li\u1ec7u g\u1ed1m th\u1ee7y tinh c\u00f3 kh\u1ea3 n\u0103ng ch\u1ecbu nhi\u1ec7t l\u00ean \u0111\u1ebfn 1000\u00b0C, kh\u00e1ng s\u1ed1c 750\u00b0C. B\u1ec1 m\u1eb7t k\u00ednh ch\u1ecbu n\u00f3ng l\u1ea1nh c\u0169ng nh\u01b0 s\u1ef1 thay \u0111\u1ed5i \u0111\u1ed9t ng\u1ed9t c\u1ee7a nhi\u1ec7t \u0111\u1ed9. \u0110\u1ed9 gi\u00e3n n\u1edf v\u00ec nhi\u1ec7t th\u1ea5p n\u00ean b\u1ebfp ho\u1ea1t \u0111\u1ed9ng r\u1ea5t hi\u1ec7u qu\u1ea3 v\u00e0 c\u00e1ch nhi\u1ec7t. M\u1eb7t b\u1ebfp t\u1ea3n nhi\u1ec7t nhanh v\u00e0 \u0111\u01b0\u1ee3c c\u00e1ch \u0111i\u1ec7n an to\u00e0n v\u1edbi c\u00e1c linh ki\u1ec7n \u0111i\u1ec7n t\u1eed b\u00ean trong th\u00e2n. B\u1ea1n c\u00f3 th\u1ec3 y\u00ean t\u00e2m s\u1eed d\u1ee5ng m\u00e0 kh\u00f4ng lo b\u1ecb b\u1ecfng hay \u0111i\u1ec7n gi\u1eadt.<\/p>\n<figure id=\"attachment_14531\" aria-describedby=\"caption-attachment-14531\" style=\"width: 1200px\" class=\"wp-caption alignnone\"><img loading=\"lazy\" decoding=\"async\" class=\"wp-image-14531 size-full\" src=\"https:\/\/livinghome.vn\/thiet-bi\/wp-content\/uploads\/nha-bep\/kaff\/bep-dien-tu\/bep-dien-tu-kaff-kf-eg902ih\/bep-dien-tu-kaff-kf-eg902ih-7.jpg\" alt=\"B\u1ebfp \u0110i\u1ec7n T\u1eeb Kaff KF-EG902IH\" width=\"1200\" height=\"900\" title=\"\" srcset=\"https:\/\/livinghome.vn\/thiet-bi\/wp-content\/uploads\/nha-bep\/kaff\/bep-dien-tu\/bep-dien-tu-kaff-kf-eg902ih\/bep-dien-tu-kaff-kf-eg902ih-7.jpg 1200w, https:\/\/livinghome.vn\/thiet-bi\/wp-content\/uploads\/nha-bep\/kaff\/bep-dien-tu\/bep-dien-tu-kaff-kf-eg902ih\/bep-dien-tu-kaff-kf-eg902ih-7-600x450.jpg 600w, https:\/\/livinghome.vn\/thiet-bi\/wp-content\/uploads\/nha-bep\/kaff\/bep-dien-tu\/bep-dien-tu-kaff-kf-eg902ih\/bep-dien-tu-kaff-kf-eg902ih-7-533x400.jpg 533w, https:\/\/livinghome.vn\/thiet-bi\/wp-content\/uploads\/nha-bep\/kaff\/bep-dien-tu\/bep-dien-tu-kaff-kf-eg902ih\/bep-dien-tu-kaff-kf-eg902ih-7-1067x800.jpg 1067w, https:\/\/livinghome.vn\/thiet-bi\/wp-content\/uploads\/nha-bep\/kaff\/bep-dien-tu\/bep-dien-tu-kaff-kf-eg902ih\/bep-dien-tu-kaff-kf-eg902ih-7-768x576.jpg 768w\" sizes=\"auto, (max-width: 1200px) 100vw, 1200px\" \/><figcaption id=\"caption-attachment-14531\" class=\"wp-caption-text\">B\u1ebfp \u0110i\u1ec7n T\u1eeb Kaff KF-EG902IH<\/figcaption><\/figure>\n<p>B\u1ebfp \u0111i\u1ec7n t\u1eeb Kaff KF-EG902IH g\u1ed3m 2 v\u00f9ng n\u1ea5u v\u1edbi t\u1ed5ng c\u00f4ng su\u1ea5t 4500W. V\u00f9ng n\u1ea5u t\u1eeb tr\u00e1i c\u00f3 c\u00f4ng su\u1ea5t 2300W khi k\u00edch ho\u1ea1t t\u00ednh n\u0103ng n\u1ea5u nhanh Booster c\u00f4ng su\u1ea5t l\u00ean t\u1edbi 3700W. V\u00f9ng n\u1ea5u h\u1ed3ng ngo\u1ea1i ph\u1ea3i s\u1eed d\u1ee5ng m\u00e2m nhi\u1ec7t E.G.O Hi-Light v\u1edbi 02 v\u00f2ng nhi\u1ec7t c\u00f3 c\u00f4ng su\u1ea5t t\u1ed1i \u0111a 2200W. Ch\u1ec9 trong ch\u1ed1c l\u00e1t sau khi k\u00edch ho\u1ea1t t\u00ednh n\u0103ng n\u00e0y, nhi\u1ec7t l\u01b0\u1ee3ng tr\u00ean v\u00f9ng n\u1ea5u t\u1eeb t\u0103ng l\u00ean c\u00f4ng su\u1ea5t t\u01b0\u01a1ng \u0111\u01b0\u01a1ng v\u1edbi m\u1ee9c nhi\u1ec7t l\u01b0\u1ee3ng l\u1edbn nh\u1ea5t. Do \u0111\u00f3, c\u00e1c m\u00f3n \u0103n \u0111\u01b0\u1ee3c n\u1ea5u ch\u00edn nhanh h\u01a1n, ti\u1ebft ki\u1ec7m th\u1eddi gian v\u00e0o b\u1ebfp cho ch\u1ecb em n\u1ed9i tr\u1ee3. Ch\u1ee9c n\u0103ng Booster n\u1ea5u si\u00eau nhanh, tuy nhi\u00ean th\u1eddi gian t\u1ed1i \u0111a m\u1eb7c \u0111\u1ecbnh d\u00f9ng ch\u1ee9c n\u0103ng n\u00e0y l\u00e0 10 ph\u00fat \/ l\u1ea7n tr\u00e1nh qu\u00e1 t\u1ea3i.<\/p>\n<figure id=\"attachment_14530\" aria-describedby=\"caption-attachment-14530\" style=\"width: 1200px\" class=\"wp-caption alignnone\"><img loading=\"lazy\" decoding=\"async\" class=\"wp-image-14530 size-full\" src=\"https:\/\/livinghome.vn\/thiet-bi\/wp-content\/uploads\/nha-bep\/kaff\/bep-dien-tu\/bep-dien-tu-kaff-kf-eg902ih\/bep-dien-tu-kaff-kf-eg902ih-2.jpg\" alt=\"B\u1ebfp \u0110i\u1ec7n T\u1eeb Kaff KF-EG902IH\" width=\"1200\" height=\"900\" title=\"\" srcset=\"https:\/\/livinghome.vn\/thiet-bi\/wp-content\/uploads\/nha-bep\/kaff\/bep-dien-tu\/bep-dien-tu-kaff-kf-eg902ih\/bep-dien-tu-kaff-kf-eg902ih-2.jpg 1200w, https:\/\/livinghome.vn\/thiet-bi\/wp-content\/uploads\/nha-bep\/kaff\/bep-dien-tu\/bep-dien-tu-kaff-kf-eg902ih\/bep-dien-tu-kaff-kf-eg902ih-2-600x450.jpg 600w, https:\/\/livinghome.vn\/thiet-bi\/wp-content\/uploads\/nha-bep\/kaff\/bep-dien-tu\/bep-dien-tu-kaff-kf-eg902ih\/bep-dien-tu-kaff-kf-eg902ih-2-533x400.jpg 533w, https:\/\/livinghome.vn\/thiet-bi\/wp-content\/uploads\/nha-bep\/kaff\/bep-dien-tu\/bep-dien-tu-kaff-kf-eg902ih\/bep-dien-tu-kaff-kf-eg902ih-2-1067x800.jpg 1067w, https:\/\/livinghome.vn\/thiet-bi\/wp-content\/uploads\/nha-bep\/kaff\/bep-dien-tu\/bep-dien-tu-kaff-kf-eg902ih\/bep-dien-tu-kaff-kf-eg902ih-2-768x576.jpg 768w\" sizes=\"auto, (max-width: 1200px) 100vw, 1200px\" \/><figcaption id=\"caption-attachment-14530\" class=\"wp-caption-text\">B\u1ebfp \u0110i\u1ec7n T\u1eeb Kaff KF-EG902IH<\/figcaption><\/figure>\n<p>B\u1ebfp \u0111i\u1ec7n t\u1eeb Kaff KF-EG902IH v\u1edbi c\u00f4ng ngh\u1ec7 Inverter th\u00f4ng minh v\u01b0\u1ee3t tr\u1ed9i gi\u00fap l\u00e0m gi\u1ea3m l\u01b0\u1ee3ng ti\u00eau th\u1ee5 \u0111i\u1ec7n c\u1ee7a c\u00e1c s\u1ea3n ph\u1ea9m c\u00f3 s\u1eed d\u1ee5ng l\u00f5i t\u1eeb c\u1ee7a b\u1ebfp t\u1eeb. Ngo\u00e0i ra c\u00f4ng ngh\u1ec7 Inverter c\u00f2n gi\u00fap b\u1ebfp t\u1eeb \u0111i\u1ec1u ch\u1ec9nh m\u1ee9c c\u00f4ng su\u1ea5t ph\u00f9 h\u1ee3p \u0111\u1ec3 kh\u00f4ng l\u00e0m ti\u00eau th\u1ee5 nhi\u1ec1u \u0111i\u1ec7n n\u0103ng. B\u1ebfp \u0111i\u1ec7n t\u1eeb Kaff KF-EG902IH v\u1edbi c\u1ea3m bi\u1ebfn th\u00f4ng minh s\u1ebd c\u1ed1 \u0111\u1ecbnh c\u00f4ng su\u1ea5t ti\u00eau th\u1ee5 \u0111i\u1ec7n khi \u0111un n\u1ea5u, kh\u00f4ng b\u1eadt t\u1eaft li\u00ean t\u1ee5c nh\u01b0 c\u00e1c b\u1ebfp t\u1eeb th\u00f4ng th\u01b0\u1eddng kh\u00e1c (t\u1ef1 \u0111\u1ed9ng \u0111i\u1ec1u ch\u1ec9nh li\u00ean t\u1ee5c \u0111\u1ec3 \u0111\u1ea3m b\u1ea3o m\u1ee9c nhi\u1ec7t t\u01b0\u01a1ng \u0111\u01b0\u01a1ng b\u1eb1ng v\u1edbi con s\u1ed1 hi\u1ec3n th\u1ecb tr\u00ean b\u00e0n \u0111i\u1ec1u khi\u1ec3n).<\/p>\n<p>B\u1ea1n c\u00f3 th\u1ec3 t\u1eadn d\u1ee5ng c\u00e1c lo\u1ea1i xoong, n\u1ed3i v\u00ec b\u1ebfp \u0111i\u1ec7n kh\u00f4ng k\u00e9n n\u1ed3i, ph\u00f9 h\u1ee3p v\u1edbi nhi\u1ec1u k\u00edch c\u1ee1. \u01afu \u0111i\u1ec3m c\u1ee7a b\u1ebfp \u0111i\u1ec7n h\u01a1n h\u1eb3n c\u00e1c s\u1ea3n ph\u1ea9m kh\u00e1c l\u00e0 c\u00f3 th\u1ec3 n\u01b0\u1edbng tr\u1ef1c ti\u1ebfp l\u00ean b\u1ec1 m\u1eb7t. N\u01b0\u1edbng th\u1ecbt, rau c\u1ee7, h\u1ea3i s\u1ea3n th\u01a1m ngon. B\u1ea1n n\u00ean v\u1ec7 sinh s\u1ea1ch s\u1ebd m\u1eb7t b\u1ebfp sau khi s\u1eed d\u1ee5ng. Ho\u1ea1t \u0111\u1ed9ng c\u1ee7a b\u1ebfp \u0111i\u1ec7n l\u00e0 truy\u1ec1n nhi\u1ec7t l\u00ean m\u1eb7t k\u00ednh r\u1ed3i m\u1edbi l\u00ean \u0111\u00e1y n\u1ed3i n\u00ean m\u1eb7t k\u00ednh b\u1ebfp r\u1ea5t n\u00f3ng. Sau khi n\u1ea5u, b\u1ea1n c\u00f3 th\u1ec3 t\u1eadn d\u1ee5ng h\u00e2m n\u00f3ng th\u1ee9c \u0103n tr\u00ean b\u1ebfp. Ng\u01b0\u1ee3c l\u1ea1i v\u1edbi v\u00f9ng \u0111i\u1ec7n, b\u1ebfp t\u1eeb ch\u1ec9 h\u01a1i n\u00f3ng v\u00f9ng n\u1ea5u. Hi\u1ec7u su\u1ea5t n\u1ea5u l\u00ean t\u1edbi 90%. Ch\u1ee9c n\u0103ng nh\u1eadn di\u1ec7n v\u00f9ng n\u1ea5u ch\u1ec9 sinh nhi\u1ec7t v\u00f9ng \u0111\u00e1y n\u1ed3i, tr\u00e1nh n\u1ed3i th\u1ea5t tho\u00e1t nhi\u1ec7t ra ngo\u00e0i.<\/p>\n<p>B\u1ebfp \u0111i\u1ec7n t\u1eeb Kaff KF-EG902IH \u0111\u01b0\u1ee3c t\u00edch h\u1ee3p ch\u1ee9c n\u0103ng t\u1ef1 nh\u1eadn di\u1ec7n v\u00f9ng n\u1ea5u, khi ta \u0111\u1eb7t n\u1ed3i l\u00ean 1 trong 2 v\u00f9ng n\u1ea5u sau \u0111\u00f3 \u1ea5n n\u00fat kh\u1edfi \u0111\u1ed9ng b\u1ebfp sau th\u1eddi gian 1-2 gi\u00e2y b\u1ebfp s\u1ebd t\u1ef1 \u0111\u1ed9ng t\u00ecm v\u00f9ng n\u1ea5u \u0111\u00e3 c\u00f3 n\u1ed3i, ta ch\u1ec9 vi\u1ec7c \u0111i\u1ec1u ch\u1ec9nh m\u1ee9c c\u00f4ng su\u1ea5t to nh\u1ecf theo \u00fd mu\u1ed1n m\u00e0 kh\u00f4ng ph\u1ea3i thao t\u00e1c ch\u1ecdn v\u00f9ng n\u1ea5u nh\u01b0 b\u1ebfp th\u00f4ng th\u01b0\u1eddng. C\u00f4ng ngh\u1ec7 Inverter \u0111\u01b0\u1ee3c \u00e1p d\u1ee5ng tr\u00ean b\u1ebfp \u0111i\u1ec7n t\u1eeb Kaff KF-EG902IH c\u00f3 kh\u1ea3 n\u0103ng ph\u1ea3n \u1ee9ng thay \u0111\u1ed5i c\u00f4ng su\u1ea5t theo \u0111i\u1ec1u khi\u1ec3n ngay t\u1ee9c th\u00ec, khi ng\u01b0\u1eddi d\u00f9ng \u0111i\u1ec1u ch\u1ec9nh t\u0103ng gi\u1ea3m nhi\u1ec7t \u0111\u1ed9 \u0111un n\u1ea5u, b\u1ebfp \u0111i\u1ec1u ch\u1ec9nh thay \u0111\u1ed5i t\u1ee9c th\u00ec v\u1ec1 m\u1ee9c nhi\u1ec7t \u0111\u1ed9 mong mu\u1ed1n.<\/p>\n<p>B\u1ebfp \u0111i\u1ec7n t\u1eeb Kaff KF-EG902IH s\u1eed d\u1ee5ng b\u1ea3ng \u0111i\u1ec1u khi\u1ec3n c\u1ea3m \u1ee9ng d\u1ea1ng tr\u01b0\u1ee3t Slider Control hi\u1ec7n \u0111\u1ea1i v\u1edbi 9 c\u1ea5p \u0111\u1ed9 c\u00f4ng su\u1ea5t nhi\u1ec7t \u0111\u1ed9 kh\u00e1c nhau, \u0111i\u1ec1u khi\u1ec3n d\u1ec5 d\u00e0ng b\u1eb1ng m\u1ed9t ng\u00f3n tay, m\u1ecdi ch\u01b0\u01a1ng tr\u00ecnh n\u1ea5u \u0111\u1ec1u \u0111\u01b0\u1ee3c hi\u1ec3n th\u1ecb qua \u0111\u00e8n Led s\u1eafc n\u00e9t \u0111\u1ec3 b\u1ea1n \u0111i\u1ec1u ch\u1ec9nh cho ph\u00f9 h\u1ee3p v\u1edbi c\u00e1c m\u00f3n \u0103n. B\u1ebfp c\u00f2n \u0111\u01b0\u1ee3c trang b\u1ecb th\u00eam c\u00e1c ch\u1ee9c n\u0103ng n\u1ea5u th\u00f4ng minh l\u00e0: t\u00ednh n\u0103ng t\u1ea1m d\u1eebng, h\u00e2m n\u00f3ng v\u00e0 n\u1ea5u c\u01a1m.<\/p>\n<h3>T\u00ednh n\u0103ng c\u01a1 b\u1ea3n<\/h3>\n<ul>\n<li><a href=\"https:\/\/livinghome.vn\/thiet-bi\/bep-dien-tu\/\">B\u1ebfp \u0111i\u1ec7n t\u1eeb<\/a><\/li>\n<li>B\u1ebfp h\u1ed7n h\u1ee3p: 1 t\u1eeb &#8211; 1 h\u1ed3ng ngo\u1ea1i<\/li>\n<li>M\u00e2m nhi\u1ec7t E.G.O Hi-Light 02 v\u00f2ng nhi\u1ec7t ti\u1ec7n d\u1ee5ng v\u1edbi v\u1eadt d\u1ee5ng n\u1ea5u.<\/li>\n<li>Bo m\u1ea1ch v\u00e0 m\u00e2m t\u1eeb E.G.O &#8211; Made in Germany<\/li>\n<li>M\u1eb7t k\u00ednh Schott Ceran &#8211; Made in Germany, v\u00e1t 2 c\u1ea1nh tr\u00ean d\u01b0\u1edbi, bo vi\u1ec1n kim lo\u1ea1i 2 c\u1ea1nh b\u00ean<\/li>\n<li>C\u00f4ng ngh\u1ec7 bi\u1ebfn t\u1ea7n Inverter th\u00f4ng minh v\u01b0\u1ee3t tr\u1ed9i \u0111un n\u1ea5u v\u00e0 gi\u1eef nhi\u1ec7t li\u00ean t\u1ee5c \u1edf m\u1ee9c th\u1ea5p nh\u1ea5t kh\u00f4ng t\u1eaft m\u1edf. Ti\u1ebft ki\u1ec7m l\u00ean t\u1edbi 40% \u0111i\u1ec7n n\u0103ng<\/li>\n<li>Ch\u1ee9c n\u0103ng &#8220;Booster&#8221; si\u00eau nhanh<\/li>\n<li>\u0110i\u1ec1u khi\u1ec3n c\u1ea3m \u1ee9ng Slider Control 9 m\u1ee9c c\u00f4ng su\u1ea5t<\/li>\n<li>T\u1ed1c \u0111\u1ed9 t\u0103ng nhi\u1ec7t nhanh g\u1ea5p 3 l\u1ea7n so v\u1edbi b\u1ebfp truy\u1ec1n th\u1ed1ng.<\/li>\n<li>N\u1ea5u th\u1ee9c \u0103n v\u1edbi \u0111\u1ed9 ch\u00ednh x\u00e1c cao ph\u1ea3n \u1ee9ng t\u1ee9c th\u00ec v\u1edbi m\u1ee9c nhi\u1ec7t mong mu\u1ed1n<\/li>\n<li>T\u1ef1 \u0111\u1ed9ng ph\u00e1t hi\u1ec7n v\u00f9ng n\u1ea5u v\u00e0 v\u00f9ng n\u1ea5u ch\u1ec9 n\u00f3ng l\u00ean khi c\u00f3 n\u1ed3i.<\/li>\n<li>Ch\u1ee9c n\u0103ng h\u00e2m n\u00f3ng<\/li>\n<\/ul>\n<h3>T\u00ednh n\u0103ng an to\u00e0n<\/h3>\n<ul>\n<li>Ch\u1ee9c n\u0103ng t\u1ea1m d\u1eebng khi c\u1ea7n thi\u1ebft<\/li>\n<li>Kh\u00f3a tr\u1ebb em<\/li>\n<li>Ch\u1ee9c n\u0103ng t\u1eaft t\u1ef1 \u0111\u1ed9ng t\u1eaft b\u1ebfp khi kh\u00f4ng c\u00f3 n\u1ed3i<\/li>\n<li>Ch\u1ee9c n\u0103ng ch\u1ed1ng tr\u00e0o n\u01b0\u1edbc<\/li>\n<li>H\u1eb9n gi\u1edd gi\u1edbi h\u1ea1n th\u1eddi gian ho\u1ea1t \u0111\u1ed9ng.<\/li>\n<li>B\u1ea3o v\u1ec7 qu\u00e1 nhi\u1ec7t (c\u1ea3m bi\u1ebfn nhi\u1ec7t \u0111\u1ed9 t\u00edch h\u1ee3p trong t\u1eebng v\u00f9ng n\u1ea5u)<\/li>\n<li>Ch\u1ec9 b\u00e1o nhi\u1ec7t d\u01b0 hi\u1ec3n th\u1ecb tr\u00ean v\u00f9ng n\u00f3ng<\/li>\n<li>T\u00ednh n\u0103ng chia s\u1ebb c\u00f4ng su\u1ea5t<\/li>\n<\/ul>\n<figure id=\"attachment_14529\" aria-describedby=\"caption-attachment-14529\" style=\"width: 900px\" class=\"wp-caption alignnone\"><img loading=\"lazy\" decoding=\"async\" class=\"wp-image-14529 size-full\" src=\"https:\/\/livinghome.vn\/thiet-bi\/wp-content\/uploads\/nha-bep\/kaff\/bep-dien-tu\/bep-dien-tu-kaff-kf-eg902ih\/bep-dien-tu-kaff-kf-eg902ih-5.jpg\" alt=\"B\u1ebfp \u0110i\u1ec7n T\u1eeb Kaff KF-EG902IH\" width=\"900\" height=\"900\" title=\"\" srcset=\"https:\/\/livinghome.vn\/thiet-bi\/wp-content\/uploads\/nha-bep\/kaff\/bep-dien-tu\/bep-dien-tu-kaff-kf-eg902ih\/bep-dien-tu-kaff-kf-eg902ih-5.jpg 900w, https:\/\/livinghome.vn\/thiet-bi\/wp-content\/uploads\/nha-bep\/kaff\/bep-dien-tu\/bep-dien-tu-kaff-kf-eg902ih\/bep-dien-tu-kaff-kf-eg902ih-5-300x300.jpg 300w, https:\/\/livinghome.vn\/thiet-bi\/wp-content\/uploads\/nha-bep\/kaff\/bep-dien-tu\/bep-dien-tu-kaff-kf-eg902ih\/bep-dien-tu-kaff-kf-eg902ih-5-100x100.jpg 100w, https:\/\/livinghome.vn\/thiet-bi\/wp-content\/uploads\/nha-bep\/kaff\/bep-dien-tu\/bep-dien-tu-kaff-kf-eg902ih\/bep-dien-tu-kaff-kf-eg902ih-5-600x600.jpg 600w, https:\/\/livinghome.vn\/thiet-bi\/wp-content\/uploads\/nha-bep\/kaff\/bep-dien-tu\/bep-dien-tu-kaff-kf-eg902ih\/bep-dien-tu-kaff-kf-eg902ih-5-400x400.jpg 400w, https:\/\/livinghome.vn\/thiet-bi\/wp-content\/uploads\/nha-bep\/kaff\/bep-dien-tu\/bep-dien-tu-kaff-kf-eg902ih\/bep-dien-tu-kaff-kf-eg902ih-5-800x800.jpg 800w, https:\/\/livinghome.vn\/thiet-bi\/wp-content\/uploads\/nha-bep\/kaff\/bep-dien-tu\/bep-dien-tu-kaff-kf-eg902ih\/bep-dien-tu-kaff-kf-eg902ih-5-280x280.jpg 280w, https:\/\/livinghome.vn\/thiet-bi\/wp-content\/uploads\/nha-bep\/kaff\/bep-dien-tu\/bep-dien-tu-kaff-kf-eg902ih\/bep-dien-tu-kaff-kf-eg902ih-5-768x768.jpg 768w\" sizes=\"auto, (max-width: 900px) 100vw, 900px\" \/><figcaption id=\"caption-attachment-14529\" class=\"wp-caption-text\">K\u00edch th\u01b0\u1edbc B\u1ebfp \u0110i\u1ec7n T\u1eeb Kaff KF-EG902IH<\/figcaption><\/figure>\n<h3>Th\u00f4ng s\u1ed1 k\u1ef9 thu\u1eadt<\/h3>\n<ul>\n<li>T\u1ed5ng c\u00f4ng su\u1ea5t: 4500W<\/li>\n<li>V\u00f9ng n\u1ea5u t\u1eeb tr\u00e1i: 2300W &#8211; Booster 3700W<\/li>\n<li>V\u00f9ng n\u1ea5u h\u1ed3ng ngo\u1ea1i ph\u1ea3i: 2200W<\/li>\n<li>Ngu\u1ed3n \u0111i\u1ec7n: 220V\/50-60Hz<\/li>\n<li>K\u00edch th\u01b0\u1edbc s\u1ea3n ph\u1ea9m: R700 x S400 mm<\/li>\n<li>K\u00edch th\u01b0\u1edbc kho\u00e9t \u0111\u00e1: R680 x S380 mm<\/li>\n<\/ul>\n<h3>Xu\u1ea5t x\u1ee9: Germany<\/h3>\n<h3>H\u00ecnh \u1ea3nh l\u1eafp \u0111\u1eb7t th\u1ef1c t\u1ebf B\u1ebfp \u0110i\u1ec7n T\u1eeb Kaff KF-EG902IH :<\/h3>\n<div><\/div>\n","protected":false},"excerpt":{"rendered":"<p>M\u1eb7t k\u00ednh Shott Ceran Made in Germany si\u00eau b\u1ec1n, ch\u1ecbu l\u1ef1c ch\u1ecbu s\u1ed1c nhi\u1ec7t<\/p>\n<p>T\u1ed5ng c\u00f4ng su\u1ea5t: 4500W<\/p>\n<p>V\u00f9ng n\u1ea5u t\u1eeb tr\u00e1i: 2300W &#8211; Booster 3700W<\/p>\n<p>V\u00f9ng n\u1ea5u h\u1ed3ng ngo\u1ea1i ph\u1ea3i: 2200W<\/p>\n<p>K\u00edch th\u01b0\u1edbc s\u1ea3n ph\u1ea9m: R700 x S400 mm<\/p>\n<p>K\u00edch th\u01b0\u1edbc kho\u00e9t \u0111\u00e1: R680 x S380 mm<\/p>\n","protected":false},"featured_media":14528,"comment_status":"open","ping_status":"closed","template":"","meta":[],"product_brand":[],"product_cat":[745,793,813,796,809,799,716,80,801,802,807,164],"product_tag":[81,113,165,873,166,743,1696,167],"class_list":{"0":"post-14521","1":"product","2":"type-product","3":"status-publish","4":"has-post-thumbnail","6":"product_cat-bep-dien-tu","7":"product_cat-bep-1-dien-1-tu","8":"product_cat-bep-dien-tu-chung-cu","9":"product_cat-bep-dien-tu-doi","10":"product_cat-bep-dien-tu-duc-germany","11":"product_cat-bep-dien-tu-hinh-chu-nhat","12":"product_cat-bep-dien-tu-kaff","13":"product_cat-bep-dien-tu-ket-hop","14":"product_cat-bep-dien-tu-khong-ken-noi","15":"product_cat-bep-dien-tu-mat-kinh-schott-ceran","16":"product_cat-bep-dien-tu-tiet-kiem-dien","17":"product_cat-thuong-hieu-kaff","18":"product_tag-bep-dien-tu","19":"product_tag-bep-dien-tu-2-vung-nau","20":"product_tag-bep-dien-tu-duc","21":"product_tag-bep-dien-tu-hinh-chu-nhat","22":"product_tag-bep-dien-tu-kaff","23":"product_tag-bep-dien-tu-ket-hop","24":"product_tag-bep-dien-tu-khong-ken-noi","25":"product_tag-kaff","27":"first","28":"instock","29":"sale","30":"shipping-taxable","31":"purchasable","32":"product-type-simple"},"_links":{"self":[{"href":"https:\/\/livinghome.vn\/thiet-bi\/wp-json\/wp\/v2\/product\/14521","targetHints":{"allow":["GET"]}}],"collection":[{"href":"https:\/\/livinghome.vn\/thiet-bi\/wp-json\/wp\/v2\/product"}],"about":[{"href":"https:\/\/livinghome.vn\/thiet-bi\/wp-json\/wp\/v2\/types\/product"}],"replies":[{"embeddable":true,"href":"https:\/\/livinghome.vn\/thiet-bi\/wp-json\/wp\/v2\/comments?post=14521"}],"wp:featuredmedia":[{"embeddable":true,"href":"https:\/\/livinghome.vn\/thiet-bi\/wp-json\/wp\/v2\/media\/14528"}],"wp:attachment":[{"href":"https:\/\/livinghome.vn\/thiet-bi\/wp-json\/wp\/v2\/media?parent=14521"}],"wp:term":[{"taxonomy":"product_brand","embeddable":true,"href":"https:\/\/livinghome.vn\/thiet-bi\/wp-json\/wp\/v2\/product_brand?post=14521"},{"taxonomy":"product_cat","embeddable":true,"href":"https:\/\/livinghome.vn\/thiet-bi\/wp-json\/wp\/v2\/product_cat?post=14521"},{"taxonomy":"product_tag","embeddable":true,"href":"https:\/\/livinghome.vn\/thiet-bi\/wp-json\/wp\/v2\/product_tag?post=14521"}],"curies":[{"name":"wp","href":"https:\/\/api.w.org\/{rel}","templated":true}]}}