{"id":1450,"date":"2023-01-12T13:33:32","date_gmt":"2023-01-12T13:33:32","guid":{"rendered":"https:\/\/livinghome.vn\/thiet-bi\/?post_type=product&#038;p=1450"},"modified":"2024-11-29T14:20:42","modified_gmt":"2024-11-29T07:20:42","slug":"may-hut-mui-malloca-mh-750bi-am-tu-75cm","status":"publish","type":"product","link":"https:\/\/livinghome.vn\/thiet-bi\/may-hut-mui-malloca-mh-750bi-am-tu-75cm\/","title":{"rendered":"M\u00e1y H\u00fat M\u00f9i Malloca MH 750BI \u00c2m T\u1ee7 75cm \u0110i\u1ec1u Khi\u1ec3n C\u1ea3m \u01afng"},"content":{"rendered":"<h2>M\u00e1y h\u00fat m\u00f9i Malloca MH 750BI \u00e2m t\u1ee7 \u0111i\u1ec1u khi\u1ec3n c\u1ea3m \u1ee9ng ti\u1ec7n l\u1ee3i<\/h2>\n<figure id=\"attachment_45629\" aria-describedby=\"caption-attachment-45629\" style=\"width: 800px\" class=\"wp-caption alignnone\"><img loading=\"lazy\" decoding=\"async\" class=\"wp-image-45629 size-large\" src=\"https:\/\/livinghome.vn\/thiet-bi\/wp-content\/uploads\/nha-bep\/malloca\/may-hut-mui\/may-hut-am-tu\/may-hut-mui-am-tu-mh-750bi\/may-hut-mui-am-tu-mh-750bi-1-4-800x800.jpg\" alt=\"M\u00e1y h\u00fat m\u00f9i \u00e2m t\u1ee7 Malloca MH 750BI khi\u1ebfn c\u0103n b\u1ebfp c\u1ee7a b\u1ea1n tr\u1edf n\u00ean sang tr\u1ecdng, hi\u1ec7n \u0111\u1ea1i v\u00e0 n\u1ed5i b\u1eadt h\u01a1n\" width=\"800\" height=\"800\" title=\"\"><figcaption id=\"caption-attachment-45629\" class=\"wp-caption-text\">M\u00e1y h\u00fat m\u00f9i Malloca MH 750BI g\u00f3p ph\u1ea7n khi\u1ebfn c\u0103n b\u1ebfp c\u1ee7a b\u1ea1n tr\u1edf n\u00ean sang tr\u1ecdng, hi\u1ec7n \u0111\u1ea1i v\u00e0 n\u1ed5i b\u1eadt h\u01a1n<\/figcaption><\/figure>\n<h3>T\u00ednh n\u0103ng c\u01a1 b\u1ea3n<\/h3>\n<ul>\n<li><a href=\"https:\/\/livinghome.vn\/thiet-bi\/may-hut-mui\/\">M\u00e1y h\u00fat kh\u00f3i kh\u1eed m\u00f9i<\/a> \u2013 kh\u1eed m\u00f9i \u00e2m t\u1ee7<\/li>\n<li>Ch\u1ea5t li\u1ec7u: Inox + K\u00ednh \u0111en<\/li>\n<li>\u0110i\u1ec1u khi\u1ec3n c\u1ea3m \u1ee9ng<\/li>\n<\/ul>\n<h3>Th\u00f4ng s\u1ed1 k\u1ef9 thu\u1eadt<\/h3>\n<ul>\n<li>C\u00f4ng su\u1ea5t h\u00fat: 750 m3\/h<\/li>\n<li>\u0110\u1ed9 \u1ed3n: &lt;59dB<\/li>\n<li>C\u00f4ng su\u1ea5t: 190W<\/li>\n<li>K\u00edch th\u01b0\u1edbc: W750 x D295 x H315mm<\/li>\n<\/ul>\n<p>&nbsp;<\/p>\n<figure id=\"attachment_45632\" aria-describedby=\"caption-attachment-45632\" style=\"width: 800px\" class=\"wp-caption alignnone\"><img loading=\"lazy\" decoding=\"async\" class=\"wp-image-45632 size-large\" src=\"https:\/\/livinghome.vn\/thiet-bi\/wp-content\/uploads\/nha-bep\/malloca\/may-hut-mui\/may-hut-am-tu\/may-hut-mui-am-tu-mh-750bi\/may-hut-mui-am-tu-mh-750bi-1-2-800x800.jpg\" alt=\"Kisvh th\u01b0\u1edbc c\u1ee7a m\u00e1y h\u00fat m\u00f9i \u00e2m t\u1ee7 Malloca MH 750BI \" width=\"800\" height=\"800\" title=\"\"><figcaption id=\"caption-attachment-45632\" class=\"wp-caption-text\">Kisvh th\u01b0\u1edbc c\u1ee7a m\u00e1y h\u00fat m\u00f9i \u00e2m t\u1ee7 Malloca MH 750BI<\/figcaption><\/figure>\n<h3>Xu\u1ea5t x\u1ee9: <strong>Trung Qu\u1ed1c (theo b\u1ea3n quy\u1ec1n Malloca)<\/strong><\/h3>\n<div><\/div>\n","protected":false},"excerpt":{"rendered":"<p style=\"text-align: center\"><span style=\"font-weight: 400\">M\u00e0u s\u1eafc: <\/span><span style=\"font-weight: 400\">\u00a0Inox + k\u00ednh \u0111en<\/span><\/p>\n<p style=\"text-align: center\"><span style=\"font-weight: 400\">\u0110i\u1ec1u khi\u1ec3n <\/span><span style=\"font-weight: 400\">c\u1ea3m \u1ee9ng<\/span><\/p>\n<p style=\"text-align: center\"><span style=\"font-weight: 400\">S\u1ee9c h\u00fat: <\/span><span style=\"font-weight: 400\">750m3\/h<\/span> <span style=\"font-weight: 400\">&#8211;<\/span><span style=\"font-weight: 400\"> \u0110\u1ed9 \u1ed3n: <\/span><span style=\"font-weight: 400\">&lt;59dB<\/span><\/p>\n<p style=\"text-align: center\"><span style=\"font-weight: 400\">C\u00f4ng su\u1ea5t:<\/span> <span style=\"font-weight: 400\">190W<\/span><\/p>\n<p style=\"text-align: center\"><span style=\"font-weight: 400\">K\u00edch th\u01b0\u1edbc:<\/span><span style=\"font-weight: 400\"> W750 x D295 x H315mm<\/span><\/p>\n","protected":false},"featured_media":18884,"comment_status":"open","ping_status":"closed","template":"","meta":[],"product_brand":[],"product_cat":[595,274,262],"product_tag":[270,276,86,87,271],"class_list":{"0":"post-1450","1":"product","2":"type-product","3":"status-publish","4":"has-post-thumbnail","6":"product_cat-may-hut-mui-am-tu","7":"product_cat-may-hut-mui-malloca","8":"product_cat-thuong-hieu-malloca","9":"product_tag-malloca","10":"product_tag-may-hut-am-tu","11":"product_tag-may-hut-mui","12":"product_tag-may-hut-mui-am-tu","13":"product_tag-may-hut-mui-malloca","15":"first","16":"instock","17":"sale","18":"shipping-taxable","19":"purchasable","20":"product-type-simple"},"_links":{"self":[{"href":"https:\/\/livinghome.vn\/thiet-bi\/wp-json\/wp\/v2\/product\/1450","targetHints":{"allow":["GET"]}}],"collection":[{"href":"https:\/\/livinghome.vn\/thiet-bi\/wp-json\/wp\/v2\/product"}],"about":[{"href":"https:\/\/livinghome.vn\/thiet-bi\/wp-json\/wp\/v2\/types\/product"}],"replies":[{"embeddable":true,"href":"https:\/\/livinghome.vn\/thiet-bi\/wp-json\/wp\/v2\/comments?post=1450"}],"wp:featuredmedia":[{"embeddable":true,"href":"https:\/\/livinghome.vn\/thiet-bi\/wp-json\/wp\/v2\/media\/18884"}],"wp:attachment":[{"href":"https:\/\/livinghome.vn\/thiet-bi\/wp-json\/wp\/v2\/media?parent=1450"}],"wp:term":[{"taxonomy":"product_brand","embeddable":true,"href":"https:\/\/livinghome.vn\/thiet-bi\/wp-json\/wp\/v2\/product_brand?post=1450"},{"taxonomy":"product_cat","embeddable":true,"href":"https:\/\/livinghome.vn\/thiet-bi\/wp-json\/wp\/v2\/product_cat?post=1450"},{"taxonomy":"product_tag","embeddable":true,"href":"https:\/\/livinghome.vn\/thiet-bi\/wp-json\/wp\/v2\/product_tag?post=1450"}],"curies":[{"name":"wp","href":"https:\/\/api.w.org\/{rel}","templated":true}]}}