{"id":1434,"date":"2023-01-12T13:33:09","date_gmt":"2023-01-12T06:33:09","guid":{"rendered":"https:\/\/livinghome.vn\/thiet-bi\/?post_type=product&#038;p=1434"},"modified":"2024-11-29T14:20:43","modified_gmt":"2024-11-29T07:20:43","slug":"may-hut-mui-malloca-k1507-am-tu-inox-de-su-dung","status":"publish","type":"product","link":"https:\/\/livinghome.vn\/thiet-bi\/may-hut-mui-malloca-k1507-am-tu-inox-de-su-dung\/","title":{"rendered":"M\u00e1y h\u00fat m\u00f9i Malloca K1507 \u00e2m t\u1ee7 inox d\u1ec5 s\u1eed d\u1ee5ng"},"content":{"rendered":"<h3>M\u00e1y h\u00fat m\u00f9i Malloca K1507 \u00e2m t\u1ee7 inox d\u1ec5 s\u1eed d\u1ee5ng<\/h3>\n<figure id=\"attachment_45563\" aria-describedby=\"caption-attachment-45563\" style=\"width: 800px\" class=\"wp-caption alignnone\"><img loading=\"lazy\" decoding=\"async\" class=\"size-large wp-image-45563\" src=\"https:\/\/livinghome.vn\/thiet-bi\/wp-content\/uploads\/nha-bep\/malloca\/may-hut-mui\/may-hut-ap-tuong\/may-hut-mui-am-tu-k1507-800x800.jpg\" alt=\"M\u00e1y h\u00fat m\u00f9i \u00e2m t\u1ee7 Malloca K1507 inox d\u1ec5 s\u1eed d\u1ee5ng\" width=\"800\" height=\"800\" title=\"\"><figcaption id=\"caption-attachment-45563\" class=\"wp-caption-text\">M\u00e1y h\u00fat m\u00f9i \u00e2m t\u1ee7 Malloca K1507 inox d\u1ec5 s\u1eed d\u1ee5ng<\/figcaption><\/figure>\n<h3>T\u00ednh n\u0103ng c\u01a1 b\u1ea3n<\/h3>\n<ul>\n<li><a href=\"https:\/\/livinghome.vn\/thiet-bi\/may-hut-mui\/\">M\u00e1y h\u00fat kh\u00f3i kh\u1eed m\u00f9i<\/a> \u2013 kh\u1eed m\u00f9i \u00e2m t\u1ee7<\/li>\n<li>Ch\u1ea5t li\u1ec7u: Inox<\/li>\n<li>\u0110i\u1ec1u khi\u1ec3n 3 t\u1ed1c \u0111\u1ed9<\/li>\n<\/ul>\n<p>&nbsp;<\/p>\n<h3>Th\u00f4ng s\u1ed1 k\u1ef9 thu\u1eadt<\/h3>\n<ul>\n<li>C\u00f4ng su\u1ea5t h\u00fat 500 m3\/h<\/li>\n<li>\u0110\u1ed9 \u1ed3n: &lt; 56B<\/li>\n<li>C\u00f4ng Su\u1ea5t : 276W<\/li>\n<li>K\u00edch th\u01b0\u1edbc: W700 x D303 x H174mm<\/li>\n<\/ul>\n<p>&nbsp;<\/p>\n<p>&nbsp;<\/p>\n<p>&nbsp;<\/p>\n<p>&nbsp;<\/p>\n<p>&nbsp;<\/p>\n<figure id=\"attachment_45564\" aria-describedby=\"caption-attachment-45564\" style=\"width: 800px\" class=\"wp-caption alignnone\"><img loading=\"lazy\" decoding=\"async\" class=\"wp-image-45564 size-large\" src=\"https:\/\/livinghome.vn\/thiet-bi\/wp-content\/uploads\/nha-bep\/malloca\/may-hut-mui\/may-hut-ap-tuong\/may-hut-mui-am-tu-k1507-1-800x800.jpg\" alt=\"K\u00edch th\u01b0\u1edbc m\u00e1y h\u00fat m\u00f9i \u00e1p t\u01b0\u1eddng Malloca K1507\" width=\"800\" height=\"800\" title=\"\"><figcaption id=\"caption-attachment-45564\" class=\"wp-caption-text\">K\u00edch th\u01b0\u1edbc m\u00e1y h\u00fat m\u00f9i \u00e2m t\u1ee7 Malloca K1507<\/figcaption><\/figure>\n<h3>Xu\u1ea5t x\u1ee9: <strong>Th\u1ed5 Nh\u0129 K\u1ef3<\/strong><\/h3>\n<div><\/div>\n","protected":false},"excerpt":{"rendered":"<p style=\"text-align: center\"><span style=\"font-weight: 400\">M\u00e0u s\u1eafc: <\/span><span style=\"font-weight: 400\">\u00a0Inox\u00a0<\/span><\/p>\n<p style=\"text-align: center\"><span style=\"font-weight: 400\">\u0110i\u1ec1u khi\u1ec3n <\/span><span style=\"font-weight: 400\">c\u1ea3m \u1ee9ng<\/span><\/p>\n<p style=\"text-align: center\"><span style=\"font-weight: 400\">S\u1ee9c h\u00fat: <\/span><span style=\"font-weight: 400\">500m3\/h<\/span> <span style=\"font-weight: 400\">&#8211;<\/span><span style=\"font-weight: 400\"> \u0110\u1ed9 \u1ed3n: <\/span><span style=\"font-weight: 400\">&lt;56dB<\/span><\/p>\n<p style=\"text-align: center\"><span style=\"font-weight: 400\">C\u00f4ng su\u1ea5t:<\/span> <span style=\"font-weight: 400\">276W<\/span><\/p>\n<p style=\"text-align: center\"><span style=\"font-weight: 400\">K\u00edch th\u01b0\u1edbc:<\/span><span style=\"font-weight: 400\"> W700 x D303 x H174mm<\/span><\/p>\n","protected":false},"featured_media":18875,"comment_status":"open","ping_status":"closed","template":"","meta":[],"product_brand":[],"product_cat":[130,274,262],"product_tag":[270,276,86,87,271],"class_list":{"0":"post-1434","1":"product","2":"type-product","3":"status-publish","4":"has-post-thumbnail","6":"product_cat-may-hut-mui-am-tu-keo","7":"product_cat-may-hut-mui-malloca","8":"product_cat-thuong-hieu-malloca","9":"product_tag-malloca","10":"product_tag-may-hut-am-tu","11":"product_tag-may-hut-mui","12":"product_tag-may-hut-mui-am-tu","13":"product_tag-may-hut-mui-malloca","15":"first","16":"instock","17":"sale","18":"shipping-taxable","19":"purchasable","20":"product-type-simple"},"_links":{"self":[{"href":"https:\/\/livinghome.vn\/thiet-bi\/wp-json\/wp\/v2\/product\/1434","targetHints":{"allow":["GET"]}}],"collection":[{"href":"https:\/\/livinghome.vn\/thiet-bi\/wp-json\/wp\/v2\/product"}],"about":[{"href":"https:\/\/livinghome.vn\/thiet-bi\/wp-json\/wp\/v2\/types\/product"}],"replies":[{"embeddable":true,"href":"https:\/\/livinghome.vn\/thiet-bi\/wp-json\/wp\/v2\/comments?post=1434"}],"wp:featuredmedia":[{"embeddable":true,"href":"https:\/\/livinghome.vn\/thiet-bi\/wp-json\/wp\/v2\/media\/18875"}],"wp:attachment":[{"href":"https:\/\/livinghome.vn\/thiet-bi\/wp-json\/wp\/v2\/media?parent=1434"}],"wp:term":[{"taxonomy":"product_brand","embeddable":true,"href":"https:\/\/livinghome.vn\/thiet-bi\/wp-json\/wp\/v2\/product_brand?post=1434"},{"taxonomy":"product_cat","embeddable":true,"href":"https:\/\/livinghome.vn\/thiet-bi\/wp-json\/wp\/v2\/product_cat?post=1434"},{"taxonomy":"product_tag","embeddable":true,"href":"https:\/\/livinghome.vn\/thiet-bi\/wp-json\/wp\/v2\/product_tag?post=1434"}],"curies":[{"name":"wp","href":"https:\/\/api.w.org\/{rel}","templated":true}]}}