{"id":1433,"date":"2023-01-12T13:33:09","date_gmt":"2023-01-12T06:33:09","guid":{"rendered":"https:\/\/livinghome.vn\/thiet-bi\/?post_type=product&#038;p=1433"},"modified":"2024-11-29T14:20:43","modified_gmt":"2024-11-29T07:20:43","slug":"may-hut-mui-am-tu-malloca-k1506-tc-60cm","status":"publish","type":"product","link":"https:\/\/livinghome.vn\/thiet-bi\/may-hut-mui-am-tu-malloca-k1506-tc-60cm\/","title":{"rendered":"M\u00e1y H\u00fat M\u00f9i \u00c2m T\u1ee7 Malloca K1506 TC, 60CM, 500 m3\/h, C\u1ea3m \u1ee8ng"},"content":{"rendered":"<h3>M\u00e1y h\u00fat m\u00f9i Malloca K1506 TC \u00e2m t\u1ee7 k\u00ednh \u0111en thanh l\u1ecbch<\/h3>\n<figure id=\"attachment_22218\" aria-describedby=\"caption-attachment-22218\" style=\"width: 800px\" class=\"wp-caption alignnone\"><img loading=\"lazy\" decoding=\"async\" class=\"size-full wp-image-22218\" src=\"https:\/\/livinghome.vn\/thiet-bi\/wp-content\/uploads\/2023\/01\/malloca-k1506-tc-3.jpg\" alt=\"M\u00e1y H\u00fat M\u00f9i \u00c2m T\u1ee7 Malloca K1506 TC, 60CM, 500 m3\/h, C\u1ea3m \u1ee8ng\" width=\"800\" height=\"800\" title=\"\" srcset=\"https:\/\/livinghome.vn\/thiet-bi\/wp-content\/uploads\/2023\/01\/malloca-k1506-tc-3.jpg 800w, https:\/\/livinghome.vn\/thiet-bi\/wp-content\/uploads\/2023\/01\/malloca-k1506-tc-3-400x400.jpg 400w, https:\/\/livinghome.vn\/thiet-bi\/wp-content\/uploads\/2023\/01\/malloca-k1506-tc-3-280x280.jpg 280w, https:\/\/livinghome.vn\/thiet-bi\/wp-content\/uploads\/2023\/01\/malloca-k1506-tc-3-768x768.jpg 768w, https:\/\/livinghome.vn\/thiet-bi\/wp-content\/uploads\/2023\/01\/malloca-k1506-tc-3-300x300.jpg 300w, https:\/\/livinghome.vn\/thiet-bi\/wp-content\/uploads\/2023\/01\/malloca-k1506-tc-3-600x600.jpg 600w, https:\/\/livinghome.vn\/thiet-bi\/wp-content\/uploads\/2023\/01\/malloca-k1506-tc-3-100x100.jpg 100w\" sizes=\"auto, (max-width: 800px) 100vw, 800px\" \/><figcaption id=\"caption-attachment-22218\" class=\"wp-caption-text\">M\u00e1y H\u00fat M\u00f9i \u00c2m T\u1ee7 Malloca K1506 TC k\u00edch th\u01b0\u1edbc 60CM l\u1ef1c h\u00fat t\u1edbi 500 m3\/h v\u00e0 b\u1ea3ng \u0111i\u1ec1u khi\u1ec3n C\u1ea3m \u1ee8ng<\/figcaption><\/figure>\n<h3>T\u00ednh n\u0103ng c\u01a1 b\u1ea3n<\/h3>\n<ul>\n<li><a href=\"https:\/\/livinghome.vn\/thiet-bi\/may-hut-mui\/\">M\u00e1y h\u00fat kh\u00f3i kh\u1eed m\u00f9i<\/a> \u2013 kh\u1eed m\u00f9i \u00e2m t\u1ee7<\/li>\n<li>Ch\u1ea5t li\u1ec7u : Inox + k\u00ednh \u0111en<\/li>\n<li>\u0110i\u1ec1u khi\u1ec3n c\u1ea3m \u1ee9ng &#8211; 3 t\u1ed1c \u0111\u1ed9<\/li>\n<\/ul>\n<figure id=\"attachment_22219\" aria-describedby=\"caption-attachment-22219\" style=\"width: 800px\" class=\"wp-caption alignnone\"><img loading=\"lazy\" decoding=\"async\" class=\"size-full wp-image-22219\" src=\"https:\/\/livinghome.vn\/thiet-bi\/wp-content\/uploads\/2023\/01\/malloca-k1506-tc-4.jpg\" alt=\"M\u00e1y H\u00fat M\u00f9i \u00c2m T\u1ee7 Malloca K1506 TC, 60CM, 500 m3\/h, C\u1ea3m \u1ee8ng\" width=\"800\" height=\"800\" title=\"\" srcset=\"https:\/\/livinghome.vn\/thiet-bi\/wp-content\/uploads\/2023\/01\/malloca-k1506-tc-4.jpg 800w, https:\/\/livinghome.vn\/thiet-bi\/wp-content\/uploads\/2023\/01\/malloca-k1506-tc-4-400x400.jpg 400w, https:\/\/livinghome.vn\/thiet-bi\/wp-content\/uploads\/2023\/01\/malloca-k1506-tc-4-280x280.jpg 280w, https:\/\/livinghome.vn\/thiet-bi\/wp-content\/uploads\/2023\/01\/malloca-k1506-tc-4-768x768.jpg 768w, https:\/\/livinghome.vn\/thiet-bi\/wp-content\/uploads\/2023\/01\/malloca-k1506-tc-4-300x300.jpg 300w, https:\/\/livinghome.vn\/thiet-bi\/wp-content\/uploads\/2023\/01\/malloca-k1506-tc-4-600x600.jpg 600w, https:\/\/livinghome.vn\/thiet-bi\/wp-content\/uploads\/2023\/01\/malloca-k1506-tc-4-100x100.jpg 100w\" sizes=\"auto, (max-width: 800px) 100vw, 800px\" \/><figcaption id=\"caption-attachment-22219\" class=\"wp-caption-text\">M\u00e1y H\u00fat M\u00f9i \u00c2m T\u1ee7 Malloca K1506 TC \u0111\u01b0\u1ee3c thi\u1ebft k\u1ebf d\u1ea1ng k\u00e9o ra thu v\u00e0o g\u1ecdn g\u00e0ng \u0111\u1eb9p tinh t\u1ebf<\/figcaption><\/figure>\n<h3>Th\u00f4ng s\u1ed1 k\u1ef9 thu\u1eadt<\/h3>\n<ul>\n<li>C\u00f4ng su\u1ea5t 220W<\/li>\n<li>S\u1ee9c h\u00fat: 500m3\/hr<\/li>\n<li>\u0110\u1ed9 \u1ed3n &lt; 56dB<\/li>\n<li>K\u00edch th\u01b0\u1edbc: W600 x D308 x H174mm<\/li>\n<\/ul>\n<figure id=\"attachment_22216\" aria-describedby=\"caption-attachment-22216\" style=\"width: 800px\" class=\"wp-caption alignnone\"><img loading=\"lazy\" decoding=\"async\" class=\"size-full wp-image-22216\" src=\"https:\/\/livinghome.vn\/thiet-bi\/wp-content\/uploads\/2023\/01\/malloca-k1506-tc-1.jpg\" alt=\"M\u00e1y H\u00fat M\u00f9i \u00c2m T\u1ee7 Malloca K1506 TC, 60CM, 500 m3\/h, C\u1ea3m \u1ee8ng\" width=\"800\" height=\"800\" title=\"\" srcset=\"https:\/\/livinghome.vn\/thiet-bi\/wp-content\/uploads\/2023\/01\/malloca-k1506-tc-1.jpg 800w, https:\/\/livinghome.vn\/thiet-bi\/wp-content\/uploads\/2023\/01\/malloca-k1506-tc-1-400x400.jpg 400w, https:\/\/livinghome.vn\/thiet-bi\/wp-content\/uploads\/2023\/01\/malloca-k1506-tc-1-280x280.jpg 280w, https:\/\/livinghome.vn\/thiet-bi\/wp-content\/uploads\/2023\/01\/malloca-k1506-tc-1-768x768.jpg 768w, https:\/\/livinghome.vn\/thiet-bi\/wp-content\/uploads\/2023\/01\/malloca-k1506-tc-1-300x300.jpg 300w, https:\/\/livinghome.vn\/thiet-bi\/wp-content\/uploads\/2023\/01\/malloca-k1506-tc-1-600x600.jpg 600w, https:\/\/livinghome.vn\/thiet-bi\/wp-content\/uploads\/2023\/01\/malloca-k1506-tc-1-100x100.jpg 100w\" sizes=\"auto, (max-width: 800px) 100vw, 800px\" \/><figcaption id=\"caption-attachment-22216\" class=\"wp-caption-text\">K\u00edch th\u01b0\u1edbc l\u1eafp \u0111\u1eb7t c\u1ee7a Malloca K1506 TC, 60CM<\/figcaption><\/figure>\n<h3>Xu\u1ea5t x\u1ee9: <strong>Th\u1ed5 Nh\u0129 K\u1ef3<\/strong><\/h3>\n<div><\/div>\n","protected":false},"excerpt":{"rendered":"<p style=\"text-align: left;\"><span style=\"font-weight: 400;\">M\u00e0u s\u1eafc: <\/span><span style=\"font-weight: 400;\">\u00a0Inox + k\u00ednh \u0111en<\/span><\/p>\n<p style=\"text-align: left;\"><span style=\"font-weight: 400;\">\u0110i\u1ec1u khi\u1ec3n <\/span><span style=\"font-weight: 400;\">c\u1ea3m \u1ee9ng<\/span><\/p>\n<p style=\"text-align: left;\"><span style=\"font-weight: 400;\">S\u1ee9c h\u00fat: <\/span><span style=\"font-weight: 400;\">500m3\/h<\/span><\/p>\n<p style=\"text-align: left;\"><span style=\"font-weight: 400;\">\u0110\u1ed9 \u1ed3n: <\/span><span style=\"font-weight: 400;\">&lt;56dB<\/span><\/p>\n<p style=\"text-align: left;\"><span style=\"font-weight: 400;\">C\u00f4ng su\u1ea5t:<\/span> <span style=\"font-weight: 400;\">220W<\/span><\/p>\n<p style=\"text-align: left;\"><span style=\"font-weight: 400;\">K\u00edch th\u01b0\u1edbc: <\/span><span style=\"font-weight: 400;\">\u00a0W600 x D308 x H174mm<\/span><\/p>\n","protected":false},"featured_media":22215,"comment_status":"open","ping_status":"closed","template":"","meta":[],"product_brand":[],"product_cat":[130,274,262],"product_tag":[270,276,86,87,271],"class_list":{"0":"post-1433","1":"product","2":"type-product","3":"status-publish","4":"has-post-thumbnail","6":"product_cat-may-hut-mui-am-tu-keo","7":"product_cat-may-hut-mui-malloca","8":"product_cat-thuong-hieu-malloca","9":"product_tag-malloca","10":"product_tag-may-hut-am-tu","11":"product_tag-may-hut-mui","12":"product_tag-may-hut-mui-am-tu","13":"product_tag-may-hut-mui-malloca","15":"first","16":"instock","17":"sale","18":"shipping-taxable","19":"purchasable","20":"product-type-simple"},"_links":{"self":[{"href":"https:\/\/livinghome.vn\/thiet-bi\/wp-json\/wp\/v2\/product\/1433","targetHints":{"allow":["GET"]}}],"collection":[{"href":"https:\/\/livinghome.vn\/thiet-bi\/wp-json\/wp\/v2\/product"}],"about":[{"href":"https:\/\/livinghome.vn\/thiet-bi\/wp-json\/wp\/v2\/types\/product"}],"replies":[{"embeddable":true,"href":"https:\/\/livinghome.vn\/thiet-bi\/wp-json\/wp\/v2\/comments?post=1433"}],"wp:featuredmedia":[{"embeddable":true,"href":"https:\/\/livinghome.vn\/thiet-bi\/wp-json\/wp\/v2\/media\/22215"}],"wp:attachment":[{"href":"https:\/\/livinghome.vn\/thiet-bi\/wp-json\/wp\/v2\/media?parent=1433"}],"wp:term":[{"taxonomy":"product_brand","embeddable":true,"href":"https:\/\/livinghome.vn\/thiet-bi\/wp-json\/wp\/v2\/product_brand?post=1433"},{"taxonomy":"product_cat","embeddable":true,"href":"https:\/\/livinghome.vn\/thiet-bi\/wp-json\/wp\/v2\/product_cat?post=1433"},{"taxonomy":"product_tag","embeddable":true,"href":"https:\/\/livinghome.vn\/thiet-bi\/wp-json\/wp\/v2\/product_tag?post=1433"}],"curies":[{"name":"wp","href":"https:\/\/api.w.org\/{rel}","templated":true}]}}