{"id":1431,"date":"2023-01-12T13:33:08","date_gmt":"2023-01-12T06:33:08","guid":{"rendered":"https:\/\/livinghome.vn\/thiet-bi\/?post_type=product&#038;p=1431"},"modified":"2024-11-29T14:20:43","modified_gmt":"2024-11-29T07:20:43","slug":"may-hut-mui-am-tu-malloca-k1153-53cm","status":"publish","type":"product","link":"https:\/\/livinghome.vn\/thiet-bi\/may-hut-mui-am-tu-malloca-k1153-53cm\/","title":{"rendered":"M\u00e1y H\u00fat M\u00f9i \u00c2m T\u1ee7 Malloca K1153, 53CM, 600 m3\/h"},"content":{"rendered":"<h2>M\u00e1y h\u00fat m\u00f9i Malloca K1153 \u00e2m t\u1ee7 inox phong c\u00e1ch t\u1ed1i gi\u1ea3n<\/h2>\n<figure id=\"attachment_22212\" aria-describedby=\"caption-attachment-22212\" style=\"width: 800px\" class=\"wp-caption alignnone\"><img loading=\"lazy\" decoding=\"async\" class=\"size-full wp-image-22212\" src=\"https:\/\/livinghome.vn\/thiet-bi\/wp-content\/uploads\/2023\/01\/malloca-k1153.jpg\" alt=\"M\u00e1y H\u00fat M\u00f9i \u00c2m T\u1ee7 Malloca K1153, 53cm, C\u00f4ng T\u1eafc G\u1ea1t\" width=\"800\" height=\"800\" title=\"\" srcset=\"https:\/\/livinghome.vn\/thiet-bi\/wp-content\/uploads\/2023\/01\/malloca-k1153.jpg 800w, https:\/\/livinghome.vn\/thiet-bi\/wp-content\/uploads\/2023\/01\/malloca-k1153-400x400.jpg 400w, https:\/\/livinghome.vn\/thiet-bi\/wp-content\/uploads\/2023\/01\/malloca-k1153-280x280.jpg 280w, https:\/\/livinghome.vn\/thiet-bi\/wp-content\/uploads\/2023\/01\/malloca-k1153-768x768.jpg 768w, https:\/\/livinghome.vn\/thiet-bi\/wp-content\/uploads\/2023\/01\/malloca-k1153-300x300.jpg 300w, https:\/\/livinghome.vn\/thiet-bi\/wp-content\/uploads\/2023\/01\/malloca-k1153-600x600.jpg 600w, https:\/\/livinghome.vn\/thiet-bi\/wp-content\/uploads\/2023\/01\/malloca-k1153-100x100.jpg 100w\" sizes=\"auto, (max-width: 800px) 100vw, 800px\" \/><figcaption id=\"caption-attachment-22212\" class=\"wp-caption-text\">M\u00e1y H\u00fat M\u00f9i \u00c2m T\u1ee7 Malloca K1153, 53cm, C\u00f4ng T\u1eafc G\u1ea1t, Ti\u1ebft Ki\u1ec7m Kh\u00f4ng Gian T\u1ed1i \u0110a<\/figcaption><\/figure>\n<h3>T\u00ednh n\u0103ng c\u01a1 b\u1ea3n<\/h3>\n<ul>\n<li><a href=\"https:\/\/livinghome.vn\/thiet-bi\/may-hut-mui\/\">M\u00e1y h\u00fat kh\u00f3i kh\u1eed m\u00f9i<\/a> \u2013 kh\u1eed m\u00f9i \u00e2m t\u1ee7<\/li>\n<li>Ch\u1ea5t li\u1ec7u : Inox<\/li>\n<li>\u0110i\u1ec1u khi\u1ec3n n\u00fat g\u1ea1t &#8211; 3 t\u1ed1c \u0111\u1ed9<\/li>\n<li>Kh\u1eed m\u00f9i b\u1eb1ng than ho\u1ea1t t\u00ednh v\u00e0 \u0111\u01b0\u1eddng \u1ed1ng tho\u00e1t ra ngo\u00e0i \u0424 120<\/li>\n<\/ul>\n<h3>Th\u00f4ng s\u1ed1 k\u1ef9 thu\u1eadt<\/h3>\n<ul>\n<li>\u0110\u00e8n LED 2 x 3 W<\/li>\n<li>S\u1ee9c h\u00fat: 600 m3\/h<\/li>\n<li>\u0110\u1ed9 \u1ed3n &lt; 59dB<\/li>\n<li>C\u00f4ng su\u1ea5t 185 W<\/li>\n<li>K\u00edch th\u01b0\u1edbc: W530 x D295 x H237mm<\/li>\n<\/ul>\n<figure id=\"attachment_22211\" aria-describedby=\"caption-attachment-22211\" style=\"width: 800px\" class=\"wp-caption alignnone\"><img loading=\"lazy\" decoding=\"async\" class=\"size-full wp-image-22211\" src=\"https:\/\/livinghome.vn\/thiet-bi\/wp-content\/uploads\/2023\/01\/malloca-k1153-1.jpg\" alt=\"M\u00e1y H\u00fat M\u00f9i \u00c2m T\u1ee7 Malloca K1153, 53cm, C\u00f4ng T\u1eafc G\u1ea1t\" width=\"800\" height=\"800\" title=\"\" srcset=\"https:\/\/livinghome.vn\/thiet-bi\/wp-content\/uploads\/2023\/01\/malloca-k1153-1.jpg 800w, https:\/\/livinghome.vn\/thiet-bi\/wp-content\/uploads\/2023\/01\/malloca-k1153-1-400x400.jpg 400w, https:\/\/livinghome.vn\/thiet-bi\/wp-content\/uploads\/2023\/01\/malloca-k1153-1-280x280.jpg 280w, https:\/\/livinghome.vn\/thiet-bi\/wp-content\/uploads\/2023\/01\/malloca-k1153-1-768x768.jpg 768w, https:\/\/livinghome.vn\/thiet-bi\/wp-content\/uploads\/2023\/01\/malloca-k1153-1-300x300.jpg 300w, https:\/\/livinghome.vn\/thiet-bi\/wp-content\/uploads\/2023\/01\/malloca-k1153-1-600x600.jpg 600w, https:\/\/livinghome.vn\/thiet-bi\/wp-content\/uploads\/2023\/01\/malloca-k1153-1-100x100.jpg 100w\" sizes=\"auto, (max-width: 800px) 100vw, 800px\" \/><figcaption id=\"caption-attachment-22211\" class=\"wp-caption-text\">K\u00edch th\u01b0\u1edbc l\u1eafp \u0111\u1eb7t c\u1ee7a M\u00e1y H\u00fat M\u00f9i \u00c2m T\u1ee7 Malloca K1153<\/figcaption><\/figure>\n<h3>Xu\u1ea5t x\u1ee9: <strong>Th\u1ed5 Nh\u0129 K\u1ef3<\/strong><\/h3>\n<div><\/div>\n","protected":false},"excerpt":{"rendered":"<p style=\"text-align: left;\"><span style=\"font-weight: 400;\">M\u00e0u s\u1eafc: <\/span><span style=\"font-weight: 400;\">\u00a0Inox<\/span><\/p>\n<p style=\"text-align: left;\"><span style=\"font-weight: 400;\">\u0110i\u1ec1u khi\u1ec3n <\/span><span style=\"font-weight: 400;\">n\u00fat g\u1ea1t<\/span><\/p>\n<p style=\"text-align: left;\"><span style=\"font-weight: 400;\">S\u1ee9c h\u00fat: <\/span><span style=\"font-weight: 400;\">600m3\/h<\/span> <span style=\"font-weight: 400;\">&#8211;<\/span><span style=\"font-weight: 400;\"> \u0110\u1ed9 \u1ed3n: <\/span><span style=\"font-weight: 400;\">&lt;59dB<\/span><\/p>\n<p style=\"text-align: left;\"><span style=\"font-weight: 400;\">C\u00f4ng su\u1ea5t:<\/span> <span style=\"font-weight: 400;\">185W<\/span><\/p>\n<p style=\"text-align: left;\"><span style=\"font-weight: 400;\">K\u00edch th\u01b0\u1edbc: <\/span><span style=\"font-weight: 400;\">\u00a0W530 x D295 x H237mm<\/span><\/p>\n","protected":false},"featured_media":22212,"comment_status":"open","ping_status":"closed","template":"","meta":[],"product_brand":[],"product_cat":[84,595,274,262],"product_tag":[270,276,86,87,271],"class_list":{"0":"post-1431","1":"product","2":"type-product","3":"status-publish","4":"has-post-thumbnail","6":"product_cat-may-hut-mui","7":"product_cat-may-hut-mui-am-tu","8":"product_cat-may-hut-mui-malloca","9":"product_cat-thuong-hieu-malloca","10":"product_tag-malloca","11":"product_tag-may-hut-am-tu","12":"product_tag-may-hut-mui","13":"product_tag-may-hut-mui-am-tu","14":"product_tag-may-hut-mui-malloca","16":"first","17":"instock","18":"sale","19":"shipping-taxable","20":"purchasable","21":"product-type-simple"},"_links":{"self":[{"href":"https:\/\/livinghome.vn\/thiet-bi\/wp-json\/wp\/v2\/product\/1431","targetHints":{"allow":["GET"]}}],"collection":[{"href":"https:\/\/livinghome.vn\/thiet-bi\/wp-json\/wp\/v2\/product"}],"about":[{"href":"https:\/\/livinghome.vn\/thiet-bi\/wp-json\/wp\/v2\/types\/product"}],"replies":[{"embeddable":true,"href":"https:\/\/livinghome.vn\/thiet-bi\/wp-json\/wp\/v2\/comments?post=1431"}],"wp:featuredmedia":[{"embeddable":true,"href":"https:\/\/livinghome.vn\/thiet-bi\/wp-json\/wp\/v2\/media\/22212"}],"wp:attachment":[{"href":"https:\/\/livinghome.vn\/thiet-bi\/wp-json\/wp\/v2\/media?parent=1431"}],"wp:term":[{"taxonomy":"product_brand","embeddable":true,"href":"https:\/\/livinghome.vn\/thiet-bi\/wp-json\/wp\/v2\/product_brand?post=1431"},{"taxonomy":"product_cat","embeddable":true,"href":"https:\/\/livinghome.vn\/thiet-bi\/wp-json\/wp\/v2\/product_cat?post=1431"},{"taxonomy":"product_tag","embeddable":true,"href":"https:\/\/livinghome.vn\/thiet-bi\/wp-json\/wp\/v2\/product_tag?post=1431"}],"curies":[{"name":"wp","href":"https:\/\/api.w.org\/{rel}","templated":true}]}}