{"id":1430,"date":"2023-01-12T13:33:08","date_gmt":"2023-01-12T06:33:08","guid":{"rendered":"https:\/\/livinghome.vn\/thiet-bi\/?post_type=product&#038;p=1430"},"modified":"2024-11-29T14:20:43","modified_gmt":"2024-11-29T07:20:43","slug":"may-hut-mui-am-tu-malloca-hidden-k-730-70cm","status":"publish","type":"product","link":"https:\/\/livinghome.vn\/thiet-bi\/may-hut-mui-am-tu-malloca-hidden-k-730-70cm\/","title":{"rendered":"M\u00e1y H\u00fat M\u00f9i \u00c2m T\u1ee7 Malloca Hidden K-730, 70cm, 670 m3\/h"},"content":{"rendered":"<h2>M\u00e1y h\u00fat m\u00f9i Malloca Hidden K-730 \u00e2m t\u1ee7 \u0111i\u1ec1u khi\u1ec3n c\u1ea3m \u1ee9ng th\u00f4ng minh<\/h2>\n<figure id=\"attachment_22245\" aria-describedby=\"caption-attachment-22245\" style=\"width: 800px\" class=\"wp-caption alignnone\"><img loading=\"lazy\" decoding=\"async\" class=\"size-full wp-image-22245\" src=\"https:\/\/livinghome.vn\/thiet-bi\/wp-content\/uploads\/2023\/01\/malloca-hidden-k-730.jpg\" alt=\"M\u00e1y H\u00fat M\u00f9i \u00c2m T\u1ee7 Malloca Hidden K-730, 70cm, 670 m3\/h\" width=\"800\" height=\"800\" title=\"\" srcset=\"https:\/\/livinghome.vn\/thiet-bi\/wp-content\/uploads\/2023\/01\/malloca-hidden-k-730.jpg 800w, https:\/\/livinghome.vn\/thiet-bi\/wp-content\/uploads\/2023\/01\/malloca-hidden-k-730-400x400.jpg 400w, https:\/\/livinghome.vn\/thiet-bi\/wp-content\/uploads\/2023\/01\/malloca-hidden-k-730-280x280.jpg 280w, https:\/\/livinghome.vn\/thiet-bi\/wp-content\/uploads\/2023\/01\/malloca-hidden-k-730-768x768.jpg 768w, https:\/\/livinghome.vn\/thiet-bi\/wp-content\/uploads\/2023\/01\/malloca-hidden-k-730-300x300.jpg 300w, https:\/\/livinghome.vn\/thiet-bi\/wp-content\/uploads\/2023\/01\/malloca-hidden-k-730-600x600.jpg 600w, https:\/\/livinghome.vn\/thiet-bi\/wp-content\/uploads\/2023\/01\/malloca-hidden-k-730-100x100.jpg 100w\" sizes=\"auto, (max-width: 800px) 100vw, 800px\" \/><figcaption id=\"caption-attachment-22245\" class=\"wp-caption-text\">M\u00e1y h\u00fat m\u00f9i \u00e2m t\u1ee7 Malloca Hidden K-730 ph\u00f9 h\u1ee3p v\u1edbi nh\u1eefng c\u0103n h\u1ed9 chung c\u01b0 \u0111\u00e3 thi\u1ebft k\u1ebf s\u1eb5n t\u1ee7 b\u1ebfp, ho\u1eb7c nh\u1eefng ng\u01b0\u1eddi th\u00edch phong c\u00e1ch t\u1ed1i gi\u1ea3n.<\/figcaption><\/figure>\n<h3>T\u00ednh n\u0103ng c\u01a1 b\u1ea3n<\/h3>\n<ul>\n<li><a href=\"https:\/\/livinghome.vn\/thiet-bi\/may-hut-mui\/\">M\u00e1y h\u00fat kh\u00f3i kh\u1eed m\u00f9i<\/a> \u2013 kh\u1eed m\u00f9i \u00e2m t\u1ee7<\/li>\n<li>Th\u00e2n m\u00e1y: Inox<\/li>\n<li>\u0110i\u1ec1u khi\u1ec3n c\u1ea3m \u1ee9ng, 4 t\u1ed1c \u0111\u1ed9<\/li>\n<li>Ch\u1ee9c n\u0103ng h\u1eb9n gi\u1edd<\/li>\n<li>Ch\u1ee9c n\u0103ng c\u1ea3m bi\u1ebfn nhi\u1ec7t t\u1ef1 \u0111\u1ed9ng<\/li>\n<\/ul>\n<h3>Th\u00f4ng s\u1ed1 k\u1ef9 thu\u1eadt<\/h3>\n<ul>\n<li>C\u00f4ng su\u1ea5t h\u00fat: 670m3\/h<\/li>\n<li>\u0110\u1ed9 \u1ed3n: &lt; 64dB<\/li>\n<li>C\u00f4ng su\u1ea5t: 260W<\/li>\n<li>K\u00edch th\u01b0\u1edbc: W730 x D294 x H280mm<\/li>\n<\/ul>\n<figure id=\"attachment_22244\" aria-describedby=\"caption-attachment-22244\" style=\"width: 800px\" class=\"wp-caption alignnone\"><img loading=\"lazy\" decoding=\"async\" class=\"size-full wp-image-22244\" src=\"https:\/\/livinghome.vn\/thiet-bi\/wp-content\/uploads\/2023\/01\/malloca-hidden-k-730-1.jpg\" alt=\"M\u00e1y H\u00fat M\u00f9i \u00c2m T\u1ee7 Malloca Hidden K-730, 70cm, 670 m3\/h\" width=\"800\" height=\"800\" title=\"\" srcset=\"https:\/\/livinghome.vn\/thiet-bi\/wp-content\/uploads\/2023\/01\/malloca-hidden-k-730-1.jpg 800w, https:\/\/livinghome.vn\/thiet-bi\/wp-content\/uploads\/2023\/01\/malloca-hidden-k-730-1-400x400.jpg 400w, https:\/\/livinghome.vn\/thiet-bi\/wp-content\/uploads\/2023\/01\/malloca-hidden-k-730-1-280x280.jpg 280w, https:\/\/livinghome.vn\/thiet-bi\/wp-content\/uploads\/2023\/01\/malloca-hidden-k-730-1-768x768.jpg 768w, https:\/\/livinghome.vn\/thiet-bi\/wp-content\/uploads\/2023\/01\/malloca-hidden-k-730-1-300x300.jpg 300w, https:\/\/livinghome.vn\/thiet-bi\/wp-content\/uploads\/2023\/01\/malloca-hidden-k-730-1-600x600.jpg 600w, https:\/\/livinghome.vn\/thiet-bi\/wp-content\/uploads\/2023\/01\/malloca-hidden-k-730-1-100x100.jpg 100w\" sizes=\"auto, (max-width: 800px) 100vw, 800px\" \/><figcaption id=\"caption-attachment-22244\" class=\"wp-caption-text\">K\u00edch th\u01b0\u1edbc l\u1eafp \u00e2m t\u1ee7 c\u1ee7a M\u00e1y H\u00fat M\u00f9i Malloca Hidden K-730, 70cm<\/figcaption><\/figure>\n<h3>Xu\u1ea5t x\u1ee9: \u00dd<\/h3>\n<div><\/div>\n","protected":false},"excerpt":{"rendered":"<p>M\u00e0u s\u1eafc: Inox<\/p>\n<p>\u0110i\u1ec1u khi\u1ec3n c\u1ea3m \u1ee9ng<\/p>\n<p>S\u1ee9c h\u00fat: 670m3\/h<\/p>\n<p>\u0110\u1ed9 \u1ed3n: &lt;64dB<\/p>\n<p>C\u00f4ng su\u1ea5t: 260W<\/p>\n<p>K\u00edch th\u01b0\u1edbc: W730 x D294 x H280mm<\/p>\n","protected":false},"featured_media":22245,"comment_status":"open","ping_status":"closed","template":"","meta":[],"product_brand":[],"product_cat":[595,274,262],"product_tag":[270,276,86,87,271],"class_list":{"0":"post-1430","1":"product","2":"type-product","3":"status-publish","4":"has-post-thumbnail","6":"product_cat-may-hut-mui-am-tu","7":"product_cat-may-hut-mui-malloca","8":"product_cat-thuong-hieu-malloca","9":"product_tag-malloca","10":"product_tag-may-hut-am-tu","11":"product_tag-may-hut-mui","12":"product_tag-may-hut-mui-am-tu","13":"product_tag-may-hut-mui-malloca","15":"first","16":"instock","17":"sale","18":"shipping-taxable","19":"purchasable","20":"product-type-simple"},"_links":{"self":[{"href":"https:\/\/livinghome.vn\/thiet-bi\/wp-json\/wp\/v2\/product\/1430","targetHints":{"allow":["GET"]}}],"collection":[{"href":"https:\/\/livinghome.vn\/thiet-bi\/wp-json\/wp\/v2\/product"}],"about":[{"href":"https:\/\/livinghome.vn\/thiet-bi\/wp-json\/wp\/v2\/types\/product"}],"replies":[{"embeddable":true,"href":"https:\/\/livinghome.vn\/thiet-bi\/wp-json\/wp\/v2\/comments?post=1430"}],"wp:featuredmedia":[{"embeddable":true,"href":"https:\/\/livinghome.vn\/thiet-bi\/wp-json\/wp\/v2\/media\/22245"}],"wp:attachment":[{"href":"https:\/\/livinghome.vn\/thiet-bi\/wp-json\/wp\/v2\/media?parent=1430"}],"wp:term":[{"taxonomy":"product_brand","embeddable":true,"href":"https:\/\/livinghome.vn\/thiet-bi\/wp-json\/wp\/v2\/product_brand?post=1430"},{"taxonomy":"product_cat","embeddable":true,"href":"https:\/\/livinghome.vn\/thiet-bi\/wp-json\/wp\/v2\/product_cat?post=1430"},{"taxonomy":"product_tag","embeddable":true,"href":"https:\/\/livinghome.vn\/thiet-bi\/wp-json\/wp\/v2\/product_tag?post=1430"}],"curies":[{"name":"wp","href":"https:\/\/api.w.org\/{rel}","templated":true}]}}