{"id":1411,"date":"2023-01-12T13:32:42","date_gmt":"2023-01-12T06:32:42","guid":{"rendered":"https:\/\/livinghome.vn\/thiet-bi\/?post_type=product&#038;p=1411"},"modified":"2024-11-29T14:20:43","modified_gmt":"2024-11-29T07:20:43","slug":"may-hut-mui-ap-tuong-malloca-vita-v-13-gres-kinh-guong-mau-xi-mang","status":"publish","type":"product","link":"https:\/\/livinghome.vn\/thiet-bi\/may-hut-mui-ap-tuong-malloca-vita-v-13-gres-kinh-guong-mau-xi-mang\/","title":{"rendered":"M\u00e1y h\u00fat m\u00f9i \u00e1p t\u01b0\u1eddng Malloca VITA V-13 GRES k\u00ednh g\u01b0\u01a1ng m\u00e0u xi m\u0103ng"},"content":{"rendered":"<h3>M\u00e1y h\u00fat m\u00f9i \u00e1p t\u01b0\u1eddng Malloca VITA V-13 GRES k\u00ednh g\u01b0\u01a1ng m\u00e0u xi m\u0103ng<\/h3>\n<figure id=\"attachment_45420\" aria-describedby=\"caption-attachment-45420\" style=\"width: 800px\" class=\"wp-caption alignnone\"><img loading=\"lazy\" decoding=\"async\" class=\"wp-image-45420 size-large\" src=\"https:\/\/livinghome.vn\/thiet-bi\/wp-content\/uploads\/nha-bep\/malloca\/may-hut-mui\/may-hut-ap-tuong\/may-hut-ap-tuong-vita-v-13-gres\/may-hut-ap-tuong-vita-v-13-gres-3-800x800.jpg\" alt=\"M\u00e1y h\u00fat m\u00f9i \u00e1p t\u01b0\u1eddng Malloca VITA V-13 GRES gi\u00fap b\u1ea1n t\u1ea1o n\u00ean kh\u00f4ng gian b\u1ebfp s\u1ea1ch s\u1ebd, th\u1ea9m n\u1ef9\" width=\"800\" height=\"800\" title=\"\"><figcaption id=\"caption-attachment-45420\" class=\"wp-caption-text\">M\u00e1y h\u00fat m\u00f9i \u00e1p t\u01b0\u1eddng Malloca VITA V-13 GRES gi\u00fap b\u1ea1n t\u1ea1o n\u00ean kh\u00f4ng gian b\u1ebfp s\u1ea1ch s\u1ebd, th\u1ea9m n\u1ef9<\/figcaption><\/figure>\n<h3>T\u00ednh n\u0103ng c\u01a1 b\u1ea3n<\/h3>\n<ul>\n<li><a href=\"https:\/\/livinghome.vn\/thiet-bi\/may-hut-mui\/\">M\u00e1y h\u00fat kh\u00f3i kh\u1eed m\u00f9i<\/a> \u2013 kh\u1eed m\u00f9i \u00e1p t\u01b0\u1eddng<\/li>\n<li>Ch\u1ea5t li\u1ec7u: K\u00ednh g\u01b0\u01a1ng, Ceramic m\u00e0u xi m\u0103ng<\/li>\n<li>\u0110i\u1ec1u khi\u1ec3n c\u1ea3m \u1ee9ng, 4 t\u1ed1c \u0111\u1ed9<\/li>\n<li>H\u1ec7 th\u1ed1ng \u0111i\u1ec1u khi\u1ec3n k\u1ebft n\u1ed1i v\u1edbi b\u1ebfp &#8211;<strong>\u00a0Integra<\/strong><\/li>\n<\/ul>\n<h3>Th\u00f4ng s\u1ed1 k\u1ef9 thu\u1eadt<\/h3>\n<ul>\n<li>C\u00f4ng su\u1ea5t h\u00fat: 700m3\/h<\/li>\n<li>\u0110\u1ed9 \u1ed3n: 59dB<\/li>\n<li>C\u00f4ng su\u1ea5t: 224.2W<\/li>\n<li>K\u00edch th\u01b0\u1edbc: W900 x D442 x H(720-850) mm<\/li>\n<\/ul>\n<p>&nbsp;<\/p>\n<p>&nbsp;<\/p>\n<p>&nbsp;<\/p>\n<p>&nbsp;<\/p>\n<figure id=\"attachment_45414\" aria-describedby=\"caption-attachment-45414\" style=\"width: 800px\" class=\"wp-caption alignnone\"><img loading=\"lazy\" decoding=\"async\" class=\"wp-image-45414 size-large\" src=\"https:\/\/livinghome.vn\/thiet-bi\/wp-content\/uploads\/nha-bep\/malloca\/may-hut-mui\/may-hut-ap-tuong\/may-hut-ap-tuong-vita-v-3\/may-hut-ap-tuong-vita-v-3-1-800x800.jpg\" alt=\"K\u00edch th\u01b0\u1edbc m\u00e1y h\u00fat m\u00f9i \u00e1p t\u01b0\u1eddng Malloca VITA V-13 GRES\" width=\"800\" height=\"800\" title=\"\"><figcaption id=\"caption-attachment-45414\" class=\"wp-caption-text\">K\u00edch th\u01b0\u1edbc m\u00e1y h\u00fat m\u00f9i \u00e1p t\u01b0\u1eddng Malloca VITA V-13 GRES<\/figcaption><\/figure>\n<h3>Xu\u1ea5t x\u1ee9: \u00dd<\/h3>\n<div><\/div>\n","protected":false},"excerpt":{"rendered":"<p>M\u00e1y h\u00fat m\u00f9i \u00e1p t\u01b0\u1eddng Malloca VITA V-13 GRES k\u00ednh g\u01b0\u01a1ng m\u00e0u xi m\u0103ng T\u00ednh n\u0103ng c\u01a1 b\u1ea3n M\u00e1y h\u00fat kh\u00f3i kh\u1eed m\u00f9i \u2013 kh\u1eed m\u00f9i \u00e1p t\u01b0\u1eddng Ch\u1ea5t li\u1ec7u: K\u00ednh g\u01b0\u01a1ng, Ceramic m\u00e0u xi m\u0103ng \u0110i\u1ec1u khi\u1ec3n c\u1ea3m \u1ee9ng, 4 t\u1ed1c \u0111\u1ed9 H\u1ec7 th\u1ed1ng \u0111i\u1ec1u khi\u1ec3n k\u1ebft n\u1ed1i v\u1edbi b\u1ebfp &#8211;\u00a0Integra Th\u00f4ng s\u1ed1 k\u1ef9 [&#8230;]\n","protected":false},"featured_media":18826,"comment_status":"open","ping_status":"closed","template":"","meta":[],"product_brand":[],"product_cat":[89,274,262],"product_tag":[270,197,86,91,271],"class_list":{"0":"post-1411","1":"product","2":"type-product","3":"status-publish","4":"has-post-thumbnail","6":"product_cat-may-hut-mui-gan-tuong","7":"product_cat-may-hut-mui-malloca","8":"product_cat-thuong-hieu-malloca","9":"product_tag-malloca","10":"product_tag-may-hut-ap-tuong","11":"product_tag-may-hut-mui","12":"product_tag-may-hut-mui-ap-tuong","13":"product_tag-may-hut-mui-malloca","15":"first","16":"instock","17":"sale","18":"shipping-taxable","19":"purchasable","20":"product-type-simple"},"_links":{"self":[{"href":"https:\/\/livinghome.vn\/thiet-bi\/wp-json\/wp\/v2\/product\/1411","targetHints":{"allow":["GET"]}}],"collection":[{"href":"https:\/\/livinghome.vn\/thiet-bi\/wp-json\/wp\/v2\/product"}],"about":[{"href":"https:\/\/livinghome.vn\/thiet-bi\/wp-json\/wp\/v2\/types\/product"}],"replies":[{"embeddable":true,"href":"https:\/\/livinghome.vn\/thiet-bi\/wp-json\/wp\/v2\/comments?post=1411"}],"wp:featuredmedia":[{"embeddable":true,"href":"https:\/\/livinghome.vn\/thiet-bi\/wp-json\/wp\/v2\/media\/18826"}],"wp:attachment":[{"href":"https:\/\/livinghome.vn\/thiet-bi\/wp-json\/wp\/v2\/media?parent=1411"}],"wp:term":[{"taxonomy":"product_brand","embeddable":true,"href":"https:\/\/livinghome.vn\/thiet-bi\/wp-json\/wp\/v2\/product_brand?post=1411"},{"taxonomy":"product_cat","embeddable":true,"href":"https:\/\/livinghome.vn\/thiet-bi\/wp-json\/wp\/v2\/product_cat?post=1411"},{"taxonomy":"product_tag","embeddable":true,"href":"https:\/\/livinghome.vn\/thiet-bi\/wp-json\/wp\/v2\/product_tag?post=1411"}],"curies":[{"name":"wp","href":"https:\/\/api.w.org\/{rel}","templated":true}]}}