{"id":1409,"date":"2023-01-12T13:32:42","date_gmt":"2023-01-12T13:32:42","guid":{"rendered":"https:\/\/livinghome.vn\/thiet-bi\/?post_type=product&#038;p=1409"},"modified":"2024-11-29T14:20:43","modified_gmt":"2024-11-29T07:20:43","slug":"may-hut-mui-malloca-time-k-16-bruno-ap-tuong-mau-sat-gi-sieu-khac-biet","status":"publish","type":"product","link":"https:\/\/livinghome.vn\/thiet-bi\/may-hut-mui-malloca-time-k-16-bruno-ap-tuong-mau-sat-gi-sieu-khac-biet\/","title":{"rendered":"M\u00e1y h\u00fat m\u00f9i Malloca TIME K-16 BRUNO \u00e1p t\u01b0\u1eddng m\u00e0u s\u1eaft g\u1ec9 si\u00eau kh\u00e1c bi\u1ec7t"},"content":{"rendered":"<h3>M\u00e1y h\u00fat m\u00f9i Malloca TIME K-16 BRUNO \u00e1p t\u01b0\u1eddng m\u00e0u s\u1eaft g\u1ec9 si\u00eau kh\u00e1c bi\u1ec7t<\/h3>\n<figure id=\"attachment_45406\" aria-describedby=\"caption-attachment-45406\" style=\"width: 800px\" class=\"wp-caption alignnone\"><img loading=\"lazy\" decoding=\"async\" class=\"wp-image-45406 size-large\" src=\"https:\/\/livinghome.vn\/thiet-bi\/wp-content\/uploads\/nha-bep\/malloca\/may-hut-mui\/may-hut-ap-tuong\/may-hut-ap-tuong-time-k16-bruno\/may-hut-ap-tuong-time-k16-bruno-800x800.jpg\" alt=\"M\u00e1y h\u00fat m\u00f9i \u00e1p t\u01b0\u1eddng Malloca TIME K-16 BRUNO v\u1edbi nhi\u1ec1u t\u00ednh n\u0103ng v\u01b0\u1ee3t tr\u1ed9i c\u1ee7a g\u1ed1m nh\u01b0 ch\u1ecbu nhi\u1ec7t t\u1ed1t, kh\u00f3 tr\u1ea7y x\u01b0\u1edbc, d\u1ec5 lau ch\u00f9i\" width=\"800\" height=\"800\" title=\"\"><figcaption id=\"caption-attachment-45406\" class=\"wp-caption-text\">M\u00e1y h\u00fat m\u00f9i \u00e1p t\u01b0\u1eddng Malloca TIME K-16 BRUNO v\u1edbi nhi\u1ec1u t\u00ednh n\u0103ng v\u01b0\u1ee3t tr\u1ed9i c\u1ee7a ceramic nh\u01b0 ch\u1ecbu nhi\u1ec7t t\u1ed1t, kh\u00f3 tr\u1ea7y x\u01b0\u1edbc, d\u1ec5 lau ch\u00f9i<\/figcaption><\/figure>\n<h3>T\u00ednh n\u0103ng c\u01a1 b\u1ea3n<\/h3>\n<ul>\n<li><a href=\"https:\/\/livinghome.vn\/thiet-bi\/may-hut-mui\/\">M\u00e1y h\u00fat kh\u00f3i kh\u1eed m\u00f9i<\/a> \u2013 kh\u1eed m\u00f9i \u00e1p t\u01b0\u1eddng<\/li>\n<li>Ch\u1ea5t li\u1ec7u: Ceramic m\u00e0u s\u1eaft g\u1ec9<\/li>\n<li>\u0110i\u1ec1u khi\u1ec3n remote, 4 t\u1ed1c \u0111\u1ed9<\/li>\n<li>H\u1ec7 th\u1ed1ng \u0111i\u1ec1u khi\u1ec3n k\u1ebft n\u1ed1i v\u1edbi b\u1ebfp \u2013 Integra<\/li>\n<\/ul>\n<h3>Th\u00f4ng s\u1ed1 k\u1ef9 thu\u1eadt<\/h3>\n<ul>\n<li>C\u00f4ng su\u1ea5t h\u00fat: 850m3\/h<\/li>\n<li>\u0110\u1ed3 \u1ed3n: 58dB<\/li>\n<li>C\u00f4ng su\u1ea5t: 90W<\/li>\n<li>K\u00edch th\u01b0\u1edbc: W896 x D277 x H(913-1.258)mm<\/li>\n<\/ul>\n<p>&nbsp;<\/p>\n<p>&nbsp;<\/p>\n<p>&nbsp;<\/p>\n<figure id=\"attachment_45407\" aria-describedby=\"caption-attachment-45407\" style=\"width: 800px\" class=\"wp-caption alignnone\"><img loading=\"lazy\" decoding=\"async\" class=\"wp-image-45407 size-large\" src=\"https:\/\/livinghome.vn\/thiet-bi\/wp-content\/uploads\/nha-bep\/malloca\/may-hut-mui\/may-hut-ap-tuong\/may-hut-ap-tuong-time-k16-bruno\/may-hut-ap-tuong-time-k16-bruno-1-800x800.jpg\" alt=\"K\u00edch th\u01b0\u1edbc m\u00e1y h\u00fat m\u00f9i \u00e1p t\u01b0\u1eddng Malloca TIME K-16 BRUNO\" width=\"800\" height=\"800\" title=\"\"><figcaption id=\"caption-attachment-45407\" class=\"wp-caption-text\">K\u00edch th\u01b0\u1edbc m\u00e1y h\u00fat m\u00f9i \u00e1p t\u01b0\u1eddng Malloca TIME K-16 BRUNO<\/figcaption><\/figure>\n<h3>Xu\u1ea5t x\u1ee9: \u00dd<\/h3>\n<div><\/div>\n","protected":false},"excerpt":{"rendered":"<ul>\n<li style=\"text-align: left\"><span style=\"font-weight: 400\">M\u00e0u s\u1eafc: <\/span><span style=\"font-weight: 400\">Ceramic m\u00e0u s\u1eaft g\u1ec9<\/span><\/li>\n<li style=\"text-align: left\"><span style=\"font-weight: 400\">\u0110i\u1ec1u khi\u1ec3n <\/span><span style=\"font-weight: 400\">remote<\/span><\/li>\n<li style=\"text-align: left\"><span style=\"font-weight: 400\">S\u1ee9c h\u00fat: <\/span><span style=\"font-weight: 400\">850 m3\/h<\/span> <span style=\"font-weight: 400\">&#8211;<\/span><span style=\"font-weight: 400\"> \u0110\u1ed9 \u1ed3n: <\/span><span style=\"font-weight: 400\">58dB<\/span><\/li>\n<li style=\"text-align: left\"><span style=\"font-weight: 400\">C\u00f4ng su\u1ea5t:<\/span> <span style=\"font-weight: 400\">90W<\/span><\/li>\n<li style=\"text-align: left\"><span style=\"font-weight: 400\">K\u00edch th\u01b0\u1edbc: <\/span><span style=\"font-weight: 400\">W896 x D277 x H(913-1.258)mm<\/span><span style=\"font-weight: 400\">\u00a0<\/span><span style=\"font-weight: 400\">\u00a0<\/span><\/li>\n<\/ul>\n","protected":false},"featured_media":18820,"comment_status":"open","ping_status":"closed","template":"","meta":[],"product_brand":[],"product_cat":[89,274,262],"product_tag":[270,197,86,91,271],"class_list":{"0":"post-1409","1":"product","2":"type-product","3":"status-publish","4":"has-post-thumbnail","6":"product_cat-may-hut-mui-gan-tuong","7":"product_cat-may-hut-mui-malloca","8":"product_cat-thuong-hieu-malloca","9":"product_tag-malloca","10":"product_tag-may-hut-ap-tuong","11":"product_tag-may-hut-mui","12":"product_tag-may-hut-mui-ap-tuong","13":"product_tag-may-hut-mui-malloca","15":"first","16":"instock","17":"sale","18":"shipping-taxable","19":"purchasable","20":"product-type-simple"},"_links":{"self":[{"href":"https:\/\/livinghome.vn\/thiet-bi\/wp-json\/wp\/v2\/product\/1409","targetHints":{"allow":["GET"]}}],"collection":[{"href":"https:\/\/livinghome.vn\/thiet-bi\/wp-json\/wp\/v2\/product"}],"about":[{"href":"https:\/\/livinghome.vn\/thiet-bi\/wp-json\/wp\/v2\/types\/product"}],"replies":[{"embeddable":true,"href":"https:\/\/livinghome.vn\/thiet-bi\/wp-json\/wp\/v2\/comments?post=1409"}],"wp:featuredmedia":[{"embeddable":true,"href":"https:\/\/livinghome.vn\/thiet-bi\/wp-json\/wp\/v2\/media\/18820"}],"wp:attachment":[{"href":"https:\/\/livinghome.vn\/thiet-bi\/wp-json\/wp\/v2\/media?parent=1409"}],"wp:term":[{"taxonomy":"product_brand","embeddable":true,"href":"https:\/\/livinghome.vn\/thiet-bi\/wp-json\/wp\/v2\/product_brand?post=1409"},{"taxonomy":"product_cat","embeddable":true,"href":"https:\/\/livinghome.vn\/thiet-bi\/wp-json\/wp\/v2\/product_cat?post=1409"},{"taxonomy":"product_tag","embeddable":true,"href":"https:\/\/livinghome.vn\/thiet-bi\/wp-json\/wp\/v2\/product_tag?post=1409"}],"curies":[{"name":"wp","href":"https:\/\/api.w.org\/{rel}","templated":true}]}}