{"id":1387,"date":"2023-01-12T13:32:11","date_gmt":"2023-01-12T06:32:11","guid":{"rendered":"https:\/\/livinghome.vn\/thiet-bi\/?post_type=product&#038;p=1387"},"modified":"2024-11-29T14:20:43","modified_gmt":"2024-11-29T07:20:43","slug":"may-hut-mui-malloca-slim-k1522-ap-tuong-den-thanh-lich-cao-cap","status":"publish","type":"product","link":"https:\/\/livinghome.vn\/thiet-bi\/may-hut-mui-malloca-slim-k1522-ap-tuong-den-thanh-lich-cao-cap\/","title":{"rendered":"M\u00e1y h\u00fat m\u00f9i Malloca SLIM K1522 \u00e1p t\u01b0\u1eddng \u0111en thanh l\u1ecbch cao c\u1ea5p"},"content":{"rendered":"<h3>M\u00e1y h\u00fat m\u00f9i Malloca SLIM K1522 \u00e1p t\u01b0\u1eddng \u0111en thanh l\u1ecbch cao c\u1ea5p<\/h3>\n<figure id=\"attachment_45378\" aria-describedby=\"caption-attachment-45378\" style=\"width: 800px\" class=\"wp-caption alignnone\"><img loading=\"lazy\" decoding=\"async\" class=\"wp-image-45378 size-large\" src=\"https:\/\/livinghome.vn\/thiet-bi\/wp-content\/uploads\/nha-bep\/malloca\/may-hut-mui\/may-hut-ap-tuong\/may-hut-ap-tuong-slim-k1522\/may-hut-ap-tuong-slim-k1522-3-800x800.jpg\" alt=\"M\u00e1y h\u00fat m\u00f9i \u00e1p t\u01b0\u1eddng Malloca SLIM K1522 v\u1edbi thi\u1ebft k\u1ebf tinh x\u1ea3o trong \u0111\u01b0\u1eddng n\u00e9t v\u00e0 \u0111em \u0111\u1ebfn \u0111\u1eb3ng c\u1ea5p kh\u00e1c bi\u1ec7t cho c\u00e1c gian b\u1ebfp\" width=\"800\" height=\"800\" title=\"\"><figcaption id=\"caption-attachment-45378\" class=\"wp-caption-text\">M\u00e1y h\u00fat m\u00f9i \u00e1p t\u01b0\u1eddng Malloca SLIM K1522 v\u1edbi thi\u1ebft k\u1ebf tinh x\u1ea3o trong \u0111\u01b0\u1eddng n\u00e9t, \u0111em \u0111\u1ebfn \u0111\u1eb3ng c\u1ea5p kh\u00e1c bi\u1ec7t cho c\u00e1c gian b\u1ebfp<\/figcaption><\/figure>\n<h3>T\u00ednh n\u0103ng c\u01a1 b\u1ea3n<\/h3>\n<ul>\n<li><a href=\"https:\/\/livinghome.vn\/thiet-bi\/may-hut-mui\/\">M\u00e1y h\u00fat kh\u00f3i kh\u1eed m\u00f9i<\/a> \u2013 kh\u1eed m\u00f9i \u00e1p t\u01b0\u1eddng<\/li>\n<li>Ch\u1ea5t li\u1ec7u: S\u01a1n t\u0129nh \u0111i\u1ec7n m\u00e0u \u0111en<\/li>\n<li>\u0110i\u1ec1u khi\u1ec3n b\u00e0n ph\u00edm \u0111i\u1ec7n t\u1eed, 5 t\u1ed1c \u0111\u1ed9<\/li>\n<\/ul>\n<p>&nbsp;<\/p>\n<h3>Th\u00f4ng s\u1ed1 k\u1ef9 thu\u1eadt<\/h3>\n<ul>\n<li>C\u00f4ng su\u1ea5t h\u00fat 850 m3\/h<\/li>\n<li>\u0110\u1ed9 \u1ed3n: &lt;63dB<\/li>\n<li>C\u00f4ng Su\u1ea5t : 217W<\/li>\n<li>K\u00edch th\u01b0\u1edbc: W900 x D500 x H (730-1010) mm<\/li>\n<\/ul>\n<p>&nbsp;<\/p>\n<p>&nbsp;<\/p>\n<figure id=\"attachment_45379\" aria-describedby=\"caption-attachment-45379\" style=\"width: 800px\" class=\"wp-caption alignnone\"><img loading=\"lazy\" decoding=\"async\" class=\"wp-image-45379 size-large\" src=\"https:\/\/livinghome.vn\/thiet-bi\/wp-content\/uploads\/nha-bep\/malloca\/may-hut-mui\/may-hut-ap-tuong\/may-hut-ap-tuong-slim-k1522\/may-hut-ap-tuong-slim-k1522-1-800x800.jpg\" alt=\"K\u00edch th\u01b0\u1edbc m\u00e1y h\u00fat m\u00f9i \u00e1p t\u01b0\u1eddng Malloca SLIM K1522\" width=\"800\" height=\"800\" title=\"\"><figcaption id=\"caption-attachment-45379\" class=\"wp-caption-text\">K\u00edch th\u01b0\u1edbc m\u00e1y h\u00fat m\u00f9i \u00e1p t\u01b0\u1eddng Malloca SLIM K1522<\/figcaption><\/figure>\n<h3>Xu\u1ea5t x\u1ee9: <strong>Th\u1ed5 Nh\u0129 K\u1ef3<\/strong><\/h3>\n<div><\/div>\n","protected":false},"excerpt":{"rendered":"<p style=\"text-align: center\"><span style=\"font-weight: 400\">M\u00e0u s\u1eafc: <\/span><span style=\"font-weight: 400\">S\u01a1n t\u0129nh \u0111i\u1ec7n m\u00e0u \u0111en<\/span><\/p>\n<p style=\"text-align: center\"><span style=\"font-weight: 400\">\u0110i\u1ec1u khi\u1ec3n <\/span><span style=\"font-weight: 400\">b\u00e0n ph\u00edm \u0111i\u1ec7n t\u1eed<\/span><\/p>\n<p style=\"text-align: center\"><span style=\"font-weight: 400\">S\u1ee9c h\u00fat: <\/span><span style=\"font-weight: 400\">850 m3\/h<\/span> <span style=\"font-weight: 400\">&#8211;<\/span><span style=\"font-weight: 400\"> \u0110\u1ed9 \u1ed3n: <\/span><span style=\"font-weight: 400\">&lt;63dB<\/span><\/p>\n<p style=\"text-align: center\"><span style=\"font-weight: 400\">C\u00f4ng su\u1ea5t:<\/span> <span style=\"font-weight: 400\">217W<\/span><\/p>\n<p style=\"text-align: center\"><span style=\"font-weight: 400\">K\u00edch th\u01b0\u1edbc: <\/span><span style=\"font-weight: 400\">W900 x D500 x H (730-1010) mm<\/span><\/p>\n","protected":false},"featured_media":18807,"comment_status":"open","ping_status":"closed","template":"","meta":[],"product_brand":[],"product_cat":[89,274,262],"product_tag":[270,197,86,91,271],"class_list":{"0":"post-1387","1":"product","2":"type-product","3":"status-publish","4":"has-post-thumbnail","6":"product_cat-may-hut-mui-gan-tuong","7":"product_cat-may-hut-mui-malloca","8":"product_cat-thuong-hieu-malloca","9":"product_tag-malloca","10":"product_tag-may-hut-ap-tuong","11":"product_tag-may-hut-mui","12":"product_tag-may-hut-mui-ap-tuong","13":"product_tag-may-hut-mui-malloca","15":"first","16":"instock","17":"sale","18":"shipping-taxable","19":"purchasable","20":"product-type-simple"},"_links":{"self":[{"href":"https:\/\/livinghome.vn\/thiet-bi\/wp-json\/wp\/v2\/product\/1387","targetHints":{"allow":["GET"]}}],"collection":[{"href":"https:\/\/livinghome.vn\/thiet-bi\/wp-json\/wp\/v2\/product"}],"about":[{"href":"https:\/\/livinghome.vn\/thiet-bi\/wp-json\/wp\/v2\/types\/product"}],"replies":[{"embeddable":true,"href":"https:\/\/livinghome.vn\/thiet-bi\/wp-json\/wp\/v2\/comments?post=1387"}],"wp:featuredmedia":[{"embeddable":true,"href":"https:\/\/livinghome.vn\/thiet-bi\/wp-json\/wp\/v2\/media\/18807"}],"wp:attachment":[{"href":"https:\/\/livinghome.vn\/thiet-bi\/wp-json\/wp\/v2\/media?parent=1387"}],"wp:term":[{"taxonomy":"product_brand","embeddable":true,"href":"https:\/\/livinghome.vn\/thiet-bi\/wp-json\/wp\/v2\/product_brand?post=1387"},{"taxonomy":"product_cat","embeddable":true,"href":"https:\/\/livinghome.vn\/thiet-bi\/wp-json\/wp\/v2\/product_cat?post=1387"},{"taxonomy":"product_tag","embeddable":true,"href":"https:\/\/livinghome.vn\/thiet-bi\/wp-json\/wp\/v2\/product_tag?post=1387"}],"curies":[{"name":"wp","href":"https:\/\/api.w.org\/{rel}","templated":true}]}}