{"id":1356,"date":"2023-01-12T13:31:12","date_gmt":"2023-01-12T06:31:12","guid":{"rendered":"https:\/\/livinghome.vn\/thiet-bi\/?post_type=product&#038;p=1356"},"modified":"2024-11-29T14:20:43","modified_gmt":"2024-11-29T07:20:43","slug":"may-hut-mui-malloca-min-f-205-ap-tuong-nho-gon-thong-minh","status":"publish","type":"product","link":"https:\/\/livinghome.vn\/thiet-bi\/may-hut-mui-malloca-min-f-205-ap-tuong-nho-gon-thong-minh\/","title":{"rendered":"M\u00e1y h\u00fat m\u00f9i Malloca MIN F-205 \u00e1p t\u01b0\u1eddng nh\u1ecf g\u1ecdn th\u00f4ng minh"},"content":{"rendered":"<h3>M\u00e1y h\u00fat m\u00f9i Malloca MIN F-205 \u00e1p t\u01b0\u1eddng nh\u1ecf g\u1ecdn th\u00f4ng minh<\/h3>\n<figure id=\"attachment_45344\" aria-describedby=\"caption-attachment-45344\" style=\"width: 800px\" class=\"wp-caption alignnone\"><img loading=\"lazy\" decoding=\"async\" class=\"wp-image-45344 size-large\" src=\"https:\/\/livinghome.vn\/thiet-bi\/wp-content\/uploads\/nha-bep\/malloca\/may-hut-mui\/may-hut-ap-tuong\/may-hut-ap-tuong-min-f-205\/may-hut-ap-tuong-min-f-205-2-800x800.jpg\" alt=\"M\u00e1y h\u00fat m\u00f9i \u00e1p t\u01b0\u1eddng Malloca MIN F-205 v\u1edbi thi\u1ebft k\u1ebf ki\u1ec3u d\u00e1ng \u0111\u1eb9p, hi\u1ec7n \u0111\u1ea1i \u0111\u00e1p \u1ee9ng r\u1ea5t t\u1ed1t nhu c\u1ea7u c\u1ee7a nh\u1eefng kh\u00e1ch h\u00e0ng c\u00f3 y\u00eau c\u1ea7u cao v\u1ec1 th\u1ea9m m\u1ef9\" width=\"800\" height=\"800\" title=\"\"><figcaption id=\"caption-attachment-45344\" class=\"wp-caption-text\">M\u00e1y h\u00fat m\u00f9i \u00e1p t\u01b0\u1eddng Malloca MIN F-205 v\u1edbi thi\u1ebft k\u1ebf ki\u1ec3u d\u00e1ng \u0111\u1eb9p, hi\u1ec7n \u0111\u1ea1i \u0111\u00e1p \u1ee9ng r\u1ea5t t\u1ed1t nhu c\u1ea7u c\u1ee7a nh\u1eefng kh\u00e1ch h\u00e0ng c\u00f3 y\u00eau c\u1ea7u cao v\u1ec1 th\u1ea9m m\u1ef9<\/figcaption><\/figure>\n<h3>T\u00ednh n\u0103ng c\u01a1 b\u1ea3n<\/h3>\n<ul>\n<li><a href=\"https:\/\/livinghome.vn\/thiet-bi\/may-hut-mui\/\">M\u00e1y h\u00fat kh\u00f3i kh\u1eed m\u00f9i<\/a> \u2013 kh\u1eed m\u00f9i \u00e1p t\u01b0\u1eddng<\/li>\n<li>Ch\u1ea5t li\u1ec7u: K\u00ednh \u0111en + Inox<\/li>\n<li>\u0110i\u1ec1u khi\u1ec3n c\u1ea3m \u1ee9ng, 4 t\u1ed1c \u0111\u1ed9<\/li>\n<\/ul>\n<h3>Th\u00f4ng s\u1ed1 k\u1ef9 thu\u1eadt<\/h3>\n<ul>\n<li>C\u00f4ng su\u1ea5t h\u00fat: 750m3\/h<\/li>\n<li>\u0110\u1ed9 \u1ed3n: 58dB<\/li>\n<li>C\u00f4ng su\u1ea5t: 224.2W<\/li>\n<li>K\u00edch th\u01b0\u1edbc: W900 x D480 x H(640-1060) mm<\/li>\n<\/ul>\n<figure id=\"attachment_45346\" aria-describedby=\"caption-attachment-45346\" style=\"width: 800px\" class=\"wp-caption alignnone\"><img loading=\"lazy\" decoding=\"async\" class=\"wp-image-45346 size-large\" src=\"https:\/\/livinghome.vn\/thiet-bi\/wp-content\/uploads\/nha-bep\/malloca\/may-hut-mui\/may-hut-ap-tuong\/may-hut-ap-tuong-min-f-205\/may-hut-ap-tuong-min-f-205-1-800x800.jpg\" alt=\"K\u00edch th\u01b0\u1edbc m\u00e1y h\u00fat m\u00f9i Malloca MIN F-205\" width=\"800\" height=\"800\" title=\"\"><figcaption id=\"caption-attachment-45346\" class=\"wp-caption-text\">K\u00edch th\u01b0\u1edbc m\u00e1y h\u00fat m\u00f9i Malloca MIN F-205<\/figcaption><\/figure>\n<h3>Xu\u1ea5t x\u1ee9: \u00dd<\/h3>\n<div><\/div>\n","protected":false},"excerpt":{"rendered":"<p style=\"text-align: center\"><span style=\"font-weight: 400\">M\u00e0u s\u1eafc: <\/span><span style=\"font-weight: 400\">K\u00ednh \u0111en + Inox<\/span><\/p>\n<p style=\"text-align: center\"><span style=\"font-weight: 400\">\u0110i\u1ec1u khi\u1ec3n <\/span><span style=\"font-weight: 400\">c\u1ea3m \u1ee9ng<\/span><\/p>\n<p style=\"text-align: center\"><span style=\"font-weight: 400\">S\u1ee9c h\u00fat: <\/span><span style=\"font-weight: 400\">750m3\/h<\/span> <span style=\"font-weight: 400\">&#8211;<\/span><span style=\"font-weight: 400\"> \u0110\u1ed9 \u1ed3n: <\/span><span style=\"font-weight: 400\">58dB\u00a0<\/span><\/p>\n<p style=\"text-align: center\"><span style=\"font-weight: 400\">C\u00f4ng su\u1ea5t:<\/span> <span style=\"font-weight: 400\">224.2W<\/span><\/p>\n<p style=\"text-align: center\"><span style=\"font-weight: 400\">K\u00edch th\u01b0\u1edbc: <\/span><span style=\"font-weight: 400\">\u00a0W900 x D480 x H(640-1060) mm<\/span><\/p>\n","protected":false},"featured_media":18801,"comment_status":"open","ping_status":"closed","template":"","meta":[],"product_brand":[],"product_cat":[89,274,262],"product_tag":[270,197,86,91,271],"class_list":{"0":"post-1356","1":"product","2":"type-product","3":"status-publish","4":"has-post-thumbnail","6":"product_cat-may-hut-mui-gan-tuong","7":"product_cat-may-hut-mui-malloca","8":"product_cat-thuong-hieu-malloca","9":"product_tag-malloca","10":"product_tag-may-hut-ap-tuong","11":"product_tag-may-hut-mui","12":"product_tag-may-hut-mui-ap-tuong","13":"product_tag-may-hut-mui-malloca","15":"first","16":"instock","17":"sale","18":"shipping-taxable","19":"purchasable","20":"product-type-simple"},"_links":{"self":[{"href":"https:\/\/livinghome.vn\/thiet-bi\/wp-json\/wp\/v2\/product\/1356","targetHints":{"allow":["GET"]}}],"collection":[{"href":"https:\/\/livinghome.vn\/thiet-bi\/wp-json\/wp\/v2\/product"}],"about":[{"href":"https:\/\/livinghome.vn\/thiet-bi\/wp-json\/wp\/v2\/types\/product"}],"replies":[{"embeddable":true,"href":"https:\/\/livinghome.vn\/thiet-bi\/wp-json\/wp\/v2\/comments?post=1356"}],"wp:featuredmedia":[{"embeddable":true,"href":"https:\/\/livinghome.vn\/thiet-bi\/wp-json\/wp\/v2\/media\/18801"}],"wp:attachment":[{"href":"https:\/\/livinghome.vn\/thiet-bi\/wp-json\/wp\/v2\/media?parent=1356"}],"wp:term":[{"taxonomy":"product_brand","embeddable":true,"href":"https:\/\/livinghome.vn\/thiet-bi\/wp-json\/wp\/v2\/product_brand?post=1356"},{"taxonomy":"product_cat","embeddable":true,"href":"https:\/\/livinghome.vn\/thiet-bi\/wp-json\/wp\/v2\/product_cat?post=1356"},{"taxonomy":"product_tag","embeddable":true,"href":"https:\/\/livinghome.vn\/thiet-bi\/wp-json\/wp\/v2\/product_tag?post=1356"}],"curies":[{"name":"wp","href":"https:\/\/api.w.org\/{rel}","templated":true}]}}