{"id":1353,"date":"2023-01-12T13:31:12","date_gmt":"2023-01-12T06:31:12","guid":{"rendered":"https:\/\/livinghome.vn\/thiet-bi\/?post_type=product&#038;p=1353"},"modified":"2024-11-29T14:20:44","modified_gmt":"2024-11-29T07:20:44","slug":"may-hut-mui-malloca-mc-9018hs-ap-tuong-thep-khong-gi","status":"publish","type":"product","link":"https:\/\/livinghome.vn\/thiet-bi\/may-hut-mui-malloca-mc-9018hs-ap-tuong-thep-khong-gi\/","title":{"rendered":"M\u00e1y h\u00fat m\u00f9i Malloca MC 9018HS \u00e1p t\u01b0\u1eddng th\u00e9p kh\u00f4ng g\u1ec9"},"content":{"rendered":"<h3>M\u00e1y h\u00fat m\u00f9i Malloca MC 9018HS \u00e1p t\u01b0\u1eddng th\u00e9p kh\u00f4ng g\u1ec9<\/h3>\n<figure id=\"attachment_45319\" aria-describedby=\"caption-attachment-45319\" style=\"width: 800px\" class=\"wp-caption alignnone\"><img loading=\"lazy\" decoding=\"async\" class=\"wp-image-45319 size-large\" src=\"https:\/\/livinghome.vn\/thiet-bi\/wp-content\/uploads\/nha-bep\/malloca\/may-hut-mui\/may-hut-ap-tuong\/may-hut-ap-tuong-mc-9018hs\/may-hut-ap-tuong-mc-9018hs-800x800.jpg\" alt=\"M\u00e1y h\u00fat m\u00f9i \u00e1p t\u01b0\u1eddng Malloca MC 9018HS v\u1edbi thi\u1ebft k\u1ebf ho\u00e0n to\u00e0n b\u1eb1ng b\u1eb1ng th\u00e9p kh\u00f4ng g\u1ec9\" width=\"800\" height=\"800\" title=\"\"><figcaption id=\"caption-attachment-45319\" class=\"wp-caption-text\">M\u00e1y h\u00fat m\u00f9i \u00e1p t\u01b0\u1eddng Malloca MC 9018HS v\u1edbi thi\u1ebft k\u1ebf ho\u00e0n to\u00e0n b\u1eb1ng b\u1eb1ng th\u00e9p kh\u00f4ng g\u1ec9<\/figcaption><\/figure>\n<h3>T\u00ednh n\u0103ng c\u01a1 b\u1ea3n<\/h3>\n<ul>\n<li><a href=\"https:\/\/livinghome.vn\/thiet-bi\/may-hut-mui\/\">M\u00e1y h\u00fat kh\u00f3i kh\u1eed m\u00f9i<\/a> \u2013 kh\u1eed m\u00f9i \u00e1p t\u01b0\u1eddng<\/li>\n<li>Th\u00e2n m\u00e1y b\u1eb1ng th\u00e9p kh\u00f4ng g\u1ec9 + k\u00ednh \u0111en<\/li>\n<li>H\u1ec7 th\u1ed1ng \u0111i\u1ec1u khi\u1ec3n 3 t\u1ed1c \u0111\u1ed9<\/li>\n<\/ul>\n<h3>Th\u00f4ng s\u1ed1 k\u1ef9 thu\u1eadt<\/h3>\n<ul>\n<li>\u0110\u00e8n LED 2 x 2W<\/li>\n<li>\u0110\u1ed9 \u1ed3n \u2264 53dB<\/li>\n<li>C\u00f4ng su\u1ea5t h\u00fat: 1200m3\/h<\/li>\n<li>C\u00f4ng su\u1ea5t: 180W<\/li>\n<li>K\u00edch th\u01b0\u1edbc: W895 x D455 x H860mm<\/li>\n<\/ul>\n<p>&nbsp;<\/p>\n<figure id=\"attachment_45318\" aria-describedby=\"caption-attachment-45318\" style=\"width: 800px\" class=\"wp-caption alignnone\"><img loading=\"lazy\" decoding=\"async\" class=\"wp-image-45318 size-large\" src=\"https:\/\/livinghome.vn\/thiet-bi\/wp-content\/uploads\/nha-bep\/malloca\/may-hut-mui\/may-hut-ap-tuong\/may-hut-ap-tuong-mc-9018hs\/may-hut-ap-tuong-mc-9018hs-1-800x800.jpg\" alt=\"K\u00edch th\u01b0\u1edbc m\u00e1y h\u00fat m\u00f9i \u00e1p t\u01b0\u1eddng Malloca MC 9018HS\" width=\"800\" height=\"800\" title=\"\"><figcaption id=\"caption-attachment-45318\" class=\"wp-caption-text\">K\u00edch th\u01b0\u1edbc m\u00e1y h\u00fat m\u00f9i \u00e1p t\u01b0\u1eddng Malloca MC 9018HS<\/figcaption><\/figure>\n<h3>Xu\u1ea5t x\u1ee9: <strong>Trung Qu\u1ed1c (theo b\u1ea3n quy\u1ec1n Malloca)<\/strong><\/h3>\n<div><\/div>\n","protected":false},"excerpt":{"rendered":"<p style=\"text-align: center\"><span style=\"font-weight: 400\">M\u00e0u s\u1eafc: <\/span><span style=\"font-weight: 400\">th\u00e9p kh\u00f4ng g\u1ec9 + k\u00ednh \u0111en<\/span><\/p>\n<p style=\"text-align: center\"><span style=\"font-weight: 400\">\u0110i\u1ec1u khi\u1ec3n <\/span><span style=\"font-weight: 400\">n\u00fat b\u1ea5m<\/span><\/p>\n<p style=\"text-align: center\"><span style=\"font-weight: 400\">S\u1ee9c h\u00fat: <\/span><span style=\"font-weight: 400\">1200m3\/h<\/span> <span style=\"font-weight: 400\">&#8211;<\/span><span style=\"font-weight: 400\"> \u0110\u1ed9 \u1ed3n: <\/span><span style=\"font-weight: 400\">\u00a0\u2264 53dB\u00a0<\/span><\/p>\n<p style=\"text-align: center\"><span style=\"font-weight: 400\">C\u00f4ng su\u1ea5t:<\/span> <span style=\"font-weight: 400\">180W<\/span><\/p>\n<p style=\"text-align: center\"><span style=\"font-weight: 400\">K\u00edch th\u01b0\u1edbc: <\/span><span style=\"font-weight: 400\">\u00a0W895 x D455 x H860mm<\/span><\/p>\n","protected":false},"featured_media":18849,"comment_status":"open","ping_status":"closed","template":"","meta":[],"product_brand":[],"product_cat":[89,274,262],"product_tag":[270,197,86,91,271],"class_list":{"0":"post-1353","1":"product","2":"type-product","3":"status-publish","4":"has-post-thumbnail","6":"product_cat-may-hut-mui-gan-tuong","7":"product_cat-may-hut-mui-malloca","8":"product_cat-thuong-hieu-malloca","9":"product_tag-malloca","10":"product_tag-may-hut-ap-tuong","11":"product_tag-may-hut-mui","12":"product_tag-may-hut-mui-ap-tuong","13":"product_tag-may-hut-mui-malloca","15":"first","16":"instock","17":"sale","18":"shipping-taxable","19":"purchasable","20":"product-type-simple"},"_links":{"self":[{"href":"https:\/\/livinghome.vn\/thiet-bi\/wp-json\/wp\/v2\/product\/1353","targetHints":{"allow":["GET"]}}],"collection":[{"href":"https:\/\/livinghome.vn\/thiet-bi\/wp-json\/wp\/v2\/product"}],"about":[{"href":"https:\/\/livinghome.vn\/thiet-bi\/wp-json\/wp\/v2\/types\/product"}],"replies":[{"embeddable":true,"href":"https:\/\/livinghome.vn\/thiet-bi\/wp-json\/wp\/v2\/comments?post=1353"}],"wp:featuredmedia":[{"embeddable":true,"href":"https:\/\/livinghome.vn\/thiet-bi\/wp-json\/wp\/v2\/media\/18849"}],"wp:attachment":[{"href":"https:\/\/livinghome.vn\/thiet-bi\/wp-json\/wp\/v2\/media?parent=1353"}],"wp:term":[{"taxonomy":"product_brand","embeddable":true,"href":"https:\/\/livinghome.vn\/thiet-bi\/wp-json\/wp\/v2\/product_brand?post=1353"},{"taxonomy":"product_cat","embeddable":true,"href":"https:\/\/livinghome.vn\/thiet-bi\/wp-json\/wp\/v2\/product_cat?post=1353"},{"taxonomy":"product_tag","embeddable":true,"href":"https:\/\/livinghome.vn\/thiet-bi\/wp-json\/wp\/v2\/product_tag?post=1353"}],"curies":[{"name":"wp","href":"https:\/\/api.w.org\/{rel}","templated":true}]}}