{"id":1348,"date":"2023-01-12T13:31:11","date_gmt":"2023-01-12T06:31:11","guid":{"rendered":"https:\/\/livinghome.vn\/thiet-bi\/?post_type=product&#038;p=1348"},"modified":"2024-11-29T14:20:44","modified_gmt":"2024-11-29T07:20:44","slug":"may-hut-mui-malloca-horizon-k1574-ap-tuong-dang-phang-den-trang","status":"publish","type":"product","link":"https:\/\/livinghome.vn\/thiet-bi\/may-hut-mui-malloca-horizon-k1574-ap-tuong-dang-phang-den-trang\/","title":{"rendered":"M\u00e1y h\u00fat m\u00f9i Malloca HORIZON K1574 \u00e1p t\u01b0\u1eddng d\u1ea1ng ph\u1eb3ng \u0111en tr\u1eafng"},"content":{"rendered":"<h3>M\u00e1y h\u00fat m\u00f9i Malloca HORIZON K1574 \u00e1p t\u01b0\u1eddng d\u1ea1ng ph\u1eb3ng \u0111en tr\u1eafng<\/h3>\n<figure id=\"attachment_44905\" aria-describedby=\"caption-attachment-44905\" style=\"width: 800px\" class=\"wp-caption alignnone\"><img loading=\"lazy\" decoding=\"async\" class=\"wp-image-44905 size-large\" src=\"https:\/\/livinghome.vn\/thiet-bi\/wp-content\/uploads\/nha-bep\/malloca\/may-hut-mui\/may-hut-ap-tuong\/may-hut-ap-tuong-horizon-k1574\/may-hut-ap-tuong-horizon-k1574-800x800.jpg\" alt=\"M\u00e1y h\u00fat m\u00f9i \u00e1p t\u01b0\u1eddng Malloca HORIZON K1574 v\u1edbi thi\u1ebft k\u1ebf nh\u01b0 chi\u1ebfc tivi t\u1ea1o n\u00ean \u0111i\u1ec3m nh\u1eafn cho c\u0103n b\u1ebfp c\u1ee7a b\u1ea1n\" width=\"800\" height=\"800\" title=\"\"><figcaption id=\"caption-attachment-44905\" class=\"wp-caption-text\">M\u00e1y h\u00fat m\u00f9i \u00e1p t\u01b0\u1eddng Malloca HORIZON K1574 v\u1edbi thi\u1ebft k\u1ebf nh\u01b0 chi\u1ebfc tivi t\u1ea1o n\u00ean \u0111i\u1ec3m nh\u1eafn cho c\u0103n b\u1ebfp c\u1ee7a b\u1ea1n<\/figcaption><\/figure>\n<h3>T\u00ednh n\u0103ng c\u01a1 b\u1ea3n<\/h3>\n<ul>\n<li><a href=\"https:\/\/livinghome.vn\/thiet-bi\/may-hut-mui\/\">M\u00e1y h\u00fat kh\u00f3i kh\u1eed m\u00f9i<\/a> \u2013 kh\u1eed m\u00f9i \u00e1p t\u01b0\u1eddng<\/li>\n<li>Ch\u1ea5t li\u1ec7u: Inox, k\u00ednh \u0111en<\/li>\n<li>\u0110i\u1ec1u khi\u1ec3n b\u00e0n ph\u00edm \u0111i\u1ec7n t\u1eed, 3 t\u1ed1c \u0111\u1ed9<\/li>\n<\/ul>\n<h3>Th\u00f4ng s\u1ed1 k\u1ef9 thu\u1eadt<\/h3>\n<ul>\n<li>C\u00f4ng su\u1ea5t h\u00fat 850 m3\/h<\/li>\n<li>\u0110\u1ed9 \u1ed3n: &lt;63dB<\/li>\n<li>C\u00f4ng Su\u1ea5t : 216W<\/li>\n<li>K\u00edch th\u01b0\u1edbc: W900 x D465 x H(835-1.215)mm<\/li>\n<\/ul>\n<p>&nbsp;<\/p>\n<figure id=\"attachment_44906\" aria-describedby=\"caption-attachment-44906\" style=\"width: 800px\" class=\"wp-caption alignnone\"><img loading=\"lazy\" decoding=\"async\" class=\"wp-image-44906 size-large\" src=\"https:\/\/livinghome.vn\/thiet-bi\/wp-content\/uploads\/nha-bep\/malloca\/may-hut-mui\/may-hut-ap-tuong\/may-hut-ap-tuong-horizon-k1574\/may-hut-ap-tuong-horizon-k1574-1-800x800.jpg\" alt=\"K\u00edch th\u01b0\u1edbc m\u00e1y h\u00fat m\u00f9i Malloca HORIZON K1574\" width=\"800\" height=\"800\" title=\"\"><figcaption id=\"caption-attachment-44906\" class=\"wp-caption-text\">K\u00edch th\u01b0\u1edbc m\u00e1y h\u00fat m\u00f9i Malloca HORIZON K1574<\/figcaption><\/figure>\n<h3>Xu\u1ea5t x\u1ee9: Th\u1ed5 Nh\u0129 K\u1ef3<\/h3>\n<div><\/div>\n","protected":false},"excerpt":{"rendered":"<p style=\"text-align: center\"><span style=\"font-weight: 400\">M\u00e0u s\u1eafc: <\/span><span style=\"font-weight: 400\">Inox, k\u00ednh \u0111en<\/span><\/p>\n<p style=\"text-align: center\"><span style=\"font-weight: 400\">\u0110i\u1ec1u khi\u1ec3n <\/span><span style=\"font-weight: 400\">b\u00e0n ph\u00edm \u0111i\u1ec7n t\u1eed<\/span><\/p>\n<p style=\"text-align: center\"><span style=\"font-weight: 400\">S\u1ee9c h\u00fat: <\/span><span style=\"font-weight: 400\">850 m3\/h <\/span><span style=\"font-weight: 400\">&#8211;<\/span><span style=\"font-weight: 400\"> \u0110\u1ed9 \u1ed3n: <\/span><span style=\"font-weight: 400\">\u00a0&lt;63dB<\/span><\/p>\n<p style=\"text-align: center\"><span style=\"font-weight: 400\">C\u00f4ng su\u1ea5t:<\/span> <span style=\"font-weight: 400\">\u00a0216W<\/span><\/p>\n<p style=\"text-align: center\"><span style=\"font-weight: 400\">K\u00edch th\u01b0\u1edbc: <\/span><span style=\"font-weight: 400\">\u00a0W900 x D465 x H(835-1.215)mm<\/span><\/p>\n","protected":false},"featured_media":18785,"comment_status":"open","ping_status":"closed","template":"","meta":[],"product_brand":[],"product_cat":[89,274,262],"product_tag":[270,197,86,91,271],"class_list":{"0":"post-1348","1":"product","2":"type-product","3":"status-publish","4":"has-post-thumbnail","6":"product_cat-may-hut-mui-gan-tuong","7":"product_cat-may-hut-mui-malloca","8":"product_cat-thuong-hieu-malloca","9":"product_tag-malloca","10":"product_tag-may-hut-ap-tuong","11":"product_tag-may-hut-mui","12":"product_tag-may-hut-mui-ap-tuong","13":"product_tag-may-hut-mui-malloca","15":"first","16":"instock","17":"sale","18":"shipping-taxable","19":"purchasable","20":"product-type-simple"},"_links":{"self":[{"href":"https:\/\/livinghome.vn\/thiet-bi\/wp-json\/wp\/v2\/product\/1348","targetHints":{"allow":["GET"]}}],"collection":[{"href":"https:\/\/livinghome.vn\/thiet-bi\/wp-json\/wp\/v2\/product"}],"about":[{"href":"https:\/\/livinghome.vn\/thiet-bi\/wp-json\/wp\/v2\/types\/product"}],"replies":[{"embeddable":true,"href":"https:\/\/livinghome.vn\/thiet-bi\/wp-json\/wp\/v2\/comments?post=1348"}],"wp:featuredmedia":[{"embeddable":true,"href":"https:\/\/livinghome.vn\/thiet-bi\/wp-json\/wp\/v2\/media\/18785"}],"wp:attachment":[{"href":"https:\/\/livinghome.vn\/thiet-bi\/wp-json\/wp\/v2\/media?parent=1348"}],"wp:term":[{"taxonomy":"product_brand","embeddable":true,"href":"https:\/\/livinghome.vn\/thiet-bi\/wp-json\/wp\/v2\/product_brand?post=1348"},{"taxonomy":"product_cat","embeddable":true,"href":"https:\/\/livinghome.vn\/thiet-bi\/wp-json\/wp\/v2\/product_cat?post=1348"},{"taxonomy":"product_tag","embeddable":true,"href":"https:\/\/livinghome.vn\/thiet-bi\/wp-json\/wp\/v2\/product_tag?post=1348"}],"curies":[{"name":"wp","href":"https:\/\/api.w.org\/{rel}","templated":true}]}}