{"id":1342,"date":"2023-01-12T13:31:11","date_gmt":"2023-01-12T06:31:11","guid":{"rendered":"https:\/\/livinghome.vn\/thiet-bi\/?post_type=product&#038;p=1342"},"modified":"2024-11-29T14:20:44","modified_gmt":"2024-11-29T07:20:44","slug":"may-hut-mui-malloca-h365-7b-70cm","status":"publish","type":"product","link":"https:\/\/livinghome.vn\/thiet-bi\/may-hut-mui-malloca-h365-7b-70cm\/","title":{"rendered":"M\u00e1y H\u00fat M\u00f9i Malloca H365.7B, 70CM, C\u1ed5 \u0110i\u1ec3n, 500 m3\/h, \u0110en"},"content":{"rendered":"<h2>M\u00e1y h\u00fat m\u00f9i Malloca H365.7B classic m\u00e0u \u0111en tinh t\u1ebf, sang x\u1ecbn m\u1ecbn<\/h2>\n<figure id=\"attachment_22177\" aria-describedby=\"caption-attachment-22177\" style=\"width: 800px\" class=\"wp-caption alignnone\"><img loading=\"lazy\" decoding=\"async\" class=\"size-full wp-image-22177\" src=\"https:\/\/livinghome.vn\/thiet-bi\/wp-content\/uploads\/2023\/01\/malloca-h365-7b.jpg\" alt=\"M\u00e1y H\u00fat M\u00f9i Malloca H365.7B, 70CM, C\u1ed5 \u0110i\u1ec3n, 500 m3\/h\" width=\"800\" height=\"800\" title=\"\" srcset=\"https:\/\/livinghome.vn\/thiet-bi\/wp-content\/uploads\/2023\/01\/malloca-h365-7b.jpg 800w, https:\/\/livinghome.vn\/thiet-bi\/wp-content\/uploads\/2023\/01\/malloca-h365-7b-400x400.jpg 400w, https:\/\/livinghome.vn\/thiet-bi\/wp-content\/uploads\/2023\/01\/malloca-h365-7b-280x280.jpg 280w, https:\/\/livinghome.vn\/thiet-bi\/wp-content\/uploads\/2023\/01\/malloca-h365-7b-768x768.jpg 768w, https:\/\/livinghome.vn\/thiet-bi\/wp-content\/uploads\/2023\/01\/malloca-h365-7b-300x300.jpg 300w, https:\/\/livinghome.vn\/thiet-bi\/wp-content\/uploads\/2023\/01\/malloca-h365-7b-600x600.jpg 600w, https:\/\/livinghome.vn\/thiet-bi\/wp-content\/uploads\/2023\/01\/malloca-h365-7b-100x100.jpg 100w\" sizes=\"auto, (max-width: 800px) 100vw, 800px\" \/><figcaption id=\"caption-attachment-22177\" class=\"wp-caption-text\">M\u00e1y h\u00fat m\u00f9i classic Malloca H365.7B v\u1edbi k\u00edch th\u01b0\u1edbc si\u00eau m\u1ecfng, gi\u00fap t\u1ed1i \u01b0u kh\u00f4ng gian b\u1ebfp cho gia \u0111\u00ecnh b\u1ea1n<\/figcaption><\/figure>\n<h3>T\u00ednh n\u0103ng c\u01a1 b\u1ea3n<\/h3>\n<ul>\n<li><a href=\"https:\/\/livinghome.vn\/thiet-bi\/may-hut-mui\/\">M\u00e1y h\u00fat kh\u00f3i kh\u1eed m\u00f9i<\/a> \u2013 kh\u1eed m\u00f9i classic<\/li>\n<li>Ch\u1ea5t li\u1ec7u: S\u01a1n t\u0129nh \u0111i\u1ec7n m\u00e0u \u0111en<\/li>\n<li>\u0110i\u1ec1u khi\u1ec3n n\u00fat nh\u1ea5n, 3 t\u1ed1c \u0111\u1ed9<\/li>\n<\/ul>\n<h3>Th\u00f4ng s\u1ed1 k\u1ef9 thu\u1eadt<\/h3>\n<ul>\n<li>C\u00f4ng su\u1ea5t h\u00fat 500 m3\/h<\/li>\n<li>C\u00f4ng Su\u1ea5t : 2 x 100W<\/li>\n<li>K\u00edch th\u01b0\u1edbc: W700 x D500 x H130mm<\/li>\n<\/ul>\n<figure id=\"attachment_22178\" aria-describedby=\"caption-attachment-22178\" style=\"width: 800px\" class=\"wp-caption alignnone\"><img loading=\"lazy\" decoding=\"async\" class=\"size-full wp-image-22178\" src=\"https:\/\/livinghome.vn\/thiet-bi\/wp-content\/uploads\/2023\/01\/malloca-h365-7b-1.jpg\" alt=\"M\u00e1y H\u00fat M\u00f9i Malloca H365.7B, 70CM, C\u1ed5 \u0110i\u1ec3n, 500 m3\/h\" width=\"800\" height=\"800\" title=\"\" srcset=\"https:\/\/livinghome.vn\/thiet-bi\/wp-content\/uploads\/2023\/01\/malloca-h365-7b-1.jpg 800w, https:\/\/livinghome.vn\/thiet-bi\/wp-content\/uploads\/2023\/01\/malloca-h365-7b-1-400x400.jpg 400w, https:\/\/livinghome.vn\/thiet-bi\/wp-content\/uploads\/2023\/01\/malloca-h365-7b-1-280x280.jpg 280w, https:\/\/livinghome.vn\/thiet-bi\/wp-content\/uploads\/2023\/01\/malloca-h365-7b-1-768x768.jpg 768w, https:\/\/livinghome.vn\/thiet-bi\/wp-content\/uploads\/2023\/01\/malloca-h365-7b-1-300x300.jpg 300w, https:\/\/livinghome.vn\/thiet-bi\/wp-content\/uploads\/2023\/01\/malloca-h365-7b-1-600x600.jpg 600w, https:\/\/livinghome.vn\/thiet-bi\/wp-content\/uploads\/2023\/01\/malloca-h365-7b-1-100x100.jpg 100w\" sizes=\"auto, (max-width: 800px) 100vw, 800px\" \/><figcaption id=\"caption-attachment-22178\" class=\"wp-caption-text\">K\u00edch th\u01b0\u1edbc th\u00e2n m\u00e1y M\u00e1y H\u00fat M\u00f9i Malloca H365.7B, 70CM, C\u1ed5 \u0110i\u1ec3n, 500 m3\/h<\/figcaption><\/figure>\n<h3>Xu\u1ea5t x\u1ee9: <strong>Trung Qu\u1ed1c (theo b\u1ea3n quy\u1ec1n Malloca)<\/strong><\/h3>\n<div><\/div>\n","protected":false},"excerpt":{"rendered":"<p style=\"text-align: left;\"><span style=\"font-weight: 400;\">M\u00e0u s\u1eafc: <\/span><span style=\"font-weight: 400;\">S\u01a1n t\u0129nh \u0111i\u1ec7n m\u00e0u \u0111en<\/span><\/p>\n<p style=\"text-align: left;\"><span style=\"font-weight: 400;\">\u0110i\u1ec1u khi\u1ec3n <\/span><span style=\"font-weight: 400;\">n\u00fat nh\u1ea5n<\/span><\/p>\n<p style=\"text-align: left;\"><span style=\"font-weight: 400;\">S\u1ee9c h\u00fat: <\/span><span style=\"font-weight: 400;\">500 m3\/h<\/span><\/p>\n<p style=\"text-align: left;\"><span style=\"font-weight: 400;\">C\u00f4ng su\u1ea5t:<\/span> <span style=\"font-weight: 400;\">2 x 100W<\/span><\/p>\n<p style=\"text-align: left;\"><span style=\"font-weight: 400;\">K\u00edch th\u01b0\u1edbc: <\/span><span style=\"font-weight: 400;\">W700 x D500 x H130mm<\/span><\/p>\n","protected":false},"featured_media":22177,"comment_status":"open","ping_status":"closed","template":"","meta":[],"product_brand":[],"product_cat":[132,274,262],"product_tag":[270,86,275,133,271],"class_list":{"0":"post-1342","1":"product","2":"type-product","3":"status-publish","4":"has-post-thumbnail","6":"product_cat-may-hut-mui-co-dien-classic","7":"product_cat-may-hut-mui-malloca","8":"product_cat-thuong-hieu-malloca","9":"product_tag-malloca","10":"product_tag-may-hut-mui","11":"product_tag-may-hut-mui-classic","12":"product_tag-may-hut-mui-co-dien","13":"product_tag-may-hut-mui-malloca","15":"first","16":"instock","17":"sale","18":"shipping-taxable","19":"purchasable","20":"product-type-simple"},"_links":{"self":[{"href":"https:\/\/livinghome.vn\/thiet-bi\/wp-json\/wp\/v2\/product\/1342","targetHints":{"allow":["GET"]}}],"collection":[{"href":"https:\/\/livinghome.vn\/thiet-bi\/wp-json\/wp\/v2\/product"}],"about":[{"href":"https:\/\/livinghome.vn\/thiet-bi\/wp-json\/wp\/v2\/types\/product"}],"replies":[{"embeddable":true,"href":"https:\/\/livinghome.vn\/thiet-bi\/wp-json\/wp\/v2\/comments?post=1342"}],"wp:featuredmedia":[{"embeddable":true,"href":"https:\/\/livinghome.vn\/thiet-bi\/wp-json\/wp\/v2\/media\/22177"}],"wp:attachment":[{"href":"https:\/\/livinghome.vn\/thiet-bi\/wp-json\/wp\/v2\/media?parent=1342"}],"wp:term":[{"taxonomy":"product_brand","embeddable":true,"href":"https:\/\/livinghome.vn\/thiet-bi\/wp-json\/wp\/v2\/product_brand?post=1342"},{"taxonomy":"product_cat","embeddable":true,"href":"https:\/\/livinghome.vn\/thiet-bi\/wp-json\/wp\/v2\/product_cat?post=1342"},{"taxonomy":"product_tag","embeddable":true,"href":"https:\/\/livinghome.vn\/thiet-bi\/wp-json\/wp\/v2\/product_tag?post=1342"}],"curies":[{"name":"wp","href":"https:\/\/api.w.org\/{rel}","templated":true}]}}