{"id":1338,"date":"2023-01-12T13:31:10","date_gmt":"2023-01-12T06:31:10","guid":{"rendered":"https:\/\/livinghome.vn\/thiet-bi\/?post_type=product&#038;p=1338"},"modified":"2024-11-29T14:20:44","modified_gmt":"2024-11-29T07:20:44","slug":"may-hut-mui-malloca-h107b-70cm","status":"publish","type":"product","link":"https:\/\/livinghome.vn\/thiet-bi\/may-hut-mui-malloca-h107b-70cm\/","title":{"rendered":"M\u00e1y H\u00fat M\u00f9i Malloca H107B, 70CM, C\u1ed5 \u0110i\u1ec3n, 350 m3\/h"},"content":{"rendered":"<h2>M\u00e1y h\u00fat m\u00f9i Malloca H107B classic \u0111en, sang tr\u1ecdng<\/h2>\n<figure id=\"attachment_22170\" aria-describedby=\"caption-attachment-22170\" style=\"width: 800px\" class=\"wp-caption alignnone\"><img loading=\"lazy\" decoding=\"async\" class=\"size-full wp-image-22170\" src=\"https:\/\/livinghome.vn\/thiet-bi\/wp-content\/uploads\/2023\/01\/malloca-h107b-4.jpg\" alt=\"M\u00e1y H\u00fat M\u00f9i Malloca H107B, 70CM, C\u1ed5 \u0110i\u1ec3n, 350 m3\/h\" width=\"800\" height=\"800\" title=\"\" srcset=\"https:\/\/livinghome.vn\/thiet-bi\/wp-content\/uploads\/2023\/01\/malloca-h107b-4.jpg 800w, https:\/\/livinghome.vn\/thiet-bi\/wp-content\/uploads\/2023\/01\/malloca-h107b-4-400x400.jpg 400w, https:\/\/livinghome.vn\/thiet-bi\/wp-content\/uploads\/2023\/01\/malloca-h107b-4-280x280.jpg 280w, https:\/\/livinghome.vn\/thiet-bi\/wp-content\/uploads\/2023\/01\/malloca-h107b-4-768x768.jpg 768w, https:\/\/livinghome.vn\/thiet-bi\/wp-content\/uploads\/2023\/01\/malloca-h107b-4-300x300.jpg 300w, https:\/\/livinghome.vn\/thiet-bi\/wp-content\/uploads\/2023\/01\/malloca-h107b-4-600x600.jpg 600w, https:\/\/livinghome.vn\/thiet-bi\/wp-content\/uploads\/2023\/01\/malloca-h107b-4-100x100.jpg 100w\" sizes=\"auto, (max-width: 800px) 100vw, 800px\" \/><figcaption id=\"caption-attachment-22170\" class=\"wp-caption-text\">M\u00e1y h\u00fat m\u00f9i classic Malloca H107B giup mang \u0111\u1ebfn cho kh\u00f4ng gian b\u1ebfp c\u1ee7a b\u1ea1n trong l\u00e0nh, tho\u00e1ng \u0111\u00e3ng<\/figcaption><\/figure>\n<h3>T\u00ednh n\u0103ng c\u01a1 b\u1ea3n<\/h3>\n<ul>\n<li><a href=\"https:\/\/livinghome.vn\/thiet-bi\/may-hut-mui\/\">M\u00e1y h\u00fat kh\u00f3i kh\u1eed m\u00f9i<\/a> \u2013 kh\u1eed m\u00f9i classic<\/li>\n<li>Th\u00e2n m\u00e1y: S\u01a1n \u0111en t\u0129nh \u0111i\u1ec7n<\/li>\n<li>\u0110i\u1ec1u khi\u1ec3n n\u00fat nh\u1ea5n, 3 t\u1ed1c \u0111\u1ed9<\/li>\n<\/ul>\n<figure id=\"attachment_22173\" aria-describedby=\"caption-attachment-22173\" style=\"width: 800px\" class=\"wp-caption alignnone\"><img loading=\"lazy\" decoding=\"async\" class=\"size-full wp-image-22173\" src=\"https:\/\/livinghome.vn\/thiet-bi\/wp-content\/uploads\/2023\/01\/malloca-h107b-2.jpg\" alt=\"M\u00e1y H\u00fat M\u00f9i Malloca H107B, 70CM, C\u1ed5 \u0110i\u1ec3n, 350 m3\/h\" width=\"800\" height=\"800\" title=\"\" srcset=\"https:\/\/livinghome.vn\/thiet-bi\/wp-content\/uploads\/2023\/01\/malloca-h107b-2.jpg 800w, https:\/\/livinghome.vn\/thiet-bi\/wp-content\/uploads\/2023\/01\/malloca-h107b-2-400x400.jpg 400w, https:\/\/livinghome.vn\/thiet-bi\/wp-content\/uploads\/2023\/01\/malloca-h107b-2-280x280.jpg 280w, https:\/\/livinghome.vn\/thiet-bi\/wp-content\/uploads\/2023\/01\/malloca-h107b-2-768x768.jpg 768w, https:\/\/livinghome.vn\/thiet-bi\/wp-content\/uploads\/2023\/01\/malloca-h107b-2-300x300.jpg 300w, https:\/\/livinghome.vn\/thiet-bi\/wp-content\/uploads\/2023\/01\/malloca-h107b-2-600x600.jpg 600w, https:\/\/livinghome.vn\/thiet-bi\/wp-content\/uploads\/2023\/01\/malloca-h107b-2-100x100.jpg 100w\" sizes=\"auto, (max-width: 800px) 100vw, 800px\" \/><figcaption id=\"caption-attachment-22173\" class=\"wp-caption-text\">Thi\u1ebft k\u1ebf m\u00e1y h\u00fat m\u00f9i H107B d\u1ec5 d\u00e0ng th\u00e1o l\u1eafp, v\u1ec7 sinh<\/figcaption><\/figure>\n<h3>Th\u00f4ng s\u1ed1 k\u1ef9 thu\u1eadt<\/h3>\n<ul>\n<li>C\u00f4ng su\u1ea5t h\u00fat 350 m3\/h<\/li>\n<li>\u0110\u1ed9 \u1ed3n: &lt; 52 dB<\/li>\n<li>C\u00f4ng Su\u1ea5t : 120W<\/li>\n<li>K\u00edch th\u01b0\u1edbc: W700 x D480 x H85mm<\/li>\n<\/ul>\n<figure id=\"attachment_22172\" aria-describedby=\"caption-attachment-22172\" style=\"width: 800px\" class=\"wp-caption alignnone\"><img loading=\"lazy\" decoding=\"async\" class=\"size-full wp-image-22172\" src=\"https:\/\/livinghome.vn\/thiet-bi\/wp-content\/uploads\/2023\/01\/malloca-h107b-1.jpg\" alt=\"M\u00e1y H\u00fat M\u00f9i Malloca H107B, 70CM, C\u1ed5 \u0110i\u1ec3n, 350 m3\/h\" width=\"800\" height=\"800\" title=\"\" srcset=\"https:\/\/livinghome.vn\/thiet-bi\/wp-content\/uploads\/2023\/01\/malloca-h107b-1.jpg 800w, https:\/\/livinghome.vn\/thiet-bi\/wp-content\/uploads\/2023\/01\/malloca-h107b-1-400x400.jpg 400w, https:\/\/livinghome.vn\/thiet-bi\/wp-content\/uploads\/2023\/01\/malloca-h107b-1-280x280.jpg 280w, https:\/\/livinghome.vn\/thiet-bi\/wp-content\/uploads\/2023\/01\/malloca-h107b-1-768x768.jpg 768w, https:\/\/livinghome.vn\/thiet-bi\/wp-content\/uploads\/2023\/01\/malloca-h107b-1-300x300.jpg 300w, https:\/\/livinghome.vn\/thiet-bi\/wp-content\/uploads\/2023\/01\/malloca-h107b-1-600x600.jpg 600w, https:\/\/livinghome.vn\/thiet-bi\/wp-content\/uploads\/2023\/01\/malloca-h107b-1-100x100.jpg 100w\" sizes=\"auto, (max-width: 800px) 100vw, 800px\" \/><figcaption id=\"caption-attachment-22172\" class=\"wp-caption-text\">K\u00edch th\u01b0\u1edbc M\u00e1y H\u00fat M\u00f9i Malloca H107B, 70CM, C\u1ed5 \u0110i\u1ec3n, 350 m3\/h<\/figcaption><\/figure>\n<h3>Xu\u1ea5t x\u1ee9: <strong>Trung Qu\u1ed1c (theo b\u1ea3n quy\u1ec1n Malloca)<\/strong><\/h3>\n<div><\/div>\n","protected":false},"excerpt":{"rendered":"<p style=\"text-align: left;\"><span style=\"font-weight: 400;\">M\u00e0u s\u1eafc: <\/span><span style=\"font-weight: 400;\">S\u01a1n \u0111en t\u0129nh \u0111i\u1ec7n<\/span><\/p>\n<p style=\"text-align: left;\"><span style=\"font-weight: 400;\">\u0110i\u1ec1u khi\u1ec3n <\/span><span style=\"font-weight: 400;\">n\u00fat nh\u1ea5n<\/span><\/p>\n<p style=\"text-align: left;\"><span style=\"font-weight: 400;\">S\u1ee9c h\u00fat: <\/span><span style=\"font-weight: 400;\">350 m3\/h<\/span> <span style=\"font-weight: 400;\">&#8211;<\/span><span style=\"font-weight: 400;\"> \u0110\u1ed9 \u1ed3n: <\/span><span style=\"font-weight: 400;\">&lt; 52 dB<\/span><\/p>\n<p style=\"text-align: left;\"><span style=\"font-weight: 400;\">C\u00f4ng su\u1ea5t:<\/span> <span style=\"font-weight: 400;\">120W<\/span><\/p>\n<p style=\"text-align: left;\"><span style=\"font-weight: 400;\">K\u00edch th\u01b0\u1edbc: <\/span><span style=\"font-weight: 400;\">W700 x D480 x H85mm<\/span><\/p>\n","protected":false},"featured_media":22171,"comment_status":"open","ping_status":"closed","template":"","meta":[],"product_brand":[],"product_cat":[132,274,262],"product_tag":[270,86,271,273,188],"class_list":{"0":"post-1338","1":"product","2":"type-product","3":"status-publish","4":"has-post-thumbnail","6":"product_cat-may-hut-mui-co-dien-classic","7":"product_cat-may-hut-mui-malloca","8":"product_cat-thuong-hieu-malloca","9":"product_tag-malloca","10":"product_tag-may-hut-mui","11":"product_tag-may-hut-mui-malloca","12":"product_tag-may-hut-mui-oc-dao","13":"product_tag-may-hut-mui-treo-doc-lap","15":"first","16":"instock","17":"sale","18":"shipping-taxable","19":"purchasable","20":"product-type-simple"},"_links":{"self":[{"href":"https:\/\/livinghome.vn\/thiet-bi\/wp-json\/wp\/v2\/product\/1338","targetHints":{"allow":["GET"]}}],"collection":[{"href":"https:\/\/livinghome.vn\/thiet-bi\/wp-json\/wp\/v2\/product"}],"about":[{"href":"https:\/\/livinghome.vn\/thiet-bi\/wp-json\/wp\/v2\/types\/product"}],"replies":[{"embeddable":true,"href":"https:\/\/livinghome.vn\/thiet-bi\/wp-json\/wp\/v2\/comments?post=1338"}],"wp:featuredmedia":[{"embeddable":true,"href":"https:\/\/livinghome.vn\/thiet-bi\/wp-json\/wp\/v2\/media\/22171"}],"wp:attachment":[{"href":"https:\/\/livinghome.vn\/thiet-bi\/wp-json\/wp\/v2\/media?parent=1338"}],"wp:term":[{"taxonomy":"product_brand","embeddable":true,"href":"https:\/\/livinghome.vn\/thiet-bi\/wp-json\/wp\/v2\/product_brand?post=1338"},{"taxonomy":"product_cat","embeddable":true,"href":"https:\/\/livinghome.vn\/thiet-bi\/wp-json\/wp\/v2\/product_cat?post=1338"},{"taxonomy":"product_tag","embeddable":true,"href":"https:\/\/livinghome.vn\/thiet-bi\/wp-json\/wp\/v2\/product_tag?post=1338"}],"curies":[{"name":"wp","href":"https:\/\/api.w.org\/{rel}","templated":true}]}}