{"id":1336,"date":"2023-01-12T13:31:10","date_gmt":"2023-01-12T06:31:10","guid":{"rendered":"https:\/\/livinghome.vn\/thiet-bi\/?post_type=product&#038;p=1336"},"modified":"2024-11-29T14:20:45","modified_gmt":"2024-11-29T07:20:45","slug":"may-hut-mui-malloca-sophie-k-500w-50cm-oc-dao-700m3-h","status":"publish","type":"product","link":"https:\/\/livinghome.vn\/thiet-bi\/may-hut-mui-malloca-sophie-k-500w-50cm-oc-dao-700m3-h\/","title":{"rendered":"M\u00e1y H\u00fat M\u00f9i Malloca SOPHIE K-500W, 50cm, \u1ed0c \u0110\u1ea3o, 700m3\/h"},"content":{"rendered":"<h2>Malloca SOPHIE K-500W &#8211; M\u00e1y H\u00fat Kh\u00f3i Kh\u1eed M\u00f9i B\u1ebfp \u00dd<\/h2>\n<figure id=\"attachment_19118\" aria-describedby=\"caption-attachment-19118\" style=\"width: 800px\" class=\"wp-caption alignnone\"><img loading=\"lazy\" decoding=\"async\" class=\"size-full wp-image-19118\" src=\"https:\/\/livinghome.vn\/thiet-bi\/wp-content\/uploads\/san-pham\/malloca\/may-hut-mui\/sophie-k-500w\/sophie-k500w-3.jpg\" alt=\"M\u00e1y H\u00fat M\u00f9i Malloca SOPHIE K-500W, 50cm, \u1ed0c \u0110\u1ea3o, 700m3\/h\" width=\"800\" height=\"800\" title=\"\" srcset=\"https:\/\/livinghome.vn\/thiet-bi\/wp-content\/uploads\/san-pham\/malloca\/may-hut-mui\/sophie-k-500w\/sophie-k500w-3.jpg 800w, https:\/\/livinghome.vn\/thiet-bi\/wp-content\/uploads\/san-pham\/malloca\/may-hut-mui\/sophie-k-500w\/sophie-k500w-3-400x400.jpg 400w, https:\/\/livinghome.vn\/thiet-bi\/wp-content\/uploads\/san-pham\/malloca\/may-hut-mui\/sophie-k-500w\/sophie-k500w-3-280x280.jpg 280w, https:\/\/livinghome.vn\/thiet-bi\/wp-content\/uploads\/san-pham\/malloca\/may-hut-mui\/sophie-k-500w\/sophie-k500w-3-768x768.jpg 768w, https:\/\/livinghome.vn\/thiet-bi\/wp-content\/uploads\/san-pham\/malloca\/may-hut-mui\/sophie-k-500w\/sophie-k500w-3-300x300.jpg 300w, https:\/\/livinghome.vn\/thiet-bi\/wp-content\/uploads\/san-pham\/malloca\/may-hut-mui\/sophie-k-500w\/sophie-k500w-3-600x600.jpg 600w, https:\/\/livinghome.vn\/thiet-bi\/wp-content\/uploads\/san-pham\/malloca\/may-hut-mui\/sophie-k-500w\/sophie-k500w-3-100x100.jpg 100w\" sizes=\"auto, (max-width: 800px) 100vw, 800px\" \/><figcaption id=\"caption-attachment-19118\" class=\"wp-caption-text\">S\u1ebd Nhi\u1ec1u Ng\u01b0\u1eddi Nh\u1ea7m L\u1eabn Sophie K500W V\u1edbi Chi\u1ebfc \u0110\u00e8n Treo<\/figcaption><\/figure>\n<h2>T\u00ednh n\u0103ng c\u01a1 b\u1ea3n<\/h2>\n<ul>\n<li><a href=\"https:\/\/livinghome.vn\/thiet-bi\/may-hut-mui\/\">M\u00e1y h\u00fat kh\u00f3i kh\u1eed m\u00f9i<\/a> \u2013 treo \u0111\u1ed9c l\u1eadp<\/li>\n<li>Ch\u1ea5t li\u1ec7u: inox, S\u01a1n tr\u1eafng<\/li>\n<li>\u0110i\u1ec1u khi\u1ec3n remote, 4 t\u1ed1c \u0111\u1ed9<\/li>\n<\/ul>\n<h2>Th\u00f4ng s\u1ed1 k\u1ef9 thu\u1eadt<\/h2>\n<ul>\n<li style=\"list-style-type: none;\">\n<ul>\n<li>\u0110\u00e8n LED chi\u1ebfu s\u00e1ng 4 x 1 W + \u0111\u00e8n LED trang tr\u00ed 6 W<\/li>\n<li>C\u00f4ng su\u1ea5t h\u00fat: 700m3\/h<\/li>\n<li>\u0110\u1ed9 \u1ed3n: 59dB<\/li>\n<\/ul>\n<\/li>\n<\/ul>\n<ul>\n<li>C\u00f4ng su\u1ea5t: 254W<\/li>\n<li>K\u00edch th\u01b0\u1edbc: \u00d8500mm<\/li>\n<\/ul>\n<figure id=\"attachment_19120\" aria-describedby=\"caption-attachment-19120\" style=\"width: 800px\" class=\"wp-caption alignnone\"><img loading=\"lazy\" decoding=\"async\" class=\"size-full wp-image-19120\" src=\"https:\/\/livinghome.vn\/thiet-bi\/wp-content\/uploads\/san-pham\/malloca\/may-hut-mui\/sophie-k-500w\/sophie-k500w-1.jpg\" alt=\"M\u00e1y H\u00fat M\u00f9i Malloca SOPHIE K-500W, 50cm, \u1ed0c \u0110\u1ea3o, 700m3\/h\" width=\"800\" height=\"800\" title=\"\" srcset=\"https:\/\/livinghome.vn\/thiet-bi\/wp-content\/uploads\/san-pham\/malloca\/may-hut-mui\/sophie-k-500w\/sophie-k500w-1.jpg 800w, https:\/\/livinghome.vn\/thiet-bi\/wp-content\/uploads\/san-pham\/malloca\/may-hut-mui\/sophie-k-500w\/sophie-k500w-1-400x400.jpg 400w, https:\/\/livinghome.vn\/thiet-bi\/wp-content\/uploads\/san-pham\/malloca\/may-hut-mui\/sophie-k-500w\/sophie-k500w-1-280x280.jpg 280w, https:\/\/livinghome.vn\/thiet-bi\/wp-content\/uploads\/san-pham\/malloca\/may-hut-mui\/sophie-k-500w\/sophie-k500w-1-768x768.jpg 768w, https:\/\/livinghome.vn\/thiet-bi\/wp-content\/uploads\/san-pham\/malloca\/may-hut-mui\/sophie-k-500w\/sophie-k500w-1-300x300.jpg 300w, https:\/\/livinghome.vn\/thiet-bi\/wp-content\/uploads\/san-pham\/malloca\/may-hut-mui\/sophie-k-500w\/sophie-k500w-1-600x600.jpg 600w, https:\/\/livinghome.vn\/thiet-bi\/wp-content\/uploads\/san-pham\/malloca\/may-hut-mui\/sophie-k-500w\/sophie-k500w-1-100x100.jpg 100w\" sizes=\"auto, (max-width: 800px) 100vw, 800px\" \/><figcaption id=\"caption-attachment-19120\" class=\"wp-caption-text\">K\u00edch Th\u01b0\u1edbc M\u00e1y H\u00fat M\u00f9i Malloca Sophie K-500W<\/figcaption><\/figure>\n<h2>Xu\u1ea5t x\u1ee9: \u00dd<\/h2>\n<div><\/div>\n","protected":false},"excerpt":{"rendered":"<h2>M\u00e1y H\u00fat M\u00f9i Malloca SOPHIE K 500W &#8211; Nh\u1eadp Kh\u1ea9u<\/h2>\n<ul>\n<li style=\"text-align: left;\"><span style=\"font-weight: 400;\">M\u00e0u s\u1eafc: <\/span><span style=\"font-weight: 400;\">inox, S\u01a1n tr\u1eafng<\/span><\/li>\n<li style=\"text-align: left;\"><span style=\"font-weight: 400;\">\u0110i\u1ec1u khi\u1ec3n remote<\/span><\/li>\n<li style=\"text-align: left;\"><span style=\"font-weight: 400;\">S\u1ee9c h\u00fat: <\/span><span style=\"font-weight: 400;\">700m3\/h<\/span><span style=\"font-weight: 400;\">&#8211;<\/span><span style=\"font-weight: 400;\"> \u0110\u1ed9 \u1ed3n: <\/span><span style=\"font-weight: 400;\">59 dB<\/span><\/li>\n<li style=\"text-align: left;\"><span style=\"font-weight: 400;\">C\u00f4ng su\u1ea5t:<\/span> <span style=\"font-weight: 400;\">254 W<\/span><\/li>\n<li style=\"text-align: left;\"><span style=\"font-weight: 400;\">K\u00edch th\u01b0\u1edbc: <\/span><span style=\"font-weight: 400;\">\u00d8500mm<\/span><\/li>\n<\/ul>\n","protected":false},"featured_media":19119,"comment_status":"open","ping_status":"closed","template":"","meta":[],"product_brand":[],"product_cat":[274,134,262],"product_tag":[270,86,271,273,188],"class_list":{"0":"post-1336","1":"product","2":"type-product","3":"status-publish","4":"has-post-thumbnail","6":"product_cat-may-hut-mui-malloca","7":"product_cat-may-hut-mui-oc-dao","8":"product_cat-thuong-hieu-malloca","9":"product_tag-malloca","10":"product_tag-may-hut-mui","11":"product_tag-may-hut-mui-malloca","12":"product_tag-may-hut-mui-oc-dao","13":"product_tag-may-hut-mui-treo-doc-lap","15":"first","16":"instock","17":"sale","18":"shipping-taxable","19":"purchasable","20":"product-type-simple"},"_links":{"self":[{"href":"https:\/\/livinghome.vn\/thiet-bi\/wp-json\/wp\/v2\/product\/1336","targetHints":{"allow":["GET"]}}],"collection":[{"href":"https:\/\/livinghome.vn\/thiet-bi\/wp-json\/wp\/v2\/product"}],"about":[{"href":"https:\/\/livinghome.vn\/thiet-bi\/wp-json\/wp\/v2\/types\/product"}],"replies":[{"embeddable":true,"href":"https:\/\/livinghome.vn\/thiet-bi\/wp-json\/wp\/v2\/comments?post=1336"}],"wp:featuredmedia":[{"embeddable":true,"href":"https:\/\/livinghome.vn\/thiet-bi\/wp-json\/wp\/v2\/media\/19119"}],"wp:attachment":[{"href":"https:\/\/livinghome.vn\/thiet-bi\/wp-json\/wp\/v2\/media?parent=1336"}],"wp:term":[{"taxonomy":"product_brand","embeddable":true,"href":"https:\/\/livinghome.vn\/thiet-bi\/wp-json\/wp\/v2\/product_brand?post=1336"},{"taxonomy":"product_cat","embeddable":true,"href":"https:\/\/livinghome.vn\/thiet-bi\/wp-json\/wp\/v2\/product_cat?post=1336"},{"taxonomy":"product_tag","embeddable":true,"href":"https:\/\/livinghome.vn\/thiet-bi\/wp-json\/wp\/v2\/product_tag?post=1336"}],"curies":[{"name":"wp","href":"https:\/\/api.w.org\/{rel}","templated":true}]}}