{"id":1335,"date":"2023-01-12T13:31:10","date_gmt":"2023-01-12T06:31:10","guid":{"rendered":"https:\/\/livinghome.vn\/thiet-bi\/?post_type=product&#038;p=1335"},"modified":"2024-11-29T14:20:45","modified_gmt":"2024-11-29T07:20:45","slug":"may-hut-mui-malloca-sophie-k-500b-50cm-treo-oc-dao-700m3-h","status":"publish","type":"product","link":"https:\/\/livinghome.vn\/thiet-bi\/may-hut-mui-malloca-sophie-k-500b-50cm-treo-oc-dao-700m3-h\/","title":{"rendered":"M\u00e1y H\u00fat M\u00f9i Malloca SOPHIE K-500B, 50cm, Treo \u1ed0c \u0110\u1ea3o, 700m3\/h"},"content":{"rendered":"<h2>Malloca SOPHIE K-500B &#8211; M\u00e1y H\u00fat Kh\u00f3i Kh\u1eed M\u00f9i B\u1ebfp Nh\u1eadp \u00dd<\/h2>\n<figure id=\"attachment_19128\" aria-describedby=\"caption-attachment-19128\" style=\"width: 800px\" class=\"wp-caption alignnone\"><img loading=\"lazy\" decoding=\"async\" class=\"size-full wp-image-19128\" src=\"https:\/\/livinghome.vn\/thiet-bi\/wp-content\/uploads\/san-pham\/malloca\/may-hut-mui\/sophie-k-500b\/sophie-k-500b-2.jpg\" alt=\"M\u00c1Y H\u00daT M\u00d9I MALLOCA SOPHIE K-500B, 50CM, TREO \u1ed0C \u0110\u1ea2O, 700M3\/H\" width=\"800\" height=\"799\" title=\"\" srcset=\"https:\/\/livinghome.vn\/thiet-bi\/wp-content\/uploads\/san-pham\/malloca\/may-hut-mui\/sophie-k-500b\/sophie-k-500b-2.jpg 800w, https:\/\/livinghome.vn\/thiet-bi\/wp-content\/uploads\/san-pham\/malloca\/may-hut-mui\/sophie-k-500b\/sophie-k-500b-2-401x400.jpg 401w, https:\/\/livinghome.vn\/thiet-bi\/wp-content\/uploads\/san-pham\/malloca\/may-hut-mui\/sophie-k-500b\/sophie-k-500b-2-280x280.jpg 280w, https:\/\/livinghome.vn\/thiet-bi\/wp-content\/uploads\/san-pham\/malloca\/may-hut-mui\/sophie-k-500b\/sophie-k-500b-2-768x767.jpg 768w, https:\/\/livinghome.vn\/thiet-bi\/wp-content\/uploads\/san-pham\/malloca\/may-hut-mui\/sophie-k-500b\/sophie-k-500b-2-300x300.jpg 300w, https:\/\/livinghome.vn\/thiet-bi\/wp-content\/uploads\/san-pham\/malloca\/may-hut-mui\/sophie-k-500b\/sophie-k-500b-2-600x599.jpg 600w, https:\/\/livinghome.vn\/thiet-bi\/wp-content\/uploads\/san-pham\/malloca\/may-hut-mui\/sophie-k-500b\/sophie-k-500b-2-100x100.jpg 100w\" sizes=\"auto, (max-width: 800px) 100vw, 800px\" \/><figcaption id=\"caption-attachment-19128\" class=\"wp-caption-text\">M\u00e1y h\u00fat m\u00f9i Malloca SOPHIE K-500B treo l\u1ed3ng \u0111\u00e8n, m\u1edbi l\u1ea1<\/figcaption><\/figure>\n<h2>T\u00ednh n\u0103ng c\u01a1 b\u1ea3n<\/h2>\n<ul>\n<li><a href=\"https:\/\/livinghome.vn\/thiet-bi\/may-hut-mui\/\">M\u00e1y h\u00fat kh\u00f3i kh\u1eed m\u00f9i<\/a> \u2013 treo \u0111\u1ed9c l\u1eadp<\/li>\n<li>Ch\u1ea5t li\u1ec7u: inox, S\u01a1n \u0111en<\/li>\n<li>\u0110i\u1ec1u khi\u1ec3n remote, 4 t\u1ed1c \u0111\u1ed9<\/li>\n<\/ul>\n<figure id=\"attachment_19126\" aria-describedby=\"caption-attachment-19126\" style=\"width: 800px\" class=\"wp-caption alignnone\"><img loading=\"lazy\" decoding=\"async\" class=\"size-full wp-image-19126\" src=\"https:\/\/livinghome.vn\/thiet-bi\/wp-content\/uploads\/san-pham\/malloca\/may-hut-mui\/sophie-k-500b\/sophie-k-500b-4.jpg\" alt=\"M\u00c1Y H\u00daT M\u00d9I MALLOCA SOPHIE K-500B, 50CM, TREO \u1ed0C \u0110\u1ea2O, 700M3\/H\" width=\"800\" height=\"800\" title=\"\" srcset=\"https:\/\/livinghome.vn\/thiet-bi\/wp-content\/uploads\/san-pham\/malloca\/may-hut-mui\/sophie-k-500b\/sophie-k-500b-4.jpg 800w, https:\/\/livinghome.vn\/thiet-bi\/wp-content\/uploads\/san-pham\/malloca\/may-hut-mui\/sophie-k-500b\/sophie-k-500b-4-400x400.jpg 400w, https:\/\/livinghome.vn\/thiet-bi\/wp-content\/uploads\/san-pham\/malloca\/may-hut-mui\/sophie-k-500b\/sophie-k-500b-4-280x280.jpg 280w, https:\/\/livinghome.vn\/thiet-bi\/wp-content\/uploads\/san-pham\/malloca\/may-hut-mui\/sophie-k-500b\/sophie-k-500b-4-768x768.jpg 768w, https:\/\/livinghome.vn\/thiet-bi\/wp-content\/uploads\/san-pham\/malloca\/may-hut-mui\/sophie-k-500b\/sophie-k-500b-4-300x300.jpg 300w, https:\/\/livinghome.vn\/thiet-bi\/wp-content\/uploads\/san-pham\/malloca\/may-hut-mui\/sophie-k-500b\/sophie-k-500b-4-600x600.jpg 600w, https:\/\/livinghome.vn\/thiet-bi\/wp-content\/uploads\/san-pham\/malloca\/may-hut-mui\/sophie-k-500b\/sophie-k-500b-4-100x100.jpg 100w\" sizes=\"auto, (max-width: 800px) 100vw, 800px\" \/><figcaption id=\"caption-attachment-19126\" class=\"wp-caption-text\">M\u00c1Y H\u00daT M\u00d9I MALLOCA SOPHIE K-500B, 50CM, TREO \u1ed0C \u0110\u1ea2O, 700M3\/H<\/figcaption><\/figure>\n<h2>Th\u00f4ng s\u1ed1 k\u1ef9 thu\u1eadt<\/h2>\n<ul>\n<li>\u0110\u00e8n LED chi\u1ebfu s\u00e1ng 4 x 1 W + \u0111\u00e8n LED trang tr\u00ed 6 W<\/li>\n<li>C\u00f4ng su\u1ea5t h\u00fat: 700m3\/h<\/li>\n<li>\u0110\u1ed9 \u1ed3n: 59dB<\/li>\n<li>C\u00f4ng su\u1ea5t: 254W<\/li>\n<li>K\u00edch th\u01b0\u1edbc: \u00d8500mm<\/li>\n<\/ul>\n<figure id=\"attachment_19122\" aria-describedby=\"caption-attachment-19122\" style=\"width: 800px\" class=\"wp-caption alignnone\"><img loading=\"lazy\" decoding=\"async\" class=\"size-full wp-image-19122\" src=\"https:\/\/livinghome.vn\/thiet-bi\/wp-content\/uploads\/san-pham\/malloca\/may-hut-mui\/sophie-k-500b\/sophie-k-500b-8.jpg\" alt=\"M\u00c1Y H\u00daT M\u00d9I MALLOCA SOPHIE K-500B, 50CM, TREO \u1ed0C \u0110\u1ea2O, 700M3\/H\" width=\"800\" height=\"800\" title=\"\" srcset=\"https:\/\/livinghome.vn\/thiet-bi\/wp-content\/uploads\/san-pham\/malloca\/may-hut-mui\/sophie-k-500b\/sophie-k-500b-8.jpg 800w, https:\/\/livinghome.vn\/thiet-bi\/wp-content\/uploads\/san-pham\/malloca\/may-hut-mui\/sophie-k-500b\/sophie-k-500b-8-400x400.jpg 400w, https:\/\/livinghome.vn\/thiet-bi\/wp-content\/uploads\/san-pham\/malloca\/may-hut-mui\/sophie-k-500b\/sophie-k-500b-8-280x280.jpg 280w, https:\/\/livinghome.vn\/thiet-bi\/wp-content\/uploads\/san-pham\/malloca\/may-hut-mui\/sophie-k-500b\/sophie-k-500b-8-768x768.jpg 768w, https:\/\/livinghome.vn\/thiet-bi\/wp-content\/uploads\/san-pham\/malloca\/may-hut-mui\/sophie-k-500b\/sophie-k-500b-8-300x300.jpg 300w, https:\/\/livinghome.vn\/thiet-bi\/wp-content\/uploads\/san-pham\/malloca\/may-hut-mui\/sophie-k-500b\/sophie-k-500b-8-600x600.jpg 600w, https:\/\/livinghome.vn\/thiet-bi\/wp-content\/uploads\/san-pham\/malloca\/may-hut-mui\/sophie-k-500b\/sophie-k-500b-8-100x100.jpg 100w\" sizes=\"auto, (max-width: 800px) 100vw, 800px\" \/><figcaption id=\"caption-attachment-19122\" class=\"wp-caption-text\">K\u00edch th\u01b0\u1edbc m\u00e1y h\u00fat m\u00f9i Malloca SOPHIE K-500B, 50cm, Treo \u1ed0c \u0110\u1ea3o<\/figcaption><\/figure>\n<h2>Xu\u1ea5t x\u1ee9: \u00dd<\/h2>\n<div><\/div>\n","protected":false},"excerpt":{"rendered":"<h2>M\u00e1y H\u00fat M\u00f9i Malloca SOPHIE K-500B Nh\u1eadp Kh\u1ea9u<\/h2>\n<ul>\n<li style=\"text-align: left;\"><span style=\"font-weight: 400;\">M\u00e0u s\u1eafc: <\/span><span style=\"font-weight: 400;\">inox, S\u01a1n \u0111en<\/span><\/li>\n<li style=\"text-align: left;\"><span style=\"font-weight: 400;\">\u0110i\u1ec1u khi\u1ec3n remote<\/span><\/li>\n<li style=\"text-align: left;\"><span style=\"font-weight: 400;\">S\u1ee9c h\u00fat: <\/span><span style=\"font-weight: 400;\">700m3\/h &#8211;<\/span><span style=\"font-weight: 400;\"> \u0110\u1ed9 \u1ed3n: <\/span><span style=\"font-weight: 400;\">59dB<\/span><\/li>\n<li style=\"text-align: left;\"><span style=\"font-weight: 400;\">C\u00f4ng su\u1ea5t: <\/span><span style=\"font-weight: 400;\">\u00a0254W<\/span><\/li>\n<li style=\"text-align: left;\"><span style=\"font-weight: 400;\">K\u00edch th\u01b0\u1edbc: <\/span><span style=\"font-weight: 400;\">\u00d8500mm<\/span><\/li>\n<\/ul>\n","protected":false},"featured_media":19129,"comment_status":"open","ping_status":"closed","template":"","meta":[],"product_brand":[],"product_cat":[274,134,262],"product_tag":[270,86,271,273,188],"class_list":{"0":"post-1335","1":"product","2":"type-product","3":"status-publish","4":"has-post-thumbnail","6":"product_cat-may-hut-mui-malloca","7":"product_cat-may-hut-mui-oc-dao","8":"product_cat-thuong-hieu-malloca","9":"product_tag-malloca","10":"product_tag-may-hut-mui","11":"product_tag-may-hut-mui-malloca","12":"product_tag-may-hut-mui-oc-dao","13":"product_tag-may-hut-mui-treo-doc-lap","15":"first","16":"instock","17":"sale","18":"shipping-taxable","19":"purchasable","20":"product-type-simple"},"_links":{"self":[{"href":"https:\/\/livinghome.vn\/thiet-bi\/wp-json\/wp\/v2\/product\/1335","targetHints":{"allow":["GET"]}}],"collection":[{"href":"https:\/\/livinghome.vn\/thiet-bi\/wp-json\/wp\/v2\/product"}],"about":[{"href":"https:\/\/livinghome.vn\/thiet-bi\/wp-json\/wp\/v2\/types\/product"}],"replies":[{"embeddable":true,"href":"https:\/\/livinghome.vn\/thiet-bi\/wp-json\/wp\/v2\/comments?post=1335"}],"wp:featuredmedia":[{"embeddable":true,"href":"https:\/\/livinghome.vn\/thiet-bi\/wp-json\/wp\/v2\/media\/19129"}],"wp:attachment":[{"href":"https:\/\/livinghome.vn\/thiet-bi\/wp-json\/wp\/v2\/media?parent=1335"}],"wp:term":[{"taxonomy":"product_brand","embeddable":true,"href":"https:\/\/livinghome.vn\/thiet-bi\/wp-json\/wp\/v2\/product_brand?post=1335"},{"taxonomy":"product_cat","embeddable":true,"href":"https:\/\/livinghome.vn\/thiet-bi\/wp-json\/wp\/v2\/product_cat?post=1335"},{"taxonomy":"product_tag","embeddable":true,"href":"https:\/\/livinghome.vn\/thiet-bi\/wp-json\/wp\/v2\/product_tag?post=1335"}],"curies":[{"name":"wp","href":"https:\/\/api.w.org\/{rel}","templated":true}]}}