{"id":12460,"date":"2023-05-05T09:05:37","date_gmt":"2023-05-05T09:05:37","guid":{"rendered":"https:\/\/livinghome.vn\/thiet-bi\/?post_type=product&#038;p=12460"},"modified":"2024-11-29T14:19:11","modified_gmt":"2024-11-29T07:19:11","slug":"may-rua-chen-bat-eurosun-sks60e08eu-8-bo","status":"publish","type":"product","link":"https:\/\/livinghome.vn\/thiet-bi\/may-rua-chen-bat-eurosun-sks60e08eu-8-bo\/","title":{"rendered":"M\u00e1y R\u1eeda Ch\u00e9n B\u00e1t Eurosun SKS60E08EU \u0110\u1ed9c L\u1eadp 8 B\u1ed9"},"content":{"rendered":"<h2>M\u00e1y r\u1eeda ch\u00e9n b\u00e1t Eurosun SMS60EU08EB l\u00e0 s\u1ea3n ph\u1ea9m ch\u00ednh h\u00e3ng c\u1ee7a Eurosun nh\u1eadp kh\u1ea9u nguy\u00ean chi\u1ebfc. \u0110\u00e2y l\u00e0 d\u00f2ng m\u00e1y r\u1eeda b\u00e1t 8 b\u1ed9 \u0111\u01b0\u1ee3c r\u1ea5t nhi\u1ec1u gia \u0111\u00ecnh Vi\u1ec7t y\u00eau th\u00edch b\u1edfi gi\u00e1 c\u1ea3 r\u1ea5t ph\u1ea3i ch\u0103ng, ho\u1ea1t \u0111\u1ed9ng m\u1ea1nh m\u1ebd b\u1ec1n b\u1ec9 v\u00e0 thi\u1ebft k\u1ebf \u0111\u1eb9p m\u1eaft.<\/h2>\n<figure id=\"attachment_12467\" aria-describedby=\"caption-attachment-12467\" style=\"width: 900px\" class=\"wp-caption alignnone\"><img loading=\"lazy\" decoding=\"async\" class=\"size-full wp-image-12467\" src=\"https:\/\/livinghome.vn\/thiet-bi\/wp-content\/uploads\/nha-bep\/eurosun\/may-rua-chen\/may-rua-chen-eurosun-sms60e08eb\/may-rua-chen-bat-eurosun-sms60e08eb-6.jpg\" alt=\"M\u00e1y R\u1eeda Ch\u00e9n B\u00e1t Eurosun SKS60E08EU\" width=\"900\" height=\"900\" title=\"\" srcset=\"https:\/\/livinghome.vn\/thiet-bi\/wp-content\/uploads\/nha-bep\/eurosun\/may-rua-chen\/may-rua-chen-eurosun-sms60e08eb\/may-rua-chen-bat-eurosun-sms60e08eb-6.jpg 900w, https:\/\/livinghome.vn\/thiet-bi\/wp-content\/uploads\/nha-bep\/eurosun\/may-rua-chen\/may-rua-chen-eurosun-sms60e08eb\/may-rua-chen-bat-eurosun-sms60e08eb-6-300x300.jpg 300w, https:\/\/livinghome.vn\/thiet-bi\/wp-content\/uploads\/nha-bep\/eurosun\/may-rua-chen\/may-rua-chen-eurosun-sms60e08eb\/may-rua-chen-bat-eurosun-sms60e08eb-6-100x100.jpg 100w, https:\/\/livinghome.vn\/thiet-bi\/wp-content\/uploads\/nha-bep\/eurosun\/may-rua-chen\/may-rua-chen-eurosun-sms60e08eb\/may-rua-chen-bat-eurosun-sms60e08eb-6-600x600.jpg 600w, https:\/\/livinghome.vn\/thiet-bi\/wp-content\/uploads\/nha-bep\/eurosun\/may-rua-chen\/may-rua-chen-eurosun-sms60e08eb\/may-rua-chen-bat-eurosun-sms60e08eb-6-400x400.jpg 400w, https:\/\/livinghome.vn\/thiet-bi\/wp-content\/uploads\/nha-bep\/eurosun\/may-rua-chen\/may-rua-chen-eurosun-sms60e08eb\/may-rua-chen-bat-eurosun-sms60e08eb-6-800x800.jpg 800w, https:\/\/livinghome.vn\/thiet-bi\/wp-content\/uploads\/nha-bep\/eurosun\/may-rua-chen\/may-rua-chen-eurosun-sms60e08eb\/may-rua-chen-bat-eurosun-sms60e08eb-6-280x280.jpg 280w, https:\/\/livinghome.vn\/thiet-bi\/wp-content\/uploads\/nha-bep\/eurosun\/may-rua-chen\/may-rua-chen-eurosun-sms60e08eb\/may-rua-chen-bat-eurosun-sms60e08eb-6-768x768.jpg 768w\" sizes=\"auto, (max-width: 900px) 100vw, 900px\" \/><figcaption id=\"caption-attachment-12467\" class=\"wp-caption-text\">M\u00e1y R\u1eeda Ch\u00e9n B\u00e1t Eurosun SKS60E08EU<\/figcaption><\/figure>\n<p>M\u00e1y r\u1eeda b\u00e1t SMS60EU08EB v\u1edbi m\u00e0u \u0111en \u0111\u01a1n gi\u1ea3n t\u1ea1o \u1ea5n t\u01b0\u1ee3ng cho s\u1ef1 sang tr\u1ecdng, l\u00e0 \u0111i\u1ec3m nh\u1ea5n trong c\u0103n b\u1ebfp c\u1ee7a gia \u0111\u00ecnh.<\/p>\n<figure id=\"attachment_12470\" aria-describedby=\"caption-attachment-12470\" style=\"width: 900px\" class=\"wp-caption alignnone\"><img loading=\"lazy\" decoding=\"async\" class=\"size-full wp-image-12470\" src=\"https:\/\/livinghome.vn\/thiet-bi\/wp-content\/uploads\/nha-bep\/eurosun\/may-rua-chen\/may-rua-chen-eurosun-sms60e08eb\/may-rua-chen-bat-eurosun-sms60e08eb-9.jpg\" alt=\"M\u00e1y R\u1eeda Ch\u00e9n B\u00e1t Eurosun SKS60E08EU\" width=\"900\" height=\"900\" title=\"\" srcset=\"https:\/\/livinghome.vn\/thiet-bi\/wp-content\/uploads\/nha-bep\/eurosun\/may-rua-chen\/may-rua-chen-eurosun-sms60e08eb\/may-rua-chen-bat-eurosun-sms60e08eb-9.jpg 900w, https:\/\/livinghome.vn\/thiet-bi\/wp-content\/uploads\/nha-bep\/eurosun\/may-rua-chen\/may-rua-chen-eurosun-sms60e08eb\/may-rua-chen-bat-eurosun-sms60e08eb-9-300x300.jpg 300w, https:\/\/livinghome.vn\/thiet-bi\/wp-content\/uploads\/nha-bep\/eurosun\/may-rua-chen\/may-rua-chen-eurosun-sms60e08eb\/may-rua-chen-bat-eurosun-sms60e08eb-9-100x100.jpg 100w, https:\/\/livinghome.vn\/thiet-bi\/wp-content\/uploads\/nha-bep\/eurosun\/may-rua-chen\/may-rua-chen-eurosun-sms60e08eb\/may-rua-chen-bat-eurosun-sms60e08eb-9-600x600.jpg 600w, https:\/\/livinghome.vn\/thiet-bi\/wp-content\/uploads\/nha-bep\/eurosun\/may-rua-chen\/may-rua-chen-eurosun-sms60e08eb\/may-rua-chen-bat-eurosun-sms60e08eb-9-400x400.jpg 400w, https:\/\/livinghome.vn\/thiet-bi\/wp-content\/uploads\/nha-bep\/eurosun\/may-rua-chen\/may-rua-chen-eurosun-sms60e08eb\/may-rua-chen-bat-eurosun-sms60e08eb-9-800x800.jpg 800w, https:\/\/livinghome.vn\/thiet-bi\/wp-content\/uploads\/nha-bep\/eurosun\/may-rua-chen\/may-rua-chen-eurosun-sms60e08eb\/may-rua-chen-bat-eurosun-sms60e08eb-9-280x280.jpg 280w, https:\/\/livinghome.vn\/thiet-bi\/wp-content\/uploads\/nha-bep\/eurosun\/may-rua-chen\/may-rua-chen-eurosun-sms60e08eb\/may-rua-chen-bat-eurosun-sms60e08eb-9-768x768.jpg 768w\" sizes=\"auto, (max-width: 900px) 100vw, 900px\" \/><figcaption id=\"caption-attachment-12470\" class=\"wp-caption-text\">M\u00e1y R\u1eeda Ch\u00e9n B\u00e1t Eurosun SKS60E08EU<\/figcaption><\/figure>\n<p>Thi\u1ebft k\u1ebf b\u00ean trong g\u1ed3m 2 ng\u0103n ch\u1ee9a c\u01a1 \u0111\u1ed9ng v\u00e0 1 ng\u0103n gi\u1ecf \u0111\u1ec3 dao k\u00e9o ho\u1eb7c \u0111\u1ec3 \u0111\u0169a, dung t\u00edch c\u1ee7a m\u00e1y c\u00f3 th\u1ec3 ch\u1ee9a t\u1edbi 8 b\u1ed9 b\u00e1t \u0111\u0129a. Khay x\u1ebfp b\u00e1t \u0111\u0129a \u0111\u00e3 \u0111\u01b0\u1ee3c Eurosun nghi\u00ean c\u1ee9u v\u00e0 thi\u1ebft k\u1ebf chuy\u00ean d\u1ee5ng d\u00e0nh ri\u00eang cho th\u1ecb tr\u01b0\u1eddng Ch\u00e2u \u00c1 ch\u1eafc ch\u1eafn v\u00e0 d\u1ec5 s\u1eed d\u1ee5ng. H\u1ec7 th\u1ed1ng gi\u00e0n (khay) r\u1eeda c\u00f3 th\u1ec3 k\u00e9o ra d\u1ec5 d\u00e0ng r\u1ea5t thu\u1eadn ti\u1ec7n cho vi\u1ec7c s\u1eafp x\u1ebfp \u0111\u1ed3 v\u00e0o m\u00e1y.<\/p>\n<figure id=\"attachment_12466\" aria-describedby=\"caption-attachment-12466\" style=\"width: 900px\" class=\"wp-caption alignnone\"><img loading=\"lazy\" decoding=\"async\" class=\"size-full wp-image-12466\" src=\"https:\/\/livinghome.vn\/thiet-bi\/wp-content\/uploads\/nha-bep\/eurosun\/may-rua-chen\/may-rua-chen-eurosun-sms60e08eb\/may-rua-chen-bat-eurosun-sms60e08eb-8.jpg\" alt=\"M\u00e1y R\u1eeda Ch\u00e9n B\u00e1t Eurosun SKS60E08EU\" width=\"900\" height=\"900\" title=\"\" srcset=\"https:\/\/livinghome.vn\/thiet-bi\/wp-content\/uploads\/nha-bep\/eurosun\/may-rua-chen\/may-rua-chen-eurosun-sms60e08eb\/may-rua-chen-bat-eurosun-sms60e08eb-8.jpg 900w, https:\/\/livinghome.vn\/thiet-bi\/wp-content\/uploads\/nha-bep\/eurosun\/may-rua-chen\/may-rua-chen-eurosun-sms60e08eb\/may-rua-chen-bat-eurosun-sms60e08eb-8-300x300.jpg 300w, https:\/\/livinghome.vn\/thiet-bi\/wp-content\/uploads\/nha-bep\/eurosun\/may-rua-chen\/may-rua-chen-eurosun-sms60e08eb\/may-rua-chen-bat-eurosun-sms60e08eb-8-100x100.jpg 100w, https:\/\/livinghome.vn\/thiet-bi\/wp-content\/uploads\/nha-bep\/eurosun\/may-rua-chen\/may-rua-chen-eurosun-sms60e08eb\/may-rua-chen-bat-eurosun-sms60e08eb-8-600x600.jpg 600w, https:\/\/livinghome.vn\/thiet-bi\/wp-content\/uploads\/nha-bep\/eurosun\/may-rua-chen\/may-rua-chen-eurosun-sms60e08eb\/may-rua-chen-bat-eurosun-sms60e08eb-8-400x400.jpg 400w, https:\/\/livinghome.vn\/thiet-bi\/wp-content\/uploads\/nha-bep\/eurosun\/may-rua-chen\/may-rua-chen-eurosun-sms60e08eb\/may-rua-chen-bat-eurosun-sms60e08eb-8-800x800.jpg 800w, https:\/\/livinghome.vn\/thiet-bi\/wp-content\/uploads\/nha-bep\/eurosun\/may-rua-chen\/may-rua-chen-eurosun-sms60e08eb\/may-rua-chen-bat-eurosun-sms60e08eb-8-280x280.jpg 280w, https:\/\/livinghome.vn\/thiet-bi\/wp-content\/uploads\/nha-bep\/eurosun\/may-rua-chen\/may-rua-chen-eurosun-sms60e08eb\/may-rua-chen-bat-eurosun-sms60e08eb-8-768x768.jpg 768w\" sizes=\"auto, (max-width: 900px) 100vw, 900px\" \/><figcaption id=\"caption-attachment-12466\" class=\"wp-caption-text\">M\u00e1y R\u1eeda Ch\u00e9n B\u00e1t Eurosun SKS60E08EU<\/figcaption><\/figure>\n<p>C\u00e1c bi l\u0103n c\u1ee7a thanh ray gi\u1ecf \u0111\u1ef1ng c\u00f3 th\u1ec3 nh\u1eb9 nh\u00e0ng di chuy\u1ec3n v\u1edbi l\u01b0\u1ee3ng b\u00e1t \u0111\u0129a n\u1eb7ng t\u1edbi 9kg. Nh\u1eb9 nh\u00e0ng, \u00eam \u00e1i v\u00e0 an to\u00e0n l\u00e0 c\u1ea3m nh\u1eadn khi \u0111\u00f3ng k\u00e9o gi\u00e0n khay c\u1ee7a c\u00e1c d\u00f2ng m\u00e1y r\u1eeda b\u00e1t Eurosun.<\/p>\n<figure id=\"attachment_12468\" aria-describedby=\"caption-attachment-12468\" style=\"width: 1200px\" class=\"wp-caption alignnone\"><img loading=\"lazy\" decoding=\"async\" class=\"size-full wp-image-12468\" src=\"https:\/\/livinghome.vn\/thiet-bi\/wp-content\/uploads\/nha-bep\/eurosun\/may-rua-chen\/may-rua-chen-eurosun-sms60e08eb\/may-rua-chen-bat-eurosun-sms60e08eb-7.jpg\" alt=\"M\u00e1y R\u1eeda Ch\u00e9n B\u00e1t Eurosun SKS60E08EU\" width=\"1200\" height=\"900\" title=\"\" srcset=\"https:\/\/livinghome.vn\/thiet-bi\/wp-content\/uploads\/nha-bep\/eurosun\/may-rua-chen\/may-rua-chen-eurosun-sms60e08eb\/may-rua-chen-bat-eurosun-sms60e08eb-7.jpg 1200w, https:\/\/livinghome.vn\/thiet-bi\/wp-content\/uploads\/nha-bep\/eurosun\/may-rua-chen\/may-rua-chen-eurosun-sms60e08eb\/may-rua-chen-bat-eurosun-sms60e08eb-7-600x450.jpg 600w, https:\/\/livinghome.vn\/thiet-bi\/wp-content\/uploads\/nha-bep\/eurosun\/may-rua-chen\/may-rua-chen-eurosun-sms60e08eb\/may-rua-chen-bat-eurosun-sms60e08eb-7-533x400.jpg 533w, https:\/\/livinghome.vn\/thiet-bi\/wp-content\/uploads\/nha-bep\/eurosun\/may-rua-chen\/may-rua-chen-eurosun-sms60e08eb\/may-rua-chen-bat-eurosun-sms60e08eb-7-1067x800.jpg 1067w, https:\/\/livinghome.vn\/thiet-bi\/wp-content\/uploads\/nha-bep\/eurosun\/may-rua-chen\/may-rua-chen-eurosun-sms60e08eb\/may-rua-chen-bat-eurosun-sms60e08eb-7-768x576.jpg 768w\" sizes=\"auto, (max-width: 1200px) 100vw, 1200px\" \/><figcaption id=\"caption-attachment-12468\" class=\"wp-caption-text\">M\u00e1y R\u1eeda Ch\u00e9n B\u00e1t Eurosun SKS60E08EU<\/figcaption><\/figure>\n<p>V\u1edbi \u0111\u1eb7c th\u00f9 \u1ea9m th\u1ef1c c\u1ee7a ng\u01b0\u1eddi Ch\u00e2u \u00c1, c\u00e1c m\u00f3n \u0103n th\u01b0\u1eddng \u0111\u01b0\u1ee3c n\u1ea5u \u0111a d\u1ea1ng v\u00e0 s\u1eed d\u1ee5ng \u0111a nguy\u00ean li\u1ec7u ch\u1ebf bi\u1ebfn do \u0111\u00f3 kh\u1ea3 n\u0103ng b\u00e1m b\u1ea9n c\u00e1c v\u1ebft b\u1ea9n c\u1ee9ng \u0111\u1ea7u do th\u1ee9c \u0103n tr\u00ean b\u00e1t d\u0129a l\u00e0 r\u1ea5t cao. M\u00e1y r\u1eeda b\u00e1t SMS60EU08EB \u0111\u01b0\u1ee3c t\u00edch h\u1ee3p nhi\u1ec1u c\u00f4ng ngh\u1ec7 cao c\u00f3 kh\u1ea3 n\u0103ng r\u1eeda v\u00e0 \u0111\u00e1nh b\u1eadt c\u00e1c v\u1ebft d\u1ea7u m\u1ee1 v\u00e0 v\u1ebft b\u1ea9n kh\u00f4 c\u1ee9ng nh\u1ea5t.<\/p>\n<figure id=\"attachment_12462\" aria-describedby=\"caption-attachment-12462\" style=\"width: 900px\" class=\"wp-caption alignnone\"><img loading=\"lazy\" decoding=\"async\" class=\"size-full wp-image-12462\" src=\"https:\/\/livinghome.vn\/thiet-bi\/wp-content\/uploads\/nha-bep\/eurosun\/may-rua-chen\/may-rua-chen-eurosun-sms60e08eb\/may-rua-chen-bat-eurosun-sms60e08eb-5.jpg\" alt=\"M\u00e1y R\u1eeda Ch\u00e9n B\u00e1t Eurosun SKS60E08EU\" width=\"900\" height=\"900\" title=\"\" srcset=\"https:\/\/livinghome.vn\/thiet-bi\/wp-content\/uploads\/nha-bep\/eurosun\/may-rua-chen\/may-rua-chen-eurosun-sms60e08eb\/may-rua-chen-bat-eurosun-sms60e08eb-5.jpg 900w, https:\/\/livinghome.vn\/thiet-bi\/wp-content\/uploads\/nha-bep\/eurosun\/may-rua-chen\/may-rua-chen-eurosun-sms60e08eb\/may-rua-chen-bat-eurosun-sms60e08eb-5-300x300.jpg 300w, https:\/\/livinghome.vn\/thiet-bi\/wp-content\/uploads\/nha-bep\/eurosun\/may-rua-chen\/may-rua-chen-eurosun-sms60e08eb\/may-rua-chen-bat-eurosun-sms60e08eb-5-100x100.jpg 100w, https:\/\/livinghome.vn\/thiet-bi\/wp-content\/uploads\/nha-bep\/eurosun\/may-rua-chen\/may-rua-chen-eurosun-sms60e08eb\/may-rua-chen-bat-eurosun-sms60e08eb-5-600x600.jpg 600w, https:\/\/livinghome.vn\/thiet-bi\/wp-content\/uploads\/nha-bep\/eurosun\/may-rua-chen\/may-rua-chen-eurosun-sms60e08eb\/may-rua-chen-bat-eurosun-sms60e08eb-5-400x400.jpg 400w, https:\/\/livinghome.vn\/thiet-bi\/wp-content\/uploads\/nha-bep\/eurosun\/may-rua-chen\/may-rua-chen-eurosun-sms60e08eb\/may-rua-chen-bat-eurosun-sms60e08eb-5-800x800.jpg 800w, https:\/\/livinghome.vn\/thiet-bi\/wp-content\/uploads\/nha-bep\/eurosun\/may-rua-chen\/may-rua-chen-eurosun-sms60e08eb\/may-rua-chen-bat-eurosun-sms60e08eb-5-280x280.jpg 280w, https:\/\/livinghome.vn\/thiet-bi\/wp-content\/uploads\/nha-bep\/eurosun\/may-rua-chen\/may-rua-chen-eurosun-sms60e08eb\/may-rua-chen-bat-eurosun-sms60e08eb-5-768x768.jpg 768w\" sizes=\"auto, (max-width: 900px) 100vw, 900px\" \/><figcaption id=\"caption-attachment-12462\" class=\"wp-caption-text\">M\u00e1y R\u1eeda Ch\u00e9n B\u00e1t Eurosun SKS60E08EU<\/figcaption><\/figure>\n<p>M\u00e1y s\u1eed d\u1ee5ng \u0111i\u1ec1u khi\u1ec3n c\u1ea3m \u1ee9ng k\u0129 thu\u1eadt s\u1ed1 Digital r\u1ea5t d\u1ec5 d\u00e0ng thao t\u00e1c \u0111\u01a1n gi\u1ea3n cho c\u00e1c ng\u01b0\u1eddi gi\u00e0 v\u00e0 tr\u1ebb nh\u1ecf.<\/p>\n<h3><strong><span class=\"fontstyle0\">\u0110\u1eb7c t\u00ednh s\u1ea3n ph\u1ea9m<\/span> <\/strong><\/h3>\n<ul>\n<li><span class=\"fontstyle0\"><span class=\"fontstyle0\"><a href=\"https:\/\/livinghome.vn\/thiet-bi\/may-rua-chen-bat\/\">M\u00e1y r\u1eeda ch\u00e9n<\/a><\/span><\/span>\u00a0<span class=\"fontstyle0\"><br \/>\n<\/span><\/li>\n<li>2 khay ch\u1ee9a b\u00e1t \u0111\u0169a v\u00e0 1 gi\u1ecf \u0111\u1ef1ng \u0111\u0169a.<\/li>\n<li>\u0110i\u1ec1u khi\u1ec3n c\u1ea3m \u1ee9ng k\u1ef9 thu\u1eadt s\u1ed1 Digital.<\/li>\n<li>\u0110\u00e8n b\u00e1o hi\u1ec3n th\u1ecb Led.<\/li>\n<li>M\u1ee9c \u0111\u1ed9 ti\u1ebfng \u1ed3n \u226449db<\/li>\n<li>Ti\u00eau chu\u1ea9n n\u0103ng l\u01b0\u1ee3ng A+<\/li>\n<li>Ti\u00eau chu\u1ea9n m\u1ee9c \u0111\u1ed9 s\u1ea1ch Acleaning efficiency class A<\/li>\n<li>Ti\u00eau chu\u1ea9n ch\u1ec9 s\u1ed1 hi\u1ec7u qu\u1ea3 s\u1ea5y Kh\u00f4 Drying efficiency class A+<\/li>\n<\/ul>\n<h3><strong>8 Ch\u01b0\u01a1ng tr\u00ecnh r\u1eeda<\/strong><\/h3>\n<ul>\n<li>R\u1eeda chuy\u00ean s\u00e2u Intensive 50\u00b0C-72\u00b0C<\/li>\n<li>R\u1eeda th\u00f4ng th\u01b0\u1eddng Normal 60\u00b0C-70\u00b0C.<\/li>\n<li>R\u1eeda ECO 55\u00b0C-70\u00b0C.<\/li>\n<li>R\u1eeda \u0111\u1ed3 th\u1ee7y tinh Glass 55\u00b0C-60\u00b0C<\/li>\n<li>R\u1eeda 90 ph\u00fat 65\u00b0C-70\u00b0C.<\/li>\n<li>R\u1eeda nhanh Rapit 66\u00b0C<\/li>\n<li>R\u1eeda hoa qu\u1ea3 Fruit Wash 70\u00b0C<\/li>\n<li>T\u1ef1 l\u00e0m s\u1ea1ch m\u00e1y Self-Clearning 65\u00b0C-68\u00b0C.<\/li>\n<\/ul>\n<h3><strong>3 Ch\u1ee9c n\u0103ng t\u0103ng c\u01b0\u1eddng<\/strong><\/h3>\n<ul>\n<li>S\u1ea5y kh\u00f4 t\u0103ng c\u01b0\u1eddng Extra Drying<\/li>\n<li><\/li>\n<li>S\u1ea5y kh\u00ed t\u01b0\u01a1i v\u00e0 b\u1ea3o qu\u1ea3n kh\u00f4 n\u00f3ng trong 72h Fresh &amp; DryH\u1eb9n gi\u1edd kh\u1edfi \u0111\u1ed9ng tr\u1ec5 1-24h Deplay<\/li>\n<\/ul>\n<h3><strong>2 Ch\u1ee9c n\u0103ng an to\u00e0n<\/strong><\/h3>\n<ul>\n<li><span class=\"fontstyle0\">Kho\u00e1 tr\u1ebb em &#8211; <\/span><span class=\"fontstyle2\">Child Lock<br \/>\n<\/span><\/li>\n<li><span class=\"fontstyle0\">Ch\u1ee9c n\u0103ng b\u1ea3o v\u1ec7 <\/span><span class=\"fontstyle3\">ch\u1ed1ng tr\u00e0n, r\u00f2 r\u1ec9 overflow and leakage protection<\/span><\/li>\n<\/ul>\n<h3><strong><span class=\"fontstyle0\">Th\u00f4ng tin k\u1ef9 thu\u1eadt<\/span><\/strong><\/h3>\n<ul>\n<li>Dung t\u00edch ch\u1ee9a: 8 b\u1ed9 b\u00e1t \u0111\u0129a.<\/li>\n<li>M\u1ee9c ti\u00eau th\u1ee5 \u0111i\u1ec7n n\u0103ng: Kho\u1ea3ng \u00b10.72Kwh\/ l\u1ea7n r\u1eeda.<\/li>\n<li>M\u1ee9c ti\u00eau th\u1ee5 n\u01b0\u1edbc t\u1ed1i \u0111a: Kho\u1ea3ng \u00b18.0 l\u00edt\/ l\u1ea7n r\u1eeda.<\/li>\n<li>\u0110i\u1ec7n \u00e1p: 220-240V \/~ 50Hz<\/li>\n<li>K\u00edch th\u01b0\u1edbc s\u1ea3n ph\u1ea9m: 550R x 500S x 595C.<\/li>\n<li>K\u00edch th\u01b0\u1edbc kho\u00e9t \u00e2m t\u1ee7: 560R x 550S x 605C.<\/li>\n<\/ul>\n<figure id=\"attachment_12471\" aria-describedby=\"caption-attachment-12471\" style=\"width: 900px\" class=\"wp-caption alignnone\"><img loading=\"lazy\" decoding=\"async\" class=\"size-full wp-image-12471\" src=\"https:\/\/livinghome.vn\/thiet-bi\/wp-content\/uploads\/nha-bep\/eurosun\/may-rua-chen\/may-rua-chen-eurosun-sms60e08eb\/may-rua-chen-bat-eurosun-sms60e08eb-10.jpg\" alt=\"M\u00e1y R\u1eeda Ch\u00e9n B\u00e1t Eurosun SKS60E08EU\" width=\"900\" height=\"900\" title=\"\" srcset=\"https:\/\/livinghome.vn\/thiet-bi\/wp-content\/uploads\/nha-bep\/eurosun\/may-rua-chen\/may-rua-chen-eurosun-sms60e08eb\/may-rua-chen-bat-eurosun-sms60e08eb-10.jpg 900w, https:\/\/livinghome.vn\/thiet-bi\/wp-content\/uploads\/nha-bep\/eurosun\/may-rua-chen\/may-rua-chen-eurosun-sms60e08eb\/may-rua-chen-bat-eurosun-sms60e08eb-10-300x300.jpg 300w, https:\/\/livinghome.vn\/thiet-bi\/wp-content\/uploads\/nha-bep\/eurosun\/may-rua-chen\/may-rua-chen-eurosun-sms60e08eb\/may-rua-chen-bat-eurosun-sms60e08eb-10-100x100.jpg 100w, https:\/\/livinghome.vn\/thiet-bi\/wp-content\/uploads\/nha-bep\/eurosun\/may-rua-chen\/may-rua-chen-eurosun-sms60e08eb\/may-rua-chen-bat-eurosun-sms60e08eb-10-600x600.jpg 600w, https:\/\/livinghome.vn\/thiet-bi\/wp-content\/uploads\/nha-bep\/eurosun\/may-rua-chen\/may-rua-chen-eurosun-sms60e08eb\/may-rua-chen-bat-eurosun-sms60e08eb-10-400x400.jpg 400w, https:\/\/livinghome.vn\/thiet-bi\/wp-content\/uploads\/nha-bep\/eurosun\/may-rua-chen\/may-rua-chen-eurosun-sms60e08eb\/may-rua-chen-bat-eurosun-sms60e08eb-10-800x800.jpg 800w, https:\/\/livinghome.vn\/thiet-bi\/wp-content\/uploads\/nha-bep\/eurosun\/may-rua-chen\/may-rua-chen-eurosun-sms60e08eb\/may-rua-chen-bat-eurosun-sms60e08eb-10-280x280.jpg 280w, https:\/\/livinghome.vn\/thiet-bi\/wp-content\/uploads\/nha-bep\/eurosun\/may-rua-chen\/may-rua-chen-eurosun-sms60e08eb\/may-rua-chen-bat-eurosun-sms60e08eb-10-768x768.jpg 768w\" sizes=\"auto, (max-width: 900px) 100vw, 900px\" \/><figcaption id=\"caption-attachment-12471\" class=\"wp-caption-text\">M\u00e1y R\u1eeda Ch\u00e9n B\u00e1t Eurosun SKS60E08EU<\/figcaption><\/figure>\n<h3><strong>Xu\u1ea5t x\u1ee9: Th\u00e1i Lan<\/strong><\/h3>\n","protected":false},"excerpt":{"rendered":"<p>Dung t\u00edch ch\u1ee9a: 8 b\u1ed9 b\u00e1t \u0111\u0129a.<br \/>\nM\u1ee9c ti\u00eau th\u1ee5 \u0111i\u1ec7n n\u0103ng: Kho\u1ea3ng \u00b10.72Kwh\/ l\u1ea7n r\u1eeda.<br \/>\nM\u1ee9c ti\u00eau th\u1ee5 n\u01b0\u1edbc t\u1ed1i \u0111a: Kho\u1ea3ng \u00b18.0 l\u00edt\/ l\u1ea7n r\u1eeda.<br \/>\n\u0110i\u1ec7n \u00e1p: 220-240V \/~ 50Hz<br \/>\nK\u00edch th\u01b0\u1edbc s\u1ea3n ph\u1ea9m: 550R x 500S x 595C.<br \/>\nK\u00edch th\u01b0\u1edbc kho\u00e9t \u00e2m t\u1ee7: 560R x 550S x 605C.<\/p>\n","protected":false},"featured_media":12469,"comment_status":"open","ping_status":"closed","template":"","meta":[],"product_brand":[],"product_cat":[606,92,821,827,826,817,106],"product_tag":[108,93,137,136,138],"class_list":{"0":"post-12460","1":"product","2":"type-product","3":"status-publish","4":"has-post-thumbnail","6":"product_cat-may-rua-chen-bat-eurosun","7":"product_cat-may-rua-chen-bat","8":"product_cat-may-rua-chen-bat-8-bo","9":"product_cat-may-rua-chen-bat-ban-am","10":"product_cat-may-rua-chen-bat-doc-lap","11":"product_cat-may-rua-chen-bat-mini","12":"product_cat-thuong-hieu-eurosun","13":"product_tag-eurosun","14":"product_tag-may-rua-chen","15":"product_tag-may-rua-chen-am-tu","16":"product_tag-may-rua-chen-eurosun","17":"product_tag-may-rua-chen-lap-dat-doc-lap","19":"first","20":"instock","21":"sale","22":"shipping-taxable","23":"purchasable","24":"product-type-simple"},"_links":{"self":[{"href":"https:\/\/livinghome.vn\/thiet-bi\/wp-json\/wp\/v2\/product\/12460","targetHints":{"allow":["GET"]}}],"collection":[{"href":"https:\/\/livinghome.vn\/thiet-bi\/wp-json\/wp\/v2\/product"}],"about":[{"href":"https:\/\/livinghome.vn\/thiet-bi\/wp-json\/wp\/v2\/types\/product"}],"replies":[{"embeddable":true,"href":"https:\/\/livinghome.vn\/thiet-bi\/wp-json\/wp\/v2\/comments?post=12460"}],"wp:featuredmedia":[{"embeddable":true,"href":"https:\/\/livinghome.vn\/thiet-bi\/wp-json\/wp\/v2\/media\/12469"}],"wp:attachment":[{"href":"https:\/\/livinghome.vn\/thiet-bi\/wp-json\/wp\/v2\/media?parent=12460"}],"wp:term":[{"taxonomy":"product_brand","embeddable":true,"href":"https:\/\/livinghome.vn\/thiet-bi\/wp-json\/wp\/v2\/product_brand?post=12460"},{"taxonomy":"product_cat","embeddable":true,"href":"https:\/\/livinghome.vn\/thiet-bi\/wp-json\/wp\/v2\/product_cat?post=12460"},{"taxonomy":"product_tag","embeddable":true,"href":"https:\/\/livinghome.vn\/thiet-bi\/wp-json\/wp\/v2\/product_tag?post=12460"}],"curies":[{"name":"wp","href":"https:\/\/api.w.org\/{rel}","templated":true}]}}