{"id":12020,"date":"2023-04-27T07:55:21","date_gmt":"2023-04-27T07:55:21","guid":{"rendered":"https:\/\/livinghome.vn\/thiet-bi\/?post_type=product&#038;p=12020"},"modified":"2024-11-29T14:19:11","modified_gmt":"2024-11-29T07:19:11","slug":"bep-tu-kaff-kf-hid7348ii-73cm-2-tu","status":"publish","type":"product","link":"https:\/\/livinghome.vn\/thiet-bi\/bep-tu-kaff-kf-hid7348ii-73cm-2-tu\/","title":{"rendered":"B\u1ebfp T\u1eeb Kaff KF-HID7348II 73CM 2 T\u1eeb M\u1eb7t K\u00ednh Schott Ceran"},"content":{"rendered":"<h2>C\u00f9ng kh\u00e1m ph\u00e1 B\u1ebfp T\u1eeb Kaff KF-HID7348II V\u1edbi M\u1eb7t K\u00ednh Schott Ceran<\/h2>\n<p>B\u1ebfp T\u1eeb KAFF KF-HID7348II All New 2023 s\u1eed d\u1ee5ng m\u1eb7t k\u00ednh Schott Ceran \u0111\u01b0\u1ee3c l\u00e0m t\u1eeb ch\u1ea5t li\u1ec7u g\u1ed1m th\u1ee7y tinh c\u00f3 kh\u1ea3 n\u0103ng ch\u1ecbu l\u1ef1c va \u0111\u1eadp v\u00e0 s\u1ed1c nhi\u1ec7t t\u1edbi 1000 \u0111\u1ed9 C, ch\u1ed1ng x\u01b0\u1edbc t\u1ed1t n\u00ean tu\u1ed5i th\u1ecd cao.<\/p>\n<figure id=\"attachment_12022\" aria-describedby=\"caption-attachment-12022\" style=\"width: 900px\" class=\"wp-caption alignnone\"><img loading=\"lazy\" decoding=\"async\" class=\"wp-image-12022 size-full\" src=\"https:\/\/livinghome.vn\/thiet-bi\/wp-content\/uploads\/nha-bep\/kaff\/bep-tu\/bep-tu-kaff-kf-hid7348ii\/bep-tu-kaff-kf-hid7348ii-1.1.jpg\" alt=\"B\u1ebfp T\u1eeb Kaff KF-HID7348II\" width=\"900\" height=\"900\" title=\"\" srcset=\"https:\/\/livinghome.vn\/thiet-bi\/wp-content\/uploads\/nha-bep\/kaff\/bep-tu\/bep-tu-kaff-kf-hid7348ii\/bep-tu-kaff-kf-hid7348ii-1.1.jpg 900w, https:\/\/livinghome.vn\/thiet-bi\/wp-content\/uploads\/nha-bep\/kaff\/bep-tu\/bep-tu-kaff-kf-hid7348ii\/bep-tu-kaff-kf-hid7348ii-1.1-300x300.jpg 300w, https:\/\/livinghome.vn\/thiet-bi\/wp-content\/uploads\/nha-bep\/kaff\/bep-tu\/bep-tu-kaff-kf-hid7348ii\/bep-tu-kaff-kf-hid7348ii-1.1-100x100.jpg 100w, https:\/\/livinghome.vn\/thiet-bi\/wp-content\/uploads\/nha-bep\/kaff\/bep-tu\/bep-tu-kaff-kf-hid7348ii\/bep-tu-kaff-kf-hid7348ii-1.1-600x600.jpg 600w, https:\/\/livinghome.vn\/thiet-bi\/wp-content\/uploads\/nha-bep\/kaff\/bep-tu\/bep-tu-kaff-kf-hid7348ii\/bep-tu-kaff-kf-hid7348ii-1.1-400x400.jpg 400w, https:\/\/livinghome.vn\/thiet-bi\/wp-content\/uploads\/nha-bep\/kaff\/bep-tu\/bep-tu-kaff-kf-hid7348ii\/bep-tu-kaff-kf-hid7348ii-1.1-800x800.jpg 800w, https:\/\/livinghome.vn\/thiet-bi\/wp-content\/uploads\/nha-bep\/kaff\/bep-tu\/bep-tu-kaff-kf-hid7348ii\/bep-tu-kaff-kf-hid7348ii-1.1-280x280.jpg 280w, https:\/\/livinghome.vn\/thiet-bi\/wp-content\/uploads\/nha-bep\/kaff\/bep-tu\/bep-tu-kaff-kf-hid7348ii\/bep-tu-kaff-kf-hid7348ii-1.1-768x768.jpg 768w\" sizes=\"auto, (max-width: 900px) 100vw, 900px\" \/><figcaption id=\"caption-attachment-12022\" class=\"wp-caption-text\">B\u1ebfp T\u1eeb Kaff KF-HID7348II<\/figcaption><\/figure>\n<p>&nbsp;<\/p>\n<figure id=\"attachment_12023\" aria-describedby=\"caption-attachment-12023\" style=\"width: 900px\" class=\"wp-caption alignnone\"><img loading=\"lazy\" decoding=\"async\" class=\"wp-image-12023 size-full\" src=\"https:\/\/livinghome.vn\/thiet-bi\/wp-content\/uploads\/nha-bep\/kaff\/bep-tu\/bep-tu-kaff-kf-hid7348ii\/bep-tu-kaff-kf-hid7348ii-1.2.jpg\" alt=\"B\u1ebfp T\u1eeb Kaff KF-HID7348II\" width=\"900\" height=\"900\" title=\"\" srcset=\"https:\/\/livinghome.vn\/thiet-bi\/wp-content\/uploads\/nha-bep\/kaff\/bep-tu\/bep-tu-kaff-kf-hid7348ii\/bep-tu-kaff-kf-hid7348ii-1.2.jpg 900w, https:\/\/livinghome.vn\/thiet-bi\/wp-content\/uploads\/nha-bep\/kaff\/bep-tu\/bep-tu-kaff-kf-hid7348ii\/bep-tu-kaff-kf-hid7348ii-1.2-300x300.jpg 300w, https:\/\/livinghome.vn\/thiet-bi\/wp-content\/uploads\/nha-bep\/kaff\/bep-tu\/bep-tu-kaff-kf-hid7348ii\/bep-tu-kaff-kf-hid7348ii-1.2-100x100.jpg 100w, https:\/\/livinghome.vn\/thiet-bi\/wp-content\/uploads\/nha-bep\/kaff\/bep-tu\/bep-tu-kaff-kf-hid7348ii\/bep-tu-kaff-kf-hid7348ii-1.2-600x600.jpg 600w, https:\/\/livinghome.vn\/thiet-bi\/wp-content\/uploads\/nha-bep\/kaff\/bep-tu\/bep-tu-kaff-kf-hid7348ii\/bep-tu-kaff-kf-hid7348ii-1.2-400x400.jpg 400w, https:\/\/livinghome.vn\/thiet-bi\/wp-content\/uploads\/nha-bep\/kaff\/bep-tu\/bep-tu-kaff-kf-hid7348ii\/bep-tu-kaff-kf-hid7348ii-1.2-800x800.jpg 800w, https:\/\/livinghome.vn\/thiet-bi\/wp-content\/uploads\/nha-bep\/kaff\/bep-tu\/bep-tu-kaff-kf-hid7348ii\/bep-tu-kaff-kf-hid7348ii-1.2-280x280.jpg 280w, https:\/\/livinghome.vn\/thiet-bi\/wp-content\/uploads\/nha-bep\/kaff\/bep-tu\/bep-tu-kaff-kf-hid7348ii\/bep-tu-kaff-kf-hid7348ii-1.2-768x768.jpg 768w\" sizes=\"auto, (max-width: 900px) 100vw, 900px\" \/><figcaption id=\"caption-attachment-12023\" class=\"wp-caption-text\">B\u1ebfp T\u1eeb Kaff KF-HID7348II<\/figcaption><\/figure>\n<h3>T\u00ednh n\u0103ng c\u01a1 b\u1ea3n<\/h3>\n<ul>\n<li><a href=\"https:\/\/livinghome.vn\/thiet-bi\/bep-tu\/\">B\u1ebfp t\u1eeb<\/a> &#8211; B\u1ebfp t\u1eeb \u00e2m<\/li>\n<li>B\u1ebfp 02 t\u1eeb<\/li>\n<li>M\u1eb7t k\u00ednh Schott Ceran Made in Germany<\/li>\n<li>Bo m\u1ea1ch EGO Made in Germany<\/li>\n<li>C\u00f4ng ngh\u1ec7 bi\u1ebfn t\u1ea7n INVERTER ti\u1ebft ki\u1ec7m 40% \u0111i\u1ec7n n\u0103ng<\/li>\n<li>B\u00e0n ph\u00edm \u0111i\u1ec1u khi\u1ec3n d\u1ea1ng \u1ea9n<\/li>\n<li>Ch\u1ee9c n\u0103ng Booster n\u1ea5u nhanh<\/li>\n<li>Ch\u1ee9c n\u0103ng t\u1ef1 nh\u1eadn di\u1ec7n v\u00f9ng n\u1ea5u<\/li>\n<li>Ch\u1ee9c n\u0103ng c\u1ea3m bi\u1ebfn ch\u1ed1ng tr\u00e0n an to\u00e0n khi s\u1eed d\u1ee5ng<\/li>\n<li>Ch\u1ee9c n\u0103ng t\u1ea1m d\u1eebng b\u1ebfp khi c\u1ea7n thi\u1ebft (Pause)<\/li>\n<li>Ch\u1ee9c n\u0103ng h\u00e2m n\u00f3ng (Warming) nhi\u1ec1u m\u1ee9c: 650C, 750C &amp; 850C<\/li>\n<li>Chia c\u00f4ng su\u1ea5t ti\u1ebft ki\u1ec7m \u0111i\u1ec7n n\u0103ng (Power management)<\/li>\n<li>Ch\u1ee9c n\u0103ng kh\u00f3a an to\u00e0n cho tr\u1ebb em (Child lock)<\/li>\n<li>Ch\u1ee9c n\u0103ng t\u1ef1 \u0111\u1ed9ng t\u1eaft b\u1ebfp khi kh\u00f4ng c\u00f3 n\u1ed3i<\/li>\n<li>H\u1eb9n gi\u1edd 99 ph\u00fat<\/li>\n<\/ul>\n<h3>Th\u00f4ng s\u1ed1 k\u1ef9 thu\u1eadt<\/h3>\n<ul>\n<li>C\u00f4ng su\u1ea5t b\u1ebfp: 2300W &#8211; 3200W (Booster 3700W)<\/li>\n<li>Ngu\u1ed3n \u0111i\u1ec7n: 01 t\u1eeb v\u00e0 01 \u0111i\u1ec7n cho Vi\u1ec7t Nam<\/li>\n<li>K\u00edch th\u01b0\u1edbc m\u1eb7t k\u00ednh: 730\u00d7430 mm<\/li>\n<li>K\u00edch th\u01b0\u1edbc kho\u00e9t \u0111\u00e1: 680&#215;380 mm<\/li>\n<\/ul>\n<h3>Xu\u1ea5t x\u1ee9: Germany<\/h3>\n<h3>H\u00ecnh \u1ea3nh l\u1eafp \u0111\u1eb7t th\u1ef1c t\u1ebf B\u1ebfp T\u1eeb Kaff KF-HID7348II \u00a0:<\/h3>\n<div>\n<figure id=\"attachment_12026\" aria-describedby=\"caption-attachment-12026\" style=\"width: 900px\" class=\"wp-caption alignnone\"><img loading=\"lazy\" decoding=\"async\" class=\"size-full wp-image-12026\" src=\"https:\/\/livinghome.vn\/thiet-bi\/wp-content\/uploads\/nha-bep\/kaff\/bep-tu\/bep-tu-kaff-kf-hid7348ii\/bep-tu-kaff-kf-hid7348ii-1.4.jpg\" alt=\"B\u1ebfp T\u1eeb Kaff KF-HID7348II\" width=\"900\" height=\"900\" title=\"\" srcset=\"https:\/\/livinghome.vn\/thiet-bi\/wp-content\/uploads\/nha-bep\/kaff\/bep-tu\/bep-tu-kaff-kf-hid7348ii\/bep-tu-kaff-kf-hid7348ii-1.4.jpg 900w, https:\/\/livinghome.vn\/thiet-bi\/wp-content\/uploads\/nha-bep\/kaff\/bep-tu\/bep-tu-kaff-kf-hid7348ii\/bep-tu-kaff-kf-hid7348ii-1.4-300x300.jpg 300w, https:\/\/livinghome.vn\/thiet-bi\/wp-content\/uploads\/nha-bep\/kaff\/bep-tu\/bep-tu-kaff-kf-hid7348ii\/bep-tu-kaff-kf-hid7348ii-1.4-100x100.jpg 100w, https:\/\/livinghome.vn\/thiet-bi\/wp-content\/uploads\/nha-bep\/kaff\/bep-tu\/bep-tu-kaff-kf-hid7348ii\/bep-tu-kaff-kf-hid7348ii-1.4-600x600.jpg 600w, https:\/\/livinghome.vn\/thiet-bi\/wp-content\/uploads\/nha-bep\/kaff\/bep-tu\/bep-tu-kaff-kf-hid7348ii\/bep-tu-kaff-kf-hid7348ii-1.4-400x400.jpg 400w, https:\/\/livinghome.vn\/thiet-bi\/wp-content\/uploads\/nha-bep\/kaff\/bep-tu\/bep-tu-kaff-kf-hid7348ii\/bep-tu-kaff-kf-hid7348ii-1.4-800x800.jpg 800w, https:\/\/livinghome.vn\/thiet-bi\/wp-content\/uploads\/nha-bep\/kaff\/bep-tu\/bep-tu-kaff-kf-hid7348ii\/bep-tu-kaff-kf-hid7348ii-1.4-280x280.jpg 280w, https:\/\/livinghome.vn\/thiet-bi\/wp-content\/uploads\/nha-bep\/kaff\/bep-tu\/bep-tu-kaff-kf-hid7348ii\/bep-tu-kaff-kf-hid7348ii-1.4-768x768.jpg 768w\" sizes=\"auto, (max-width: 900px) 100vw, 900px\" \/><figcaption id=\"caption-attachment-12026\" class=\"wp-caption-text\">B\u1ebfp T\u1eeb Kaff KF-HID7348II<\/figcaption><\/figure>\n<figure id=\"attachment_12027\" aria-describedby=\"caption-attachment-12027\" style=\"width: 1200px\" class=\"wp-caption alignnone\"><img loading=\"lazy\" decoding=\"async\" class=\"wp-image-12027 size-full\" src=\"https:\/\/livinghome.vn\/thiet-bi\/wp-content\/uploads\/nha-bep\/kaff\/bep-tu\/bep-tu-kaff-kf-hid7348ii\/bep-tu-kaff-kf-hid7348ii-hinh-anh-thuc-te-2.jpg\" alt=\"B\u1ebfp T\u1eeb Kaff KF-HID7348II\" width=\"1200\" height=\"900\" title=\"\" srcset=\"https:\/\/livinghome.vn\/thiet-bi\/wp-content\/uploads\/nha-bep\/kaff\/bep-tu\/bep-tu-kaff-kf-hid7348ii\/bep-tu-kaff-kf-hid7348ii-hinh-anh-thuc-te-2.jpg 1200w, https:\/\/livinghome.vn\/thiet-bi\/wp-content\/uploads\/nha-bep\/kaff\/bep-tu\/bep-tu-kaff-kf-hid7348ii\/bep-tu-kaff-kf-hid7348ii-hinh-anh-thuc-te-2-600x450.jpg 600w, https:\/\/livinghome.vn\/thiet-bi\/wp-content\/uploads\/nha-bep\/kaff\/bep-tu\/bep-tu-kaff-kf-hid7348ii\/bep-tu-kaff-kf-hid7348ii-hinh-anh-thuc-te-2-533x400.jpg 533w, https:\/\/livinghome.vn\/thiet-bi\/wp-content\/uploads\/nha-bep\/kaff\/bep-tu\/bep-tu-kaff-kf-hid7348ii\/bep-tu-kaff-kf-hid7348ii-hinh-anh-thuc-te-2-1067x800.jpg 1067w, https:\/\/livinghome.vn\/thiet-bi\/wp-content\/uploads\/nha-bep\/kaff\/bep-tu\/bep-tu-kaff-kf-hid7348ii\/bep-tu-kaff-kf-hid7348ii-hinh-anh-thuc-te-2-768x576.jpg 768w\" sizes=\"auto, (max-width: 1200px) 100vw, 1200px\" \/><figcaption id=\"caption-attachment-12027\" class=\"wp-caption-text\">B\u1ebfp T\u1eeb Kaff KF-HID7348II<\/figcaption><\/figure>\n<figure id=\"attachment_12025\" aria-describedby=\"caption-attachment-12025\" style=\"width: 900px\" class=\"wp-caption alignnone\"><img loading=\"lazy\" decoding=\"async\" class=\"wp-image-12025 size-full\" src=\"https:\/\/livinghome.vn\/thiet-bi\/wp-content\/uploads\/nha-bep\/kaff\/bep-tu\/bep-tu-kaff-kf-hid7348ii\/bep-tu-kaff-kf-hid7348ii-1.5.jpg\" alt=\"B\u1ebfp T\u1eeb Kaff KF-HID7348II\" width=\"900\" height=\"900\" title=\"\" srcset=\"https:\/\/livinghome.vn\/thiet-bi\/wp-content\/uploads\/nha-bep\/kaff\/bep-tu\/bep-tu-kaff-kf-hid7348ii\/bep-tu-kaff-kf-hid7348ii-1.5.jpg 900w, https:\/\/livinghome.vn\/thiet-bi\/wp-content\/uploads\/nha-bep\/kaff\/bep-tu\/bep-tu-kaff-kf-hid7348ii\/bep-tu-kaff-kf-hid7348ii-1.5-300x300.jpg 300w, https:\/\/livinghome.vn\/thiet-bi\/wp-content\/uploads\/nha-bep\/kaff\/bep-tu\/bep-tu-kaff-kf-hid7348ii\/bep-tu-kaff-kf-hid7348ii-1.5-100x100.jpg 100w, https:\/\/livinghome.vn\/thiet-bi\/wp-content\/uploads\/nha-bep\/kaff\/bep-tu\/bep-tu-kaff-kf-hid7348ii\/bep-tu-kaff-kf-hid7348ii-1.5-600x600.jpg 600w, https:\/\/livinghome.vn\/thiet-bi\/wp-content\/uploads\/nha-bep\/kaff\/bep-tu\/bep-tu-kaff-kf-hid7348ii\/bep-tu-kaff-kf-hid7348ii-1.5-400x400.jpg 400w, https:\/\/livinghome.vn\/thiet-bi\/wp-content\/uploads\/nha-bep\/kaff\/bep-tu\/bep-tu-kaff-kf-hid7348ii\/bep-tu-kaff-kf-hid7348ii-1.5-800x800.jpg 800w, https:\/\/livinghome.vn\/thiet-bi\/wp-content\/uploads\/nha-bep\/kaff\/bep-tu\/bep-tu-kaff-kf-hid7348ii\/bep-tu-kaff-kf-hid7348ii-1.5-280x280.jpg 280w, https:\/\/livinghome.vn\/thiet-bi\/wp-content\/uploads\/nha-bep\/kaff\/bep-tu\/bep-tu-kaff-kf-hid7348ii\/bep-tu-kaff-kf-hid7348ii-1.5-768x768.jpg 768w\" sizes=\"auto, (max-width: 900px) 100vw, 900px\" \/><figcaption id=\"caption-attachment-12025\" class=\"wp-caption-text\">B\u1ebfp T\u1eeb Kaff KF-HID7348II<\/figcaption><\/figure>\n<\/div>\n","protected":false},"excerpt":{"rendered":"<p>M\u1eb7t k\u00ednh Shott Ceran Made in Germany si\u00eau b\u1ec1n, ch\u1ecbu l\u1ef1c ch\u1ecbu s\u1ed1c nhi\u1ec7t<\/p>\n<p>C\u00f4ng su\u1ea5t b\u1ebfp: 2300Wx3200W (BOOSTER 3700W)<\/p>\n<p>K\u00edch th\u01b0\u1edbc m\u1eb7t k\u00ednh: 730x430mm<\/p>\n<p>K\u00edch th\u01b0\u1edbc kho\u00e9t \u0111\u00e1: 680x380mm<\/p>\n","protected":false},"featured_media":12022,"comment_status":"open","ping_status":"closed","template":"","meta":[],"product_brand":[],"product_cat":[745,794,813,809,799,802,795,717,164],"product_tag":[168,111,170,167],"class_list":{"0":"post-12020","1":"product","2":"type-product","3":"status-publish","4":"has-post-thumbnail","6":"product_cat-bep-dien-tu","7":"product_cat-bep-2-tu","8":"product_cat-bep-dien-tu-chung-cu","9":"product_cat-bep-dien-tu-duc-germany","10":"product_cat-bep-dien-tu-hinh-chu-nhat","11":"product_cat-bep-dien-tu-mat-kinh-schott-ceran","12":"product_cat-bep-tu-doi","13":"product_cat-bep-tu-kaff","14":"product_cat-thuong-hieu-kaff","15":"product_tag-bep-tu-am","16":"product_tag-bep-tu-doi","17":"product_tag-bep-tu-kaff","18":"product_tag-kaff","20":"first","21":"instock","22":"sale","23":"shipping-taxable","24":"purchasable","25":"product-type-simple"},"_links":{"self":[{"href":"https:\/\/livinghome.vn\/thiet-bi\/wp-json\/wp\/v2\/product\/12020","targetHints":{"allow":["GET"]}}],"collection":[{"href":"https:\/\/livinghome.vn\/thiet-bi\/wp-json\/wp\/v2\/product"}],"about":[{"href":"https:\/\/livinghome.vn\/thiet-bi\/wp-json\/wp\/v2\/types\/product"}],"replies":[{"embeddable":true,"href":"https:\/\/livinghome.vn\/thiet-bi\/wp-json\/wp\/v2\/comments?post=12020"}],"wp:featuredmedia":[{"embeddable":true,"href":"https:\/\/livinghome.vn\/thiet-bi\/wp-json\/wp\/v2\/media\/12022"}],"wp:attachment":[{"href":"https:\/\/livinghome.vn\/thiet-bi\/wp-json\/wp\/v2\/media?parent=12020"}],"wp:term":[{"taxonomy":"product_brand","embeddable":true,"href":"https:\/\/livinghome.vn\/thiet-bi\/wp-json\/wp\/v2\/product_brand?post=12020"},{"taxonomy":"product_cat","embeddable":true,"href":"https:\/\/livinghome.vn\/thiet-bi\/wp-json\/wp\/v2\/product_cat?post=12020"},{"taxonomy":"product_tag","embeddable":true,"href":"https:\/\/livinghome.vn\/thiet-bi\/wp-json\/wp\/v2\/product_tag?post=12020"}],"curies":[{"name":"wp","href":"https:\/\/api.w.org\/{rel}","templated":true}]}}