{"id":11974,"date":"2023-04-27T05:46:19","date_gmt":"2023-04-27T05:46:19","guid":{"rendered":"https:\/\/livinghome.vn\/thiet-bi\/?post_type=product&#038;p=11974"},"modified":"2024-11-29T14:19:11","modified_gmt":"2024-11-29T07:19:11","slug":"bep-tu-kaff-kf-hi5468si-62cm-3-tu","status":"publish","type":"product","link":"https:\/\/livinghome.vn\/thiet-bi\/bep-tu-kaff-kf-hi5468si-62cm-3-tu\/","title":{"rendered":"B\u1ebfp T\u1eeb Kaff KF\u2013HI5468SI 62CM 3 T\u1eeb K\u00ednh Schott Ceran"},"content":{"rendered":"<h2>Xin gi\u1edbi thi\u1ec7u S\u1ea3n ph\u1ea9m B\u1ebfp T\u1eeb Kaff KF\u2013HI5468SI<\/h2>\n<p>B\u1ebfp t\u1eeb Kaff KF-HI5468SI s\u1eed d\u1ee5ng m\u1eb7t k\u00ednh Schott Ceran s\u1ea3n xu\u1ea5t t\u1ea1i \u0110\u1ee9c, m\u1eb7t k\u00ednh \u0111\u01b0\u1ee3c l\u00e0m t\u1eeb ch\u1ea5t li\u1ec7u g\u1ed1m th\u1ee7y tinh c\u00f3 kh\u1ea3 n\u0103ng ch\u1ecbu nhi\u1ec7t l\u00ean \u0111\u1ebfn 1000\u00b0C, kh\u00e1ng s\u1ed1c 750\u00b0C.<\/p>\n<figure id=\"attachment_11980\" aria-describedby=\"caption-attachment-11980\" style=\"width: 900px\" class=\"wp-caption alignnone\"><img loading=\"lazy\" decoding=\"async\" class=\"wp-image-11980 size-full\" src=\"https:\/\/livinghome.vn\/thiet-bi\/wp-content\/uploads\/nha-bep\/kaff\/bep-tu\/bep-tu-kaff-kf-hi5468si\/bep-tu-kaff-kf-hi5468si-6.jpg\" alt=\"B\u1ebfp T\u1eeb KAFF KF\u2013HI5468SI\" width=\"900\" height=\"900\" title=\"\" srcset=\"https:\/\/livinghome.vn\/thiet-bi\/wp-content\/uploads\/nha-bep\/kaff\/bep-tu\/bep-tu-kaff-kf-hi5468si\/bep-tu-kaff-kf-hi5468si-6.jpg 900w, https:\/\/livinghome.vn\/thiet-bi\/wp-content\/uploads\/nha-bep\/kaff\/bep-tu\/bep-tu-kaff-kf-hi5468si\/bep-tu-kaff-kf-hi5468si-6-300x300.jpg 300w, https:\/\/livinghome.vn\/thiet-bi\/wp-content\/uploads\/nha-bep\/kaff\/bep-tu\/bep-tu-kaff-kf-hi5468si\/bep-tu-kaff-kf-hi5468si-6-100x100.jpg 100w, https:\/\/livinghome.vn\/thiet-bi\/wp-content\/uploads\/nha-bep\/kaff\/bep-tu\/bep-tu-kaff-kf-hi5468si\/bep-tu-kaff-kf-hi5468si-6-600x600.jpg 600w, https:\/\/livinghome.vn\/thiet-bi\/wp-content\/uploads\/nha-bep\/kaff\/bep-tu\/bep-tu-kaff-kf-hi5468si\/bep-tu-kaff-kf-hi5468si-6-400x400.jpg 400w, https:\/\/livinghome.vn\/thiet-bi\/wp-content\/uploads\/nha-bep\/kaff\/bep-tu\/bep-tu-kaff-kf-hi5468si\/bep-tu-kaff-kf-hi5468si-6-800x800.jpg 800w, https:\/\/livinghome.vn\/thiet-bi\/wp-content\/uploads\/nha-bep\/kaff\/bep-tu\/bep-tu-kaff-kf-hi5468si\/bep-tu-kaff-kf-hi5468si-6-280x280.jpg 280w, https:\/\/livinghome.vn\/thiet-bi\/wp-content\/uploads\/nha-bep\/kaff\/bep-tu\/bep-tu-kaff-kf-hi5468si\/bep-tu-kaff-kf-hi5468si-6-768x768.jpg 768w\" sizes=\"auto, (max-width: 900px) 100vw, 900px\" \/><figcaption id=\"caption-attachment-11980\" class=\"wp-caption-text\">B\u1ebfp T\u1eeb KAFF KF\u2013HI5468SI<\/figcaption><\/figure>\n<p>B\u1ebfp t\u1eeb Kaff KF-HI5468SI g\u1ed3m 3 v\u00f9ng n\u1ea5u v\u1edbi t\u1ed5ng c\u00f4ng su\u1ea5t 5600W. V\u00f9ng n\u1ea5u tr\u00e1i tr\u00ean c\u00f3 c\u00f4ng su\u1ea5t 1800W khi k\u00edch ho\u1ea1t t\u00ednh n\u0103ng n\u1ea5u nhanh Booster c\u00f4ng su\u1ea5t l\u00ean t\u1edbi 3200W.<\/p>\n<p>V\u00f9ng n\u1ea5u tr\u00e1i d\u01b0\u1edbi c\u00f3 c\u00f4ng su\u1ea5t 1200W khi k\u00edch ho\u1ea1t t\u00ednh n\u0103ng n\u1ea5u nhanh Booster c\u00f4ng su\u1ea5t l\u00ean t\u1edbi 1800W. V\u00f9ng n\u1ea5u ph\u1ea3i c\u00f3 c\u00f4ng su\u1ea5t 2600W khi k\u00edch ho\u1ea1t t\u00ednh n\u0103ng n\u1ea5u nhanh Booster c\u00f4ng su\u1ea5t l\u00ean t\u1edbi 4300W.<\/p>\n<p>Ch\u1ec9 trong ch\u1ed1c l\u00e1t sau khi k\u00edch ho\u1ea1t t\u00ednh n\u0103ng n\u00e0y, nhi\u1ec7t l\u01b0\u1ee3ng tr\u00ean v\u00f9ng n\u1ea5u t\u1eeb t\u0103ng l\u00ean c\u00f4ng su\u1ea5t t\u01b0\u01a1ng \u0111\u01b0\u01a1ng v\u1edbi m\u1ee9c nhi\u1ec7t l\u01b0\u1ee3ng l\u1edbn nh\u1ea5t. Do \u0111\u00f3, c\u00e1c m\u00f3n \u0103n \u0111\u01b0\u1ee3c n\u1ea5u ch\u00edn nhanh h\u01a1n, ti\u1ebft ki\u1ec7m th\u1eddi gian v\u00e0o b\u1ebfp cho ch\u1ecb em n\u1ed9i tr\u1ee3.<\/p>\n<p>Ch\u1ee9c n\u0103ng Booster n\u1ea5u si\u00eau nhanh, tuy nhi\u00ean th\u1eddi gian t\u1ed1i \u0111a m\u1eb7c \u0111\u1ecbnh d\u00f9ng ch\u1ee9c n\u0103ng n\u00e0y l\u00e0 10 ph\u00fat \/ l\u1ea7n tr\u00e1nh qu\u00e1 t\u1ea3i.<\/p>\n<figure id=\"attachment_11978\" aria-describedby=\"caption-attachment-11978\" style=\"width: 900px\" class=\"wp-caption alignnone\"><img loading=\"lazy\" decoding=\"async\" class=\"size-full wp-image-11978\" src=\"https:\/\/livinghome.vn\/thiet-bi\/wp-content\/uploads\/nha-bep\/kaff\/bep-tu\/bep-tu-kaff-kf-hi5468si\/bep-tu-kaff-kf-hi5468si-5.jpg\" alt=\"B\u1ebfp T\u1eeb KAFF KF\u2013HI5468SI\" width=\"900\" height=\"900\" title=\"\" srcset=\"https:\/\/livinghome.vn\/thiet-bi\/wp-content\/uploads\/nha-bep\/kaff\/bep-tu\/bep-tu-kaff-kf-hi5468si\/bep-tu-kaff-kf-hi5468si-5.jpg 900w, https:\/\/livinghome.vn\/thiet-bi\/wp-content\/uploads\/nha-bep\/kaff\/bep-tu\/bep-tu-kaff-kf-hi5468si\/bep-tu-kaff-kf-hi5468si-5-300x300.jpg 300w, https:\/\/livinghome.vn\/thiet-bi\/wp-content\/uploads\/nha-bep\/kaff\/bep-tu\/bep-tu-kaff-kf-hi5468si\/bep-tu-kaff-kf-hi5468si-5-100x100.jpg 100w, https:\/\/livinghome.vn\/thiet-bi\/wp-content\/uploads\/nha-bep\/kaff\/bep-tu\/bep-tu-kaff-kf-hi5468si\/bep-tu-kaff-kf-hi5468si-5-600x600.jpg 600w, https:\/\/livinghome.vn\/thiet-bi\/wp-content\/uploads\/nha-bep\/kaff\/bep-tu\/bep-tu-kaff-kf-hi5468si\/bep-tu-kaff-kf-hi5468si-5-400x400.jpg 400w, https:\/\/livinghome.vn\/thiet-bi\/wp-content\/uploads\/nha-bep\/kaff\/bep-tu\/bep-tu-kaff-kf-hi5468si\/bep-tu-kaff-kf-hi5468si-5-800x800.jpg 800w, https:\/\/livinghome.vn\/thiet-bi\/wp-content\/uploads\/nha-bep\/kaff\/bep-tu\/bep-tu-kaff-kf-hi5468si\/bep-tu-kaff-kf-hi5468si-5-280x280.jpg 280w, https:\/\/livinghome.vn\/thiet-bi\/wp-content\/uploads\/nha-bep\/kaff\/bep-tu\/bep-tu-kaff-kf-hi5468si\/bep-tu-kaff-kf-hi5468si-5-768x768.jpg 768w\" sizes=\"auto, (max-width: 900px) 100vw, 900px\" \/><figcaption id=\"caption-attachment-11978\" class=\"wp-caption-text\">B\u1ebfp T\u1eeb KAFF KF\u2013HI5468SI<\/figcaption><\/figure>\n<p>B\u1ebfp t\u1eeb Kaff KF-HI5468SI v\u1edbi c\u00f4ng ngh\u1ec7 Inverter th\u00f4ng minh v\u01b0\u1ee3t tr\u1ed9i gi\u00fap l\u00e0m gi\u1ea3m l\u01b0\u1ee3ng ti\u00eau th\u1ee5 \u0111i\u1ec7n c\u1ee7a c\u00e1c s\u1ea3n ph\u1ea9m c\u00f3 s\u1eed d\u1ee5ng l\u00f5i t\u1eeb c\u1ee7a b\u1ebfp t\u1eeb.<\/p>\n<p>Ngo\u00e0i ra c\u00f4ng ngh\u1ec7 Inverter c\u00f2n gi\u00fap b\u1ebfp t\u1eeb \u0111i\u1ec1u ch\u1ec9nh m\u1ee9c c\u00f4ng su\u1ea5t ph\u00f9 h\u1ee3p \u0111\u1ec3 kh\u00f4ng l\u00e0m ti\u00eau th\u1ee5 nhi\u1ec1u \u0111i\u1ec7n n\u0103ng.<\/p>\n<p>B\u1ebfp t\u1eeb Kaff KF-HI5468SI v\u1edbi c\u1ea3m bi\u1ebfn th\u00f4ng minh s\u1ebd c\u1ed1 \u0111\u1ecbnh c\u00f4ng su\u1ea5t ti\u00eau th\u1ee5 \u0111i\u1ec7n khi \u0111un n\u1ea5u, kh\u00f4ng b\u1eadt t\u1eaft li\u00ean t\u1ee5c nh\u01b0 c\u00e1c b\u1ebfp t\u1eeb th\u00f4ng th\u01b0\u1eddng kh\u00e1c (t\u1ef1 \u0111\u1ed9ng \u0111i\u1ec1u ch\u1ec9nh li\u00ean t\u1ee5c \u0111\u1ec3 \u0111\u1ea3m b\u1ea3o m\u1ee9c nhi\u1ec7t t\u01b0\u01a1ng \u0111\u01b0\u01a1ng b\u1eb1ng v\u1edbi con s\u1ed1 hi\u1ec3n th\u1ecb tr\u00ean b\u00e0n \u0111i\u1ec1u khi\u1ec3n).<\/p>\n<figure id=\"attachment_11982\" aria-describedby=\"caption-attachment-11982\" style=\"width: 900px\" class=\"wp-caption alignnone\"><img loading=\"lazy\" decoding=\"async\" class=\"size-full wp-image-11982\" src=\"https:\/\/livinghome.vn\/thiet-bi\/wp-content\/uploads\/nha-bep\/kaff\/bep-tu\/bep-tu-kaff-kf-hi5468si\/bep-tu-kaff-kf-hi5468si-4.jpg\" alt=\"B\u1ebfp T\u1eeb KAFF KF\u2013HI5468SI\" width=\"900\" height=\"900\" title=\"\" srcset=\"https:\/\/livinghome.vn\/thiet-bi\/wp-content\/uploads\/nha-bep\/kaff\/bep-tu\/bep-tu-kaff-kf-hi5468si\/bep-tu-kaff-kf-hi5468si-4.jpg 900w, https:\/\/livinghome.vn\/thiet-bi\/wp-content\/uploads\/nha-bep\/kaff\/bep-tu\/bep-tu-kaff-kf-hi5468si\/bep-tu-kaff-kf-hi5468si-4-300x300.jpg 300w, https:\/\/livinghome.vn\/thiet-bi\/wp-content\/uploads\/nha-bep\/kaff\/bep-tu\/bep-tu-kaff-kf-hi5468si\/bep-tu-kaff-kf-hi5468si-4-100x100.jpg 100w, https:\/\/livinghome.vn\/thiet-bi\/wp-content\/uploads\/nha-bep\/kaff\/bep-tu\/bep-tu-kaff-kf-hi5468si\/bep-tu-kaff-kf-hi5468si-4-600x600.jpg 600w, https:\/\/livinghome.vn\/thiet-bi\/wp-content\/uploads\/nha-bep\/kaff\/bep-tu\/bep-tu-kaff-kf-hi5468si\/bep-tu-kaff-kf-hi5468si-4-400x400.jpg 400w, https:\/\/livinghome.vn\/thiet-bi\/wp-content\/uploads\/nha-bep\/kaff\/bep-tu\/bep-tu-kaff-kf-hi5468si\/bep-tu-kaff-kf-hi5468si-4-800x800.jpg 800w, https:\/\/livinghome.vn\/thiet-bi\/wp-content\/uploads\/nha-bep\/kaff\/bep-tu\/bep-tu-kaff-kf-hi5468si\/bep-tu-kaff-kf-hi5468si-4-280x280.jpg 280w, https:\/\/livinghome.vn\/thiet-bi\/wp-content\/uploads\/nha-bep\/kaff\/bep-tu\/bep-tu-kaff-kf-hi5468si\/bep-tu-kaff-kf-hi5468si-4-768x768.jpg 768w\" sizes=\"auto, (max-width: 900px) 100vw, 900px\" \/><figcaption id=\"caption-attachment-11982\" class=\"wp-caption-text\">B\u1ebfp T\u1eeb KAFF KF\u2013HI5468SI<\/figcaption><\/figure>\n<p>B\u1ebfp t\u1eeb Kaff KF-HI5468SI kh\u00f4ng s\u1eed d\u1ee5ng l\u1eeda \u0111\u1ec3 l\u00e0m ch\u00edn th\u1ee9c \u0103n v\u00e0 d\u00f9ng n\u0103ng l\u01b0\u1ee3ng c\u1ea3m \u1ee9ng t\u1eeb, v\u00ec th\u1ebf hi\u1ec7u su\u1ea5t n\u1ea5u \u0111\u1ea1t t\u1edbi 90%, trong khi b\u1ebfp gas ch\u1ec9 \u0111\u1ea1t kho\u1ea3ng 50%.<\/p>\n<p>B\u1edfi v\u1eady, s\u1eed d\u1ee5ng b\u1ebfp t\u1eeb n\u00e0y kh\u00f4ng nh\u1eefng gi\u00fap b\u1ea1n ti\u1ebft ki\u1ec7m th\u1eddi gian n\u1ea5u m\u1ed9t n\u1eeda m\u00e0 c\u00f2n ti\u1ebft ki\u1ec7m \u0111i\u1ec7n n\u0103ng, ti\u1ebft ki\u1ec7m chi ph\u00ed h\u00e0ng th\u00e1ng cho gia \u0111\u00ecnh.<\/p>\n<p>\u01afu \u0111i\u1ec3m n\u1ed5i b\u1eadt c\u1ee7a b\u1ebfp t\u1eeb l\u00e0 kh\u1ea3 n\u0103ng \u0111un n\u1ea5u c\u1ef1c nhanh v\u1edbi nguy\u00ean l\u00fd ho\u1ea1t \u0111\u1ed9ng c\u1ee7a s\u00f3ng t\u1eeb t\u00e1c \u0111\u1ed9ng vu\u00f4ng g\u00f3c v\u1edbi \u0111\u00e1y n\u1ed3i gi\u00fap ti\u1ebft ki\u1ec7m th\u1eddi gian \u0111un n\u1ea5u \u0111\u1ebfn t\u1ed1i \u0111a.<\/p>\n<p>B\u1ebfp t\u1eeb Kaff KF-HI5468SI \u0111\u01b0\u1ee3c t\u00edch h\u1ee3p ch\u1ee9c n\u0103ng t\u1ef1 nh\u1eadn di\u1ec7n v\u00f9ng n\u1ea5u, khi ta \u0111\u1eb7t n\u1ed3i l\u00ean 1 trong 2 v\u00f9ng n\u1ea5u sau \u0111\u00f3 \u1ea5n n\u00fat kh\u1edfi \u0111\u1ed9ng b\u1ebfp sau th\u1eddi gian 1-2 gi\u00e2y b\u1ebfp s\u1ebd t\u1ef1 \u0111\u1ed9ng t\u00ecm v\u00f9ng n\u1ea5u \u0111\u00e3 c\u00f3 n\u1ed3i, ta ch\u1ec9 vi\u1ec7c \u0111i\u1ec1u ch\u1ec9nh m\u1ee9c c\u00f4ng su\u1ea5t to nh\u1ecf theo \u00fd mu\u1ed1n m\u00e0 kh\u00f4ng ph\u1ea3i thao t\u00e1c ch\u1ecdn v\u00f9ng n\u1ea5u nh\u01b0 b\u1ebfp th\u00f4ng th\u01b0\u1eddng.<\/p>\n<p>C\u00f4ng ngh\u1ec7 Inverter \u0111\u01b0\u1ee3c \u00e1p d\u1ee5ng tr\u00ean b\u1ebfp t\u1eeb Kaff KF-HI5468SI c\u00f3 kh\u1ea3 n\u0103ng ph\u1ea3n \u1ee9ng thay \u0111\u1ed5i c\u00f4ng su\u1ea5t theo \u0111i\u1ec1u khi\u1ec3n ngay t\u1ee9c th\u00ec, khi ng\u01b0\u1eddi d\u00f9ng \u0111i\u1ec1u ch\u1ec9nh t\u0103ng gi\u1ea3m nhi\u1ec7t \u0111\u1ed9 \u0111un n\u1ea5u, b\u1ebfp \u0111i\u1ec1u ch\u1ec9nh thay \u0111\u1ed5i t\u1ee9c th\u00ec v\u1ec1 m\u1ee9c nhi\u1ec7t \u0111\u1ed9 mong mu\u1ed1n.<\/p>\n<figure id=\"attachment_11977\" aria-describedby=\"caption-attachment-11977\" style=\"width: 1200px\" class=\"wp-caption alignnone\"><img loading=\"lazy\" decoding=\"async\" class=\"wp-image-11977 size-full\" src=\"https:\/\/livinghome.vn\/thiet-bi\/wp-content\/uploads\/nha-bep\/kaff\/bep-tu\/bep-tu-kaff-kf-hi5468si\/bep-tu-kaff-kf-hi5468si-2.jpg\" alt=\"B\u1ebfp T\u1eeb KAFF KF\u2013HI5468SI\" width=\"1200\" height=\"900\" title=\"\" srcset=\"https:\/\/livinghome.vn\/thiet-bi\/wp-content\/uploads\/nha-bep\/kaff\/bep-tu\/bep-tu-kaff-kf-hi5468si\/bep-tu-kaff-kf-hi5468si-2.jpg 1200w, https:\/\/livinghome.vn\/thiet-bi\/wp-content\/uploads\/nha-bep\/kaff\/bep-tu\/bep-tu-kaff-kf-hi5468si\/bep-tu-kaff-kf-hi5468si-2-600x450.jpg 600w, https:\/\/livinghome.vn\/thiet-bi\/wp-content\/uploads\/nha-bep\/kaff\/bep-tu\/bep-tu-kaff-kf-hi5468si\/bep-tu-kaff-kf-hi5468si-2-533x400.jpg 533w, https:\/\/livinghome.vn\/thiet-bi\/wp-content\/uploads\/nha-bep\/kaff\/bep-tu\/bep-tu-kaff-kf-hi5468si\/bep-tu-kaff-kf-hi5468si-2-1067x800.jpg 1067w, https:\/\/livinghome.vn\/thiet-bi\/wp-content\/uploads\/nha-bep\/kaff\/bep-tu\/bep-tu-kaff-kf-hi5468si\/bep-tu-kaff-kf-hi5468si-2-768x576.jpg 768w\" sizes=\"auto, (max-width: 1200px) 100vw, 1200px\" \/><figcaption id=\"caption-attachment-11977\" class=\"wp-caption-text\">B\u1ebfp T\u1eeb KAFF KF\u2013HI5468SI<\/figcaption><\/figure>\n<h3>T\u00ednh n\u0103ng c\u01a1 b\u1ea3n<\/h3>\n<ul>\n<li><a href=\"https:\/\/livinghome.vn\/thiet-bi\/bep-tu\/\">B\u1ebfp t\u1eeb<\/a> &#8211; B\u1ebfp t\u1eeb \u00e2m<\/li>\n<li>B\u1ebfp t\u1eeb 3 v\u00f9ng n\u1ea5u<\/li>\n<li>M\u1eb7t k\u00ednh Schott Ceran &#8211; Made in Germany, v\u00e1t 2 c\u1ea1nh tr\u00ean d\u01b0\u1edbi, bo vi\u1ec1n h\u1ee3p kim nh\u00f4m cao c\u1ea5p 2 c\u1ea1nh b\u00ean<\/li>\n<li>Bo m\u1ea1ch v\u00e0 m\u00e2m t\u1eeb E.G.O &#8211; Made in Germany<\/li>\n<li>C\u00f4ng ngh\u1ec7 bi\u1ebfn t\u1ea7n Inverter th\u00f4ng minh v\u01b0\u1ee3t tr\u1ed9i \u0111un n\u1ea5u v\u00e0 gi\u1eef nhi\u1ec7t li\u00ean t\u1ee5c \u1edf m\u1ee9c th\u1ea5p nh\u1ea5t kh\u00f4ng t\u1eaft m\u1edf. Ti\u1ebft ki\u1ec7m l\u00ean t\u1edbi 40% \u0111i\u1ec7n n\u0103ng<\/li>\n<li>Ch\u1ee9c n\u0103ng &#8220;Booster&#8221; si\u00eau nhanh<\/li>\n<li>\u0110i\u1ec1u khi\u1ec3n c\u1ea3m \u1ee9ng Slider Control d\u1ea1ng \u1ea9n 9 m\u1ee9c c\u00f4ng su\u1ea5t \u0111\u1ed9c l\u1eadp cho 4 v\u00f9ng n\u1ea5u<\/li>\n<li>T\u1ed1c \u0111\u1ed9 t\u0103ng nhi\u1ec7t nhanh g\u1ea5p 3 l\u1ea7n so v\u1edbi b\u1ebfp truy\u1ec1n th\u1ed1ng.<\/li>\n<li>N\u1ea5u th\u1ee9c \u0103n v\u1edbi \u0111\u1ed9 ch\u00ednh x\u00e1c cao ph\u1ea3n \u1ee9ng t\u1ee9c th\u00ec v\u1edbi m\u1ee9c nhi\u1ec7t mong mu\u1ed1n<\/li>\n<li>T\u1ef1 \u0111\u1ed9ng ph\u00e1t hi\u1ec7n v\u00f9ng n\u1ea5u v\u00e0 v\u00f9ng n\u1ea5u ch\u1ec9 n\u00f3ng l\u00ean khi c\u00f3 n\u1ed3i.<\/li>\n<li>Ch\u1ee9c n\u0103ng h\u00e2m n\u00f3ng<\/li>\n<li>Ch\u1ee9c n\u0103ng r\u00e3 \u0111\u00f4ng<\/li>\n<li>Ch\u1ee9c n\u0103ng t\u1ea1m d\u1eebng khi c\u1ea7n thi\u1ebft<\/li>\n<li>Kh\u00f3a tr\u1ebb em<\/li>\n<li>Ch\u1ee9c n\u0103ng t\u1eaft t\u1ef1 \u0111\u1ed9ng t\u1eaft b\u1ebfp khi kh\u00f4ng c\u00f3 n\u1ed3i<\/li>\n<li>Ch\u1ee9c n\u0103ng ch\u1ed1ng tr\u00e0o n\u01b0\u1edbc<\/li>\n<li>H\u1eb9n gi\u1edd gi\u1edbi h\u1ea1n th\u1eddi gian ho\u1ea1t \u0111\u1ed9ng.<\/li>\n<li>B\u1ea3o v\u1ec7 qu\u00e1 nhi\u1ec7t (c\u1ea3m bi\u1ebfn nhi\u1ec7t \u0111\u1ed9 t\u00edch h\u1ee3p trong t\u1eebng v\u00f9ng n\u1ea5u)<\/li>\n<li>Ch\u1ec9 b\u00e1o nhi\u1ec7t d\u01b0 hi\u1ec3n th\u1ecb tr\u00ean v\u00f9ng n\u00f3ng<\/li>\n<li>T\u00ednh n\u0103ng chia s\u1ebb c\u00f4ng su\u1ea5t<\/li>\n<\/ul>\n<figure id=\"attachment_11979\" aria-describedby=\"caption-attachment-11979\" style=\"width: 900px\" class=\"wp-caption alignnone\"><img loading=\"lazy\" decoding=\"async\" class=\"size-full wp-image-11979\" src=\"https:\/\/livinghome.vn\/thiet-bi\/wp-content\/uploads\/nha-bep\/kaff\/bep-tu\/bep-tu-kaff-kf-hi5468si\/bep-tu-kaff-kf-hi5468si-7.jpg\" alt=\"B\u1ebfp T\u1eeb KAFF KF\u2013HI5468SI\" width=\"900\" height=\"900\" title=\"\" srcset=\"https:\/\/livinghome.vn\/thiet-bi\/wp-content\/uploads\/nha-bep\/kaff\/bep-tu\/bep-tu-kaff-kf-hi5468si\/bep-tu-kaff-kf-hi5468si-7.jpg 900w, https:\/\/livinghome.vn\/thiet-bi\/wp-content\/uploads\/nha-bep\/kaff\/bep-tu\/bep-tu-kaff-kf-hi5468si\/bep-tu-kaff-kf-hi5468si-7-300x300.jpg 300w, https:\/\/livinghome.vn\/thiet-bi\/wp-content\/uploads\/nha-bep\/kaff\/bep-tu\/bep-tu-kaff-kf-hi5468si\/bep-tu-kaff-kf-hi5468si-7-100x100.jpg 100w, https:\/\/livinghome.vn\/thiet-bi\/wp-content\/uploads\/nha-bep\/kaff\/bep-tu\/bep-tu-kaff-kf-hi5468si\/bep-tu-kaff-kf-hi5468si-7-600x600.jpg 600w, https:\/\/livinghome.vn\/thiet-bi\/wp-content\/uploads\/nha-bep\/kaff\/bep-tu\/bep-tu-kaff-kf-hi5468si\/bep-tu-kaff-kf-hi5468si-7-400x400.jpg 400w, https:\/\/livinghome.vn\/thiet-bi\/wp-content\/uploads\/nha-bep\/kaff\/bep-tu\/bep-tu-kaff-kf-hi5468si\/bep-tu-kaff-kf-hi5468si-7-800x800.jpg 800w, https:\/\/livinghome.vn\/thiet-bi\/wp-content\/uploads\/nha-bep\/kaff\/bep-tu\/bep-tu-kaff-kf-hi5468si\/bep-tu-kaff-kf-hi5468si-7-280x280.jpg 280w, https:\/\/livinghome.vn\/thiet-bi\/wp-content\/uploads\/nha-bep\/kaff\/bep-tu\/bep-tu-kaff-kf-hi5468si\/bep-tu-kaff-kf-hi5468si-7-768x768.jpg 768w\" sizes=\"auto, (max-width: 900px) 100vw, 900px\" \/><figcaption id=\"caption-attachment-11979\" class=\"wp-caption-text\">K\u00edch th\u01b0\u1edbc B\u1ebfp T\u1eeb KAFF KF\u2013HI5468SI<\/figcaption><\/figure>\n<h3>Th\u00f4ng s\u1ed1 k\u1ef9 thu\u1eadt<\/h3>\n<ul>\n<li>\u0110i\u1ec7n \u00e1p: 220V\/50-60Hz<\/li>\n<li>T\u1ed5ng c\u00f4ng su\u1ea5t: 5600W<\/li>\n<li>V\u00f9ng n\u1ea5u t\u1eeb tr\u00e1i tr\u00ean: 1800W &#8211; Booster 3200W<\/li>\n<li>V\u00f9ng n\u1ea5u t\u1eeb tr\u00e1i d\u01b0\u1edbi: 1200W &#8211; Booster 1800W<\/li>\n<li>V\u00f9ng n\u1ea5u t\u1eeb ph\u1ea3i: 2600W &#8211; Booster 4300W<\/li>\n<li>K\u00edch th\u01b0\u1edbc m\u1eb7t k\u00ednh: R620 x S520 mm<\/li>\n<li>K\u00edch th\u01b0\u1edbc kho\u00e9t \u0111\u00e1: R570 x S490 mm<\/li>\n<\/ul>\n<h3>Xu\u1ea5t x\u1ee9: \u0110\u1ee9c<\/h3>\n<h3>H\u00ecnh \u1ea3nh l\u1eafp \u0111\u1eb7t th\u1ef1c t\u1ebf B\u1ebfp T\u1eeb KAFF KF\u2013HI5468SI:<\/h3>\n<figure id=\"attachment_11983\" aria-describedby=\"caption-attachment-11983\" style=\"width: 900px\" class=\"wp-caption alignnone\"><img loading=\"lazy\" decoding=\"async\" class=\"wp-image-11983 size-full\" src=\"https:\/\/livinghome.vn\/thiet-bi\/wp-content\/uploads\/nha-bep\/kaff\/bep-tu\/bep-tu-kaff-kf-hi5468si\/bep-tu-kaff-kf-hi5468si-hinh-anh-thuc-te-1.1.jpg\" alt=\"B\u1ebfp T\u1eeb KAFF KF\u2013HI5468SI\" width=\"900\" height=\"900\" title=\"\" srcset=\"https:\/\/livinghome.vn\/thiet-bi\/wp-content\/uploads\/nha-bep\/kaff\/bep-tu\/bep-tu-kaff-kf-hi5468si\/bep-tu-kaff-kf-hi5468si-hinh-anh-thuc-te-1.1.jpg 900w, https:\/\/livinghome.vn\/thiet-bi\/wp-content\/uploads\/nha-bep\/kaff\/bep-tu\/bep-tu-kaff-kf-hi5468si\/bep-tu-kaff-kf-hi5468si-hinh-anh-thuc-te-1.1-300x300.jpg 300w, https:\/\/livinghome.vn\/thiet-bi\/wp-content\/uploads\/nha-bep\/kaff\/bep-tu\/bep-tu-kaff-kf-hi5468si\/bep-tu-kaff-kf-hi5468si-hinh-anh-thuc-te-1.1-100x100.jpg 100w, https:\/\/livinghome.vn\/thiet-bi\/wp-content\/uploads\/nha-bep\/kaff\/bep-tu\/bep-tu-kaff-kf-hi5468si\/bep-tu-kaff-kf-hi5468si-hinh-anh-thuc-te-1.1-600x600.jpg 600w, https:\/\/livinghome.vn\/thiet-bi\/wp-content\/uploads\/nha-bep\/kaff\/bep-tu\/bep-tu-kaff-kf-hi5468si\/bep-tu-kaff-kf-hi5468si-hinh-anh-thuc-te-1.1-400x400.jpg 400w, https:\/\/livinghome.vn\/thiet-bi\/wp-content\/uploads\/nha-bep\/kaff\/bep-tu\/bep-tu-kaff-kf-hi5468si\/bep-tu-kaff-kf-hi5468si-hinh-anh-thuc-te-1.1-800x800.jpg 800w, https:\/\/livinghome.vn\/thiet-bi\/wp-content\/uploads\/nha-bep\/kaff\/bep-tu\/bep-tu-kaff-kf-hi5468si\/bep-tu-kaff-kf-hi5468si-hinh-anh-thuc-te-1.1-280x280.jpg 280w, https:\/\/livinghome.vn\/thiet-bi\/wp-content\/uploads\/nha-bep\/kaff\/bep-tu\/bep-tu-kaff-kf-hi5468si\/bep-tu-kaff-kf-hi5468si-hinh-anh-thuc-te-1.1-768x768.jpg 768w\" sizes=\"auto, (max-width: 900px) 100vw, 900px\" \/><figcaption id=\"caption-attachment-11983\" class=\"wp-caption-text\">B\u1ebfp T\u1eeb KAFF KF\u2013HI5468SI<\/figcaption><\/figure>\n","protected":false},"excerpt":{"rendered":"<p>M\u1eb7t k\u00ednh Schott Ceran &#8211; Made in Germany<\/p>\n<p>T\u1ed5ng c\u00f4ng su\u1ea5t: 5600W<\/p>\n<p>V\u00f9ng n\u1ea5u t\u1eeb tr\u00e1i tr\u00ean: 1800W &#8211; Booster 3200W<\/p>\n<p>V\u00f9ng n\u1ea5u t\u1eeb tr\u00e1i d\u01b0\u1edbi: 1200W &#8211; Booster 1800W<\/p>\n<p>V\u00f9ng n\u1ea5u t\u1eeb ph\u1ea3i: 2600W &#8211; Booster 4300W<\/p>\n<p>K\u00edch th\u01b0\u1edbc m\u1eb7t k\u00ednh: R620 x S520 mm<\/p>\n<p>K\u00edch th\u01b0\u1edbc kho\u00e9t \u0111\u00e1: R570 x S490 mm<\/p>\n<p>&nbsp;<\/p>\n","protected":false},"featured_media":11976,"comment_status":"open","ping_status":"closed","template":"","meta":[],"product_brand":[],"product_cat":[745,868,813,809,800,716,802,807,717,164],"product_tag":[112,168,170,167],"class_list":{"0":"post-11974","1":"product","2":"type-product","3":"status-publish","4":"has-post-thumbnail","6":"product_cat-bep-dien-tu","7":"product_cat-bep-3-tu","8":"product_cat-bep-dien-tu-chung-cu","9":"product_cat-bep-dien-tu-duc-germany","10":"product_cat-bep-dien-tu-hinh-vuong","11":"product_cat-bep-dien-tu-kaff","12":"product_cat-bep-dien-tu-mat-kinh-schott-ceran","13":"product_cat-bep-dien-tu-tiet-kiem-dien","14":"product_cat-bep-tu-kaff","15":"product_cat-thuong-hieu-kaff","16":"product_tag-bep-tu-3-vung-nau","17":"product_tag-bep-tu-am","18":"product_tag-bep-tu-kaff","19":"product_tag-kaff","21":"first","22":"instock","23":"sale","24":"shipping-taxable","25":"purchasable","26":"product-type-simple"},"_links":{"self":[{"href":"https:\/\/livinghome.vn\/thiet-bi\/wp-json\/wp\/v2\/product\/11974","targetHints":{"allow":["GET"]}}],"collection":[{"href":"https:\/\/livinghome.vn\/thiet-bi\/wp-json\/wp\/v2\/product"}],"about":[{"href":"https:\/\/livinghome.vn\/thiet-bi\/wp-json\/wp\/v2\/types\/product"}],"replies":[{"embeddable":true,"href":"https:\/\/livinghome.vn\/thiet-bi\/wp-json\/wp\/v2\/comments?post=11974"}],"wp:featuredmedia":[{"embeddable":true,"href":"https:\/\/livinghome.vn\/thiet-bi\/wp-json\/wp\/v2\/media\/11976"}],"wp:attachment":[{"href":"https:\/\/livinghome.vn\/thiet-bi\/wp-json\/wp\/v2\/media?parent=11974"}],"wp:term":[{"taxonomy":"product_brand","embeddable":true,"href":"https:\/\/livinghome.vn\/thiet-bi\/wp-json\/wp\/v2\/product_brand?post=11974"},{"taxonomy":"product_cat","embeddable":true,"href":"https:\/\/livinghome.vn\/thiet-bi\/wp-json\/wp\/v2\/product_cat?post=11974"},{"taxonomy":"product_tag","embeddable":true,"href":"https:\/\/livinghome.vn\/thiet-bi\/wp-json\/wp\/v2\/product_tag?post=11974"}],"curies":[{"name":"wp","href":"https:\/\/api.w.org\/{rel}","templated":true}]}}