{"id":11950,"date":"2023-04-26T10:09:40","date_gmt":"2023-04-26T10:09:40","guid":{"rendered":"https:\/\/livinghome.vn\/thiet-bi\/?post_type=product&#038;p=11950"},"modified":"2024-11-29T14:19:11","modified_gmt":"2024-11-29T07:19:11","slug":"bep-tu-kaff-kf-fl99ii-73cm-2-tu","status":"publish","type":"product","link":"https:\/\/livinghome.vn\/thiet-bi\/bep-tu-kaff-kf-fl99ii-73cm-2-tu\/","title":{"rendered":"B\u1ebfp T\u1eeb Kaff KF-FL99II 73CM 2 T\u1eeb M\u1eb7t K\u00ednh Euro Platinum"},"content":{"rendered":"<h2>C\u00f9ng kh\u00e1m ph\u00e1 B\u1ebfp T\u1eeb Kaff KF-FL99II V\u1edbi M\u1eb7t K\u00ednh Euro Platinum M\u1edbi<\/h2>\n<p>B\u1ebfp t\u1eeb KAFF KF-FL99II MAX l\u00e0 d\u00f2ng b\u1ebfp t\u1eeb th\u00f4ng minh th\u1ebf h\u1ec7 m\u1edbi nh\u1ea5t 2023 c\u1ee7a t\u1eadp \u0111o\u00e0n KAFF, b\u1ebfp \u0111\u01b0\u1ee3c nh\u1eadp nguy\u00ean chi\u1ebfc t\u1eeb Malaysia v\u1edbi thi\u1ebft k\u1ebf n\u1ed5i b\u1eadt c\u00f4ng ngh\u1ec7 \u0111i\u1ec1u khi\u1ec3n c\u1ea3m \u1ee9ng 2 Slider ri\u00eang d\u1ec3 d\u00e0ng s\u1eed d\u1ee5ng.<\/p>\n<figure id=\"attachment_11957\" aria-describedby=\"caption-attachment-11957\" style=\"width: 1200px\" class=\"wp-caption alignnone\"><img loading=\"lazy\" decoding=\"async\" class=\"size-full wp-image-11957\" src=\"https:\/\/livinghome.vn\/thiet-bi\/wp-content\/uploads\/nha-bep\/kaff\/bep-tu\/bep-tu-kaff-kf-fl99ii-max\/bep-tu-kaff-kf-fl99ii-max-2.jpg\" alt=\"B\u1ebfp T\u1eeb Kaff KF-FL99II\" width=\"1200\" height=\"900\" title=\"\" srcset=\"https:\/\/livinghome.vn\/thiet-bi\/wp-content\/uploads\/nha-bep\/kaff\/bep-tu\/bep-tu-kaff-kf-fl99ii-max\/bep-tu-kaff-kf-fl99ii-max-2.jpg 1200w, https:\/\/livinghome.vn\/thiet-bi\/wp-content\/uploads\/nha-bep\/kaff\/bep-tu\/bep-tu-kaff-kf-fl99ii-max\/bep-tu-kaff-kf-fl99ii-max-2-600x450.jpg 600w, https:\/\/livinghome.vn\/thiet-bi\/wp-content\/uploads\/nha-bep\/kaff\/bep-tu\/bep-tu-kaff-kf-fl99ii-max\/bep-tu-kaff-kf-fl99ii-max-2-533x400.jpg 533w, https:\/\/livinghome.vn\/thiet-bi\/wp-content\/uploads\/nha-bep\/kaff\/bep-tu\/bep-tu-kaff-kf-fl99ii-max\/bep-tu-kaff-kf-fl99ii-max-2-1067x800.jpg 1067w, https:\/\/livinghome.vn\/thiet-bi\/wp-content\/uploads\/nha-bep\/kaff\/bep-tu\/bep-tu-kaff-kf-fl99ii-max\/bep-tu-kaff-kf-fl99ii-max-2-768x576.jpg 768w\" sizes=\"auto, (max-width: 1200px) 100vw, 1200px\" \/><figcaption id=\"caption-attachment-11957\" class=\"wp-caption-text\">B\u1ebfp T\u1eeb Kaff KF-FL99II<\/figcaption><\/figure>\n<p>B\u1ebfp t\u1eeb KAFF KF-FL99II MAX \u0111\u01b0\u1ee3c trang b\u1ecb c\u00f4ng ngh\u1ec7 Inverter k\u1ebft h\u1ee3p c\u00f4ng ngh\u1ec7 ECO Green si\u00eau ti\u1ebft ki\u1ec7m \u0111i\u1ec7n v\u00e0 th\u00e2n thi\u1ec7n m\u00f4i tr\u01b0\u1eddng. \u0110\u1eb7t bi\u1ec7t d\u00f2ng s\u1ea3n ph\u1ea9m b\u1ebfp t\u1eeb KAFF KF-FL99II MAX \u0111\u01b0\u1ee3c n\u00e2ng c\u1ea5p c\u00f4ng ngh\u1ec7 qu\u1ea1t t\u1ea3n nhi\u1ec7t Turbo nh\u1ecf g\u1ecdn gi\u00fap b\u1ebfp ho\u1ea1t \u0111\u1ed9ng si\u00eau \u00eam ch\u1ed1ng \u1ed3n.<\/p>\n<p>M\u1eb7t k\u00ednh b\u1ebfp t\u1eeb Kaff KF-FL99II MAX \u0111\u01b0\u1ee3c m\u00e0i v\u00e1t ngh\u1ec7 thu\u1eadt 04 c\u1ea1nh \u0111\u1ed3ng th\u1eddi bo vi\u1ec1n kim lo\u1ea1i cao c\u1ea5p l\u00e0m t\u0103ng th\u00eam v\u1ebb sang tr\u1ecdng v\u00e0 thanh l\u1ecbch cho s\u1ea3n ph\u1ea9m.<\/p>\n<figure id=\"attachment_11956\" aria-describedby=\"caption-attachment-11956\" style=\"width: 900px\" class=\"wp-caption alignnone\"><img loading=\"lazy\" decoding=\"async\" class=\"size-full wp-image-11956\" src=\"https:\/\/livinghome.vn\/thiet-bi\/wp-content\/uploads\/nha-bep\/kaff\/bep-tu\/bep-tu-kaff-kf-fl99ii-max\/bep-tu-kaff-kf-fl99ii-max-4.jpg\" alt=\"B\u1ebfp T\u1eeb Kaff KF-FL99II\" width=\"900\" height=\"900\" title=\"\" srcset=\"https:\/\/livinghome.vn\/thiet-bi\/wp-content\/uploads\/nha-bep\/kaff\/bep-tu\/bep-tu-kaff-kf-fl99ii-max\/bep-tu-kaff-kf-fl99ii-max-4.jpg 900w, https:\/\/livinghome.vn\/thiet-bi\/wp-content\/uploads\/nha-bep\/kaff\/bep-tu\/bep-tu-kaff-kf-fl99ii-max\/bep-tu-kaff-kf-fl99ii-max-4-300x300.jpg 300w, https:\/\/livinghome.vn\/thiet-bi\/wp-content\/uploads\/nha-bep\/kaff\/bep-tu\/bep-tu-kaff-kf-fl99ii-max\/bep-tu-kaff-kf-fl99ii-max-4-100x100.jpg 100w, https:\/\/livinghome.vn\/thiet-bi\/wp-content\/uploads\/nha-bep\/kaff\/bep-tu\/bep-tu-kaff-kf-fl99ii-max\/bep-tu-kaff-kf-fl99ii-max-4-600x600.jpg 600w, https:\/\/livinghome.vn\/thiet-bi\/wp-content\/uploads\/nha-bep\/kaff\/bep-tu\/bep-tu-kaff-kf-fl99ii-max\/bep-tu-kaff-kf-fl99ii-max-4-400x400.jpg 400w, https:\/\/livinghome.vn\/thiet-bi\/wp-content\/uploads\/nha-bep\/kaff\/bep-tu\/bep-tu-kaff-kf-fl99ii-max\/bep-tu-kaff-kf-fl99ii-max-4-800x800.jpg 800w, https:\/\/livinghome.vn\/thiet-bi\/wp-content\/uploads\/nha-bep\/kaff\/bep-tu\/bep-tu-kaff-kf-fl99ii-max\/bep-tu-kaff-kf-fl99ii-max-4-280x280.jpg 280w, https:\/\/livinghome.vn\/thiet-bi\/wp-content\/uploads\/nha-bep\/kaff\/bep-tu\/bep-tu-kaff-kf-fl99ii-max\/bep-tu-kaff-kf-fl99ii-max-4-768x768.jpg 768w\" sizes=\"auto, (max-width: 900px) 100vw, 900px\" \/><figcaption id=\"caption-attachment-11956\" class=\"wp-caption-text\">B\u1ebfp T\u1eeb Kaff KF-FL99II<\/figcaption><\/figure>\n<h3>T\u00ednh n\u0103ng c\u01a1 b\u1ea3n<\/h3>\n<ul>\n<li><a href=\"https:\/\/livinghome.vn\/thiet-bi\/bep-tu\/\">B\u1ebfp t\u1eeb<\/a> &#8211; B\u1ebfp t\u1eeb \u00e2m<\/li>\n<li>M\u1eb7t k\u00ednh EURO Platium Made In Germany si\u00eau b\u1ec1n, ch\u1ecbu l\u1ef1c ch\u1ecbu s\u1ed1c nhi\u1ec7t 1000\u00b0C, bo vi\u1ec1n h\u1ee3p kim nh\u00f4m cao c\u1ea5p ch\u1ed1ng va \u0111\u1eadp b\u1ea3o v\u1ec7 k\u00ednh<\/li>\n<li>\u0110\u1ea7u \u0111\u1ed1t EGO Made in Germany th\u1ebf h\u1ec7 m\u1edbi G5 si\u00eau b\u1ec1n v\u00e0 ti\u1ebft ki\u1ec7m \u0111i\u1ec7n<\/li>\n<li>Bo m\u1ea1ch IGBT SIMENS Made in Germany<\/li>\n<li>C\u00f4ng Ngh\u1ec7 Qu\u1ea1t T\u1ea3n Nhi\u1ec7t Turbo nh\u1ecf g\u1ecdn si\u00eau \u00eam ch\u1ed1ng \u1ed3n<\/li>\n<li>C\u00f4ng ngh\u1ec7 ECO Green si\u00eau ti\u1ebft ki\u1ec7m \u0111i\u1ec7n v\u00e0 th\u00e2n thi\u1ec7n m\u00f4i tr\u01b0\u1eddng<\/li>\n<li>B\u00e0n ph\u00edm \u0111i\u1ec1u khi\u1ec3n c\u1ea3m \u1ee9ng d\u1ea1ng tr\u01b0\u1ee3t Slider, 9 d\u1ea3i c\u00f4ng su\u1ea5t + BOOSTER<\/li>\n<li>T\u1ef1 \u0111\u1ed9ng chia s\u1ebb c\u00f4ng su\u1ea5t (Power management) cho c\u00e1c v\u00f9ng n\u1ea5u kh\u00e1ch nhau<\/li>\n<li>Ch\u1ee9c n\u0103ng t\u1ef1 \u0111\u1ed9ng t\u1eaft b\u1ebfp khi \u0111\u1ec3 qu\u00ean v\u00e0 khi kh\u00f4ng c\u00f3 n\u1ed3i<\/li>\n<li>C\u00f4ng ngh\u1ec7 bi\u1ebfn t\u1ea7n INVERTER ti\u1ebft ki\u1ec7m 40% \u0111i\u1ec7n n\u0103ng<\/li>\n<li>Ch\u1ee9c n\u0103ng BOOSTER c\u1ef1c nhanh v\u1edbi b\u1ebfp t\u1eeb<\/li>\n<li>Ch\u1ee9c n\u0103ng h\u1eb9n gi\u1edd, kh\u00f3a tr\u1ebb em th\u00f4ng minh, ti\u1ec7n d\u1ee5ng<\/li>\n<li>Ch\u1ee9c n\u0103ng t\u1ef1 nh\u1eadn di\u1ec7n v\u00f9ng n\u1ea5u ti\u1ec7n d\u1ee5ng v\u1edbi c\u00e1c n\u1ed3i l\u1edbn nh\u1ecf<\/li>\n<li>Ch\u1ee9c n\u0103ng INVERTER v\u00e0 chia s\u1ebb c\u00f4ng su\u1ea5t ti\u1ebft ki\u1ec7m \u0111i\u1ec7n n\u0103ng, b\u1ea3o v\u1ec7 b\u1ebfp<\/li>\n<li>Ch\u1ee9c n\u0103ng CHI\u00caN R\u00c1N<\/li>\n<li>Ch\u1ee9c n\u0103ng N\u1ea4U C\u01a0M<\/li>\n<li>Ch\u1ee9c n\u0103ng H\u00c2M N\u00d3NG ( Keep Warm)<\/li>\n<li>Ch\u1ee9c n\u0103ng T\u1ea0M D\u1eeaNG (Pause)<\/li>\n<li>Ch\u1ee9c n\u0103ng c\u1ea3m \u1ee9ng ch\u1ed1ng tr\u00e0n<\/li>\n<li>Ch\u1ee9c n\u0103ng c\u1ea3m \u1ee9ng qu\u00e1 nhi\u1ec7t<\/li>\n<\/ul>\n<h3>Th\u00f4ng s\u1ed1 k\u1ef9 thu\u1eadt<\/h3>\n<ul>\n<li>C\u00f4ng su\u1ea5t b\u1ebfp: 2000Wx2000W (Booster 2800Wx2800W)<\/li>\n<li>K\u00edch th\u01b0\u1edbc m\u1eb7t k\u00ednh: 730x430mm<\/li>\n<li>K\u00edch th\u01b0\u1edbc kho\u00e9t \u0111\u00e1: 680x390mm<\/li>\n<\/ul>\n<h3>Xu\u1ea5t x\u1ee9: Malaysia<\/h3>\n<h3>H\u00ecnh \u1ea3nh l\u1eafp \u0111\u1eb7t th\u1ef1c t\u1ebf B\u1ebfp T\u1eeb Kaff KF-FL99II<\/h3>\n<div>\n<figure id=\"attachment_11962\" aria-describedby=\"caption-attachment-11962\" style=\"width: 1200px\" class=\"wp-caption alignnone\"><img loading=\"lazy\" decoding=\"async\" class=\"size-full wp-image-11962\" src=\"https:\/\/livinghome.vn\/thiet-bi\/wp-content\/uploads\/nha-bep\/kaff\/bep-tu\/bep-tu-kaff-kf-fl99ii-max\/bep-tu-kaff-kf-fl99ii-max-hinh-anh-thuc-te-1.2.jpg\" alt=\"B\u1ebfp T\u1eeb Kaff KF-FL99II\" width=\"1200\" height=\"900\" title=\"\" srcset=\"https:\/\/livinghome.vn\/thiet-bi\/wp-content\/uploads\/nha-bep\/kaff\/bep-tu\/bep-tu-kaff-kf-fl99ii-max\/bep-tu-kaff-kf-fl99ii-max-hinh-anh-thuc-te-1.2.jpg 1200w, https:\/\/livinghome.vn\/thiet-bi\/wp-content\/uploads\/nha-bep\/kaff\/bep-tu\/bep-tu-kaff-kf-fl99ii-max\/bep-tu-kaff-kf-fl99ii-max-hinh-anh-thuc-te-1.2-600x450.jpg 600w, https:\/\/livinghome.vn\/thiet-bi\/wp-content\/uploads\/nha-bep\/kaff\/bep-tu\/bep-tu-kaff-kf-fl99ii-max\/bep-tu-kaff-kf-fl99ii-max-hinh-anh-thuc-te-1.2-533x400.jpg 533w, https:\/\/livinghome.vn\/thiet-bi\/wp-content\/uploads\/nha-bep\/kaff\/bep-tu\/bep-tu-kaff-kf-fl99ii-max\/bep-tu-kaff-kf-fl99ii-max-hinh-anh-thuc-te-1.2-1067x800.jpg 1067w, https:\/\/livinghome.vn\/thiet-bi\/wp-content\/uploads\/nha-bep\/kaff\/bep-tu\/bep-tu-kaff-kf-fl99ii-max\/bep-tu-kaff-kf-fl99ii-max-hinh-anh-thuc-te-1.2-768x576.jpg 768w\" sizes=\"auto, (max-width: 1200px) 100vw, 1200px\" \/><figcaption id=\"caption-attachment-11962\" class=\"wp-caption-text\">B\u1ebfp T\u1eeb Kaff KF-FL99II v\u1edbi thi\u1ebft k\u1ebf bo vi\u1ec1n nh\u00f4m cao c\u1ea5p 4 c\u1ea1nh ch\u1ed1ng va \u0111\u1eadp, b\u1ea3o v\u1ec7 k\u00ednh.<\/figcaption><\/figure>\n<p>&nbsp;<\/p>\n<figure id=\"attachment_11961\" aria-describedby=\"caption-attachment-11961\" style=\"width: 900px\" class=\"wp-caption alignnone\"><img loading=\"lazy\" decoding=\"async\" class=\"size-full wp-image-11961\" src=\"https:\/\/livinghome.vn\/thiet-bi\/wp-content\/uploads\/nha-bep\/kaff\/bep-tu\/bep-tu-kaff-kf-fl99ii-max\/bep-tu-kaff-kf-fl99ii-max-hinh-anh-thuc-te-1.1.jpg\" alt=\"B\u1ebfp T\u1eeb Kaff KF-FL99II\" width=\"900\" height=\"900\" title=\"\" srcset=\"https:\/\/livinghome.vn\/thiet-bi\/wp-content\/uploads\/nha-bep\/kaff\/bep-tu\/bep-tu-kaff-kf-fl99ii-max\/bep-tu-kaff-kf-fl99ii-max-hinh-anh-thuc-te-1.1.jpg 900w, https:\/\/livinghome.vn\/thiet-bi\/wp-content\/uploads\/nha-bep\/kaff\/bep-tu\/bep-tu-kaff-kf-fl99ii-max\/bep-tu-kaff-kf-fl99ii-max-hinh-anh-thuc-te-1.1-300x300.jpg 300w, https:\/\/livinghome.vn\/thiet-bi\/wp-content\/uploads\/nha-bep\/kaff\/bep-tu\/bep-tu-kaff-kf-fl99ii-max\/bep-tu-kaff-kf-fl99ii-max-hinh-anh-thuc-te-1.1-100x100.jpg 100w, https:\/\/livinghome.vn\/thiet-bi\/wp-content\/uploads\/nha-bep\/kaff\/bep-tu\/bep-tu-kaff-kf-fl99ii-max\/bep-tu-kaff-kf-fl99ii-max-hinh-anh-thuc-te-1.1-600x600.jpg 600w, https:\/\/livinghome.vn\/thiet-bi\/wp-content\/uploads\/nha-bep\/kaff\/bep-tu\/bep-tu-kaff-kf-fl99ii-max\/bep-tu-kaff-kf-fl99ii-max-hinh-anh-thuc-te-1.1-400x400.jpg 400w, https:\/\/livinghome.vn\/thiet-bi\/wp-content\/uploads\/nha-bep\/kaff\/bep-tu\/bep-tu-kaff-kf-fl99ii-max\/bep-tu-kaff-kf-fl99ii-max-hinh-anh-thuc-te-1.1-800x800.jpg 800w, https:\/\/livinghome.vn\/thiet-bi\/wp-content\/uploads\/nha-bep\/kaff\/bep-tu\/bep-tu-kaff-kf-fl99ii-max\/bep-tu-kaff-kf-fl99ii-max-hinh-anh-thuc-te-1.1-280x280.jpg 280w, https:\/\/livinghome.vn\/thiet-bi\/wp-content\/uploads\/nha-bep\/kaff\/bep-tu\/bep-tu-kaff-kf-fl99ii-max\/bep-tu-kaff-kf-fl99ii-max-hinh-anh-thuc-te-1.1-768x768.jpg 768w\" sizes=\"auto, (max-width: 900px) 100vw, 900px\" \/><figcaption id=\"caption-attachment-11961\" class=\"wp-caption-text\">B\u1ebfp T\u1eeb Kaff KF-FL99II v\u1edbi thi\u1ebft k\u1ebf n\u1ed5i b\u1eadt c\u00f4ng ngh\u1ec7 \u0111i\u1ec1u khi\u1ec3n c\u1ea3m \u1ee9ng 2 Slider ri\u00eang d\u1ec3 d\u00e0ng s\u1eed d\u1ee5ng.<\/figcaption><\/figure>\n<\/div>\n","protected":false},"excerpt":{"rendered":"<p>C\u00f4ng su\u1ea5t b\u1ebfp: 2000Wx2000W (Booster 2800Wx2800W)<\/p>\n<p>K\u00edch th\u01b0\u1edbc m\u1eb7t k\u00ednh: 730x430mm<\/p>\n<p>K\u00edch th\u01b0\u1edbc kho\u00e9t \u0111\u00e1: 680x390mm<\/p>\n","protected":false},"featured_media":11958,"comment_status":"open","ping_status":"closed","template":"","meta":[],"product_brand":[],"product_cat":[745,794,813,799,801,810,795,717,164],"product_tag":[168,111,170,167],"class_list":{"0":"post-11950","1":"product","2":"type-product","3":"status-publish","4":"has-post-thumbnail","6":"product_cat-bep-dien-tu","7":"product_cat-bep-2-tu","8":"product_cat-bep-dien-tu-chung-cu","9":"product_cat-bep-dien-tu-hinh-chu-nhat","10":"product_cat-bep-dien-tu-khong-ken-noi","11":"product_cat-bep-dien-tu-malaysia","12":"product_cat-bep-tu-doi","13":"product_cat-bep-tu-kaff","14":"product_cat-thuong-hieu-kaff","15":"product_tag-bep-tu-am","16":"product_tag-bep-tu-doi","17":"product_tag-bep-tu-kaff","18":"product_tag-kaff","20":"first","21":"instock","22":"sale","23":"shipping-taxable","24":"purchasable","25":"product-type-simple"},"_links":{"self":[{"href":"https:\/\/livinghome.vn\/thiet-bi\/wp-json\/wp\/v2\/product\/11950","targetHints":{"allow":["GET"]}}],"collection":[{"href":"https:\/\/livinghome.vn\/thiet-bi\/wp-json\/wp\/v2\/product"}],"about":[{"href":"https:\/\/livinghome.vn\/thiet-bi\/wp-json\/wp\/v2\/types\/product"}],"replies":[{"embeddable":true,"href":"https:\/\/livinghome.vn\/thiet-bi\/wp-json\/wp\/v2\/comments?post=11950"}],"wp:featuredmedia":[{"embeddable":true,"href":"https:\/\/livinghome.vn\/thiet-bi\/wp-json\/wp\/v2\/media\/11958"}],"wp:attachment":[{"href":"https:\/\/livinghome.vn\/thiet-bi\/wp-json\/wp\/v2\/media?parent=11950"}],"wp:term":[{"taxonomy":"product_brand","embeddable":true,"href":"https:\/\/livinghome.vn\/thiet-bi\/wp-json\/wp\/v2\/product_brand?post=11950"},{"taxonomy":"product_cat","embeddable":true,"href":"https:\/\/livinghome.vn\/thiet-bi\/wp-json\/wp\/v2\/product_cat?post=11950"},{"taxonomy":"product_tag","embeddable":true,"href":"https:\/\/livinghome.vn\/thiet-bi\/wp-json\/wp\/v2\/product_tag?post=11950"}],"curies":[{"name":"wp","href":"https:\/\/api.w.org\/{rel}","templated":true}]}}