{"id":1163,"date":"2023-01-12T13:19:54","date_gmt":"2023-01-12T13:19:54","guid":{"rendered":"https:\/\/livinghome.vn\/thiet-bi\/?post_type=product&#038;p=1163"},"modified":"2024-11-29T14:20:45","modified_gmt":"2024-11-29T07:20:45","slug":"may-hut-am-klarstein-kl-dryfy-connect-40l-ket-noi-wifi-tien-loi","status":"publish","type":"product","link":"https:\/\/livinghome.vn\/thiet-bi\/may-hut-am-klarstein-kl-dryfy-connect-40l-ket-noi-wifi-tien-loi\/","title":{"rendered":"M\u00e1y h\u00fat \u1ea9m Klarstein KL-DRYFY CONNECT 40L k\u1ebft n\u1ed1i wifi ti\u1ec7n l\u1ee3i"},"content":{"rendered":"<h2>M\u00e1y h\u00fat \u1ea9m Klarstein KL-DRYFY CONNECT 40L lo\u1ea1i b\u1ecf kh\u00f4ng kh\u00ed \u1ea9m nhanh ch\u00f3ng v\u1edbi c\u00f4ng su\u1ea5t 40L\/ng\u00e0y<\/h2>\n<figure id=\"attachment_66512\" aria-describedby=\"caption-attachment-66512\" style=\"width: 800px\" class=\"wp-caption alignnone\"><img loading=\"lazy\" decoding=\"async\" class=\"size-large wp-image-66512\" src=\"https:\/\/livinghome.vn\/thiet-bi\/wp-content\/uploads\/nha-bep\/klarstein\/may-loc-khong-khi\/may-hut-am-klarstein-kl-40l\/may-hut-am-klarstein-kl-40l-800x800.jpg\" alt=\"M\u00e1y h\u00fat \u1ea9m Klarstein KL-DRYFY CONNECT 40L\" width=\"800\" height=\"800\" title=\"\"><figcaption id=\"caption-attachment-66512\" class=\"wp-caption-text\">M\u00e1y h\u00fat \u1ea9m Klarstein KL-DRYFY CONNECT 40L<\/figcaption><\/figure>\n<h3>T\u00ednh n\u0103ng &amp; K\u00edch th\u01b0\u1edbc<\/h3>\n<div class=\"entry-content\">\n<ul>\n<li>Lo\u1ea1i s\u1ea3n ph\u1ea9m: <a href=\"https:\/\/livinghome.vn\/thiet-bi\/gia-dung-khac\/\">m\u00e1y h\u00fat \u1ea9m<\/a><\/li>\n<li id=\"input_line_1\"><span id=\"input_part_0\" class=\"\" data-mention=\"K\u1ebft n\u1ed1i WiFi c\u1ea7n thi\u1ebft: SSID tr\u00ean b\u0103ng t\u1ea7n 2,4 GHz\">K\u1ebft n\u1ed1i WiFi c\u1ea7n thi\u1ebft: SSID tr\u00ean b\u0103ng t\u1ea7n 2,4 GHz<\/span><\/li>\n<li id=\"input_line_2\"><span id=\"input_part_0\" class=\"\" data-mention=\"C\u00f4ng t\u1eafc b\u1eadt \/ t\u1eaft tr\u00ean m\u00e0n h\u00ecnh \u1edf tr\u00ean c\u00f9ng\">C\u00f4ng t\u1eafc b\u1eadt \/ t\u1eaft tr\u00ean m\u00e0n h\u00ecnh \u1edf tr\u00ean c\u00f9ng<\/span><\/li>\n<li id=\"input_line_3\"><span id=\"input_part_0\" class=\"\" data-mention=\"T\u1ef1 \u0111\u1ed9ng h\u00fat \u1ea9m: Thi\u1ebft b\u1ecb b\u1eaft \u0111\u1ea7u ho\u1ea1t \u0111\u1ed9ng khi \u0111\u1ed9 \u1ea9m cao h\u01a1n gi\u00e1 tr\u1ecb c\u00e0i \u0111\u1eb7t 5%\">T\u1ef1 \u0111\u1ed9ng h\u00fat \u1ea9m: Thi\u1ebft b\u1ecb b\u1eaft \u0111\u1ea7u ho\u1ea1t \u0111\u1ed9ng khi \u0111\u1ed9 \u1ea9m cao h\u01a1n gi\u00e1 tr\u1ecb c\u00e0i \u0111\u1eb7t 5%<\/span><\/li>\n<li id=\"input_line_4\"><span id=\"input_part_0\" class=\"\" data-mention=\"Ch\u1ebf \u0111\u1ed9 l\u00e0m kh\u00f4: Thi\u1ebft b\u1ecb ho\u1ea1t \u0111\u1ed9ng li\u00ean t\u1ee5c, kh\u00f4ng ph\u1ee5 thu\u1ed9c v\u00e0o \u0111\u1ed9 \u1ea9m m\u1ee5c ti\u00eau \u0111\u00e3 c\u00e0i \u0111\u1eb7t\">Ch\u1ebf \u0111\u1ed9 l\u00e0m kh\u00f4: Thi\u1ebft b\u1ecb ho\u1ea1t \u0111\u1ed9ng li\u00ean t\u1ee5c, kh\u00f4ng ph\u1ee5 thu\u1ed9c v\u00e0o \u0111\u1ed9 \u1ea9m m\u1ee5c ti\u00eau \u0111\u00e3 c\u00e0i \u0111\u1eb7t<\/span><\/li>\n<li id=\"input_line_5\"><span id=\"input_part_0\" class=\"\" data-mention=\"\u0110\u1ed9 \u1ea9m m\u1ee5c ti\u00eau c\u00f3 th\u1ec3 \u0111i\u1ec1u ch\u1ec9nh trong 5% c\u00e1c b\u01b0\u1edbc t\u1eeb 30 \u0111\u1ebfn 80 ph\u1ea7n tr\u0103m\">\u0110\u1ed9 \u1ea9m m\u1ee5c ti\u00eau c\u00f3 th\u1ec3 \u0111i\u1ec1u ch\u1ec9nh trong 5% c\u00e1c b\u01b0\u1edbc t\u1eeb 30 \u0111\u1ebfn 80 ph\u1ea7n tr\u0103m<\/span><\/li>\n<li id=\"input_line_6\"><span id=\"input_part_0\" class=\"\" data-mention=\"Giao di\u1ec7n WiFi \u0111\u1ec3 \u0111i\u1ec1u khi\u1ec3n d\u1ec5 d\u00e0ng th\u00f4ng qua \u1ee9ng d\u1ee5ng Klarstein\">Giao di\u1ec7n WiFi \u0111\u1ec3 \u0111i\u1ec1u khi\u1ec3n d\u1ec5 d\u00e0ng th\u00f4ng qua \u1ee9ng d\u1ee5ng Klarstein<\/span><\/li>\n<li id=\"input_line_7\"><span id=\"input_part_0\" class=\"\" data-mention=\"H\u1eb9n gi\u1edd c\u00f3 th\u1ec3 \u0111i\u1ec1u ch\u1ec9nh h\u00e0ng gi\u1edd l\u00ean \u0111\u1ebfn 24 gi\u1edd (b\u1ed9 h\u1eb9n gi\u1edd b\u1eadt \u1edf ch\u1ebf \u0111\u1ed9 ch\u1edd \/ b\u1ed9 h\u1eb9n gi\u1edd t\u1eaft trong khi ho\u1ea1t\">H\u1eb9n gi\u1edd c\u00f3 th\u1ec3 \u0111i\u1ec1u ch\u1ec9nh h\u00e0ng gi\u1edd l\u00ean \u0111\u1ebfn 24 gi\u1edd (b\u1ed9 h\u1eb9n gi\u1edd b\u1eadt \u1edf ch\u1ebf \u0111\u1ed9 ch\u1edd \/ b\u1ed9 h\u1eb9n gi\u1edd t\u1eaft trong khi ho\u1ea1t <\/span><span id=\"input_part_0\" class=\"\" data-mention=\"\u0111\u1ed9ng)\">\u0111\u1ed9ng)<\/span><\/li>\n<li id=\"input_line_9\"><span id=\"input_part_0\" class=\"\" data-mention=\"Ch\u1ebf \u0111\u1ed9 dao \u0111\u1ed9ng: n\u1eafp th\u00f4ng gi\u00f3 m\u1edf \u0111\u1ebfn 90 \u00b0 ho\u1eb7c 45 \u00b0 ho\u1eb7c xoay\">Ch\u1ebf \u0111\u1ed9 dao \u0111\u1ed9ng: n\u1eafp th\u00f4ng gi\u00f3 m\u1edf \u0111\u1ebfn 90 \u00b0 ho\u1eb7c 45 \u00b0 ho\u1eb7c xoay <\/span><span id=\"input_part_0\" class=\"\" data-mention=\"h\u1ed9p m\u00e0u tr\u1eafng thanh l\u1ecbch\">h\u1ed9p m\u00e0u tr\u1eafng thanh l\u1ecbch<\/span><\/li>\n<li id=\"input_line_11\"><span id=\"input_part_0\" class=\"\" data-mention=\"Nhi\u1ec7t \u0111\u1ed9 m\u00f4i tr\u01b0\u1eddng: 5 - 35 \u00b0 C\">Nhi\u1ec7t \u0111\u1ed9 m\u00f4i tr\u01b0\u1eddng: 5 \u2013 35 \u00b0 C<\/span><\/li>\n<li id=\"input_line_12\"><span id=\"input_part_0\" class=\"\" data-mention=\"c\u00f4ng su\u1ea5t h\u00fat \u1ea9m t\u1ed1i \u0111a \u1edf 30 \u00b0 C v\u00e0 80% Rel. \u0111\u1ed9 \u1ea9m\">c\u00f4ng su\u1ea5t h\u00fat \u1ea9m t\u1ed1i \u0111a \u1edf 30 \u00b0 C v\u00e0 80% Rel. \u0111\u1ed9 \u1ea9m<\/span><\/li>\n<li id=\"input_line_13\"><span id=\"input_part_0\" class=\"\" data-mention=\"\u00c2m b\u00e1o hi\u1ec7u v\u00e0 t\u1ef1 \u0111\u1ed9ng d\u1eebng khi k\u00e9t n\u01b0\u1edbc \u0111\u1ea7y\">\u00c2m b\u00e1o hi\u1ec7u v\u00e0 t\u1ef1 \u0111\u1ed9ng d\u1eebng khi k\u00e9t n\u01b0\u1edbc \u0111\u1ea7y<\/span><\/li>\n<li id=\"input_line_14\"><span id=\"input_part_0\" class=\"\" data-mention=\"B\u01a1m h\u1ebft n\u01b0\u1edbc thu \u0111\u01b0\u1ee3c ch\u1ec9 b\u1eb1ng m\u1ed9t n\u00fat nh\u1ea5n\">B\u01a1m h\u1ebft n\u01b0\u1edbc thu \u0111\u01b0\u1ee3c ch\u1ec9 b\u1eb1ng m\u1ed9t n\u00fat nh\u1ea5n<\/span><\/li>\n<li id=\"input_line_15\"><span id=\"input_part_0\" class=\"\" data-mention=\"Hi\u1ec3n th\u1ecb \u0111\u1ed9 \u1ea9m hi\u1ec7n t\u1ea1i\">Hi\u1ec3n th\u1ecb \u0111\u1ed9 \u1ea9m hi\u1ec7n t\u1ea1i <\/span><span id=\"input_part_0\" class=\"\" data-mention=\"ch\u1ebf \u0111\u1ed9 l\u00e0m kh\u00f4 b\u00ean trong ng\u0103n ng\u1eeba n\u1ea5m m\u1ed1c b\u00ean trong thi\u1ebft b\u1ecb\">ch\u1ebf \u0111\u1ed9 l\u00e0m kh\u00f4 b\u00ean trong ng\u0103n ng\u1eeba n\u1ea5m m\u1ed1c b\u00ean trong thi\u1ebft b\u1ecb<\/span><\/li>\n<li id=\"input_line_17\"><span id=\"input_part_0\" class=\"\" data-mention=\"Tay c\u1ea7m v\u00e0 con l\u0103n s\u00e0n \u0111\u1ec3 di chuy\u1ec3n d\u1ec5 d\u00e0ng\">Tay c\u1ea7m v\u00e0 con l\u0103n s\u00e0n \u0111\u1ec3 di chuy\u1ec3n d\u1ec5 d\u00e0ng<\/span><\/li>\n<li id=\"input_line_18\"><span id=\"input_part_0\" class=\"\" data-mention=\"Kh\u1ea3 n\u0103ng l\u1eafp \u0111\u1eb7t \u1ed1ng tho\u00e1t n\u01b0\u1edbc c\u1ed1 \u0111\u1ecbnh\">Kh\u1ea3 n\u0103ng l\u1eafp \u0111\u1eb7t \u1ed1ng tho\u00e1t n\u01b0\u1edbc c\u1ed1 \u0111\u1ecbnh<\/span><\/li>\n<li id=\"input_line_19\"><span id=\"input_part_0\" class=\"\" data-mention=\"Ng\u0103n ch\u1ee9a n\u01b0\u1edbc c\u00f3 th\u1ec3 th\u00e1o r\u1eddi\">Ng\u0103n ch\u1ee9a n\u01b0\u1edbc c\u00f3 th\u1ec3 th\u00e1o r\u1eddi<\/span><\/li>\n<li id=\"input_line_20\"><span id=\"input_part_0\" class=\"\" data-mention=\"M\u00f4i ch\u1ea5t l\u1ea1nh: R290\">M\u00f4i ch\u1ea5t l\u1ea1nh: R290<\/span><\/li>\n<li id=\"input_line_21\"><span id=\"input_part_0\" class=\"\" data-mention=\"Ngu\u1ed3n \u0111i\u1ec7n: 220-240 V ~ | 50 \/ 60Hz\">Ngu\u1ed3n \u0111i\u1ec7n: 220-240 V ~ | 50 \/ 60Hz<\/span><\/li>\n<li id=\"input_line_22\"><span id=\"input_part_0\" class=\"\" data-mention=\"M\u00e1y h\u00fat \u1ea9m DryFy Connect 40 n\u00e9n WiFi 40l \/ d 35-45m\u00b2 tr\u1eafng\">M\u00e1y h\u00fat \u1ea9m DryFy Connect 40 n\u00e9n WiFi 40l \/ d 35-45m\u00b2 tr\u1eafng<\/span><\/li>\n<li id=\"input_line_23\"><span id=\"input_part_0\" class=\"\" data-mention=\"K\u00edch th\u01b0\u1edbc v\u00e0 chi ti\u1ebft k\u1ef9 thu\u1eadt\">K\u00edch th\u01b0\u1edbc v\u00e0 chi ti\u1ebft k\u1ef9 thu\u1eadt<\/span><\/li>\n<li id=\"input_line_24\"><span id=\"input_part_0\" class=\"\" data-mention=\"K\u00edch th\u01b0\u1edbc: x\u1ea5p x\u1ec9 37 x 61,5 x 26 cm (WxHxD)\">K\u00edch th\u01b0\u1edbc: x\u1ea5p x\u1ec9 37 x 61,5 x 26 cm (WxHxD)<\/span><\/li>\n<li id=\"input_line_25\"><span id=\"input_part_0\" class=\"\" data-mention=\"Chi\u1ec1u d\u00e0i c\u1ee7a d\u00e2y ngu\u1ed3n: kho\u1ea3ng 180 cm\">Chi\u1ec1u d\u00e0i c\u1ee7a d\u00e2y ngu\u1ed3n: kho\u1ea3ng 180 cm<\/span><\/li>\n<li id=\"input_line_26\"><span id=\"input_part_0\" class=\"\" data-mention=\"Tr\u1ecdng l\u01b0\u1ee3ng: kho\u1ea3ng 18,5 kg\">Tr\u1ecdng l\u01b0\u1ee3ng: kho\u1ea3ng 18,5 kg.<\/span><\/li>\n<\/ul>\n<h3>K\u1ebft n\u1ed1i wifi<\/h3>\n<p>M\u00e1y h\u00fat \u1ea9m Klarstein KL-DRYFY CONNECT 40L v\u1edbi giao di\u1ec7n k\u1ebft n\u1ed1i WiFi c\u1ea7n thi\u1ebft: SSID tr\u00ean b\u0103ng t\u1ea7n 2,4 GHz:cho ph\u00e9p ng\u01b0\u1eddi d\u00f9ng truy c\u1eadp d\u1ec5 d\u00e0ng \u0111i\u1ec1u ch\u1ec9nh th\u00f4ng s\u1ed1 v\u00e0 b\u1eadt t\u1eaft t\u1eeb b\u1ea5t c\u1ee9 \u0111\u00e2u b\u1ea1n mu\u1ed1n,gi\u00fap cho c\u0103n nh\u00e0 c\u1ee7a b\u1ea1n hay \u0111\u1ed3 d\u00f9ng thi\u1ebft b\u1ecb m\u1ed9t c\u00e1ch t\u1ed1t nh\u1ea5t.<\/p>\n<figure id=\"attachment_66514\" aria-describedby=\"caption-attachment-66514\" style=\"width: 800px\" class=\"wp-caption alignnone\"><img loading=\"lazy\" decoding=\"async\" class=\"size-large wp-image-66514\" src=\"https:\/\/livinghome.vn\/thiet-bi\/wp-content\/uploads\/nha-bep\/klarstein\/may-loc-khong-khi\/may-hut-am-klarstein-kl-40l\/may-hut-am-klarstein-kl-40l-7-800x800.jpg\" alt=\"M\u00e1y h\u00fat \u1ea9m Klarstein KL-DRYFY CONNECT 40L\" width=\"800\" height=\"800\" title=\"\"><figcaption id=\"caption-attachment-66514\" class=\"wp-caption-text\">M\u00e1y h\u00fat \u1ea9m Klarstein KL-DRYFY CONNECT 40L<\/figcaption><\/figure>\n<h3>Hi\u1ec7u qu\u1ea3 c\u00f4ng su\u1ea5t<\/h3>\n<p>M\u00e1y h\u00fat \u1ea9m Klarstein KL-DRYFY CONNECT 40L: c\u00f3 l\u01b0u l\u01b0\u1ee3ng l\u1edbn\u00a0 ,c\u00f4ng su\u1ea5t 40L\/ng\u00e0y , lo\u1ea1i b\u1ecf kh\u00f4ng kh\u00ed \u1ea9m nhanh ch\u00f3ng v\u00e0 cho ph\u00e9p b\u1ea1n h\u00edt th\u1edf tho\u1ea3i m\u00e1i trong nh\u00e0 b\u1ebfp, ph\u00f2ng t\u1eafm ho\u1eb7c ph\u00f2ng ng\u1ee7 v\u00e0 cho ph\u00e9p b\u1ea1n l\u00e0m kh\u00f4 nhanh ch\u00f3ng sau khi x\u00e2y d\u1ef1ng ho\u1eb7c c\u1ea3i t\u1ea1o.<\/p>\n<figure id=\"attachment_66509\" aria-describedby=\"caption-attachment-66509\" style=\"width: 800px\" class=\"wp-caption alignnone\"><img loading=\"lazy\" decoding=\"async\" class=\"size-large wp-image-66509\" src=\"https:\/\/livinghome.vn\/thiet-bi\/wp-content\/uploads\/nha-bep\/klarstein\/may-loc-khong-khi\/may-hut-am-klarstein-kl-40l\/may-hut-am-klarstein-kl-40l-5-800x800.jpg\" alt=\"M\u00e1y h\u00fat \u1ea9m Klarstein KL-DRYFY CONNECT 40L\" width=\"800\" height=\"800\" title=\"\"><figcaption id=\"caption-attachment-66509\" class=\"wp-caption-text\">M\u00e1y h\u00fat \u1ea9m Klarstein KL-DRYFY CONNECT 40L<\/figcaption><\/figure>\n<h3>H\u1ec7 th\u1ed1ng l\u01b0u th\u00f4ng kh\u00f4ng kh\u00ed<\/h3>\n<p>V\u1edbi t\u1ed1c \u0111\u1ed9 l\u01b0u th\u00f4ng kh\u00f4ng kh\u00ed 360 m\u00b3 m\u1ed7i gi\u1edd, n\u00f3 lo\u1ea1i b\u1ecf t\u1edbi 40 l\u00edt h\u01a1i \u1ea9m m\u1ed7i ng\u00e0y kh\u1ecfi kh\u00f4ng kh\u00ed \u2013 l\u00e0m cho M\u00e1y h\u00fat \u1ea9m Klarstein KL-DRYFY CONNECT 40L l\u00fd t\u01b0\u1edfng cho c\u00e1c ph\u00f2ng t\u1eeb 35 \u0111\u1ebfn 45 m\u00b2.<\/p>\n<figure id=\"attachment_66515\" aria-describedby=\"caption-attachment-66515\" style=\"width: 800px\" class=\"wp-caption alignnone\"><img loading=\"lazy\" decoding=\"async\" class=\"size-large wp-image-66515\" src=\"https:\/\/livinghome.vn\/thiet-bi\/wp-content\/uploads\/nha-bep\/klarstein\/may-loc-khong-khi\/may-hut-am-klarstein-kl-40l\/may-hut-am-klarstein-kl-40l-4-800x800.jpg\" alt=\"M\u00e1y h\u00fat \u1ea9m Klarstein KL-DRYFY CONNECT 40L\" width=\"800\" height=\"800\" title=\"\"><figcaption id=\"caption-attachment-66515\" class=\"wp-caption-text\">M\u00e1y h\u00fat \u1ea9m Klarstein KL-DRYFY CONNECT 40L<\/figcaption><\/figure>\n<h3>B\u1ed3n ch\u1ee9a c\u00f3 dung t\u00edch l\u1edbn<\/h3>\n<p>B\u1ed3n ch\u1ee9a l\u1edbn 7 l\u00edt thu gom n\u01b0\u1edbc v\u00e0 lu\u00f4n c\u00f3 th\u1ec3 \u0111\u1ed5 \u0111\u1ea7y n\u01b0\u1edbc trong th\u1eddi gian t\u1ed1t nh\u1edd ch\u1ee9c n\u0103ng b\u00e1o \u0111\u1ed9ng v\u00e0 t\u1ef1 \u0111\u1ed9ng ng\u1eaft khi b\u1ed3n ch\u1ee9a \u0111\u1ea7y. N\u01b0\u1edbc \u0111\u01b0\u1ee3c thu gom ch\u1ec9 \u0111\u01b0\u1ee3c b\u01a1m ra ngo\u00e0i b\u1eb1ng c\u00e1ch nh\u1ea5n v\u00e0o n\u00fat t\u01b0\u01a1ng \u1ee9ng b\u1eb1ng c\u00e1ch s\u1eed d\u1ee5ng \u1ed1ng tho\u00e1t n\u01b0\u1edbc.<\/p>\n<figure id=\"attachment_66510\" aria-describedby=\"caption-attachment-66510\" style=\"width: 800px\" class=\"wp-caption alignnone\"><img loading=\"lazy\" decoding=\"async\" class=\"size-large wp-image-66510\" src=\"https:\/\/livinghome.vn\/thiet-bi\/wp-content\/uploads\/nha-bep\/klarstein\/may-loc-khong-khi\/may-hut-am-klarstein-kl-40l\/may-hut-am-klarstein-kl-40l-3-800x800.jpg\" alt=\"M\u00e1y h\u00fat \u1ea9m Klarstein KL-DRYFY CONNECT 40L\" width=\"800\" height=\"800\" title=\"\"><figcaption id=\"caption-attachment-66510\" class=\"wp-caption-text\">M\u00e1y h\u00fat \u1ea9m Klarstein KL-DRYFY CONNECT 40L<\/figcaption><\/figure>\n<h3>Than ho\u1ea1t t\u00ednh l\u1ecdc b\u1ee5i m\u1ecbn v\u00e0 vi khu\u1ea9n<\/h3>\n<p>\u0110\u00f3 kh\u00f4ng ph\u1ea3i l\u00e0 t\u1ea5t c\u1ea3, M\u00e1y h\u00fat \u1ea9m Klarstein KL-DRYFY CONNECT 40L tr\u1edf th\u00e0nh m\u1ed9t m\u00e1y l\u1ecdc kh\u00f4ng kh\u00ed nh\u1edd b\u1ed9 l\u1ecdc than ho\u1ea1t t\u00ednh t\u00edch h\u1ee3p, ngo\u00e0i b\u1ee5i v\u00e0 m\u00f9i, n\u00f3 c\u00f2n l\u1ecdc b\u1ee5i m\u1ecbn v\u00e0 vi tr\u00f9ng t\u1eeb kh\u00f4ng kh\u00ed, do \u0111\u00f3 c\u1ea3i thi\u1ec7n kh\u00ed h\u1eadu trong ph\u00f2ng hai l\u1ea7n trong m\u1ed9t thi\u1ebft b\u1ecb. Gia \u0111\u00ecnh b\u1ea1n s\u1ebd c\u00f3 m\u1ed9t kh\u00f4ng gian an to\u00e0n t\u1ed1i \u0111a.<\/p>\n<figure id=\"attachment_66508\" aria-describedby=\"caption-attachment-66508\" style=\"width: 800px\" class=\"wp-caption alignnone\"><img loading=\"lazy\" decoding=\"async\" class=\"size-large wp-image-66508\" src=\"https:\/\/livinghome.vn\/thiet-bi\/wp-content\/uploads\/nha-bep\/klarstein\/may-loc-khong-khi\/may-hut-am-klarstein-kl-40l\/may-hut-am-klarstein-kl-40l-6-800x800.jpg\" alt=\"M\u00e1y h\u00fat \u1ea9m Klarstein KL-DRYFY CONNECT 40L\" width=\"800\" height=\"800\" title=\"\"><figcaption id=\"caption-attachment-66508\" class=\"wp-caption-text\">M\u00e1y h\u00fat \u1ea9m Klarstein KL-DRYFY CONNECT 40L<\/figcaption><\/figure>\n<h3>M\u00e0n h\u00ecnh \u0111i\u1ec1u khi\u1ec3n d\u1ec5 s\u1eed d\u1ee5ng<\/h3>\n<p>M\u1ee9c \u0111\u1ed9 th\u00e2n thi\u1ec7n cao v\u1edbi ng\u01b0\u1eddi d\u00f9ng c\u0169ng r\u1ea5t th\u1ef1c t\u1ebf: M\u00e1y h\u00fat \u1ea9m Klarstein KL-DRYFY CONNECT 40L\u0111\u01b0\u1ee3c l\u1eadp tr\u00ecnh cho nhi\u1ec7m v\u1ee5 c\u1ee7a n\u00f3 ch\u1ec9 v\u1edbi m\u1ed9t v\u00e0i n\u00fat tr\u00ean m\u00e0n h\u00ecnh ph\u00eda tr\u00ean. \u0110\u1ed9 \u1ea9m m\u1ee5c ti\u00eau c\u00f3 th\u1ec3 \u0111\u01b0\u1ee3c c\u00e0i \u0111\u1eb7t gi\u1ed1ng nh\u01b0 b\u1ed9 h\u1eb9n gi\u1edd c\u00f3 th\u1ec3 l\u1eadp tr\u00ecnh h\u00e0ng gi\u1edd.<\/p>\n<figure id=\"attachment_66511\" aria-describedby=\"caption-attachment-66511\" style=\"width: 800px\" class=\"wp-caption alignnone\"><img loading=\"lazy\" decoding=\"async\" class=\"size-large wp-image-66511\" src=\"https:\/\/livinghome.vn\/thiet-bi\/wp-content\/uploads\/nha-bep\/klarstein\/may-loc-khong-khi\/may-hut-am-klarstein-kl-40l\/may-hut-am-klarstein-kl-40l-1-800x800.jpg\" alt=\"M\u00e1y h\u00fat \u1ea9m Klarstein KL-DRYFY CONNECT 40L\" width=\"800\" height=\"800\" title=\"\"><figcaption id=\"caption-attachment-66511\" class=\"wp-caption-text\">M\u00e1y h\u00fat \u1ea9m Klarstein KL-DRYFY CONNECT 40L<\/figcaption><\/figure>\n<h3>Th\u00e2n thi\u1ec7n v\u1edbi m\u00f4i tr\u01b0\u1eddng<\/h3>\n<p>M\u00e1y h\u00fat \u1ea9m Klarstein KL-DRYFY CONNECT 40L \u0111\u1ea3m b\u1ea3o kh\u00f4ng kh\u00ed th\u1edf t\u1ed1t nh\u1ea5t,an to\u00e0n th\u00e2n thi\u1ec7n v\u1edbi m\u00f4i tr\u01b0\u1eddng khi h\u00e3ng \u0111\u00e3 s\u1eedu d\u1ee5ng m\u00f4i ch\u1ea5t l\u1ea1nh R29 kh\u00e1 ho\u00e0n h\u1ea3o.<\/p>\n<figure id=\"attachment_66513\" aria-describedby=\"caption-attachment-66513\" style=\"width: 800px\" class=\"wp-caption alignnone\"><img loading=\"lazy\" decoding=\"async\" class=\"size-large wp-image-66513\" src=\"https:\/\/livinghome.vn\/thiet-bi\/wp-content\/uploads\/nha-bep\/klarstein\/may-loc-khong-khi\/may-hut-am-klarstein-kl-40l\/may-hut-am-klarstein-kl-40l-2-800x800.jpg\" alt=\"M\u00e1y h\u00fat \u1ea9m Klarstein KL-DRYFY CONNECT 40L\" width=\"800\" height=\"800\" title=\"\"><figcaption id=\"caption-attachment-66513\" class=\"wp-caption-text\">M\u00e1y h\u00fat \u1ea9m Klarstein KL-DRYFY CONNECT 40L<\/figcaption><\/figure>\n<\/div>\n","protected":false},"excerpt":{"rendered":"<p>M\u00e1y h\u00fat \u1ea9m Klarstein KL-DRYFY CONNECT 40L lo\u1ea1i b\u1ecf kh\u00f4ng kh\u00ed \u1ea9m nhanh ch\u00f3ng v\u1edbi c\u00f4ng su\u1ea5t 40L\/ng\u00e0y T\u00ednh n\u0103ng &amp; K\u00edch th\u01b0\u1edbc Lo\u1ea1i s\u1ea3n ph\u1ea9m: m\u00e1y h\u00fat \u1ea9m K\u1ebft n\u1ed1i WiFi c\u1ea7n thi\u1ebft: SSID tr\u00ean b\u0103ng t\u1ea7n 2,4 GHz C\u00f4ng t\u1eafc b\u1eadt \/ t\u1eaft tr\u00ean m\u00e0n h\u00ecnh \u1edf tr\u00ean c\u00f9ng T\u1ef1 \u0111\u1ed9ng h\u00fat \u1ea9m: [&#8230;]\n","protected":false},"featured_media":1318,"comment_status":"open","ping_status":"closed","template":"","meta":[],"product_brand":[],"product_cat":[101,217],"product_tag":[218,260,261,245],"class_list":{"0":"post-1163","1":"product","2":"type-product","3":"status-publish","4":"has-post-thumbnail","6":"product_cat-gia-dung-khac","7":"product_cat-thuong-hieu-klarstein","8":"product_tag-klarstein","9":"product_tag-may-hut-am","10":"product_tag-may-hut-am-klarstein","11":"product_tag-may-loc-khong-khi","13":"first","14":"instock","15":"sale","16":"shipping-taxable","17":"purchasable","18":"product-type-simple"},"_links":{"self":[{"href":"https:\/\/livinghome.vn\/thiet-bi\/wp-json\/wp\/v2\/product\/1163","targetHints":{"allow":["GET"]}}],"collection":[{"href":"https:\/\/livinghome.vn\/thiet-bi\/wp-json\/wp\/v2\/product"}],"about":[{"href":"https:\/\/livinghome.vn\/thiet-bi\/wp-json\/wp\/v2\/types\/product"}],"replies":[{"embeddable":true,"href":"https:\/\/livinghome.vn\/thiet-bi\/wp-json\/wp\/v2\/comments?post=1163"}],"wp:featuredmedia":[{"embeddable":true,"href":"https:\/\/livinghome.vn\/thiet-bi\/wp-json\/wp\/v2\/media\/1318"}],"wp:attachment":[{"href":"https:\/\/livinghome.vn\/thiet-bi\/wp-json\/wp\/v2\/media?parent=1163"}],"wp:term":[{"taxonomy":"product_brand","embeddable":true,"href":"https:\/\/livinghome.vn\/thiet-bi\/wp-json\/wp\/v2\/product_brand?post=1163"},{"taxonomy":"product_cat","embeddable":true,"href":"https:\/\/livinghome.vn\/thiet-bi\/wp-json\/wp\/v2\/product_cat?post=1163"},{"taxonomy":"product_tag","embeddable":true,"href":"https:\/\/livinghome.vn\/thiet-bi\/wp-json\/wp\/v2\/product_tag?post=1163"}],"curies":[{"name":"wp","href":"https:\/\/api.w.org\/{rel}","templated":true}]}}