{"id":1162,"date":"2023-01-12T13:19:54","date_gmt":"2023-01-12T13:19:54","guid":{"rendered":"https:\/\/livinghome.vn\/thiet-bi\/?post_type=product&#038;p=1162"},"modified":"2024-11-29T14:20:45","modified_gmt":"2024-11-29T07:20:45","slug":"tu-ruou-vang-klarstein-kl-vinamour-26d-dung-tich-88-lit-nhap-khau-duc","status":"publish","type":"product","link":"https:\/\/livinghome.vn\/thiet-bi\/tu-ruou-vang-klarstein-kl-vinamour-26d-dung-tich-88-lit-nhap-khau-duc\/","title":{"rendered":"T\u1ee7 r\u01b0\u1ee3u vang Klarstein KL-VINAMOUR 26D dung t\u00edch 88 L\u00edt nh\u1eadp kh\u1ea9u \u0110\u1ee9c"},"content":{"rendered":"<h2>T\u1ee7 r\u01b0\u1ee3u vang Klarstein KL-VINAMOUR 26D thi\u1ebft k\u1ebf \u0111\u00e8n Led sang tr\u1ecdng v\u1edbi 06 ng\u0103n ch\u1ee9a c\u1ef1c l\u1edbn<\/h2>\n<figure id=\"attachment_66676\" aria-describedby=\"caption-attachment-66676\" style=\"width: 800px\" class=\"wp-caption alignnone\"><img loading=\"lazy\" decoding=\"async\" class=\"size-large wp-image-66676\" src=\"https:\/\/livinghome.vn\/thiet-bi\/wp-content\/uploads\/nha-bep\/klarstein\/tu-ruou\/tu-ruou-vang-klarstein-kl-vinamour-26d\/tu-ruou-vang-klarstein-kl-vinamour-26d-800x800.jpg\" alt=\"T\u1ee7 r\u01b0\u1ee3u vang Klarstein KL-VINAMOUR 26C\" width=\"800\" height=\"800\" title=\"\"><figcaption id=\"caption-attachment-66676\" class=\"wp-caption-text\">T\u1ee7 r\u01b0\u1ee3u vang Klarstein KL-VINAMOUR 26D<\/figcaption><\/figure>\n<div class=\"xw_product-section-extra\">\n<h3>\u0110\u1eb7c T\u00ednh N\u1ed5i B\u1eadt<\/h3>\n<div class=\"entry-content\">\n<ul>\n<li><a href=\"https:\/\/livinghome.vn\/thiet-bi\/gia-dung-khac\/tu-uop-ruou\/\">T\u1ee7 m\u00e1t r\u01b0\u1ee3u<\/a> th\u1ec3 t\u00edch 88 l\u00edt, ch\u1ee9a 26 chai ti\u00eau chu\u1ea9n.<\/li>\n<li>C\u1eeda k\u00ednh b\u1eb1ng th\u00e9p kh\u00f4ng g\u1ec9 c\u00f3 th\u1ec3 kh\u00f3a v\u00e0 c\u00e1ch nhi\u1ec7t \u0111\u00f4i v\u1edbi tay n\u1eafm c\u1eeda b\u1eb1ng th\u00e9p kh\u00f4ng g\u1ec9 c\u00f3 th\u1ec3 l\u1eafp c\u1ea3 hai b\u00ean.<\/li>\n<li>M\u00e0n h\u00ecnh c\u1ea3m \u1ee9ng nh\u1ea1y v\u00e0 \u0111\u00e8n LED n\u1ed9i th\u1ea5t k\u00edn \u0111\u00e1o.<\/li>\n<li>S\u00e1u gi\u00e1 \u0111\u1ee1 b\u1eb1ng g\u1ed7 c\u00f3 th\u1ec3 th\u00e1o r\u1eddi.<\/li>\n<li>Ti\u1ebfng ho\u1ea1t \u0111\u1ed9ng th\u1ea5p v\u00e0 k\u00edch th\u01b0\u1edbc nh\u1ecf g\u1ecdn.<\/li>\n<\/ul>\n<\/div>\n<\/div>\n<div class=\"xw_product-section-extra\">\n<h3>T\u00ednh n\u0103ng &amp; K\u00edch th\u01b0\u1edbc<\/h3>\n<div class=\"entry-content\">\n<div class=\"Product_infoContent__3srJU\">\n<ul>\n<li>\u0110i\u1ec1u ch\u1ec9nh nhi\u1ec7t \u0111\u1ed9 l\u00e0m m\u00e1t<\/li>\n<li>Ph\u1ea1m vi nhi\u1ec7t \u0111\u1ed9: 5 \u0111\u1ebfn 18 \u00b0 C<\/li>\n<li>Hi\u1ec3n th\u1ecb nhi\u1ec7t \u0111\u1ed9: \u0111\u1ed9 C, \u0111\u1ed9 F<\/li>\n<li>Ph\u1ea1m vi nhi\u1ec7t \u0111\u1ed9 m\u00f4i tr\u01b0\u1eddng: \u2264 32 \u00b0 C<\/li>\n<li>B\u1ea3n l\u1ec1 c\u1eeda c\u00f3 th\u1ec3 thay \u0111\u1ed5i d\u1ec5 d\u00e0ng \u0111\u1ec3 l\u00e0m s\u1ea1ch<\/li>\n<li>C\u00f4ng su\u1ea5t ti\u00eau th\u1ee5: 85W<\/li>\n<li>Ngu\u1ed3n \u0111i\u1ec7n: AC 220-240 V, 50 Hz<\/li>\n<li>43 x 82,5 x 48 cm (WxHxD)<\/li>\n<li>K\u00edch th\u01b0\u1edbc b\u00ean trong: kho\u1ea3ng. 35 x 68 x 37,5 cm (WxHxD)<\/li>\n<li>Chi\u1ec1u d\u00e0i c\u00e1p: kho\u1ea3ng 1,6 m\u00e9t<\/li>\n<li>Tr\u1ecdng l\u01b0\u1ee3ng x\u1ea5p x\u1ec9. 26 kg<\/li>\n<\/ul>\n<\/div>\n<\/div>\n<\/div>\n<h3>H\u1ec7 th\u1ed1ng \u0111\u00e9n Led, ki\u1ec3u d\u00e1ng hi\u1ec7n \u0111\u1ea1i<\/h3>\n<p>H\u00e3ng s\u1ea3n xu\u1ea5t t\u1ee7 m\u00e1t r\u01b0\u1ee3u : Klarstein ( \u0110\u1ee9c ), \u0111\u01b0\u1ee3c thi\u1ebft k\u1ebf nh\u1ecf g\u1ecdn ph\u00f9 h\u1ee3p v\u1edbi kh\u00f4ng gian, nh\u00e0 h\u00e0ng kh\u00e1ch s\u1ea1n, qu\u1ea7y bar v\u00e0 c\u00e1c c\u01a1 s\u1edf \u1ea9m th\u1ef1c cao c\u1ea5p, nh\u00e0 ph\u1ed1 bi\u1ec7t th\u1ef1, vila\u2026.<\/p>\n<figure id=\"attachment_66680\" aria-describedby=\"caption-attachment-66680\" style=\"width: 800px\" class=\"wp-caption alignnone\"><img loading=\"lazy\" decoding=\"async\" class=\"size-large wp-image-66680\" src=\"https:\/\/livinghome.vn\/thiet-bi\/wp-content\/uploads\/nha-bep\/klarstein\/tu-ruou\/tu-ruou-vang-klarstein-kl-vinamour-26d\/tu-ruou-vang-klarstein-kl-vinamour-26d-5-800x800.jpg\" alt=\"T\u1ee7 r\u01b0\u1ee3u vang Klarstein KL-VINAMOUR 26C\" width=\"800\" height=\"800\" title=\"\"><figcaption id=\"caption-attachment-66680\" class=\"wp-caption-text\">T\u1ee7 r\u01b0\u1ee3u vang Klarstein KL-VINAMOUR 26D<\/figcaption><\/figure>\n<p>T\u1ee7 r\u01b0\u1ee3u vang Klarstein KL-VINAMOUR 26D c\u00f3 th\u1ec3 \u00a0b\u1ea3o qu\u1ea3n \u0111\u01b0\u1ee3c 26 chai, trong t\u1ee7 \u0111\u01b0\u1ee3c thi\u1ebft k\u1ebf h\u1ec7 th\u1ed1ng \u0111\u00e8n Led \u0111\u1ec3 d\u1ec5 d\u00e0ng nh\u00ecn th\u1ea5y<\/p>\n<p>T\u1ee7 m\u00e1t r\u01b0\u1ee3u \u0111\u01b0\u1ee3c thi\u1ebft k\u1ebf v\u1edbi nhi\u1ec7t \u0111\u1ed5 b\u1ea3o qu\u1ea3n t\u1eeb 05 \u0111\u1ed9 C \u0111\u1ebfn 18 \u0111\u1ed9 C, v\u1edbi nhi\u1ec7t \u0111\u1ed9 n\u00e0y r\u1ea5t ph\u00f9 h\u1ee3p \u0111\u1ec3 b\u1ea3o qu\u1ea3n c\u00e1c lo\u1ea1i r\u01b0\u1ee3u vang cao c\u1ea5p, nh\u01b0 vang \u0111\u1ecf vang tr\u1eafng v\u00e0 c\u00e1c th\u1ee9c u\u1ed1ng kh\u00e1c m\u1ed9t c\u00e1ch t\u1ed1t nh\u1ea5t.<\/p>\n<figure id=\"attachment_66677\" aria-describedby=\"caption-attachment-66677\" style=\"width: 800px\" class=\"wp-caption alignnone\"><img loading=\"lazy\" decoding=\"async\" class=\"size-large wp-image-66677\" src=\"https:\/\/livinghome.vn\/thiet-bi\/wp-content\/uploads\/nha-bep\/klarstein\/tu-ruou\/tu-ruou-vang-klarstein-kl-vinamour-26d\/tu-ruou-vang-klarstein-kl-vinamour-26d-4-800x800.jpg\" alt=\"T\u1ee7 r\u01b0\u1ee3u vang Klarstein KL-VINAMOUR 26C\" width=\"800\" height=\"800\" title=\"\"><figcaption id=\"caption-attachment-66677\" class=\"wp-caption-text\">T\u1ee7 r\u01b0\u1ee3u vang Klarstein KL-VINAMOUR 26D<\/figcaption><\/figure>\n<h3>Thi\u1ebft k\u1ebf nhi\u1ec1u ng\u0103n t\u1ee7 ti\u1ec7n d\u1ee5ng<\/h3>\n<p>T\u1ee7 r\u01b0\u1ee3u vang Klarstein KL-VINAMOUR 26D \u0111\u01b0\u1ee3c thi\u1ebft k\u1ebf v\u1edbi 06 ng\u0103n t\u1ee7 c\u00f3 th\u1ec3 th\u00e1o r\u1eddi da \u0111\u01b0\u1ee3c, gi\u00fap v\u1ec7 sinh t\u1ee7 m\u1ed9t c\u00e1ch d\u1ec5 d\u00e0ng.<\/p>\n<figure id=\"attachment_66673\" aria-describedby=\"caption-attachment-66673\" style=\"width: 800px\" class=\"wp-caption alignnone\"><img loading=\"lazy\" decoding=\"async\" class=\"size-large wp-image-66673\" src=\"https:\/\/livinghome.vn\/thiet-bi\/wp-content\/uploads\/nha-bep\/klarstein\/tu-ruou\/tu-ruou-vang-klarstein-kl-vinamour-26d\/tu-ruou-vang-klarstein-kl-vinamour-26d-3-800x800.jpg\" alt=\"T\u1ee7 r\u01b0\u1ee3u vang Klarstein KL-VINAMOUR 26C\" width=\"800\" height=\"800\" title=\"\"><figcaption id=\"caption-attachment-66673\" class=\"wp-caption-text\">T\u1ee7 r\u01b0\u1ee3u vang Klarstein KL-VINAMOUR 26C<\/figcaption><\/figure>\n<h3>L\u1edbp c\u00e1ch nhi\u1ec7t si\u00eau b\u1ec1n<\/h3>\n<p>T\u1ee7 r\u01b0\u1ee3u vang Klarstein KL-VINAMOUR 26D \u0111\u01b0\u1ee3c thi\u1ebft k\u1ebf v\u1edbi c\u1eeda k\u00ednh c\u00e1ch nhi\u1ec7t 02 l\u1edbp, khung t\u1ee7 \u0111\u01b0\u1ee3c l\u00e0m b\u1eb1ng th\u00e9p kh\u00f4ng g\u1ec9.<\/p>\n<figure id=\"attachment_66675\" aria-describedby=\"caption-attachment-66675\" style=\"width: 800px\" class=\"wp-caption alignnone\"><img loading=\"lazy\" decoding=\"async\" class=\"size-large wp-image-66675\" src=\"https:\/\/livinghome.vn\/thiet-bi\/wp-content\/uploads\/nha-bep\/klarstein\/tu-ruou\/tu-ruou-vang-klarstein-kl-vinamour-26d\/tu-ruou-vang-klarstein-kl-vinamour-26d-1-800x800.jpg\" alt=\"T\u1ee7 r\u01b0\u1ee3u vang Klarstein KL-VINAMOUR 26C\" width=\"800\" height=\"800\" title=\"\"><figcaption id=\"caption-attachment-66675\" class=\"wp-caption-text\">T\u1ee7 r\u01b0\u1ee3u vang Klarstein KL-VINAMOUR 26D<\/figcaption><\/figure>\n","protected":false},"excerpt":{"rendered":"<p>T\u1ee7 r\u01b0\u1ee3u vang Klarstein KL-VINAMOUR 26D thi\u1ebft k\u1ebf \u0111\u00e8n Led sang tr\u1ecdng v\u1edbi 06 ng\u0103n ch\u1ee9a c\u1ef1c l\u1edbn \u0110\u1eb7c T\u00ednh N\u1ed5i B\u1eadt T\u1ee7 m\u00e1t r\u01b0\u1ee3u th\u1ec3 t\u00edch 88 l\u00edt, ch\u1ee9a 26 chai ti\u00eau chu\u1ea9n. C\u1eeda k\u00ednh b\u1eb1ng th\u00e9p kh\u00f4ng g\u1ec9 c\u00f3 th\u1ec3 kh\u00f3a v\u00e0 c\u00e1ch nhi\u1ec7t \u0111\u00f4i v\u1edbi tay n\u1eafm c\u1eeda b\u1eb1ng th\u00e9p kh\u00f4ng g\u1ec9 [&#8230;]\n","protected":false},"featured_media":1311,"comment_status":"open","ping_status":"closed","template":"","meta":[],"product_brand":[],"product_cat":[217,193],"product_tag":[218,256,194,258,259],"class_list":{"0":"post-1162","1":"product","2":"type-product","3":"status-publish","4":"has-post-thumbnail","6":"product_cat-thuong-hieu-klarstein","7":"product_cat-tu-uop-ruou","8":"product_tag-klarstein","9":"product_tag-tu-ke-ruou","10":"product_tag-tu-ruou","11":"product_tag-tu-ruou-klarstein","12":"product_tag-tu-ruou-vang","14":"first","15":"instock","16":"sale","17":"shipping-taxable","18":"purchasable","19":"product-type-simple"},"_links":{"self":[{"href":"https:\/\/livinghome.vn\/thiet-bi\/wp-json\/wp\/v2\/product\/1162","targetHints":{"allow":["GET"]}}],"collection":[{"href":"https:\/\/livinghome.vn\/thiet-bi\/wp-json\/wp\/v2\/product"}],"about":[{"href":"https:\/\/livinghome.vn\/thiet-bi\/wp-json\/wp\/v2\/types\/product"}],"replies":[{"embeddable":true,"href":"https:\/\/livinghome.vn\/thiet-bi\/wp-json\/wp\/v2\/comments?post=1162"}],"wp:featuredmedia":[{"embeddable":true,"href":"https:\/\/livinghome.vn\/thiet-bi\/wp-json\/wp\/v2\/media\/1311"}],"wp:attachment":[{"href":"https:\/\/livinghome.vn\/thiet-bi\/wp-json\/wp\/v2\/media?parent=1162"}],"wp:term":[{"taxonomy":"product_brand","embeddable":true,"href":"https:\/\/livinghome.vn\/thiet-bi\/wp-json\/wp\/v2\/product_brand?post=1162"},{"taxonomy":"product_cat","embeddable":true,"href":"https:\/\/livinghome.vn\/thiet-bi\/wp-json\/wp\/v2\/product_cat?post=1162"},{"taxonomy":"product_tag","embeddable":true,"href":"https:\/\/livinghome.vn\/thiet-bi\/wp-json\/wp\/v2\/product_tag?post=1162"}],"curies":[{"name":"wp","href":"https:\/\/api.w.org\/{rel}","templated":true}]}}