{"id":1142,"date":"2023-01-12T13:19:28","date_gmt":"2023-01-12T13:19:28","guid":{"rendered":"https:\/\/livinghome.vn\/thiet-bi\/?post_type=product&#038;p=1142"},"modified":"2024-11-29T14:20:46","modified_gmt":"2024-11-29T07:20:46","slug":"tu-ruou-vang-klarstein-kl-vinamour-45duo-nhap-khau-duc","status":"publish","type":"product","link":"https:\/\/livinghome.vn\/thiet-bi\/tu-ruou-vang-klarstein-kl-vinamour-45duo-nhap-khau-duc\/","title":{"rendered":"T\u1ee7 r\u01b0\u1ee3u vang Klarstein KL-VINAMOUR 45DUO nh\u1eadp kh\u1ea9u \u0110\u1ee9c"},"content":{"rendered":"<h2>T\u1ee7 r\u01b0\u1ee3u vang Klarstein KL-VINAMOUR 45DUO dung t\u00edch 118 L\u00edt ch\u1ee9a \u0111\u1ef1ng \u0111\u01b0\u1ee3c 45 chai ti\u00eau chu\u1ea9n<\/h2>\n<figure id=\"attachment_66684\" aria-describedby=\"caption-attachment-66684\" style=\"width: 800px\" class=\"wp-caption alignnone\"><img loading=\"lazy\" decoding=\"async\" class=\"size-large wp-image-66684\" src=\"https:\/\/livinghome.vn\/thiet-bi\/wp-content\/uploads\/nha-bep\/klarstein\/tu-ruou\/tu-ruou-vang-klarstein-kl-vinamour-45duo\/tu-ruou-vang-klarstein-kl-vinamour-45duo-800x800.jpg\" alt=\"T\u1ee7 r\u01b0\u1ee3u vang Klarstein KL-VINAMOUR 45DUO\" width=\"800\" height=\"800\" title=\"\"><figcaption id=\"caption-attachment-66684\" class=\"wp-caption-text\">T\u1ee7 r\u01b0\u1ee3u vang Klarstein KL-VINAMOUR 45DUO<\/figcaption><\/figure>\n<h3>\u0110\u1eb7c T\u00ednh N\u1ed5i B\u1eadt<\/h3>\n<ul>\n<li><a href=\"https:\/\/livinghome.vn\/thiet-bi\/gia-dung-khac\/tu-uop-ruou\/\">T\u1ee7 b\u1ea3o qu\u1ea3n r\u01b0\u1ee3u vang <\/a>th\u1ec3 t\u00edch 118 l\u00edt, ch\u1ee9a 45 chai ti\u00eau chu\u1ea9n, c\u00e1ch nhi\u1ec7t tuy\u1ec7t \u0111\u1ed1i.<\/li>\n<li>B\u1ea3ng \u0111i\u1ec1u khi\u1ec3n c\u1ea3m \u1ee9ng, c\u00e0i \u0111\u1eb7t nhi\u1ec7t \u0111\u1ed9 v\u00e0 \u0111\u1ed9 \u1ea9m ch\u00ednh x\u00e1c, nh\u1ea1y.<\/li>\n<li>Ch\u1ea5t li\u1ec7u Khung c\u1eeda &amp; tay n\u1eafm b\u1eb1ng th\u00e9p kh\u00f4ng g\u1ec9, c\u1eeda k\u00ednh inox 2 l\u1edbp cao c\u1ea5p c\u00f3 kh\u00f3a.<\/li>\n<li>\u0110\u00e8n LED soi r\u00f5 n\u1ed9i th\u1ea5t b\u00ean trong t\u1ee7.<\/li>\n<li>Hi\u1ec7u su\u1ea5t n\u0103ng l\u01b0\u1ee3ng lo\u1ea1i A.<\/li>\n<li>Ch\u00e2n c\u00f3 th\u1ec3 \u0111i\u1ec1u ch\u1ec9nh \u0111\u1ed9 cao.<\/li>\n<li>Ki\u1ec3u d\u00e1ng sang tr\u1ecdng, thanh l\u1ecbch. Ph\u00f9 h\u1ee3p m\u1ecdi v\u1ecb tr\u00ed \u0111\u1eb7t trong nh\u00e0.<\/li>\n<li>K\u00edch th\u01b0\u1edbc (c\u00f3 tay n\u1eafm c\u1eeda):48 x 83.5 x 59.5 cm (WxHxD).<\/li>\n<li>K\u00edch th\u01b0\u1edbc b\u00ean trong v\u00f9ng tr\u00ean: 40 x 32 x 44.5 cm (WxHxD).<\/li>\n<li>K\u00edch th\u01b0\u1edbc b\u00ean trong v\u00f9ng d\u01b0\u1edbi: 40 x 37.5 x 44.5 cm (WxHxD).<\/li>\n<li>Chi\u1ec1u d\u00e0i d\u00e2y ngu\u1ed3n: 180 cm.<\/li>\n<li>Tr\u1ecdng l\u01b0\u1ee3ng s\u1ea3n ph\u1ea9m: 30 kg.<\/li>\n<\/ul>\n<p>T\u1ee7 r\u01b0\u1ee3u vang Klarstein KL-VINAMOUR 45DUO l\u00e0 m\u1ed9t chi\u1ebfc t\u1ee7 l\u00e0m m\u00e1t hay c\u00f2n g\u1ecdi ch\u00ednh x\u00e1c l\u00e0 t\u1ee7 b\u1ea3o qu\u1ea3n r\u01b0\u1ee3u vang c\u1ee7a h\u00e3ng Klarstein \u0111\u1ebfn t\u1eeb CHLB \u0110\u1ee9c v\u1edbi dung t\u00edch 118 l\u00edt ch\u1ee9a \u0111\u01b0\u1ee3c 45 chai r\u01b0\u1ee3u vang, champagne\u2026 v\u1edbi 2 v\u00f9ng l\u00e0m m\u00e1t. \u0110\u01b0\u1ee3c thi\u1ebft k\u1ebf mang nhi\u1ec1u \u00fd ngh\u0129a \u0111\u1ed1i v\u1edbi v\u0103n h\u00f3a s\u1ed1ng hi\u1ec7n \u0111\u1ea1i, kh\u00f4ng ch\u1ec9 l\u00e0 m\u1ed9t chi\u1ebfc t\u1ee7 c\u00f3 ch\u1ee9c n\u0103ng b\u1ea3o qu\u1ea3n r\u01b0\u1ee3u vang \u0111\u01a1n thu\u1ea7n m\u00e0 c\u00f2n l\u00e0 \u0111\u1ed3 n\u1ed9i th\u1ea5t hi\u1ec7n \u0111\u1ea1i, sang tr\u1ecdng trang tr\u00ed \u0111\u1eb3ng c\u1ea5p cho ng\u00f4i nh\u00e0 c\u1ee7a b\u1ea1n.<\/p>\n<figure id=\"attachment_66685\" aria-describedby=\"caption-attachment-66685\" style=\"width: 1020px\" class=\"wp-caption alignnone\"><img loading=\"lazy\" decoding=\"async\" class=\"size-large wp-image-66685\" src=\"https:\/\/livinghome.vn\/thiet-bi\/wp-content\/uploads\/nha-bep\/klarstein\/tu-ruou\/tu-ruou-vang-klarstein-kl-vinamour-45duo\/tu-ruou-vang-klarstein-kl-vinamour-45duo-5-1067x800.jpg\" alt=\"T\u1ee7 r\u01b0\u1ee3u vang Klarstein KL-VINAMOUR 45DUO\" width=\"1020\" height=\"765\" title=\"\"><figcaption id=\"caption-attachment-66685\" class=\"wp-caption-text\">T\u1ee7 r\u01b0\u1ee3u vang Klarstein KL-VINAMOUR 45DUO<\/figcaption><\/figure>\n<p>&nbsp;<\/p>\n<h3>THI\u1ebeT K\u1ebe SANG TR\u1eccNG PH\u00d9 H\u1ee2P NHI\u1ec0U KH\u00d4NG GIAN<\/h3>\n<p>Thi\u1ebft k\u1ebf c\u1ee7a T\u1ee7 r\u01b0\u1ee3u vang Klarstein KL-VINAMOUR 45DUO ph\u00f9 h\u1ee3p v\u1edbi n\u1ed9i th\u1ea5t sang tr\u1ecdng. Nh\u1edd y\u1ebfu t\u1ed1 thi\u1ebft k\u1ebf th\u1ea9m m\u1ef9 tinh t\u1ebf cao, T\u1ee7 r\u01b0\u1ee3u vang Klarstein KL-VINAMOUR 45DUO c\u0169ng l\u00e0 \u0111\u1ed3 v\u1eadt trang tr\u00ed l\u00fd t\u01b0\u1edfng \u0111\u1ec3 b\u1ed1 tr\u00ed trong c\u00e1c khu v\u1ef1c qu\u1ea7y bar trong nh\u00e0, kh\u00e1ch s\u1ea1n v\u00e0 c\u00e1c nh\u00e0 h\u00e0ng cao c\u1ea5p.<\/p>\n<figure id=\"attachment_66681\" aria-describedby=\"caption-attachment-66681\" style=\"width: 800px\" class=\"wp-caption alignnone\"><img loading=\"lazy\" decoding=\"async\" class=\"size-large wp-image-66681\" src=\"https:\/\/livinghome.vn\/thiet-bi\/wp-content\/uploads\/nha-bep\/klarstein\/tu-ruou\/tu-ruou-vang-klarstein-kl-vinamour-45duo\/tu-ruou-vang-klarstein-kl-vinamour-45duo-6-800x800.jpg\" alt=\"T\u1ee7 r\u01b0\u1ee3u vang Klarstein KL-VINAMOUR 45DUO\" width=\"800\" height=\"800\" title=\"\"><figcaption id=\"caption-attachment-66681\" class=\"wp-caption-text\">T\u1ee7 r\u01b0\u1ee3u vang Klarstein KL-VINAMOUR 45DUO<\/figcaption><\/figure>\n<h3>CH\u1ea4T LI\u1ec6U TH\u00c9P KH\u00d4NG G\u1ec8, M\u1eb6T C\u1eecA K\u00cdNH B\u1ea2O V\u1ec6 CAO C\u1ea4P<\/h3>\n<p>Ph\u00eda sau c\u00e1nh c\u1eeda k\u00ednh b\u1ea3o v\u1ec7 cao c\u1ea5p v\u1edbi khung c\u1eeda, tay m\u1edf b\u1eb1ng th\u00e9p kh\u00f4ng g\u1ec9 c\u1ee7a T\u1ee7 r\u01b0\u1ee3u vang Klarstein KL-VINAMOUR 45DUO l\u00e0 khoang c\u00e1ch nhi\u1ec7t tuy\u1ec7t \u0111\u1ed1i an to\u00e0n v\u1edbi 2 v\u00f9ng l\u00e0m m\u00e1t, c\u00f3 th\u1ec3 ch\u1ee9a t\u1edbi 45 chai r\u01b0\u1ee3u, d\u01b0\u1edbi d\u00e0n \u0111\u00e8n LED UV di\u1ec7t khu\u1ea9n g\u1ea7n nh\u01b0 tuy\u1ec7t \u0111\u1ed1i v\u00e0 \u0111\u1eb7c bi\u1ec7t ti\u1ebft ki\u1ec7m n\u0103ng l\u01b0\u1ee3ng v\u1edbi hi\u1ec7u su\u1ea5t n\u0103ng l\u01b0\u1ee3ng lo\u1ea1i A.<\/p>\n<figure id=\"attachment_66687\" aria-describedby=\"caption-attachment-66687\" style=\"width: 800px\" class=\"wp-caption alignnone\"><img loading=\"lazy\" decoding=\"async\" class=\"size-large wp-image-66687\" src=\"https:\/\/livinghome.vn\/thiet-bi\/wp-content\/uploads\/nha-bep\/klarstein\/tu-ruou\/tu-ruou-vang-klarstein-kl-vinamour-45duo\/tu-ruou-vang-klarstein-kl-vinamour-45duo-4-800x800.jpg\" alt=\"T\u1ee7 r\u01b0\u1ee3u vang Klarstein KL-VINAMOUR 45DUO\" width=\"800\" height=\"800\" title=\"\"><figcaption id=\"caption-attachment-66687\" class=\"wp-caption-text\">T\u1ee7 r\u01b0\u1ee3u vang Klarstein KL-VINAMOUR 45DUO<\/figcaption><\/figure>\n<h3>KHOANG CH\u1ee8A R\u1ed8NG V\u1edaI 2 V\u00d9NG L\u00c0M M\u00c1T.<\/h3>\n<p>V\u1edbi khoang ch\u1ee9a l\u00ean \u0111\u1ebfn 188 l\u00edt c\u00f3 th\u1ec3 ch\u1ee9a \u0111\u01b0\u1ee3c t\u1ed1i \u0111a 45 chai r\u01b0\u1ee3u ti\u00eau chu\u1ea9n v\u00e0 l\u00e0m l\u1ea1nh ch\u00fang \u0111\u1ebfn 5 \u0111\u1ebfn 12\u00b0C \u1edf v\u00f9ng tr\u00ean ho\u1eb7c 12 \u0111\u1ebfn 18\u00b0C \u1edf v\u00f9ng l\u00e0m m\u00e1t ph\u00eda d\u01b0\u1edbi. \u0110i\u1ec1u ki\u1ec7n l\u00fd t\u01b0\u1edfng \u0111\u1ec3 b\u1ea3o qu\u1ea3n \u0111\u1ed3ng th\u1eddi r\u01b0\u1ee3u vang \u0111\u1ecf v\u00e0 tr\u1eafng u\u1ed1ng li\u1ec1n. B\u1ea1n c\u00f3 th\u1ec3 b\u1ea3o qu\u1ea3n r\u1ea5t nhi\u1ec1u r\u01b0\u1ee3u vang m\u00e0 kh\u00f4ng ph\u1ea3i lo v\u1ec1 ch\u1ea5t l\u01b0\u1ee3ng c\u1ee7a ch\u00fang khi s\u1eed d\u1ee5ng T\u1ee7 r\u01b0\u1ee3u vang Klarstein KL-VINAMOUR 45DUO.<\/p>\n<figure id=\"attachment_66683\" aria-describedby=\"caption-attachment-66683\" style=\"width: 800px\" class=\"wp-caption alignnone\"><img loading=\"lazy\" decoding=\"async\" class=\"size-large wp-image-66683\" src=\"https:\/\/livinghome.vn\/thiet-bi\/wp-content\/uploads\/nha-bep\/klarstein\/tu-ruou\/tu-ruou-vang-klarstein-kl-vinamour-45duo\/tu-ruou-vang-klarstein-kl-vinamour-45duo-1-800x800.jpg\" alt=\"T\u1ee7 r\u01b0\u1ee3u vang Klarstein KL-VINAMOUR 45DUO\" width=\"800\" height=\"800\" title=\"\"><figcaption id=\"caption-attachment-66683\" class=\"wp-caption-text\">T\u1ee7 r\u01b0\u1ee3u vang Klarstein KL-VINAMOUR 45DUO<\/figcaption><\/figure>\n<h3>\u0110\u1ed8 \u1ed2N L\u00dd T\u01af\u1edeNG 40DB<\/h3>\n<p>V\u1edbi \u0111\u1ed9 \u1ed3n ch\u1ec9 \u1edf m\u1ee9c 40dB (A) re 1 pW, T\u1ee7 r\u01b0\u1ee3u vang Klarstein KL-VINAMOUR 45DUO chai g\u1ea7n nh\u01b0 kh\u00f4ng ph\u00e1t ra ti\u1ebfng \u0111\u1ed9ng, ho\u1ea1t \u0111\u1ed9ng c\u1ef1c k\u1ef3 y\u00ean t\u0129nh d\u00f9 b\u1ea1n c\u00f3 \u0111\u1eb7t \u1edf ph\u00f2ng n\u00e0o.<\/p>\n<figure id=\"attachment_66682\" aria-describedby=\"caption-attachment-66682\" style=\"width: 800px\" class=\"wp-caption alignnone\"><img loading=\"lazy\" decoding=\"async\" class=\"size-large wp-image-66682\" src=\"https:\/\/livinghome.vn\/thiet-bi\/wp-content\/uploads\/nha-bep\/klarstein\/tu-ruou\/tu-ruou-vang-klarstein-kl-vinamour-45duo\/tu-ruou-vang-klarstein-kl-vinamour-45duo-2-800x800.jpg\" alt=\"T\u1ee7 r\u01b0\u1ee3u vang Klarstein KL-VINAMOUR 45DUO\" width=\"800\" height=\"800\" title=\"\"><figcaption id=\"caption-attachment-66682\" class=\"wp-caption-text\">T\u1ee7 r\u01b0\u1ee3u vang Klarstein KL-VINAMOUR 45DUO<\/figcaption><\/figure>\n<h3>B\u1ea2NG \u0110I\u1ec0U KHI\u1ec2N, M\u00c0N H\u00ccNH C\u1ea2M \u1ee8NG SI\u00caU NH\u1ea0Y V\u00c0 HI\u1ec2N TH\u1eca R\u00d5 R\u00c0NG<\/h3>\n<p>T\u1ee7 r\u01b0\u1ee3u vang Klarstein KL-VINAMOUR 45DUO \u0111\u01b0\u1ee3c v\u1eadn h\u00e0nh b\u1eb1ng c\u00e1ch s\u1eed d\u1ee5ng m\u00e0n h\u00ecnh c\u1ea3m \u1ee9ng si\u00eau nh\u1ea1y. b\u1ea1n c\u00f3 th\u1ec3 \u0111i\u1ec1u ch\u1ec9nh d\u1ea3i nhi\u1ec7t t\u1eeb 5 \u0111\u1ebfn 18\u00b0C ph\u00f9 h\u1ee3p v\u1edbi lo\u1ea1i r\u01b0\u1ee3u vang cho 2 v\u00f9ng l\u00e0m m\u00e1t. M\u00e0n h\u00ecnh hi\u1ec3n th\u1ecb nhi\u1ec7t \u0111\u1ed9 theo \u0111\u1ed9 C ho\u1eb7c \u0111\u1ed9 F \u0111\u1ec3 c\u00e1c b\u1ea1n ti\u1ec7n theo d\u00f5i nhi\u1ec7t \u0111\u1ed9 b\u00ean trong t\u1ee7.<\/p>\n<figure id=\"attachment_66686\" aria-describedby=\"caption-attachment-66686\" style=\"width: 800px\" class=\"wp-caption alignnone\"><img loading=\"lazy\" decoding=\"async\" class=\"size-large wp-image-66686\" src=\"https:\/\/livinghome.vn\/thiet-bi\/wp-content\/uploads\/nha-bep\/klarstein\/tu-ruou\/tu-ruou-vang-klarstein-kl-vinamour-45duo\/tu-ruou-vang-klarstein-kl-vinamour-45duo-3-800x800.jpg\" alt=\"T\u1ee7 r\u01b0\u1ee3u vang Klarstein KL-VINAMOUR 45DUO\" width=\"800\" height=\"800\" title=\"\"><figcaption id=\"caption-attachment-66686\" class=\"wp-caption-text\">T\u1ee7 r\u01b0\u1ee3u vang Klarstein KL-VINAMOUR 45DUO<\/figcaption><\/figure>\n","protected":false},"excerpt":{"rendered":"<p>T\u1ee7 r\u01b0\u1ee3u vang Klarstein KL-VINAMOUR 45DUO dung t\u00edch 118 L\u00edt ch\u1ee9a \u0111\u1ef1ng \u0111\u01b0\u1ee3c 45 chai ti\u00eau chu\u1ea9n \u0110\u1eb7c T\u00ednh N\u1ed5i B\u1eadt T\u1ee7 b\u1ea3o qu\u1ea3n r\u01b0\u1ee3u vang th\u1ec3 t\u00edch 118 l\u00edt, ch\u1ee9a 45 chai ti\u00eau chu\u1ea9n, c\u00e1ch nhi\u1ec7t tuy\u1ec7t \u0111\u1ed1i. B\u1ea3ng \u0111i\u1ec1u khi\u1ec3n c\u1ea3m \u1ee9ng, c\u00e0i \u0111\u1eb7t nhi\u1ec7t \u0111\u1ed9 v\u00e0 \u0111\u1ed9 \u1ea9m ch\u00ednh x\u00e1c, nh\u1ea1y. Ch\u1ea5t [&#8230;]\n","protected":false},"featured_media":1304,"comment_status":"open","ping_status":"closed","template":"","meta":[],"product_brand":[],"product_cat":[217,193],"product_tag":[218,256,257,194],"class_list":{"0":"post-1142","1":"product","2":"type-product","3":"status-publish","4":"has-post-thumbnail","6":"product_cat-thuong-hieu-klarstein","7":"product_cat-tu-uop-ruou","8":"product_tag-klarstein","9":"product_tag-tu-ke-ruou","10":"product_tag-tu-ke-ruou-klarstein","11":"product_tag-tu-ruou","13":"first","14":"instock","15":"sale","16":"shipping-taxable","17":"purchasable","18":"product-type-simple"},"_links":{"self":[{"href":"https:\/\/livinghome.vn\/thiet-bi\/wp-json\/wp\/v2\/product\/1142","targetHints":{"allow":["GET"]}}],"collection":[{"href":"https:\/\/livinghome.vn\/thiet-bi\/wp-json\/wp\/v2\/product"}],"about":[{"href":"https:\/\/livinghome.vn\/thiet-bi\/wp-json\/wp\/v2\/types\/product"}],"replies":[{"embeddable":true,"href":"https:\/\/livinghome.vn\/thiet-bi\/wp-json\/wp\/v2\/comments?post=1142"}],"wp:featuredmedia":[{"embeddable":true,"href":"https:\/\/livinghome.vn\/thiet-bi\/wp-json\/wp\/v2\/media\/1304"}],"wp:attachment":[{"href":"https:\/\/livinghome.vn\/thiet-bi\/wp-json\/wp\/v2\/media?parent=1142"}],"wp:term":[{"taxonomy":"product_brand","embeddable":true,"href":"https:\/\/livinghome.vn\/thiet-bi\/wp-json\/wp\/v2\/product_brand?post=1142"},{"taxonomy":"product_cat","embeddable":true,"href":"https:\/\/livinghome.vn\/thiet-bi\/wp-json\/wp\/v2\/product_cat?post=1142"},{"taxonomy":"product_tag","embeddable":true,"href":"https:\/\/livinghome.vn\/thiet-bi\/wp-json\/wp\/v2\/product_tag?post=1142"}],"curies":[{"name":"wp","href":"https:\/\/api.w.org\/{rel}","templated":true}]}}