{"id":11419,"date":"2023-04-21T09:47:43","date_gmt":"2023-04-21T09:47:43","guid":{"rendered":"https:\/\/livinghome.vn\/thiet-bi\/?post_type=product&#038;p=11419"},"modified":"2025-06-05T14:24:08","modified_gmt":"2025-06-05T07:24:08","slug":"may-hut-mui-kaff-kf-771b-70cm-cam-ung","status":"publish","type":"product","link":"https:\/\/livinghome.vn\/thiet-bi\/may-hut-mui-kaff-kf-771b-70cm-cam-ung\/","title":{"rendered":"M\u00e1y H\u00fat M\u00f9i Kaff KF-771B 70cm C\u1ea3m \u1ee8ng 1200m3\/h"},"content":{"rendered":"<h2>M\u00e1y h\u00fat m\u00f9i Kaff KF-771B New Black \u00e1p t\u01b0\u1eddng \u0111en sang tr\u1ecdng mang \u0111\u1ebfn kh\u00f4ng gian trong l\u00e0nh cho c\u0103n b\u1ebfp<\/h2>\n<p><a href=\"https:\/\/livinghome.vn\/thiet-bi\/may-hut-mui-kaff\/\">M\u00e1y h\u00fat m\u00f9i Kaff<\/a> KF-771B New Black s\u1edf h\u1eefu thi\u1ebft k\u1ebf \u00e1p t\u01b0\u1eddng, d\u1ec5 d\u00e0ng l\u1eafp \u0111\u1eb7t mang \u0111\u1ebfn s\u1ef1 g\u1ecdn g\u00e0ng, hi\u1ec7n \u0111\u1ea1i cho kh\u00f4ng gian b\u1ebfp.<\/p>\n<p>S\u1ea3n ph\u1ea9m \u0111\u01b0\u1ee3c c\u1ea3i ti\u1ebfn m\u1edbi phi\u00ean b\u1ea3n m\u1edbi mang s\u1eafc m\u00e0u \u0111en th\u1eddi th\u01b0\u1ee3ng, d\u1ec5 d\u00e0ng tr\u1edf th\u00e0nh \u0111i\u1ec3m nh\u1ea5n cho kh\u00f4ng gian b\u1ebfp nh\u00e0 b\u1ea1n. Ph\u1ea7n khung c\u1ee7a m\u00e1y h\u00fat m\u00f9i \u0111\u01b0\u1ee3c s\u1eed d\u1ee5ng ch\u1ea5t li\u1ec7u h\u1ee3p kim \u00e1nh nh\u00e1m, mang \u0111\u1ebfn \u0111\u1ed9 tinh t\u1ebf, \u0111\u1ed3ng th\u1eddi b\u1ea3o v\u1ec7 b\u1ec1n b\u1ec9 cho c\u00e1c linh ki\u1ec7n b\u00ean trong.<\/p>\n<figure id=\"attachment_11422\" aria-describedby=\"caption-attachment-11422\" style=\"width: 900px\" class=\"wp-caption alignnone\"><img loading=\"lazy\" decoding=\"async\" class=\"size-full wp-image-11422\" src=\"https:\/\/livinghome.vn\/thiet-bi\/wp-content\/uploads\/nha-bep\/kaff\/may-hut-mui\/may-hut-mui-ap-tuong\/may-hut-mui-kaff-kf-711b\/may-hut-mui-kaff-kf-711b-1.jpg\" alt=\"M\u00e1y h\u00fat m\u00f9i Kaff KF-771B New Black\" width=\"900\" height=\"900\" title=\"\" srcset=\"https:\/\/livinghome.vn\/thiet-bi\/wp-content\/uploads\/nha-bep\/kaff\/may-hut-mui\/may-hut-mui-ap-tuong\/may-hut-mui-kaff-kf-711b\/may-hut-mui-kaff-kf-711b-1.jpg 900w, https:\/\/livinghome.vn\/thiet-bi\/wp-content\/uploads\/nha-bep\/kaff\/may-hut-mui\/may-hut-mui-ap-tuong\/may-hut-mui-kaff-kf-711b\/may-hut-mui-kaff-kf-711b-1-300x300.jpg 300w, https:\/\/livinghome.vn\/thiet-bi\/wp-content\/uploads\/nha-bep\/kaff\/may-hut-mui\/may-hut-mui-ap-tuong\/may-hut-mui-kaff-kf-711b\/may-hut-mui-kaff-kf-711b-1-100x100.jpg 100w, https:\/\/livinghome.vn\/thiet-bi\/wp-content\/uploads\/nha-bep\/kaff\/may-hut-mui\/may-hut-mui-ap-tuong\/may-hut-mui-kaff-kf-711b\/may-hut-mui-kaff-kf-711b-1-600x600.jpg 600w, https:\/\/livinghome.vn\/thiet-bi\/wp-content\/uploads\/nha-bep\/kaff\/may-hut-mui\/may-hut-mui-ap-tuong\/may-hut-mui-kaff-kf-711b\/may-hut-mui-kaff-kf-711b-1-400x400.jpg 400w, https:\/\/livinghome.vn\/thiet-bi\/wp-content\/uploads\/nha-bep\/kaff\/may-hut-mui\/may-hut-mui-ap-tuong\/may-hut-mui-kaff-kf-711b\/may-hut-mui-kaff-kf-711b-1-800x800.jpg 800w, https:\/\/livinghome.vn\/thiet-bi\/wp-content\/uploads\/nha-bep\/kaff\/may-hut-mui\/may-hut-mui-ap-tuong\/may-hut-mui-kaff-kf-711b\/may-hut-mui-kaff-kf-711b-1-280x280.jpg 280w, https:\/\/livinghome.vn\/thiet-bi\/wp-content\/uploads\/nha-bep\/kaff\/may-hut-mui\/may-hut-mui-ap-tuong\/may-hut-mui-kaff-kf-711b\/may-hut-mui-kaff-kf-711b-1-768x768.jpg 768w\" sizes=\"auto, (max-width: 900px) 100vw, 900px\" \/><figcaption id=\"caption-attachment-11422\" class=\"wp-caption-text\">M\u00e1y h\u00fat m\u00f9i Kaff KF-771B New Black<\/figcaption><\/figure>\n<h3>T\u00ednh n\u0103ng c\u01a1 b\u1ea3n<\/h3>\n<ul>\n<li><a href=\"https:\/\/livinghome.vn\/thiet-bi\/may-hut-mui\/\">M\u00e1y h\u00fat kh\u00f3i kh\u1eed m\u00f9i<\/a> \u2013 kh\u1eed m\u00f9i <a href=\"https:\/\/livinghome.vn\/thiet-bi\/may-hut-mui-gan-tuong\/\">g\u1eafn \u00e1p t\u01b0\u1eddng<\/a><\/li>\n<li>Th\u00e2n \u0111en s\u01a1n t\u0129nh \u0111i\u1ec7n cao c\u1ea5p<\/li>\n<li>\u0110i\u1ec1u khi\u1ec3n c\u1ea3m \u1ee9ng 9 t\u1ed1c \u0111\u1ed9<\/li>\n<li>L\u01b0\u1edbi l\u1ecdc thang inox + than ho\u1ea1t t\u00ednh<\/li>\n<li>\u0110\u00e8n led 1x3Wx420mm<\/li>\n<li>\u0110\u1ed9ng c\u01a1 BLDC Inverter si\u00eau \u00eam 1x100W<\/li>\n<li>C\u00f4ng su\u1ea5t h\u00fat t\u1ed1i \u0111a 1200m3\/h<\/li>\n<li>\u0110\u1ed9 \u1ed3n 48-54dB<\/li>\n<li>B\u1ea3o h\u00e0nh 3 n\u0103m ch\u00ednh h\u00e3ng<\/li>\n<\/ul>\n<figure id=\"attachment_11425\" aria-describedby=\"caption-attachment-11425\" style=\"width: 900px\" class=\"wp-caption alignnone\"><img loading=\"lazy\" decoding=\"async\" class=\"size-full wp-image-11425\" src=\"https:\/\/livinghome.vn\/thiet-bi\/wp-content\/uploads\/nha-bep\/kaff\/may-hut-mui\/may-hut-mui-ap-tuong\/may-hut-mui-kaff-kf-711b\/may-hut-mui-kaff-kf-711b-2.jpg\" alt=\"M\u00e1y h\u00fat m\u00f9i Kaff KF-771B New Black\" width=\"900\" height=\"900\" title=\"\" srcset=\"https:\/\/livinghome.vn\/thiet-bi\/wp-content\/uploads\/nha-bep\/kaff\/may-hut-mui\/may-hut-mui-ap-tuong\/may-hut-mui-kaff-kf-711b\/may-hut-mui-kaff-kf-711b-2.jpg 900w, https:\/\/livinghome.vn\/thiet-bi\/wp-content\/uploads\/nha-bep\/kaff\/may-hut-mui\/may-hut-mui-ap-tuong\/may-hut-mui-kaff-kf-711b\/may-hut-mui-kaff-kf-711b-2-300x300.jpg 300w, https:\/\/livinghome.vn\/thiet-bi\/wp-content\/uploads\/nha-bep\/kaff\/may-hut-mui\/may-hut-mui-ap-tuong\/may-hut-mui-kaff-kf-711b\/may-hut-mui-kaff-kf-711b-2-100x100.jpg 100w, https:\/\/livinghome.vn\/thiet-bi\/wp-content\/uploads\/nha-bep\/kaff\/may-hut-mui\/may-hut-mui-ap-tuong\/may-hut-mui-kaff-kf-711b\/may-hut-mui-kaff-kf-711b-2-600x600.jpg 600w, https:\/\/livinghome.vn\/thiet-bi\/wp-content\/uploads\/nha-bep\/kaff\/may-hut-mui\/may-hut-mui-ap-tuong\/may-hut-mui-kaff-kf-711b\/may-hut-mui-kaff-kf-711b-2-400x400.jpg 400w, https:\/\/livinghome.vn\/thiet-bi\/wp-content\/uploads\/nha-bep\/kaff\/may-hut-mui\/may-hut-mui-ap-tuong\/may-hut-mui-kaff-kf-711b\/may-hut-mui-kaff-kf-711b-2-800x800.jpg 800w, https:\/\/livinghome.vn\/thiet-bi\/wp-content\/uploads\/nha-bep\/kaff\/may-hut-mui\/may-hut-mui-ap-tuong\/may-hut-mui-kaff-kf-711b\/may-hut-mui-kaff-kf-711b-2-280x280.jpg 280w, https:\/\/livinghome.vn\/thiet-bi\/wp-content\/uploads\/nha-bep\/kaff\/may-hut-mui\/may-hut-mui-ap-tuong\/may-hut-mui-kaff-kf-711b\/may-hut-mui-kaff-kf-711b-2-768x768.jpg 768w\" sizes=\"auto, (max-width: 900px) 100vw, 900px\" \/><figcaption id=\"caption-attachment-11425\" class=\"wp-caption-text\">M\u00e1y h\u00fat m\u00f9i Kaff KF-771B New Black thi\u1ebft k\u1ebf hi\u1ec7n \u0111\u1ea1i sang tr\u1ecdng xu h\u01b0\u1edbng hi\u1ec7n nay<\/figcaption><\/figure>\n<h3>Th\u00f4ng s\u1ed1 k\u1ef9 thu\u1eadt<\/h3>\n<ul>\n<li>\u1ed0ng tho\u00e1t D150 + 2m \u1ed1ng m\u1ec1m k\u00e8m theo<\/li>\n<li>\u1ed0p \u1ed1ng kh\u00f3i inox 2x500mm<\/li>\n<li>K\u00edch th\u01b0\u1edbc: 40x500x700mm<\/li>\n<\/ul>\n<p>M\u1ed9t s\u1ed1 l\u01b0u \u00fd khi s\u1eed d\u1ee5ng:<\/p>\n<p>&#8211; Th\u01b0\u1eddng xuy\u00ean l\u00e0m s\u1ea1ch, m\u1ed7i 1 &#8211; 2 tu\u1ea7n 1 l\u1ea7n \u0111\u1ec3 k\u00e9o d\u00e0i tu\u1ed5i th\u1ecd, t\u0103ng hi\u1ec7u su\u1ea5t h\u00fat.<\/p>\n<p>&#8211; \u0110\u1ec3 tr\u00e1nh l\u00e0m bong tr\u00f3c, kh\u00f4ng v\u1ec7 sinh b\u1eb1ng n\u01b0\u1edbc r\u1eeda ch\u00e9n.<\/p>\n<p>&#8211; Ng\u00e2m l\u01b0\u1edbi l\u1ecdc trong h\u1ed7n h\u1ee3p x\u00e0 ph\u00f2ng pha n\u01b0\u1edbc \u1ea5m trong v\u00e0i ph\u00fat s\u1ebd gi\u00fap lo\u1ea1i b\u1ecf v\u1ebft b\u1ea9n d\u1ec5 d\u00e0ng.<\/p>\n<p>&#8211; C\u00f3 th\u1ec3 s\u1eed d\u1ee5ng c\u00e1c ch\u1ea5t t\u1ea9y t\u1ef1 nhi\u00ean nh\u01b0 gi\u1ea5m, baking soda, chanh,&#8230; \u0111\u1ec3 v\u1ec7 sinh d\u1ec5 d\u00e0ng v\u00e0 b\u1ea3o v\u1ec7 l\u01b0\u1edbi l\u1ecdc h\u01a1n.<\/p>\n<h3>Xu\u1ea5t x\u1ee9: Malaysia<\/h3>\n<h3>H\u00ecnh \u1ea3nh l\u1eafp \u0111\u1eb7t th\u1ef1c t\u1ebf M\u00e1y h\u00fat m\u00f9i Kaff KF-771B New Black:<\/h3>\n<figure id=\"attachment_11424\" aria-describedby=\"caption-attachment-11424\" style=\"width: 900px\" class=\"wp-caption alignnone\"><img loading=\"lazy\" decoding=\"async\" class=\"size-full wp-image-11424\" src=\"https:\/\/livinghome.vn\/thiet-bi\/wp-content\/uploads\/nha-bep\/kaff\/may-hut-mui\/may-hut-mui-ap-tuong\/may-hut-mui-kaff-kf-711b\/may-hut-mui-kaff-kf-711b-3.jpg\" alt=\"M\u00e1y h\u00fat m\u00f9i Kaff KF-771B New Black\" width=\"900\" height=\"900\" title=\"\" srcset=\"https:\/\/livinghome.vn\/thiet-bi\/wp-content\/uploads\/nha-bep\/kaff\/may-hut-mui\/may-hut-mui-ap-tuong\/may-hut-mui-kaff-kf-711b\/may-hut-mui-kaff-kf-711b-3.jpg 900w, https:\/\/livinghome.vn\/thiet-bi\/wp-content\/uploads\/nha-bep\/kaff\/may-hut-mui\/may-hut-mui-ap-tuong\/may-hut-mui-kaff-kf-711b\/may-hut-mui-kaff-kf-711b-3-300x300.jpg 300w, https:\/\/livinghome.vn\/thiet-bi\/wp-content\/uploads\/nha-bep\/kaff\/may-hut-mui\/may-hut-mui-ap-tuong\/may-hut-mui-kaff-kf-711b\/may-hut-mui-kaff-kf-711b-3-100x100.jpg 100w, https:\/\/livinghome.vn\/thiet-bi\/wp-content\/uploads\/nha-bep\/kaff\/may-hut-mui\/may-hut-mui-ap-tuong\/may-hut-mui-kaff-kf-711b\/may-hut-mui-kaff-kf-711b-3-600x600.jpg 600w, https:\/\/livinghome.vn\/thiet-bi\/wp-content\/uploads\/nha-bep\/kaff\/may-hut-mui\/may-hut-mui-ap-tuong\/may-hut-mui-kaff-kf-711b\/may-hut-mui-kaff-kf-711b-3-400x400.jpg 400w, https:\/\/livinghome.vn\/thiet-bi\/wp-content\/uploads\/nha-bep\/kaff\/may-hut-mui\/may-hut-mui-ap-tuong\/may-hut-mui-kaff-kf-711b\/may-hut-mui-kaff-kf-711b-3-800x800.jpg 800w, https:\/\/livinghome.vn\/thiet-bi\/wp-content\/uploads\/nha-bep\/kaff\/may-hut-mui\/may-hut-mui-ap-tuong\/may-hut-mui-kaff-kf-711b\/may-hut-mui-kaff-kf-711b-3-280x280.jpg 280w, https:\/\/livinghome.vn\/thiet-bi\/wp-content\/uploads\/nha-bep\/kaff\/may-hut-mui\/may-hut-mui-ap-tuong\/may-hut-mui-kaff-kf-711b\/may-hut-mui-kaff-kf-711b-3-768x768.jpg 768w\" sizes=\"auto, (max-width: 900px) 100vw, 900px\" \/><figcaption id=\"caption-attachment-11424\" class=\"wp-caption-text\">H\u00ecnh \u1ea3nh th\u1ef1c t\u1ebf M\u00e1y h\u00fat m\u00f9i Kaff KF-771B New Black \u0111\u01b0\u1ee3c nhi\u1ec1u gia \u0111\u00ecnh s\u0103n \u0111\u00f3n<\/figcaption><\/figure>\n<figure id=\"attachment_11426\" aria-describedby=\"caption-attachment-11426\" style=\"width: 900px\" class=\"wp-caption alignnone\"><img loading=\"lazy\" decoding=\"async\" class=\"size-full wp-image-11426\" src=\"https:\/\/livinghome.vn\/thiet-bi\/wp-content\/uploads\/nha-bep\/kaff\/may-hut-mui\/may-hut-mui-ap-tuong\/may-hut-mui-kaff-kf-711b\/may-hut-mui-kaff-kf-711b-5.jpg\" alt=\"M\u00e1y h\u00fat m\u00f9i Kaff KF-771B New Black\" width=\"900\" height=\"900\" title=\"\" srcset=\"https:\/\/livinghome.vn\/thiet-bi\/wp-content\/uploads\/nha-bep\/kaff\/may-hut-mui\/may-hut-mui-ap-tuong\/may-hut-mui-kaff-kf-711b\/may-hut-mui-kaff-kf-711b-5.jpg 900w, https:\/\/livinghome.vn\/thiet-bi\/wp-content\/uploads\/nha-bep\/kaff\/may-hut-mui\/may-hut-mui-ap-tuong\/may-hut-mui-kaff-kf-711b\/may-hut-mui-kaff-kf-711b-5-300x300.jpg 300w, https:\/\/livinghome.vn\/thiet-bi\/wp-content\/uploads\/nha-bep\/kaff\/may-hut-mui\/may-hut-mui-ap-tuong\/may-hut-mui-kaff-kf-711b\/may-hut-mui-kaff-kf-711b-5-100x100.jpg 100w, https:\/\/livinghome.vn\/thiet-bi\/wp-content\/uploads\/nha-bep\/kaff\/may-hut-mui\/may-hut-mui-ap-tuong\/may-hut-mui-kaff-kf-711b\/may-hut-mui-kaff-kf-711b-5-600x600.jpg 600w, https:\/\/livinghome.vn\/thiet-bi\/wp-content\/uploads\/nha-bep\/kaff\/may-hut-mui\/may-hut-mui-ap-tuong\/may-hut-mui-kaff-kf-711b\/may-hut-mui-kaff-kf-711b-5-400x400.jpg 400w, https:\/\/livinghome.vn\/thiet-bi\/wp-content\/uploads\/nha-bep\/kaff\/may-hut-mui\/may-hut-mui-ap-tuong\/may-hut-mui-kaff-kf-711b\/may-hut-mui-kaff-kf-711b-5-800x800.jpg 800w, https:\/\/livinghome.vn\/thiet-bi\/wp-content\/uploads\/nha-bep\/kaff\/may-hut-mui\/may-hut-mui-ap-tuong\/may-hut-mui-kaff-kf-711b\/may-hut-mui-kaff-kf-711b-5-280x280.jpg 280w, https:\/\/livinghome.vn\/thiet-bi\/wp-content\/uploads\/nha-bep\/kaff\/may-hut-mui\/may-hut-mui-ap-tuong\/may-hut-mui-kaff-kf-711b\/may-hut-mui-kaff-kf-711b-5-768x768.jpg 768w\" sizes=\"auto, (max-width: 900px) 100vw, 900px\" \/><figcaption id=\"caption-attachment-11426\" class=\"wp-caption-text\">M\u00e1y h\u00fat m\u00f9i Kaff KF-771B New Black \u0111\u1eb9p \u1edf m\u1ecdi g\u00f3c nh\u00ecn<\/figcaption><\/figure>\n<figure id=\"attachment_11423\" aria-describedby=\"caption-attachment-11423\" style=\"width: 900px\" class=\"wp-caption alignnone\"><img loading=\"lazy\" decoding=\"async\" class=\"size-full wp-image-11423\" src=\"https:\/\/livinghome.vn\/thiet-bi\/wp-content\/uploads\/nha-bep\/kaff\/may-hut-mui\/may-hut-mui-ap-tuong\/may-hut-mui-kaff-kf-711b\/may-hut-mui-kaff-kf-711b-4.jpg\" alt=\"M\u00e1y h\u00fat m\u00f9i Kaff KF-771B New Black\" width=\"900\" height=\"900\" title=\"\" srcset=\"https:\/\/livinghome.vn\/thiet-bi\/wp-content\/uploads\/nha-bep\/kaff\/may-hut-mui\/may-hut-mui-ap-tuong\/may-hut-mui-kaff-kf-711b\/may-hut-mui-kaff-kf-711b-4.jpg 900w, https:\/\/livinghome.vn\/thiet-bi\/wp-content\/uploads\/nha-bep\/kaff\/may-hut-mui\/may-hut-mui-ap-tuong\/may-hut-mui-kaff-kf-711b\/may-hut-mui-kaff-kf-711b-4-300x300.jpg 300w, https:\/\/livinghome.vn\/thiet-bi\/wp-content\/uploads\/nha-bep\/kaff\/may-hut-mui\/may-hut-mui-ap-tuong\/may-hut-mui-kaff-kf-711b\/may-hut-mui-kaff-kf-711b-4-100x100.jpg 100w, https:\/\/livinghome.vn\/thiet-bi\/wp-content\/uploads\/nha-bep\/kaff\/may-hut-mui\/may-hut-mui-ap-tuong\/may-hut-mui-kaff-kf-711b\/may-hut-mui-kaff-kf-711b-4-600x600.jpg 600w, https:\/\/livinghome.vn\/thiet-bi\/wp-content\/uploads\/nha-bep\/kaff\/may-hut-mui\/may-hut-mui-ap-tuong\/may-hut-mui-kaff-kf-711b\/may-hut-mui-kaff-kf-711b-4-400x400.jpg 400w, https:\/\/livinghome.vn\/thiet-bi\/wp-content\/uploads\/nha-bep\/kaff\/may-hut-mui\/may-hut-mui-ap-tuong\/may-hut-mui-kaff-kf-711b\/may-hut-mui-kaff-kf-711b-4-800x800.jpg 800w, https:\/\/livinghome.vn\/thiet-bi\/wp-content\/uploads\/nha-bep\/kaff\/may-hut-mui\/may-hut-mui-ap-tuong\/may-hut-mui-kaff-kf-711b\/may-hut-mui-kaff-kf-711b-4-280x280.jpg 280w, https:\/\/livinghome.vn\/thiet-bi\/wp-content\/uploads\/nha-bep\/kaff\/may-hut-mui\/may-hut-mui-ap-tuong\/may-hut-mui-kaff-kf-711b\/may-hut-mui-kaff-kf-711b-4-768x768.jpg 768w\" sizes=\"auto, (max-width: 900px) 100vw, 900px\" \/><figcaption id=\"caption-attachment-11423\" class=\"wp-caption-text\">M\u00e1y h\u00fat m\u00f9i Kaff KF-771B New Black c\u00f3 \u0111i\u1ec1u khi\u1ec3n c\u1ea3m \u1ee9ng ch\u1ea1m nh\u1ea1y sang \u0111\u1eb9p<\/figcaption><\/figure>\n","protected":false},"excerpt":{"rendered":"<p>&#8211; <strong>Lo\u1ea1i m\u00e1y h\u00fat m\u00f9i:<\/strong> M\u00e1y h\u00fat m\u00f9i g\u1eafn t\u01b0\u1eddng<\/p>\n<p>&#8211; <strong>K\u00edch th\u01b0\u1edbc s\u1ea3n ph\u1ea9m:<\/strong> W700 x H500 x D400 mm<\/p>\n<p>&#8211; <strong>C\u00f4ng su\u1ea5t h\u00fat t\u1ed1i \u0111a:<\/strong> 1200m3\/h<\/p>\n<p>&#8211; <strong>\u0110i\u1ec1u khi\u1ec3n:<\/strong> C\u1ea3m \u1ee9ng ch\u1ea1m<\/p>\n","protected":false},"featured_media":11422,"comment_status":"open","ping_status":"closed","template":"","meta":[],"product_brand":[],"product_cat":[89,600,164],"product_tag":[167,86,91,178],"class_list":{"0":"post-11419","1":"product","2":"type-product","3":"status-publish","4":"has-post-thumbnail","6":"product_cat-may-hut-mui-gan-tuong","7":"product_cat-may-hut-mui-kaff","8":"product_cat-thuong-hieu-kaff","9":"product_tag-kaff","10":"product_tag-may-hut-mui","11":"product_tag-may-hut-mui-ap-tuong","12":"product_tag-may-hut-mui-kaff","14":"first","15":"instock","16":"sale","17":"shipping-taxable","18":"purchasable","19":"product-type-simple"},"_links":{"self":[{"href":"https:\/\/livinghome.vn\/thiet-bi\/wp-json\/wp\/v2\/product\/11419","targetHints":{"allow":["GET"]}}],"collection":[{"href":"https:\/\/livinghome.vn\/thiet-bi\/wp-json\/wp\/v2\/product"}],"about":[{"href":"https:\/\/livinghome.vn\/thiet-bi\/wp-json\/wp\/v2\/types\/product"}],"replies":[{"embeddable":true,"href":"https:\/\/livinghome.vn\/thiet-bi\/wp-json\/wp\/v2\/comments?post=11419"}],"wp:featuredmedia":[{"embeddable":true,"href":"https:\/\/livinghome.vn\/thiet-bi\/wp-json\/wp\/v2\/media\/11422"}],"wp:attachment":[{"href":"https:\/\/livinghome.vn\/thiet-bi\/wp-json\/wp\/v2\/media?parent=11419"}],"wp:term":[{"taxonomy":"product_brand","embeddable":true,"href":"https:\/\/livinghome.vn\/thiet-bi\/wp-json\/wp\/v2\/product_brand?post=11419"},{"taxonomy":"product_cat","embeddable":true,"href":"https:\/\/livinghome.vn\/thiet-bi\/wp-json\/wp\/v2\/product_cat?post=11419"},{"taxonomy":"product_tag","embeddable":true,"href":"https:\/\/livinghome.vn\/thiet-bi\/wp-json\/wp\/v2\/product_tag?post=11419"}],"curies":[{"name":"wp","href":"https:\/\/api.w.org\/{rel}","templated":true}]}}