{"id":1141,"date":"2023-01-12T13:19:28","date_gmt":"2023-01-12T13:19:28","guid":{"rendered":"https:\/\/livinghome.vn\/thiet-bi\/?post_type=product&#038;p=1141"},"modified":"2024-11-29T14:20:46","modified_gmt":"2024-11-29T07:20:46","slug":"tu-cigar-klarstein-kl-el-president-37l-duoc-lam-bang-go-tuyet-mau-den-sang-trong","status":"publish","type":"product","link":"https:\/\/livinghome.vn\/thiet-bi\/tu-cigar-klarstein-kl-el-president-37l-duoc-lam-bang-go-tuyet-mau-den-sang-trong\/","title":{"rendered":"T\u1ee7 cigar Klarstein KL-EL PRESIDENT 37L \u0111\u01b0\u1ee3c l\u00e0m b\u1eb1ng g\u1ed7 tuy\u1ebft m\u00e0u \u0111en sang tr\u1ecdng"},"content":{"rendered":"<h2>T\u1ee7 cigar Klarstein KL-EL PRESIDENT 37L c\u00f3 m\u00e0n h\u00ecnh k\u1ef9 thu\u1eadt s\u1ed1 nhi\u1ec7t \u0111\u1ed9 trong nh\u00e0 v\u1edbi kh\u1ea3 n\u0103ng gi\u1eef nhi\u1ec7t c\u1ef1c t\u1ed1t<\/h2>\n<figure id=\"attachment_66661\" aria-describedby=\"caption-attachment-66661\" style=\"width: 800px\" class=\"wp-caption alignnone\"><img loading=\"lazy\" decoding=\"async\" class=\"size-large wp-image-66661\" src=\"https:\/\/livinghome.vn\/thiet-bi\/wp-content\/uploads\/nha-bep\/klarstein\/tu-ruou\/tu-cigar-klarstein-kl-el-presidente-37l\/tu-cigar-klarstein-kl-el-presidente-37l-800x800.jpg\" alt=\"T\u1ee7 cigar Klarstein KL-EL PRESIDENT 37L\" width=\"800\" height=\"800\" title=\"\"><figcaption id=\"caption-attachment-66661\" class=\"wp-caption-text\">T\u1ee7 cigar Klarstein KL-EL PRESIDENT 37L<\/figcaption><\/figure>\n<div class=\"xw_product-section-extra\">\n<h3>\u0110\u1eb7c T\u00ednh N\u1ed5i B\u1eadt<\/h3>\n<div class=\"entry-content\">\n<ul>\n<li>Lo\u1ea1i s\u1ea3n ph\u1ea9m: <a href=\"https:\/\/livinghome.vn\/thiet-bi\/gia-dung-khac\/tu-uop-ruou\/\">t\u1ee7 cigar<\/a><\/li>\n<li>L\u1edbp hi\u1ec7u qu\u1ea3 n\u0103ng l\u01b0\u1ee3ng: F.<\/li>\n<li>L\u1edbp ph\u00e1t th\u1ea3i ti\u1ebfng \u1ed3n trong kh\u00f4ng kh\u00ed: A.<\/li>\n<li>2 k\u1ec7 v\u00e0 m\u1ed9t ng\u0103n k\u00e9o l\u00e0m b\u1eb1ng g\u1ed7 tuy\u1ebft t\u00f9ng.<\/li>\n<li>Th\u1ec3 t\u00edch: 37 l\u00edt.<\/li>\n<li>Ti\u00eau th\u1ee5: 77 kWh \/ n\u0103m.<\/li>\n<li>Nhi\u1ec7t \u0111\u1ed9 b\u00ean trong c\u00f3 th\u1ec3 \u0111i\u1ec1u ch\u1ec9nh d\u1ea7n t\u1eeb 14 \u0111\u1ebfn 18 \u00b0 C.<\/li>\n<li>ki\u1ec3m so\u00e1t \u0111\u1ed9 \u1ea9m \u0111\u1ebfn 65 \u2013 75%.<\/li>\n<li>\u0110\u1ed9 \u1ed3n: 25 dB.<\/li>\n<li>M\u00e0n h\u00ecnh k\u1ef9 thu\u1eadt s\u1ed1 nhi\u1ec7t \u0111\u1ed9 trong nh\u00e0.<\/li>\n<li>Ngu\u1ed3n \u0111i\u1ec7n: 180-240 V ~ |\u00a050Hz.<\/li>\n<\/ul>\n<\/div>\n<\/div>\n<div class=\"xw_product-section-extra\">\n<h3>T\u00ednh n\u0103ng &amp; K\u00edch th\u01b0\u1edbc<\/h3>\n<div class=\"entry-content\">\n<ul>\n<li>K\u00edch th\u01b0\u1edbc: x\u1ea5p x\u1ec9 35,9 x 53 x 54,7 cm (WxHxD).<\/li>\n<li>K\u00edch th\u01b0\u1edbc b\u00ean trong: kho\u1ea3ng 26,5 x 41 x 34 cm (WxHxD).<\/li>\n<li>K\u00edch th\u01b0\u1edbc b\u00ean trong c\u1ee7a ng\u0103n k\u00e9o: kho\u1ea3ng 23 x 6,5 x 29 cm (WxHxD).<\/li>\n<li>K\u00edch th\u01b0\u1edbc c\u1ee7a m\u1ed9t khe: 27 x 35 cm (WxD).<\/li>\n<li>K\u00edch th\u01b0\u1edbc c\u1ee7a b\u00e1t n\u01b0\u1edbc: x\u1ea5p x\u1ec9 11,5 x 6 x 7,5 cm (WxHxD).<\/li>\n<li>Chi\u1ec1u d\u00e0i d\u00e2y ngu\u1ed3n: x\u1ea5p x\u1ec9 185 cm.<\/li>\n<li>Tr\u1ecdng l\u01b0\u1ee3ng: kho\u1ea3ng 14 kg.<\/li>\n<\/ul>\n<h3>Kh\u00f4ng gian l\u1edbn \u0111\u1ec3 b\u1ea3o qu\u1ea3n cigar hi\u1ec7u qu\u1ea3<\/h3>\n<p>N\u01a1i b\u1ea3o qu\u1ea3n hi\u1ec7n \u0111\u1ea1i nh\u1ea5t \u0111\u1ec3 th\u01b0\u1edfng th\u1ee9c thu\u1ed1c l\u00e1 h\u1ea3o h\u1ea1ng: T\u1ee7 cigar Klarstein KL-EL PRESIDENT 37L\u00a0\u0111\u1ea3m b\u1ea3o c\u00e1c \u0111i\u1ec1u ki\u1ec7n b\u1ea3o qu\u1ea3n t\u1ed1i \u01b0u \u0111\u1ec3 l\u01b0u gi\u1eef tr\u1ecdn v\u1eb9n h\u01b0\u01a1ng th\u01a1m c\u1ee7a x\u00ec g\u00e0 h\u1ea3o h\u1ea1ng trong th\u1eddi gian d\u00e0i.<\/p>\n<p>Trong n\u1ed9i th\u1ea5t 37 l\u00edt, ba m\u1ee9c l\u01b0u tr\u1eef v\u00e0 ng\u0103n ch\u1ee9a l\u00e0m b\u1eb1ng g\u1ed7 tuy\u1ebft t\u00f9ng cung c\u1ea5p nhi\u1ec1u kh\u00f4ng gian cho x\u00ec g\u00e0 c\u1ee7a b\u1ea1n: ti\u1ebfng \u1ed3n th\u1ea5p, l\u00e0m m\u00e1t t\u1ed1i \u01b0u v\u00e0 theo d\u00f5i \u0111\u1ed9 \u1ea9m t\u1ed1i \u01b0u. H\u1ec7 th\u1ed1ng \u0111\u00e8n n\u1ed9i th\u1ea5t m\u00e0u xanh d\u01b0\u01a1ng t\u1ea1o ra m\u1ed9t khung c\u1ea3nh \u0111\u1ea7y phong c\u00e1ch \u0111\u1eb1ng sau c\u1eeda k\u00ednh to\u00e0n c\u1ea3nh.<\/p>\n<figure id=\"attachment_66656\" aria-describedby=\"caption-attachment-66656\" style=\"width: 800px\" class=\"wp-caption alignnone\"><img loading=\"lazy\" decoding=\"async\" class=\"size-large wp-image-66656\" src=\"https:\/\/livinghome.vn\/thiet-bi\/wp-content\/uploads\/nha-bep\/klarstein\/tu-ruou\/tu-cigar-klarstein-kl-el-presidente-37l\/tu-cigar-klarstein-kl-el-presidente-37l-4-800x800.jpg\" alt=\"T\u1ee7 cigar Klarstein KL-EL PRESIDENT 37L\" width=\"800\" height=\"800\" title=\"\"><figcaption id=\"caption-attachment-66656\" class=\"wp-caption-text\">T\u1ee7 cigar Klarstein KL-EL PRESIDENT 37L<\/figcaption><\/figure>\n<h3>Gi\u1eef nhi\u1ec7t \u0111\u1ed9 \u1ed5n \u0111\u1ecbnh<\/h3>\n<p>S\u1ea3n ph\u1ea9m t\u1ed1i \u01b0u cho m\u1ecdi ng\u01b0\u1eddi y\u00eau th\u00edch x\u00ec g\u00e0: T\u1ee7 cigar Klarstein KL-EL PRESIDENT 37L \u0111\u1ea3m b\u1ea3o \u0111i\u1ec1u ki\u1ec7n b\u1ea3o qu\u1ea3n t\u1ed1i \u01b0u v\u1edbi \u0111\u1ed9 \u1ea9m v\u00e0 nhi\u1ec7t \u0111\u1ed9 \u1ed5n \u0111\u1ecbnh \u0111\u1ec3 x\u00ec g\u00e0 h\u1ea3o h\u1ea1ng kh\u00f4ng m\u1ea5t \u0111i h\u01b0\u01a1ng v\u1ecb th\u01a1m ngon c\u1ee7a ch\u00fang.<\/p>\n<figure id=\"attachment_66658\" aria-describedby=\"caption-attachment-66658\" style=\"width: 800px\" class=\"wp-caption alignnone\"><img loading=\"lazy\" decoding=\"async\" class=\"size-large wp-image-66658\" src=\"https:\/\/livinghome.vn\/thiet-bi\/wp-content\/uploads\/nha-bep\/klarstein\/tu-ruou\/tu-cigar-klarstein-kl-el-presidente-37l\/tu-cigar-klarstein-kl-el-presidente-37l-2-800x800.jpg\" alt=\"T\u1ee7 cigar Klarstein KL-EL PRESIDENT 37L\" width=\"800\" height=\"800\" title=\"\"><figcaption id=\"caption-attachment-66658\" class=\"wp-caption-text\">T\u1ee7 cigar Klarstein KL-EL PRESIDENT 37L<\/figcaption><\/figure>\n<p>&nbsp;<\/p>\n<p>G\u1ed7 tuy\u1ebft t\u00f9ng T\u00e2y Ban Nha l\u00e0 m\u1ed9t v\u1eadt li\u1ec7u l\u00fd t\u01b0\u1edfng \u0111\u1ec3 \u0111\u1ef1ng x\u00ec g\u00e0 c\u1ee7a b\u1ea1n. Nh\u1edd h\u01b0\u01a1ng th\u01a1m \u0111\u1eb7c bi\u1ec7t, n\u00f3 b\u1ea3o v\u1ec7 s\u1ea3n ph\u1ea9m hun kh\u00f3i kh\u1ecfi s\u00e2u thu\u1ed1c l\u00e1 v\u00e0 c\u00f3 \u1ea3nh h\u01b0\u1edfng t\u00edch c\u1ef1c \u0111\u1ebfn h\u01b0\u01a1ng v\u1ecb v\u00e0 qu\u00e1 tr\u00ecnh ch\u00edn c\u1ee7a x\u00ec g\u00e0.<\/p>\n<p>Ngo\u00e0i ra, n\u00f3 \u0111\u1ea3m b\u1ea3o m\u1ed9t kh\u00ed h\u1eadu \u1ed5n \u0111\u1ecbnh trong m\u00e1y l\u00e0m \u1ea9m, v\u00ec n\u00f3 h\u00fat \u1ea9m.<\/p>\n<figure id=\"attachment_66662\" aria-describedby=\"caption-attachment-66662\" style=\"width: 800px\" class=\"wp-caption alignnone\"><img loading=\"lazy\" decoding=\"async\" class=\"size-large wp-image-66662\" src=\"https:\/\/livinghome.vn\/thiet-bi\/wp-content\/uploads\/nha-bep\/klarstein\/tu-ruou\/tu-cigar-klarstein-kl-el-presidente-37l\/tu-cigar-klarstein-kl-el-presidente-37l-3-800x800.jpg\" alt=\"T\u1ee7 cigar Klarstein KL-EL PRESIDENT 37L\" width=\"800\" height=\"800\" title=\"\"><figcaption id=\"caption-attachment-66662\" class=\"wp-caption-text\">T\u1ee7 cigar Klarstein KL-EL PRESIDENT 37L<\/figcaption><\/figure>\n<p>Nhi\u1ec7t \u1ea9m k\u1ebf t\u00edch h\u1ee3p cho b\u1ea1n bi\u1ebft \u0111\u1ed9 \u1ea9m t\u01b0\u01a1ng \u0111\u1ed1i trong m\u00e1y l\u00e0m \u1ea9m. H\u1ed9p n\u01b0\u1edbc cung c\u1ea5p \u0111\u1ed9 \u1ea9m c\u1ea7n thi\u1ebft \u2013 \u0111\u1ec3 x\u00ec g\u00e0 kh\u00f4ng b\u1ecb kh\u00f4 v\u00e0 gi\u1eef \u0111\u01b0\u1ee3c tr\u1ecdn v\u1eb9n h\u01b0\u01a1ng v\u1ecb c\u1ee7a ch\u00fang trong th\u1eddi gian d\u00e0i.<\/p>\n<figure id=\"attachment_66657\" aria-describedby=\"caption-attachment-66657\" style=\"width: 800px\" class=\"wp-caption alignnone\"><img loading=\"lazy\" decoding=\"async\" class=\"size-large wp-image-66657\" src=\"https:\/\/livinghome.vn\/thiet-bi\/wp-content\/uploads\/nha-bep\/klarstein\/tu-ruou\/tu-cigar-klarstein-kl-el-presidente-37l\/tu-cigar-klarstein-kl-el-presidente-37l-5-800x800.jpg\" alt=\"T\u1ee7 cigar Klarstein KL-EL PRESIDENT 37L\" width=\"800\" height=\"800\" title=\"\"><figcaption id=\"caption-attachment-66657\" class=\"wp-caption-text\">T\u1ee7 cigar Klarstein KL-EL PRESIDENT 37L<\/figcaption><\/figure>\n<h3>H\u1ec7 th\u1ed1ng b\u1ea3o qu\u1ea3n c\u1ef1c t\u1ed1t<\/h3>\n<p>H\u1ed9p t\u1ea1o \u1ea9m c\u0169ng g\u00e2y \u1ea5n t\u01b0\u1ee3ng ngay t\u1eeb b\u00ean ngo\u00e0i: chi\u1ebfc t\u1ee7 m\u1ecfng, thanh l\u1ecbch v\u1edbi th\u00e2n m\u00e1y ch\u1eafc ch\u1eafn v\u00e0 c\u1eeda k\u00ednh hai l\u1edbp v\u1edbi khung c\u1eeda m\u00e0u \u0111en t\u1ea1o c\u1ea3m h\u1ee9ng cho ng\u01b0\u1eddi h\u00e2m m\u1ed9 v\u1ec1 thi\u1ebft k\u1ebf \u0111\u01a1n gi\u1ea3n v\u00e0 r\u00f5 r\u00e0ng.<\/p>\n<figure id=\"attachment_66659\" aria-describedby=\"caption-attachment-66659\" style=\"width: 800px\" class=\"wp-caption alignnone\"><img loading=\"lazy\" decoding=\"async\" class=\"size-large wp-image-66659\" src=\"https:\/\/livinghome.vn\/thiet-bi\/wp-content\/uploads\/nha-bep\/klarstein\/tu-ruou\/tu-cigar-klarstein-kl-el-presidente-37l\/tu-cigar-klarstein-kl-el-presidente-37l-1-800x800.jpg\" alt=\"T\u1ee7 cigar Klarstein KL-EL PRESIDENT 37L\" width=\"800\" height=\"800\" title=\"\"><figcaption id=\"caption-attachment-66659\" class=\"wp-caption-text\">T\u1ee7 cigar Klarstein KL-EL PRESIDENT 37L<\/figcaption><\/figure>\n<p>S\u00e0nh \u0111i\u1ec7u \u1edf nh\u00e0 ho\u1eb7c trong qu\u00e1n bar: nh\u1edd T\u1ee7 cigar Klarstein KL-EL PRESIDENT 37L\u00a0c\u00e1c s\u1ea3n ph\u1ea9m thu\u1ed1c l\u00e1 h\u1ea3o h\u1ea1ng c\u0169ng c\u00f3 th\u1ec3 \u0111\u01b0\u1ee3c b\u1ea3o qu\u1ea3n an to\u00e0n trong th\u1eddi gian d\u00e0i.<\/p>\n<\/div>\n<\/div>\n","protected":false},"excerpt":{"rendered":"<p>T\u1ee7 cigar Klarstein KL-EL PRESIDENT 37L c\u00f3 m\u00e0n h\u00ecnh k\u1ef9 thu\u1eadt s\u1ed1 nhi\u1ec7t \u0111\u1ed9 trong nh\u00e0 v\u1edbi kh\u1ea3 n\u0103ng gi\u1eef nhi\u1ec7t c\u1ef1c t\u1ed1t \u0110\u1eb7c T\u00ednh N\u1ed5i B\u1eadt Lo\u1ea1i s\u1ea3n ph\u1ea9m: t\u1ee7 cigar L\u1edbp hi\u1ec7u qu\u1ea3 n\u0103ng l\u01b0\u1ee3ng: F. L\u1edbp ph\u00e1t th\u1ea3i ti\u1ebfng \u1ed3n trong kh\u00f4ng kh\u00ed: A. 2 k\u1ec7 v\u00e0 m\u1ed9t ng\u0103n k\u00e9o l\u00e0m b\u1eb1ng [&#8230;]\n","protected":false},"featured_media":1296,"comment_status":"open","ping_status":"closed","template":"","meta":[],"product_brand":[],"product_cat":[217,253],"product_tag":[218,254,255],"class_list":{"0":"post-1141","1":"product","2":"type-product","3":"status-publish","4":"has-post-thumbnail","6":"product_cat-thuong-hieu-klarstein","7":"product_cat-tu-cigar","8":"product_tag-klarstein","9":"product_tag-tu-cigar","10":"product_tag-tu-cigar-klarstein","12":"first","13":"instock","14":"sale","15":"shipping-taxable","16":"purchasable","17":"product-type-simple"},"_links":{"self":[{"href":"https:\/\/livinghome.vn\/thiet-bi\/wp-json\/wp\/v2\/product\/1141","targetHints":{"allow":["GET"]}}],"collection":[{"href":"https:\/\/livinghome.vn\/thiet-bi\/wp-json\/wp\/v2\/product"}],"about":[{"href":"https:\/\/livinghome.vn\/thiet-bi\/wp-json\/wp\/v2\/types\/product"}],"replies":[{"embeddable":true,"href":"https:\/\/livinghome.vn\/thiet-bi\/wp-json\/wp\/v2\/comments?post=1141"}],"wp:featuredmedia":[{"embeddable":true,"href":"https:\/\/livinghome.vn\/thiet-bi\/wp-json\/wp\/v2\/media\/1296"}],"wp:attachment":[{"href":"https:\/\/livinghome.vn\/thiet-bi\/wp-json\/wp\/v2\/media?parent=1141"}],"wp:term":[{"taxonomy":"product_brand","embeddable":true,"href":"https:\/\/livinghome.vn\/thiet-bi\/wp-json\/wp\/v2\/product_brand?post=1141"},{"taxonomy":"product_cat","embeddable":true,"href":"https:\/\/livinghome.vn\/thiet-bi\/wp-json\/wp\/v2\/product_cat?post=1141"},{"taxonomy":"product_tag","embeddable":true,"href":"https:\/\/livinghome.vn\/thiet-bi\/wp-json\/wp\/v2\/product_tag?post=1141"}],"curies":[{"name":"wp","href":"https:\/\/api.w.org\/{rel}","templated":true}]}}