{"id":1123,"date":"2023-01-12T13:18:59","date_gmt":"2023-01-12T13:18:59","guid":{"rendered":"https:\/\/livinghome.vn\/thiet-bi\/?post_type=product&#038;p=1123"},"modified":"2024-11-29T14:20:46","modified_gmt":"2024-11-29T07:20:46","slug":"may-tron-bot-klarstein-kl-lucia-rossa-ket-hop-3-trong-1-tron-xay-nhao","status":"publish","type":"product","link":"https:\/\/livinghome.vn\/thiet-bi\/may-tron-bot-klarstein-kl-lucia-rossa-ket-hop-3-trong-1-tron-xay-nhao\/","title":{"rendered":"M\u00e1y tr\u1ed9n b\u1ed9t Klarstein KL-LUCIA ROSSA k\u1ebft h\u1ee3p 3 trong 1 tr\u1ed9n &#8211; xay &#8211; nh\u00e0o"},"content":{"rendered":"<h2>M\u00e1y tr\u1ed9n b\u1ed9t Klarstein KL-LUCIA ROSSA thi\u1ebft k\u1ebf nh\u1ecf g\u1ecdn k\u1ebft h\u1ee3p xay v\u00e0 tr\u1ed9n v\u1edbi c\u00f4ng su\u1ea5t 2000W m\u1ea1nh m\u1ebd<\/h2>\n<figure id=\"attachment_66559\" aria-describedby=\"caption-attachment-66559\" style=\"width: 800px\" class=\"wp-caption alignnone\"><img loading=\"lazy\" decoding=\"async\" class=\"size-large wp-image-66559\" src=\"https:\/\/livinghome.vn\/thiet-bi\/wp-content\/uploads\/nha-bep\/klarstein\/may-tron-thuc-pham\/may-tron-thuc-pham-klarstein-kl-lucia-rossa\/may-tron-thuc-pham-klarstein-kl-lucia-rossa-800x800.jpg\" alt=\"M\u00e1y tr\u1ed9n b\u1ed9t Klarstein KL-LUCIA ROSSA\" width=\"800\" height=\"800\" title=\"\"><figcaption id=\"caption-attachment-66559\" class=\"wp-caption-text\">M\u00e1y tr\u1ed9n b\u1ed9t Klarstein KL-LUCIA ROSSA<\/figcaption><\/figure>\n<h3>T\u00ednh n\u0103ng &amp; K\u00edch th\u01b0\u1edbc<\/h3>\n<div class=\"entry-content\">\n<div class=\"Product_infoContent__3srJU\">\n<ul>\n<li>Lo\u1ea1i s\u1ea3n ph\u1ea9m: <a href=\"https:\/\/livinghome.vn\/thiet-bi\/gia-dung-khac\/\">m\u00e1y tr\u1ed9n th\u1ef1c ph\u1ea9m k\u1ebft h\u1ee3p m\u00e1y xay<\/a><\/li>\n<li>Ngu\u1ed3n \u0111i\u1ec7n: 230V, 50Hz.<\/li>\n<li>K\u00edch th\u01b0\u1edbc: x\u1ea5p x\u1ec9 23 x 64 x 48cm (WxHxD; l\u1eafp r\u00e1p ho\u00e0n ch\u1ec9nh).<\/li>\n<li>K\u00edch th\u01b0\u1edbc: x\u1ea5p x\u1ec9 23 x 38 x 35 (WxHxD; k\u00edch th\u01b0\u1edbc c\u01a1 b\u1ea3n kh\u00f4ng c\u00f3 m\u00e1y xay v\u00e0 m\u00e1y tr\u1ed9n th\u1ecbt).<\/li>\n<li>Tr\u1ecdng l\u01b0\u1ee3ng: x\u1ea5p x\u1ec9 11 kg.<\/li>\n<li>Ch\u00e2n \u0111\u1ebf an to\u00e0n nh\u1edd ch\u00e2n h\u00fat.<\/li>\n<li>Ph\u1ea7n \u0111\u00ednh k\u00e8m c\u1ed1c tr\u1ed9n l\u00e0m b\u1eb1ng th\u1ee7y tinh.<\/li>\n<\/ul>\n<h3>C\u00f4ng su\u1ea5t 2000W m\u1ea1nh m\u1ebd<\/h3>\n<p>T\u1eeb b\u00e2y gi\u1edd, M\u00e1y tr\u1ed9n b\u1ed9t Klarstein KL-LUCIA ROSSA \u0111a d\u1ea1ng l\u00e0 t\u1eeb k\u1ef3 di\u1ec7u trong nh\u00e0 b\u1ebfp c\u1ee7a b\u1ea1n, b\u1edfi v\u00ec m\u00e1y xay th\u1ef1c ph\u1ea9m n\u00e0y c\u00f3 th\u1ec3 l\u00e0m h\u1ea7u h\u1ebft m\u1ecdi th\u1ee9 trong m\u1ed9t thi\u1ebft b\u1ecb v\u1edbi c\u00f4ng su\u1ea5t 2000w m\u1ea1nh m\u1ebd v\u00e0 6 t\u1ed1c \u0111\u1ed9.<\/p>\n<figure id=\"attachment_66560\" aria-describedby=\"caption-attachment-66560\" style=\"width: 800px\" class=\"wp-caption alignnone\"><img loading=\"lazy\" decoding=\"async\" class=\"size-large wp-image-66560\" src=\"https:\/\/livinghome.vn\/thiet-bi\/wp-content\/uploads\/nha-bep\/klarstein\/may-tron-thuc-pham\/may-tron-thuc-pham-klarstein-kl-lucia-rossa\/may-tron-thuc-pham-klarstein-kl-lucia-rossa-3-800x800.jpg\" alt=\"M\u00e1y tr\u1ed9n b\u1ed9t Klarstein KL-LUCIA ROSSA\" width=\"800\" height=\"800\" title=\"\"><figcaption id=\"caption-attachment-66560\" class=\"wp-caption-text\">M\u00e1y tr\u1ed9n b\u1ed9t Klarstein KL-LUCIA ROSSA<\/figcaption><\/figure>\n<h3>H\u1ec7 th\u1ed1ng khu\u1ea5y linh ho\u1ea1t<\/h3>\n<p>T\u1ea5t nhi\u00ean, h\u1ec7 th\u1ed1ng khu\u1ea5y h\u00ecnh c\u1ea7u \u0111\u00e3 \u0111\u01b0\u1ee3c ch\u1ee9ng minh t\u1eeb M\u00e1y tr\u1ed9n b\u1ed9t Klarstein KL-LUCIA ROSSA c\u0169ng c\u00f3 s\u1eb5n, trong \u0111\u00f3 3 ph\u1ea7n khu\u1ea5y c\u00f3 th\u1ec3 ho\u00e1n \u0111\u1ed5i cho nhau kh\u00f4ng ch\u1ec9 t\u1ef1 quay xung quanh ch\u00ednh ch\u00fang m\u00e0 c\u00f2n xung quanh th\u00e0nh b\u00e1t.<\/p>\n<p><img loading=\"lazy\" decoding=\"async\" class=\"alignnone size-large wp-image-66557\" src=\"https:\/\/livinghome.vn\/thiet-bi\/wp-content\/uploads\/nha-bep\/klarstein\/may-tron-thuc-pham\/may-tron-thuc-pham-klarstein-kl-lucia-rossa\/may-tron-thuc-pham-klarstein-kl-lucia-rossa-2-800x800.jpg\" alt=\"may tron thuc pham klarstein kl lucia rossa 2\" width=\"800\" height=\"800\" title=\"\"><\/p>\n<h3>An to\u00e0n s\u1ee9c kh\u1ecfe<\/h3>\n<p>Nh\u01b0ng ch\u1ee9c n\u0103ng n\u00e0y kh\u00f4ng th\u00f4i l\u00e0 ch\u01b0a \u0111\u1ee7 trong nh\u00e0 b\u1ebfp hi\u1ec7n \u0111\u1ea1i, v\u00ec l\u00fd do n\u00e0y, c\u1ea3 b\u00e1t tr\u1ed9n 5 l\u00edt l\u00e0m b\u1eb1ng th\u00e9p kh\u00f4ng r\u1ec9 v\u00e0 c\u1ed1i sinh t\u1ed1 1,5 l\u00edt \u0111\u01b0\u1ee3c l\u00e0m ho\u00e0n to\u00e0n b\u1eb1ng th\u1ee7y tinh trang nh\u00e3, kh\u00f4ng ch\u1ee9a ch\u1ea5t g\u00e2y ung th\u01b0 DPA.<\/p>\n<figure id=\"attachment_66558\" aria-describedby=\"caption-attachment-66558\" style=\"width: 800px\" class=\"wp-caption alignnone\"><img loading=\"lazy\" decoding=\"async\" class=\"size-large wp-image-66558\" src=\"https:\/\/livinghome.vn\/thiet-bi\/wp-content\/uploads\/nha-bep\/klarstein\/may-tron-thuc-pham\/may-tron-thuc-pham-klarstein-kl-lucia-rossa\/may-tron-thuc-pham-klarstein-kl-lucia-rossa-4-800x800.jpg\" alt=\"M\u00e1y tr\u1ed9n b\u1ed9t Klarstein KL-LUCIA ROSSA\" width=\"800\" height=\"800\" title=\"\"><figcaption id=\"caption-attachment-66558\" class=\"wp-caption-text\">M\u00e1y tr\u1ed9n b\u1ed9t Klarstein KL-LUCIA ROSSA<\/figcaption><\/figure>\n<h3>Thi\u1ebft k\u1ebf n\u1ed5i b\u1eadt, d\u1ec5 th\u00e1o r\u1eddi<\/h3>\n<p>V\u1edbi thi\u1ebft k\u1ebf v\u00f4 c\u00f9ng th\u00f4ng minh v\u00e0 linh ho\u1ea1t, M\u00e1y tr\u1ed9n b\u1ed9t Klarstein KL-LUCIA ROSSA c\u00f3 th\u1ec3 \u0111\u01b0\u1ee3c thi g\u1ecdn nh\u1edd c\u00e1c ch\u1ee9c n\u0103ng \u0111\u01b0\u1ee3c th\u00e1o r\u1eddi.<\/p>\n<figure id=\"attachment_66556\" aria-describedby=\"caption-attachment-66556\" style=\"width: 800px\" class=\"wp-caption alignnone\"><img loading=\"lazy\" decoding=\"async\" class=\"size-large wp-image-66556\" src=\"https:\/\/livinghome.vn\/thiet-bi\/wp-content\/uploads\/nha-bep\/klarstein\/may-tron-thuc-pham\/may-tron-thuc-pham-klarstein-kl-lucia-rossa\/may-tron-thuc-pham-klarstein-kl-lucia-rossa-1-800x800.jpg\" alt=\"M\u00e1y tr\u1ed9n b\u1ed9t Klarstein KL-LUCIA ROSSA\" width=\"800\" height=\"800\" title=\"\"><figcaption id=\"caption-attachment-66556\" class=\"wp-caption-text\">M\u00e1y tr\u1ed9n b\u1ed9t Klarstein KL-LUCIA ROSSA<\/figcaption><\/figure>\n<\/div>\n<\/div>\n","protected":false},"excerpt":{"rendered":"<p>M\u00e1y tr\u1ed9n b\u1ed9t Klarstein KL-LUCIA ROSSA thi\u1ebft k\u1ebf nh\u1ecf g\u1ecdn k\u1ebft h\u1ee3p xay v\u00e0 tr\u1ed9n v\u1edbi c\u00f4ng su\u1ea5t 2000W m\u1ea1nh m\u1ebd T\u00ednh n\u0103ng &amp; K\u00edch th\u01b0\u1edbc Lo\u1ea1i s\u1ea3n ph\u1ea9m: m\u00e1y tr\u1ed9n th\u1ef1c ph\u1ea9m k\u1ebft h\u1ee3p m\u00e1y xay Ngu\u1ed3n \u0111i\u1ec7n: 230V, 50Hz. K\u00edch th\u01b0\u1edbc: x\u1ea5p x\u1ec9 23 x 64 x 48cm (WxHxD; l\u1eafp r\u00e1p ho\u00e0n ch\u1ec9nh). [&#8230;]\n","protected":false},"featured_media":1284,"comment_status":"open","ping_status":"closed","template":"","meta":[],"product_brand":[],"product_cat":[101,217],"product_tag":[218,247,252,251],"class_list":{"0":"post-1123","1":"product","2":"type-product","3":"status-publish","4":"has-post-thumbnail","6":"product_cat-gia-dung-khac","7":"product_cat-thuong-hieu-klarstein","8":"product_tag-klarstein","9":"product_tag-may-tron-bot","10":"product_tag-may-tron-bot-ket-hop-xay","11":"product_tag-may-tron-bot-klarstein","13":"first","14":"instock","15":"sale","16":"shipping-taxable","17":"purchasable","18":"product-type-simple"},"_links":{"self":[{"href":"https:\/\/livinghome.vn\/thiet-bi\/wp-json\/wp\/v2\/product\/1123","targetHints":{"allow":["GET"]}}],"collection":[{"href":"https:\/\/livinghome.vn\/thiet-bi\/wp-json\/wp\/v2\/product"}],"about":[{"href":"https:\/\/livinghome.vn\/thiet-bi\/wp-json\/wp\/v2\/types\/product"}],"replies":[{"embeddable":true,"href":"https:\/\/livinghome.vn\/thiet-bi\/wp-json\/wp\/v2\/comments?post=1123"}],"wp:featuredmedia":[{"embeddable":true,"href":"https:\/\/livinghome.vn\/thiet-bi\/wp-json\/wp\/v2\/media\/1284"}],"wp:attachment":[{"href":"https:\/\/livinghome.vn\/thiet-bi\/wp-json\/wp\/v2\/media?parent=1123"}],"wp:term":[{"taxonomy":"product_brand","embeddable":true,"href":"https:\/\/livinghome.vn\/thiet-bi\/wp-json\/wp\/v2\/product_brand?post=1123"},{"taxonomy":"product_cat","embeddable":true,"href":"https:\/\/livinghome.vn\/thiet-bi\/wp-json\/wp\/v2\/product_cat?post=1123"},{"taxonomy":"product_tag","embeddable":true,"href":"https:\/\/livinghome.vn\/thiet-bi\/wp-json\/wp\/v2\/product_tag?post=1123"}],"curies":[{"name":"wp","href":"https:\/\/api.w.org\/{rel}","templated":true}]}}