{"id":1122,"date":"2023-01-12T13:18:58","date_gmt":"2023-01-12T13:18:58","guid":{"rendered":"https:\/\/livinghome.vn\/thiet-bi\/?post_type=product&#038;p=1122"},"modified":"2024-11-29T14:20:46","modified_gmt":"2024-11-29T07:20:46","slug":"may-tron-bot-klarstein-kl-bella-rossa-cong-suat-1300w-8kg","status":"publish","type":"product","link":"https:\/\/livinghome.vn\/thiet-bi\/may-tron-bot-klarstein-kl-bella-rossa-cong-suat-1300w-8kg\/","title":{"rendered":"M\u00e1y tr\u1ed9n b\u1ed9t Klarstein KL-BELLA ROSSA c\u00f4ng su\u1ea5t 1300W &#8211; 8kg"},"content":{"rendered":"<h2>M\u00e1y tr\u1ed9n b\u1ed9t Klarstein KL-BELLA ROSSA thi\u1ebft k\u1ebf b\u00e1t b\u1eb1ng th\u00e9p kh\u00f4ng g\u1ec9 m\u00e0u \u0111\u1ecf n\u1ed5i b\u1eadt v\u1edbi dung t\u00edch 5,2 Lit<\/h2>\n<figure id=\"attachment_66553\" aria-describedby=\"caption-attachment-66553\" style=\"width: 800px\" class=\"wp-caption alignnone\"><img loading=\"lazy\" decoding=\"async\" class=\"size-large wp-image-66553\" src=\"https:\/\/livinghome.vn\/thiet-bi\/wp-content\/uploads\/nha-bep\/klarstein\/may-tron-thuc-pham\/may-tron-thuc-pham-klarstein-kl-bella-rossa\/may-tron-thuc-pham-klarstein-kl-bella-rossa-1-800x800.jpg\" alt=\"M\u00e1y tr\u1ed9n b\u1ed9t Klarstein KL-BELLA ROSSA\" width=\"800\" height=\"800\" title=\"\"><figcaption id=\"caption-attachment-66553\" class=\"wp-caption-text\">M\u00e1y tr\u1ed9n b\u1ed9t Klarstein KL-BELLA ROSSA<\/figcaption><\/figure>\n<div class=\"xw_product-section-extra\">\n<h3>\u0110\u1eb7c T\u00ednh N\u1ed5i B\u1eadt<\/h3>\n<div class=\"entry-content\">\n<ul>\n<li><a href=\"https:\/\/livinghome.vn\/thiet-bi\/gia-dung-khac\/\">M\u00e1y nh\u00e0o b\u1ed9t<\/a> c\u1ef1c m\u1ea1nh v\u1edbi c\u00f4ng su\u1ea5t t\u1ed1i \u0111a 1300W.<\/li>\n<li>B\u00e1t \u0111\u1ef1ng ch\u1ee9a \u0111\u01b0\u1ee3c 5,2 l\u00edt l\u00e0m b\u1eb1ng th\u00e9p kh\u00f4ng g\u1ec9. \u0110\u1ec3 \u0111\u01b0\u1ee3c kho\u1ea3ng 1,5kg b\u1ed9t.<\/li>\n<li>Khu\u1ea5y th\u00f4ng qua h\u1ec7 th\u1ed1ng khu\u1ea5y tr\u00f2n b\u00ean trong b\u00e1t \u0111\u1ef1ng.<\/li>\n<li>T\u1ed1c \u0111\u1ed9 l\u00e0m vi\u1ec7c c\u00f3 th\u1ec3 \u0111i\u1ec1u ch\u1ec9nh b\u1eb1ng tay \u1edf 6 c\u1ea5p \u0111\u1ed9 v\u00e0 nhi\u1ec1u ch\u1ebf \u0111\u1ed9 kh\u00e1c nhau.<\/li>\n<li>M\u00e2m c\u1eb7p th\u00e1o l\u1eafp nhanh g\u1ecdn \u0111\u1ec3 l\u1eafp d\u1ee5ng c\u1ee5 nhanh ch\u00f3ng v\u00e0 d\u1ec5 d\u00e0ng.<\/li>\n<\/ul>\n<\/div>\n<\/div>\n<div class=\"xw_product-section-extra\">\n<h3>T\u00ednh n\u0103ng &amp; K\u00edch th\u01b0\u1edbc<\/h3>\n<div class=\"entry-content\">\n<div class=\"Product_infoContent__3srJU\">\n<ul>\n<li>Ngu\u1ed3n \u0111i\u1ec7n: 230V, 50Hz.<\/li>\n<li>K\u00edch th\u01b0\u1edbc: x\u1ea5p x\u1ec9 39 x 36 x 23 cm WxHxD).<\/li>\n<li>Tr\u1ecdng l\u01b0\u1ee3ng: x\u1ea5p x\u1ec9 8 kg.<\/li>\n<li>Ch\u00e2n \u0111\u1ebf an to\u00e0n nh\u1edd ch\u00e2n h\u00fat.<\/li>\n<li>C\u01a1 ch\u1ebf m\u1edf kh\u00f3a cho c\u00e1nh tay \u0111a n\u0103ng \u2013 c\u00f3 th\u1ec3 g\u1ea5p l\u1ea1i \u0111\u1ec3 d\u1ec5 d\u00e0ng g\u1eafn v\u00e0 x\u1eed l\u00fd.<\/li>\n<li>M\u00f3c b\u1ed9t \u0111\u00fac \u2013 d\u00f9ng cho b\u1ed9t n\u1eb7ng, ch\u1eb3ng h\u1ea1n nh\u01b0 b\u1ed9t men ho\u1eb7c b\u1ed9t b\u00e1nh m\u00ec.<\/li>\n<\/ul>\n<\/div>\n<\/div>\n<\/div>\n<h3>Thi\u1ebft k\u1ebf n\u1ed5i b\u1eadt v\u1edbi c\u00f4ng su\u1ea5t m\u1ea1nh m\u1ebd<\/h3>\n<p>M\u1ea1nh m\u1ebd \u0111\u1ebfn l\u01b0\u1ee3t cu\u1ed1i c\u00f9ng.\u00a0Vi\u1ec7c trang tr\u00ed\u00a0s\u00e0nh \u0111i\u1ec7u\u00a0trong nh\u00e0 b\u1ebfp tr\u1edf\u00a0n\u00ean th\u1eadt d\u1ec5 d\u00e0ng\u00a0v\u1edbi\u00a0m\u00e1y tr\u1ed9n b\u1ed9t Klarstein Bella Rossa.\u00a0V\u1edbi c\u00f4ng su\u1ea5t 2000 watt \u1edf 6 c\u1ea5p \u0111\u1ed9, h\u1ec7 th\u1ed1ng khu\u1ea5y \u0111\u1ec1u c\u1ee7a ch\u00fang t\u00f4i \u0111\u00e1p \u1ee9ng m\u1ecdi th\u00e1ch th\u1ee9c c\u1ee7a ngh\u1ec7 thu\u1eadt khu\u1ea5y hi\u1ec7n \u0111\u1ea1i.<\/p>\n<p>Cho d\u00f9 l\u00e0 b\u1ed9t b\u00e1nh m\u00ec, kem \u0111\u00e1nh b\u00f4ng hay b\u00e1nh b\u00f4ng lan: b\u1ea1n c\u00f3 th\u1ec3 tr\u1ed9n m\u1ecdi th\u1ee9 m\u1ed9t c\u00e1ch ho\u00e0n h\u1ea3o trong b\u00e1t th\u00e9p kh\u00f4ng g\u1ec9 5,2 l\u00edt v\u1edbi 3 m\u00f3c khu\u1ea5y c\u1ee7a n\u00f3.<\/p>\n<p>Thi\u1ebft k\u1ebf \u0111\u1ea7y m\u00e0u s\u1eafc c\u1ee7a Bella m\u1edbi c\u1ee7a b\u1ea1n c\u0169ng r\u1ea5t m\u1ea1nh m\u1ebd.\u00a0\u0110i\u1ec1u n\u00e0y l\u00e0m cho m\u00e1y tr\u1ed9n b\u1ed9t Bella Rossa tr\u1edf th\u00e0nh ng\u00f4i sao trong nh\u00e0 b\u1ebfp c\u1ee7a b\u1ea1n ngay c\u1ea3 khi n\u00f3 \u0111\u00e3 \u0111\u01b0\u1ee3c s\u1eed d\u1ee5ng.<\/p>\n<figure id=\"attachment_66550\" aria-describedby=\"caption-attachment-66550\" style=\"width: 800px\" class=\"wp-caption alignnone\"><img loading=\"lazy\" decoding=\"async\" class=\"size-large wp-image-66550\" src=\"https:\/\/livinghome.vn\/thiet-bi\/wp-content\/uploads\/nha-bep\/klarstein\/may-tron-thuc-pham\/may-tron-thuc-pham-klarstein-kl-bella-rossa\/may-tron-thuc-pham-klarstein-kl-bella-rossa-800x800.jpg\" alt=\"M\u00e1y tr\u1ed9n b\u1ed9t Klarstein KL-BELLA ROSSA\" width=\"800\" height=\"800\" title=\"\"><figcaption id=\"caption-attachment-66550\" class=\"wp-caption-text\">M\u00e1y tr\u1ed9n b\u1ed9t Klarstein KL-BELLA ROSSA<\/figcaption><\/figure>\n<h3>3 \u0111\u1ea7u khu\u1ea5y<\/h3>\n<ul>\n<li>\u0110\u1ea7u m\u00f3c khu\u1ea5y \u0111\u00fac \u2013 khu\u1ea5y \u0111\u1ec1u kh\u1ed1i l\u01b0\u1ee3ng l\u1edbn b\u1ed9t.<\/li>\n<li>\u0110\u1ea7u khu\u1ea5y m\u00f3c b\u1ed9t \u2013 d\u00f9ng cho b\u1ed9t nh\u00e0o n\u1eb7ng, ch\u1eb3ng h\u1ea1n nh\u01b0 b\u1ed9t men ho\u1eb7c b\u1ed9t b\u00e1nh m\u00ec.<\/li>\n<li>\u0110\u1ea7u khu\u1ea5y \u0111\u00e1nh tr\u1ee9ng \u2013 \u0110\u00e1nh b\u00f4ng c\u00e1c kh\u1ed1i kh\u00ed, ch\u1eb3ng h\u1ea1n nh\u01b0 l\u00f2ng tr\u1eafng tr\u1ee9ng ho\u1eb7c b\u1ed9t b\u00e1nh quy.<\/li>\n<\/ul>\n<figure id=\"attachment_66552\" aria-describedby=\"caption-attachment-66552\" style=\"width: 800px\" class=\"wp-caption alignnone\"><img loading=\"lazy\" decoding=\"async\" class=\"size-large wp-image-66552\" src=\"https:\/\/livinghome.vn\/thiet-bi\/wp-content\/uploads\/nha-bep\/klarstein\/may-tron-thuc-pham\/may-tron-thuc-pham-klarstein-kl-bella-rossa\/may-tron-thuc-pham-klarstein-kl-bella-rossa-5-800x800.jpg\" alt=\"M\u00e1y tr\u1ed9n b\u1ed9t Klarstein KL-BELLA ROSSA\" width=\"800\" height=\"800\" title=\"\"><figcaption id=\"caption-attachment-66552\" class=\"wp-caption-text\">M\u00e1y tr\u1ed9n b\u1ed9t Klarstein KL-BELLA ROSSA<\/figcaption><\/figure>\n<figure id=\"attachment_66554\" aria-describedby=\"caption-attachment-66554\" style=\"width: 800px\" class=\"wp-caption alignnone\"><img loading=\"lazy\" decoding=\"async\" class=\"size-large wp-image-66554\" src=\"https:\/\/livinghome.vn\/thiet-bi\/wp-content\/uploads\/nha-bep\/klarstein\/may-tron-thuc-pham\/may-tron-thuc-pham-klarstein-kl-bella-rossa\/may-tron-thuc-pham-klarstein-kl-bella-rossa-4-800x800.jpg\" alt=\"M\u00e1y tr\u1ed9n b\u1ed9t Klarstein KL-BELLA ROSSA\" width=\"800\" height=\"800\" title=\"\"><figcaption id=\"caption-attachment-66554\" class=\"wp-caption-text\">M\u00e1y tr\u1ed9n b\u1ed9t Klarstein KL-BELLA ROSSA<\/figcaption><\/figure>\n<figure id=\"attachment_66549\" aria-describedby=\"caption-attachment-66549\" style=\"width: 800px\" class=\"wp-caption alignnone\"><img loading=\"lazy\" decoding=\"async\" class=\"size-large wp-image-66549\" src=\"https:\/\/livinghome.vn\/thiet-bi\/wp-content\/uploads\/nha-bep\/klarstein\/may-tron-thuc-pham\/may-tron-thuc-pham-klarstein-kl-bella-rossa\/may-tron-thuc-pham-klarstein-kl-bella-rossa-3-800x800.jpg\" alt=\"M\u00e1y tr\u1ed9n b\u1ed9t Klarstein KL-BELLA ROSSA\" width=\"800\" height=\"800\" title=\"\"><figcaption id=\"caption-attachment-66549\" class=\"wp-caption-text\">M\u00e1y tr\u1ed9n b\u1ed9t Klarstein KL-BELLA ROSSA<\/figcaption><\/figure>\n<figure id=\"attachment_66551\" aria-describedby=\"caption-attachment-66551\" style=\"width: 800px\" class=\"wp-caption alignnone\"><img loading=\"lazy\" decoding=\"async\" class=\"size-large wp-image-66551\" src=\"https:\/\/livinghome.vn\/thiet-bi\/wp-content\/uploads\/nha-bep\/klarstein\/may-tron-thuc-pham\/may-tron-thuc-pham-klarstein-kl-bella-rossa\/may-tron-thuc-pham-klarstein-kl-bella-rossa-2-800x800.jpg\" alt=\"M\u00e1y tr\u1ed9n b\u1ed9t Klarstein KL-BELLA ROSSA\" width=\"800\" height=\"800\" title=\"\"><figcaption id=\"caption-attachment-66551\" class=\"wp-caption-text\">M\u00e1y tr\u1ed9n b\u1ed9t Klarstein KL-BELLA ROSSA<\/figcaption><\/figure>\n","protected":false},"excerpt":{"rendered":"<p>M\u00e1y tr\u1ed9n b\u1ed9t Klarstein KL-BELLA ROSSA thi\u1ebft k\u1ebf b\u00e1t b\u1eb1ng th\u00e9p kh\u00f4ng g\u1ec9 m\u00e0u \u0111\u1ecf n\u1ed5i b\u1eadt v\u1edbi dung t\u00edch 5,2 Lit \u0110\u1eb7c T\u00ednh N\u1ed5i B\u1eadt M\u00e1y nh\u00e0o b\u1ed9t c\u1ef1c m\u1ea1nh v\u1edbi c\u00f4ng su\u1ea5t t\u1ed1i \u0111a 1300W. B\u00e1t \u0111\u1ef1ng ch\u1ee9a \u0111\u01b0\u1ee3c 5,2 l\u00edt l\u00e0m b\u1eb1ng th\u00e9p kh\u00f4ng g\u1ec9. \u0110\u1ec3 \u0111\u01b0\u1ee3c kho\u1ea3ng 1,5kg b\u1ed9t. Khu\u1ea5y th\u00f4ng [&#8230;]\n","protected":false},"featured_media":1279,"comment_status":"open","ping_status":"closed","template":"","meta":[],"product_brand":[],"product_cat":[101,217],"product_tag":[218,247,251,248],"class_list":{"0":"post-1122","1":"product","2":"type-product","3":"status-publish","4":"has-post-thumbnail","6":"product_cat-gia-dung-khac","7":"product_cat-thuong-hieu-klarstein","8":"product_tag-klarstein","9":"product_tag-may-tron-bot","10":"product_tag-may-tron-bot-klarstein","11":"product_tag-may-tron-thuc-pham","13":"first","14":"instock","15":"sale","16":"shipping-taxable","17":"purchasable","18":"product-type-simple"},"_links":{"self":[{"href":"https:\/\/livinghome.vn\/thiet-bi\/wp-json\/wp\/v2\/product\/1122","targetHints":{"allow":["GET"]}}],"collection":[{"href":"https:\/\/livinghome.vn\/thiet-bi\/wp-json\/wp\/v2\/product"}],"about":[{"href":"https:\/\/livinghome.vn\/thiet-bi\/wp-json\/wp\/v2\/types\/product"}],"replies":[{"embeddable":true,"href":"https:\/\/livinghome.vn\/thiet-bi\/wp-json\/wp\/v2\/comments?post=1122"}],"wp:featuredmedia":[{"embeddable":true,"href":"https:\/\/livinghome.vn\/thiet-bi\/wp-json\/wp\/v2\/media\/1279"}],"wp:attachment":[{"href":"https:\/\/livinghome.vn\/thiet-bi\/wp-json\/wp\/v2\/media?parent=1122"}],"wp:term":[{"taxonomy":"product_brand","embeddable":true,"href":"https:\/\/livinghome.vn\/thiet-bi\/wp-json\/wp\/v2\/product_brand?post=1122"},{"taxonomy":"product_cat","embeddable":true,"href":"https:\/\/livinghome.vn\/thiet-bi\/wp-json\/wp\/v2\/product_cat?post=1122"},{"taxonomy":"product_tag","embeddable":true,"href":"https:\/\/livinghome.vn\/thiet-bi\/wp-json\/wp\/v2\/product_tag?post=1122"}],"curies":[{"name":"wp","href":"https:\/\/api.w.org\/{rel}","templated":true}]}}