{"id":1120,"date":"2023-01-12T13:18:58","date_gmt":"2023-01-12T13:18:58","guid":{"rendered":"https:\/\/livinghome.vn\/thiet-bi\/?post_type=product&#038;p=1120"},"modified":"2024-11-29T14:20:46","modified_gmt":"2024-11-29T07:20:46","slug":"may-tron-thuc-pham-klarstein-kl-bella-elengance-voi-cong-suat-2000w-6-muc-do","status":"publish","type":"product","link":"https:\/\/livinghome.vn\/thiet-bi\/may-tron-thuc-pham-klarstein-kl-bella-elengance-voi-cong-suat-2000w-6-muc-do\/","title":{"rendered":"M\u00e1y tr\u1ed9n th\u1ef1c ph\u1ea9m Klarstein KL-BELLA ELENGANCE v\u1edbi c\u00f4ng su\u1ea5t 2000W &#8211; 6 m\u1ee9c \u0111\u1ed9"},"content":{"rendered":"<h2>M\u00e1y tr\u1ed9n th\u1ef1c ph\u1ea9m Klarstein KL-BELLA ELENGANCE thi\u1ebft k\u1ebf th\u00e9p kh\u00f4ng g\u1ec9 v\u1edbi dung t\u00edch 5,2 L\u00edt<\/h2>\n<figure id=\"attachment_66540\" aria-describedby=\"caption-attachment-66540\" style=\"width: 800px\" class=\"wp-caption alignnone\"><img loading=\"lazy\" decoding=\"async\" class=\"size-large wp-image-66540\" src=\"https:\/\/livinghome.vn\/thiet-bi\/wp-content\/uploads\/nha-bep\/klarstein\/may-tron-thuc-pham\/may-tron-thuc-pham-klarstein-kl-bella-elegance\/may-tron-thuc-pham-klarstein-kl-bella-elegance-800x800.jpg\" alt=\"M\u00e1y tr\u1ed9n th\u1ef1c ph\u1ea9m Klarstein KL-BELLA ELENGANCE\" width=\"800\" height=\"800\" title=\"\"><figcaption id=\"caption-attachment-66540\" class=\"wp-caption-text\">M\u00e1y tr\u1ed9n th\u1ef1c ph\u1ea9m Klarstein KL-BELLA ELENGANCE<\/figcaption><\/figure>\n<h3>\u0110\u1eb7c T\u00ednh N\u1ed5i B\u1eadt<\/h3>\n<div class=\"entry-content\">\n<ul>\n<li>Lo\u1ea1i s\u1ea3n ph\u1ea9m: <a href=\"https:\/\/livinghome.vn\/thiet-bi\/gia-dung-khac\/\">m\u00e1y tr\u1ed9n th\u1ef1c ph\u1ea9m<\/a><\/li>\n<li>K\u00edch th\u01b0\u1edbc: x\u1ea5p x\u1ec9 22,5 x 38 x 34 cm (WxHxD)<\/li>\n<li>Tr\u1ecdng l\u01b0\u1ee3ng: kho\u1ea3ng 6,2 kg<\/li>\n<li>C\u00f4ng su\u1ea5t: 2000 watt \/ 2,7 m\u00e3 l\u1ef1c<\/li>\n<li>Dung t\u00edch t\u00f4 tr\u1ed9n: 5,2 l\u00edt<\/li>\n<li>Y\u1ebfu t\u1ed1 khu\u1ea5y v\u1eadt li\u1ec7u: nh\u00f4m \u0111\u00fac<\/li>\n<li>Ch\u1ea5t li\u1ec7u b\u00e1t: th\u00e9p kh\u00f4ng g\u1ec9<\/li>\n<li>Ch\u1ea5t li\u1ec7u b\u1ea3o v\u1ec7 ch\u1ed1ng gi\u1eadt g\u00e2n: nh\u1ef1a (kh\u00f4ng ch\u1ee9a BPA)<\/li>\n<li>V\u1eadt li\u1ec7u nh\u00e0 \u1edf: nh\u1ef1a<\/li>\n<li>Ngu\u1ed3n \u0111i\u1ec7n: 220 \u2013 240 V ~ |\u00a050\/60 Hz<\/li>\n<\/ul>\n<h3>Thi\u1ebft k\u1ebf \u0111\u1ea7y m\u00e0u s\u1eafc n\u1ed5i b\u1eadt v\u1edbi c\u00f4ng su\u1ea5t m\u1ea1nh m\u1ebd<\/h3>\n<p>M\u00e1y tr\u1ed9n th\u1ef1c ph\u1ea9m Klarstein KL-BELLA ELENGANCE v\u00f4 c\u00f9ng thanh l\u1ecbch v\u00e0 \u0111\u1eb7c bi\u1ec7t s\u1edf h\u1eefu c\u00f4ng su\u1ea5t v\u00f4 c\u00f9ng m\u1ea1nh m\u1ebd. Vi\u1ec7c trang tr\u00ed s\u00e0nh \u0111i\u1ec7u trong nh\u00e0 b\u1ebfp tr\u1edf n\u00ean th\u1eadt d\u1ec5 d\u00e0ng v\u1edbi M\u00e1y tr\u1ed9n th\u1ef1c ph\u1ea9m Klarstein KL-BELLA ELENGANCE.<\/p>\n<p>V\u1edbi c\u00f4ng su\u1ea5t 2000W \u1edf 6 c\u1ea5p \u0111\u1ed9, h\u1ec7 th\u1ed1ng khu\u1ea5y tr\u00f2n c\u1ee7a ch\u00fang t\u00f4i \u0111\u00e1p \u1ee9ng m\u1ecdi y\u00eau c\u1ea7u c\u1ee7a kh\u00e1ch h\u00e0ng v\u1ec1 vi\u1ec7c \u0111\u00e1nh tr\u1ed9n c\u00e1c s\u1ea3n ph\u1ea9m b\u1ed9t. Cho d\u00f9 l\u00e0 b\u1ed9t b\u00e1nh m\u00ec, kem \u0111\u00e1nh b\u00f4ng,\u2026b\u1ea1n c\u00f3 th\u1ec3 tr\u1ed9n m\u1ecdi th\u1ee9 m\u1ed9t c\u00e1ch ho\u00e0n h\u1ea3o trong b\u00e1t th\u00e9p kh\u00f4ng g\u1ec9 5,2 l\u00edt v\u1edbi 3 m\u00f3c khu\u1ea5y c\u1ee7a n\u00f3. Thi\u1ebft k\u1ebf \u0111\u1ea7y m\u00e0u s\u1eafc c\u1ee7a Bella Elegance m\u1edbi c\u1ee7a b\u1ea1n c\u0169ng r\u1ea5t m\u1ea1nh m\u1ebd, v\u1edbi c\u00e1c h\u1ecda ti\u1ebft b\u1eb1ng \u0111\u1ed3ng ho\u1eb7c b\u1ea1c l\u00e0m cho n\u00f3 th\u00eam s\u00e1ng b\u00f3ng. \u0110i\u1ec1u n\u00e0y l\u00e0m cho chi\u1ebfc m\u00e1y tr\u1ed9n b\u1ed9t c\u1ee7a b\u1ea1n th\u1ef1c s\u1ef1 tr\u1edf th\u00e0nh m\u1ed9t \u0111i\u1ec3m nh\u1ea5n trong nh\u00e0 b\u1ebfp c\u1ee7a b\u1ea1n.<\/p>\n<figure id=\"attachment_66544\" aria-describedby=\"caption-attachment-66544\" style=\"width: 800px\" class=\"wp-caption alignnone\"><img loading=\"lazy\" decoding=\"async\" class=\"size-large wp-image-66544\" src=\"https:\/\/livinghome.vn\/thiet-bi\/wp-content\/uploads\/nha-bep\/klarstein\/may-tron-thuc-pham\/may-tron-thuc-pham-klarstein-kl-bella-elegance\/may-tron-thuc-pham-klarstein-kl-bella-elegance-3-800x800.jpg\" alt=\"M\u00e1y tr\u1ed9n th\u1ef1c ph\u1ea9m Klarstein KL-BELLA ELENGANCE\" width=\"800\" height=\"800\" title=\"\"><figcaption id=\"caption-attachment-66544\" class=\"wp-caption-text\">M\u00e1y tr\u1ed9n th\u1ef1c ph\u1ea9m Klarstein KL-BELLA ELENGANCE<\/figcaption><\/figure>\n<h3>M\u1ee9c hi\u1ec7u su\u1ea5t: g\u1ed3m 6 m\u1ee9c hi\u1ec7u su\u1ea5t<\/h3>\n<p>Kh\u1ed1i l\u01b0\u1ee3ng b\u1ed9t nh\u00e0o t\u1ed1i \u0111a: 2kg b\u1ed9t\/l\u1ea7n tr\u1ed9n.<\/p>\n<p>3 d\u1ea1ng m\u00f3c khu\u1ea5y: m\u00f3c b\u1ed9t \/ m\u00f3c khu\u1ea5y \/ m\u00e1y \u0111\u00e1nh tr\u1ee9ng.<\/p>\n<p>M\u00f3c khu\u1ea5y \u0111\u00fac \u2013 khu\u1ea5y \u0111\u1ec1u kh\u1ed1i l\u01b0\u1ee3ng l\u1edbn b\u1ed9t.<\/p>\n<p>M\u00f3c \u0111\u00fac b\u1ed9t \u2013 d\u00f9ng cho b\u1ed9t nh\u00e0o n\u1eb7ng, ch\u1eb3ng h\u1ea1n nh\u01b0 b\u1ed9t men ho\u1eb7c b\u1ed9t b\u00e1nh m\u00ec.<\/p>\n<p>\u0110\u00e1nh b\u00f4ng c\u00e1c kh\u1ed1i kh\u00ed, ch\u1eb3ng h\u1ea1n nh\u01b0 l\u00f2ng tr\u1eafng tr\u1ee9ng ho\u1eb7c b\u1ed9t b\u00e1nh quy.<\/p>\n<p>C\u01a1 ch\u1ebf m\u1edf kh\u00f3a cho c\u00e1nh tay \u0111a n\u0103ng \u2013 c\u00f3 th\u1ec3 g\u1ea5p l\u1ea1i \u0111\u1ec3 d\u1ec5 d\u00e0ng g\u1eafn v\u00e0 x\u1eed l\u00fd b\u00e1t.<\/p>\n<p>C\u00f3 ch\u00e2n \u0111\u1ebf an to\u00e0n nh\u1edd ch\u00e2n h\u00fat.<\/p>\n<p>Xin l\u01b0u \u00fd: C\u00e1c b\u1ed9 ph\u1eadn khu\u1ea5y kh\u00f4ng th\u00edch h\u1ee3p \u0111\u1ec3 l\u00e0m s\u1ea1ch trong m\u00e1y r\u1eeda b\u00e1t \u2013 \u0111i\u1ec1u n\u00e0y c\u00f3 th\u1ec3 l\u00e0m \u0111\u1ed5i m\u00e0u v\u1eadt li\u1ec7u.<\/p>\n<figure id=\"attachment_66542\" aria-describedby=\"caption-attachment-66542\" style=\"width: 800px\" class=\"wp-caption alignnone\"><img loading=\"lazy\" decoding=\"async\" class=\"size-large wp-image-66542\" src=\"https:\/\/livinghome.vn\/thiet-bi\/wp-content\/uploads\/nha-bep\/klarstein\/may-tron-thuc-pham\/may-tron-thuc-pham-klarstein-kl-bella-elegance\/may-tron-thuc-pham-klarstein-kl-bella-elegance-4-800x800.jpg\" alt=\"M\u00e1y tr\u1ed9n th\u1ef1c ph\u1ea9m Klarstein KL-BELLA ELENGANCE\" width=\"800\" height=\"800\" title=\"\"><figcaption id=\"caption-attachment-66542\" class=\"wp-caption-text\">M\u00e1y tr\u1ed9n th\u1ef1c ph\u1ea9m Klarstein KL-BELLA ELENGANCE<\/figcaption><\/figure>\n<\/div>\n","protected":false},"excerpt":{"rendered":"<p>M\u00e1y tr\u1ed9n th\u1ef1c ph\u1ea9m Klarstein KL-BELLA ELENGANCE thi\u1ebft k\u1ebf th\u00e9p kh\u00f4ng g\u1ec9 v\u1edbi dung t\u00edch 5,2 L\u00edt \u0110\u1eb7c T\u00ednh N\u1ed5i B\u1eadt Lo\u1ea1i s\u1ea3n ph\u1ea9m: m\u00e1y tr\u1ed9n th\u1ef1c ph\u1ea9m K\u00edch th\u01b0\u1edbc: x\u1ea5p x\u1ec9 22,5 x 38 x 34 cm (WxHxD) Tr\u1ecdng l\u01b0\u1ee3ng: kho\u1ea3ng 6,2 kg C\u00f4ng su\u1ea5t: 2000 watt \/ 2,7 m\u00e3 l\u1ef1c Dung t\u00edch t\u00f4 [&#8230;]\n","protected":false},"featured_media":1270,"comment_status":"open","ping_status":"closed","template":"","meta":[],"product_brand":[],"product_cat":[101,217],"product_tag":[218,247,248,249],"class_list":{"0":"post-1120","1":"product","2":"type-product","3":"status-publish","4":"has-post-thumbnail","6":"product_cat-gia-dung-khac","7":"product_cat-thuong-hieu-klarstein","8":"product_tag-klarstein","9":"product_tag-may-tron-bot","10":"product_tag-may-tron-thuc-pham","11":"product_tag-may-tron-thuc-pham-klarstein","13":"first","14":"instock","15":"sale","16":"shipping-taxable","17":"purchasable","18":"product-type-simple"},"_links":{"self":[{"href":"https:\/\/livinghome.vn\/thiet-bi\/wp-json\/wp\/v2\/product\/1120","targetHints":{"allow":["GET"]}}],"collection":[{"href":"https:\/\/livinghome.vn\/thiet-bi\/wp-json\/wp\/v2\/product"}],"about":[{"href":"https:\/\/livinghome.vn\/thiet-bi\/wp-json\/wp\/v2\/types\/product"}],"replies":[{"embeddable":true,"href":"https:\/\/livinghome.vn\/thiet-bi\/wp-json\/wp\/v2\/comments?post=1120"}],"wp:featuredmedia":[{"embeddable":true,"href":"https:\/\/livinghome.vn\/thiet-bi\/wp-json\/wp\/v2\/media\/1270"}],"wp:attachment":[{"href":"https:\/\/livinghome.vn\/thiet-bi\/wp-json\/wp\/v2\/media?parent=1120"}],"wp:term":[{"taxonomy":"product_brand","embeddable":true,"href":"https:\/\/livinghome.vn\/thiet-bi\/wp-json\/wp\/v2\/product_brand?post=1120"},{"taxonomy":"product_cat","embeddable":true,"href":"https:\/\/livinghome.vn\/thiet-bi\/wp-json\/wp\/v2\/product_cat?post=1120"},{"taxonomy":"product_tag","embeddable":true,"href":"https:\/\/livinghome.vn\/thiet-bi\/wp-json\/wp\/v2\/product_tag?post=1120"}],"curies":[{"name":"wp","href":"https:\/\/api.w.org\/{rel}","templated":true}]}}