{"id":1119,"date":"2023-01-12T13:18:58","date_gmt":"2023-01-12T13:18:58","guid":{"rendered":"https:\/\/livinghome.vn\/thiet-bi\/?post_type=product&#038;p=1119"},"modified":"2024-11-29T14:20:47","modified_gmt":"2024-11-29T07:20:47","slug":"may-loc-khong-khi-klarstein-kl-vita-pure-2g-cong-suat-55w-tieu-diet-vi-khuan-va-vi-trung","status":"publish","type":"product","link":"https:\/\/livinghome.vn\/thiet-bi\/may-loc-khong-khi-klarstein-kl-vita-pure-2g-cong-suat-55w-tieu-diet-vi-khuan-va-vi-trung\/","title":{"rendered":"M\u00e1y l\u1ecdc kh\u00f4ng kh\u00ed Klarstein KL-VITA PURE 2G c\u00f4ng su\u1ea5t 55W ti\u00eau di\u1ec7t vi khu\u1ea9n v\u00e0 vi tr\u00f9ng"},"content":{"rendered":"<h2>M\u00e1y l\u1ecdc kh\u00f4ng kh\u00ed Klarstein KL-VITA PURE 2G \u0111i\u1ec1u khi\u1ec3n c\u1ea3m \u1ee9ng v\u1edbi \u0111\u00e8n LED ho\u1ea1t \u0111\u1ed9ng hi\u1ec7n \u0111\u1ea1i<\/h2>\n<figure id=\"attachment_66516\" aria-describedby=\"caption-attachment-66516\" style=\"width: 800px\" class=\"wp-caption alignnone\"><img loading=\"lazy\" decoding=\"async\" class=\"size-large wp-image-66516\" src=\"https:\/\/livinghome.vn\/thiet-bi\/wp-content\/uploads\/nha-bep\/klarstein\/may-loc-khong-khi\/may-loc-khong-khi-klarstein-kl-vita-pure-2g\/may-loc-khong-khi-klarstein-kl-vita-pure-2g-800x800.jpg\" alt=\"M\u00e1y l\u1ecdc kh\u00f4ng kh\u00ed Klarstein KL-VITA PURE 2G\" width=\"800\" height=\"800\" title=\"\"><figcaption id=\"caption-attachment-66516\" class=\"wp-caption-text\">M\u00e1y l\u1ecdc kh\u00f4ng kh\u00ed Klarstein KL-VITA PURE 2G<\/figcaption><\/figure>\n<h3>\u0110\u1eb7c T\u00ednh N\u1ed5i B\u1eadt<\/h3>\n<div class=\"entry-content\">\n<ul>\n<li>Lo\u1ea1i s\u1ea3n ph\u1ea9m: <a href=\"https:\/\/livinghome.vn\/thiet-bi\/gia-dung-khac\/\">m\u00e1y l\u1ecdc kh\u00f4ng kh\u00ed<\/a><\/li>\n<li>C\u00f4ng su\u1ea5t ti\u00eau th\u1ee5: 55 watt.<\/li>\n<li>CADR (T\u1ef7 l\u1ec7 ph\u00e2n ph\u1ed1i kh\u00f4ng kh\u00ed s\u1ea1ch): \u2265125cfm (ti\u00eau chu\u1ea9n AHAM 0,1\u03bcm).<\/li>\n<li>N\u1ed3ng \u0111\u1ed9 ion: \u22653.0 x 10\u00a0<sup>-6<\/sup>\u00a0ion\/cm\u00b3.<\/li>\n<li>N\u1ed3ng \u0111\u1ed9 \u00f4z\u00f4n: \u22651,0 \u200b\u200bx 10\u00a0<sup>-6<\/sup>\u00a0%.<\/li>\n<li>h\u1ec7 th\u1ed1ng l\u1ecdc c\u01a1 h\u1ecdc lo\u1ea1i b\u1ecf c\u00e1c h\u1ea1t b\u1ee5i b\u1ea9n, ph\u1ea5n hoa, b\u1ee5i nh\u00e0 v\u00e0 k\u1ebft d\u00ednh c\u00e1c kh\u00ed \u0111\u1ed9c h\u1ea1i.<\/li>\n<li>M\u00e1y ti\u1ec7t tr\u00f9ng UV-C: ti\u00eau di\u1ec7t vi khu\u1ea9n v\u00e0 vi tr\u00f9ng.<\/li>\n<li>Ionizer: ph\u00e1 v\u1ee1 m\u00f9i kh\u00f3 ch\u1ecbu.<\/li>\n<li>th\u00edch h\u1ee3p cho ng\u01b0\u1eddi b\u1ecb d\u1ecb \u1ee9ng.<\/li>\n<li>Ti\u1ebfng \u1ed3n ho\u1ea1t \u0111\u1ed9ng: 30dB (m\u1ee9c th\u1ea5p nh\u1ea5t) \u2013 50dB (m\u1ee9c cao nh\u1ea5t).<\/li>\n<li>B\u01b0\u1edbc s\u00f3ng UV: 254 nm.<\/li>\n<li>thay \u0111\u1ed5i b\u1ed9 l\u1ecdc nhanh ch\u00f3ng, kh\u00f4ng ph\u1ee9c t\u1ea1p.<\/li>\n<li>b\u1ea3ng \u0111i\u1ec1u khi\u1ec3n c\u1ea3m \u1ee9ng \u0111\u01a1n gi\u1ea3n v\u1edbi \u0111\u00e8n LED ho\u1ea1t \u0111\u1ed9ng.<\/li>\n<li>C\u00f4ng t\u1eafc b\u1eadt \/ t\u1eaft \u1edf m\u1eb7t tr\u01b0\u1edbc.<\/li>\n<li>Ngu\u1ed3n \u0111i\u1ec7n: 220 \u2013 240 V ~ | 50 Hz,<\/li>\n<li>32,2 x 40,7 x 15,9 cm (WxHxD).<\/li>\n<li>Tr\u1ecdng l\u01b0\u1ee3ng: x\u1ea5p x\u1ec9 4,0 kg.<\/li>\n<\/ul>\n<h3>M\u00e1y l\u1ecdc kh\u00f4ng kh\u00ed Klarstein KL-VITA PURE 2G 5 trong 1<\/h3>\n<p>L\u1ecdc s\u1ea1ch kh\u00f4ng kh\u00ed trong ph\u00f2ng c\u1ee7a b\u1ea1n v\u1edbi n\u0103m l\u1ea7n so v\u1edbi m\u00e1y l\u1ecdc th\u00f4ng th\u01b0\u1eddng. S\u1ef1 k\u1ebft h\u1ee3p th\u00f4ng minh c\u1ee7a b\u1ed9 l\u1ecdc s\u01a1 b\u1ed9, b\u1ed9 l\u1ecdc HEPA13, b\u1ed9 l\u1ecdc than ho\u1ea1t t\u00ednh, b\u1ed9 kh\u1eed tr\u00f9ng UV-C kh\u00e1ng khu\u1ea9n v\u00e0 b\u1ed9 t\u1ea1o ion lo\u1ea1i b\u1ecf b\u1ee5i, ch\u1ea5t g\u00e2y d\u1ecb \u1ee9ng, vi khu\u1ea9n v\u00e0 m\u00f9i h\u00f4i r\u1ea5t hi\u1ec7u qu\u1ea3.Ch\u00fang ta c\u00f3 th\u1ec3 y\u00ean t\u00e2m b\u1ea3o v\u1ec7 cho gia \u0111\u00ecnh m\u00ecnh.<\/p>\n<p>Tr\u00e1i tim c\u1ee7a b\u1ed9 l\u1ecdc n\u00e0y l\u00e0 b\u1ed9 l\u1ecdc HEPA13, lo\u1ea1i b\u1ecf 99,97% t\u1ea5t c\u1ea3 c\u00e1c h\u1ea1t kh\u1ecfi kh\u00f4ng kh\u00ed.\u00a0B\u1ea3ng \u0111i\u1ec1u khi\u1ec3n c\u1ea3m \u1ee9ng \u1edf m\u1eb7t tr\u01b0\u1edbc cho ph\u00e9p \u0111i\u1ec1u khi\u1ec3n thi\u1ebft b\u1ecb m\u1ed9t c\u00e1ch nhanh ch\u00f3ng, d\u1ec5 d\u00e0ng v\u00e0 hi\u1ec3n th\u1ecb r\u00f5 r\u00e0ng c\u00e1c c\u00e0i \u0111\u1eb7t \u0111\u00e3 th\u1ef1c hi\u1ec7n.<\/p>\n<p>V\u1edbi ti\u1ebfng \u1ed3n ho\u1ea1t \u0111\u1ed9ng ch\u1ec9 30- 50 dB \u1edf m\u1ee9c cao nh\u1ea5t, M<span style=\"color: #333333;\">\u00e1y l\u1ecdc kh\u00f4ng kh\u00ed Klarstein KL-VITA PURE 2G <\/span>t\u1ea1o ra s\u1ef1 y\u00ean t\u0129nh d\u1ec5 ch\u1ecbu trong c\u00f4ng vi\u1ec7c l\u00e0m s\u1ea1ch c\u1ee7a m\u00ecnh.<\/p>\n<figure id=\"attachment_66517\" aria-describedby=\"caption-attachment-66517\" style=\"width: 800px\" class=\"wp-caption alignnone\"><img loading=\"lazy\" decoding=\"async\" class=\"size-large wp-image-66517\" src=\"https:\/\/livinghome.vn\/thiet-bi\/wp-content\/uploads\/nha-bep\/klarstein\/may-loc-khong-khi\/may-loc-khong-khi-klarstein-kl-vita-pure-2g\/may-loc-khong-khi-klarstein-kl-vita-pure-2g-2-800x800.jpg\" alt=\"M\u00e1y l\u1ecdc kh\u00f4ng kh\u00ed Klarstein KL-VITA PURE 2G\" width=\"800\" height=\"800\" title=\"\"><figcaption id=\"caption-attachment-66517\" class=\"wp-caption-text\">M\u00e1y l\u1ecdc kh\u00f4ng kh\u00ed Klarstein KL-VITA PURE 2G<\/figcaption><\/figure>\n<h3>H\u1ec7 th\u1ed1ng l\u1ecdc 5 chi\u1ec1u<\/h3>\n<p>Xin l\u01b0u \u00fd r\u1eb1ng b\u1ed9 ion h\u00f3a c\u00f3 th\u1ec3 \u0111\u01b0\u1ee3c t\u00ecm th\u1ea5y b\u00ean trong thi\u1ebft b\u1ecb, g\u1ea7n c\u1eeda tho\u00e1t kh\u00ed. B\u1ea3ng \u0111i\u1ec1u khi\u1ec3n c\u1ea3m \u1ee9ng tr\u01b0\u1edbc m\u1eb7t cho ph\u00e9p \u0111i\u1ec1u khi\u1ec3n thi\u1ebft b\u1ecb nhanh ch\u00f3ng v\u00e0 d\u1ec5 d\u00e0ng,hi\u1ec3n th\u1ecb c\u00e1c ch\u1ee9c n\u0103ng \u0111\u1eab \u0111\u01b0\u1ee3c l\u1ef1a ch\u1ecdn. M\u00e1y l\u1ecdc kh\u00f4ng kh\u00ed lo\u1ea1i b\u1ecf b\u1ee5i m\u1ecbn, ch\u1ea5t g\u00e2y d\u1ecb \u1ee9ng, ph\u1ea5n hoa, vi khu\u1ea9n v\u00e0 m\u00f9i h\u00f4i.<\/p>\n<p>H\u1ec7 th\u1ed1ng l\u1ecdc 5 chi\u1ec1u: B\u1ed9 l\u1ecdc s\u01a1 b\u1ed9, b\u1ed9 l\u1ecdc HEPA13 v\u00e0 b\u1ed9 l\u1ecdc than ho\u1ea1t t\u00ednh, b\u1ed9 kh\u1eed tr\u00f9ng v\u00e0 ion h\u00f3a UV-C, lo\u1ea1i b\u1ecf 99,97% t\u1ea5t c\u1ea3 c\u00e1c h\u1ea1t t\u1eeb kh\u00f4ng kh\u00ed.<\/p>\n<p>H\u1ec7 th\u1ed1ng l\u1ecdc 5 chi\u1ec1u:B\u1ed9 l\u1ecdc s\u01a1 b\u1ed9, b\u1ed9 l\u1ecdc HEPA13 v\u00e0 b\u1ed9 l\u1ecdc than ho\u1ea1t t\u00ednh, b\u1ed9 kh\u1eed tr\u00f9ng v\u00e0 ion h\u00f3a UV-C,lo\u1ea1i b\u1ecf 99,97% t\u1ea5t c\u1ea3 c\u00e1c h\u1ea1t t\u1eeb kh\u00f4ng kh\u00ed.<\/p>\n<figure id=\"attachment_66520\" aria-describedby=\"caption-attachment-66520\" style=\"width: 800px\" class=\"wp-caption alignnone\"><img loading=\"lazy\" decoding=\"async\" class=\"size-large wp-image-66520\" src=\"https:\/\/livinghome.vn\/thiet-bi\/wp-content\/uploads\/nha-bep\/klarstein\/may-loc-khong-khi\/may-loc-khong-khi-klarstein-kl-vita-pure-2g\/may-loc-khong-khi-klarstein-kl-vita-pure-2g-3-800x800.jpg\" alt=\"M\u00e1y l\u1ecdc kh\u00f4ng kh\u00ed Klarstein KL-VITA PURE 2G\" width=\"800\" height=\"800\" title=\"\"><figcaption id=\"caption-attachment-66520\" class=\"wp-caption-text\">M\u00e1y l\u1ecdc kh\u00f4ng kh\u00ed Klarstein KL-VITA PURE 2G<\/figcaption><\/figure>\n<h3>Gia \u0111\u00ecnh b\u1ea1n s\u1ebd \u0111\u01b0\u1ee3c t\u1eadn h\u01b0\u1edfng kh\u00f4ng kh\u00ed trong l\u00e0nh nh\u1edd c\u00f3 Vita Pure 2G<\/h3>\n<figure id=\"attachment_66519\" aria-describedby=\"caption-attachment-66519\" style=\"width: 800px\" class=\"wp-caption alignnone\"><img loading=\"lazy\" decoding=\"async\" class=\"size-large wp-image-66519\" src=\"https:\/\/livinghome.vn\/thiet-bi\/wp-content\/uploads\/nha-bep\/klarstein\/may-loc-khong-khi\/may-loc-khong-khi-klarstein-kl-vita-pure-2g\/may-loc-khong-khi-klarstein-kl-vita-pure-2g-4-800x800.jpg\" alt=\"M\u00e1y l\u1ecdc kh\u00f4ng kh\u00ed Klarstein KL-VITA PURE 2G\" width=\"800\" height=\"800\" title=\"\"><figcaption id=\"caption-attachment-66519\" class=\"wp-caption-text\">M\u00e1y l\u1ecdc kh\u00f4ng kh\u00ed Klarstein KL-VITA PURE 2G<\/figcaption><\/figure>\n<\/div>\n","protected":false},"excerpt":{"rendered":"<p>M\u00e1y l\u1ecdc kh\u00f4ng kh\u00ed Klarstein KL-VITA PURE 2G \u0111i\u1ec1u khi\u1ec3n c\u1ea3m \u1ee9ng v\u1edbi \u0111\u00e8n LED ho\u1ea1t \u0111\u1ed9ng hi\u1ec7n \u0111\u1ea1i \u0110\u1eb7c T\u00ednh N\u1ed5i B\u1eadt Lo\u1ea1i s\u1ea3n ph\u1ea9m: m\u00e1y l\u1ecdc kh\u00f4ng kh\u00ed C\u00f4ng su\u1ea5t ti\u00eau th\u1ee5: 55 watt. CADR (T\u1ef7 l\u1ec7 ph\u00e2n ph\u1ed1i kh\u00f4ng kh\u00ed s\u1ea1ch): \u2265125cfm (ti\u00eau chu\u1ea9n AHAM 0,1\u03bcm). N\u1ed3ng \u0111\u1ed9 ion: \u22653.0 x 10\u00a0-6\u00a0ion\/cm\u00b3. [&#8230;]\n","protected":false},"featured_media":1265,"comment_status":"open","ping_status":"closed","template":"","meta":[],"product_brand":[],"product_cat":[101,217],"product_tag":[218,245,246],"class_list":{"0":"post-1119","1":"product","2":"type-product","3":"status-publish","4":"has-post-thumbnail","6":"product_cat-gia-dung-khac","7":"product_cat-thuong-hieu-klarstein","8":"product_tag-klarstein","9":"product_tag-may-loc-khong-khi","10":"product_tag-may-loc-khong-khi-klarstein","12":"first","13":"instock","14":"sale","15":"shipping-taxable","16":"purchasable","17":"product-type-simple"},"_links":{"self":[{"href":"https:\/\/livinghome.vn\/thiet-bi\/wp-json\/wp\/v2\/product\/1119","targetHints":{"allow":["GET"]}}],"collection":[{"href":"https:\/\/livinghome.vn\/thiet-bi\/wp-json\/wp\/v2\/product"}],"about":[{"href":"https:\/\/livinghome.vn\/thiet-bi\/wp-json\/wp\/v2\/types\/product"}],"replies":[{"embeddable":true,"href":"https:\/\/livinghome.vn\/thiet-bi\/wp-json\/wp\/v2\/comments?post=1119"}],"wp:featuredmedia":[{"embeddable":true,"href":"https:\/\/livinghome.vn\/thiet-bi\/wp-json\/wp\/v2\/media\/1265"}],"wp:attachment":[{"href":"https:\/\/livinghome.vn\/thiet-bi\/wp-json\/wp\/v2\/media?parent=1119"}],"wp:term":[{"taxonomy":"product_brand","embeddable":true,"href":"https:\/\/livinghome.vn\/thiet-bi\/wp-json\/wp\/v2\/product_brand?post=1119"},{"taxonomy":"product_cat","embeddable":true,"href":"https:\/\/livinghome.vn\/thiet-bi\/wp-json\/wp\/v2\/product_cat?post=1119"},{"taxonomy":"product_tag","embeddable":true,"href":"https:\/\/livinghome.vn\/thiet-bi\/wp-json\/wp\/v2\/product_tag?post=1119"}],"curies":[{"name":"wp","href":"https:\/\/api.w.org\/{rel}","templated":true}]}}