{"id":1114,"date":"2023-01-12T13:18:58","date_gmt":"2023-01-12T13:18:58","guid":{"rendered":"https:\/\/livinghome.vn\/thiet-bi\/?post_type=product&#038;p=1114"},"modified":"2024-11-29T14:20:46","modified_gmt":"2024-11-29T07:20:46","slug":"am-sieu-toc-klarstein-kl-aquavita-cream-than-bang-chat-lieu-thep-khong-gi-phu-son-mau-kem-cao-cap","status":"publish","type":"product","link":"https:\/\/livinghome.vn\/thiet-bi\/am-sieu-toc-klarstein-kl-aquavita-cream-than-bang-chat-lieu-thep-khong-gi-phu-son-mau-kem-cao-cap\/","title":{"rendered":"\u1ea4m si\u00eau t\u1ed1c Klarstein KL-AQUAVITA Cream th\u00e2n b\u1eb1ng ch\u1ea5t li\u1ec7u th\u00e9p kh\u00f4ng g\u1ec9 ph\u1ee7 s\u01a1n m\u00e0u kem cao c\u1ea5p"},"content":{"rendered":"<h2>\u1ea4m si\u00eau t\u1ed1c Klarstein KL-AQUAVITA Cream c\u00f3 c\u00f4ng su\u1ea5t m\u1ea1nh m\u1ebd 2200W &#8211; dung t\u00edch 1,7 L\u00edt<\/h2>\n<figure id=\"attachment_66417\" aria-describedby=\"caption-attachment-66417\" style=\"width: 800px\" class=\"wp-caption alignnone\"><img loading=\"lazy\" decoding=\"async\" class=\"size-large wp-image-66417\" src=\"https:\/\/livinghome.vn\/thiet-bi\/wp-content\/uploads\/nha-bep\/klarstein\/am-sieu-toc\/am-sieu-toc-klarstein-kl-aquavita-cream\/am-sieu-toc-klarstein-kl-aquavita-cream-3-800x800.jpg\" alt=\"\u1ea4m si\u00eau t\u1ed1c KlarsteinKL-AQUAVITA Cream\" width=\"800\" height=\"800\" title=\"\"><figcaption id=\"caption-attachment-66417\" class=\"wp-caption-text\">\u1ea4m si\u00eau t\u1ed1c KlarsteinKL-AQUAVITA Cream<\/figcaption><\/figure>\n<h3>T\u00ednh n\u0103ng &amp; K\u00edch th\u01b0\u1edbc<\/h3>\n<div class=\"entry-content\">\n<ul>\n<li>Lo\u1ea1i s\u1ea3n ph\u1ea9m: <a href=\"https:\/\/livinghome.vn\/thiet-bi\/gia-dung-khac\/\">\u1ea5m si\u00eau t\u1ed1c<\/a><\/li>\n<li>C\u00f4ng su\u1ea5t: 2200W.<\/li>\n<li>M\u00e0u s\u1eafc: m\u00e0u kem<\/li>\n<li>Dung t\u00edch: 1,7 l\u00edt.<\/li>\n<li>Tr\u1ecdng l\u01b0\u1ee3ng: 948g.<\/li>\n<li>K\u00edch th\u01b0\u1edbc: 17x17x25.5 cm.<\/li>\n<li>Ch\u1ebf \u0111\u1ed9 t\u1eaft m\u00e1y t\u1ef1 \u0111\u1ed9ng v\u00e0 b\u1eb1ng tay.<\/li>\n<li>B\u1ea3o v\u1ec7 qu\u00e1 nhi\u1ec7t v\u00e0 ch\u1ed1ng ch\u00e1y.<\/li>\n<li>M\u00e0ng l\u1ecdc c\u1eb7n t\u1ea1i v\u00f2i.<\/li>\n<li>\u0110\u01b0\u1eddng k\u00ednh mi\u1ec7ng \u1ea5m 17cm l\u1ea5y n\u01b0\u1edbc r\u1ea5t ti\u1ec7n ko b\u1ecb ra ch\u1ea3y ra ngo\u00e0i.<\/li>\n<\/ul>\n<h3>Dung t\u00edch v\u1edbi c\u00f4ng su\u1ea5t v\u1eeba ph\u1ea3i<\/h3>\n<p>\u1ea4m si\u00eau t\u1ed1c Klarstein KL-AQUAVITA Cream v\u1edbi dung t\u00edch 1,7 l\u00edt c\u00f4ng su\u1ea5t 2200W thi\u1ebft k\u1ebf ki\u1ec3u d\u00e1ng gi\u1ed1ng nh\u01b0 m\u1ed9t chi\u1ebfc \u1ea5m u\u1ed1ng tr\u00e0 c\u1ed5 \u0111i\u1ec3n v\u1edbi gam m\u00e0u kem sang tr\u1ecdng s\u1ebd g\u00f3p ph\u1ea7n t\u00f4 \u0111i\u1ec3m th\u00eam cho kh\u00f4ng gian c\u0103n b\u1ebfp nh\u00e0 b\u1ea1n.<\/p>\n<figure id=\"attachment_66413\" aria-describedby=\"caption-attachment-66413\" style=\"width: 800px\" class=\"wp-caption alignnone\"><img loading=\"lazy\" decoding=\"async\" class=\"size-large wp-image-66413\" src=\"https:\/\/livinghome.vn\/thiet-bi\/wp-content\/uploads\/nha-bep\/klarstein\/am-sieu-toc\/am-sieu-toc-klarstein-kl-aquavita-cream\/am-sieu-toc-klarstein-kl-aquavita-cream-1-800x800.jpg\" alt=\"\u1ea4m si\u00eau t\u1ed1c KlarsteinKL-AQUAVITA Cream\" width=\"800\" height=\"800\" title=\"\"><figcaption id=\"caption-attachment-66413\" class=\"wp-caption-text\">\u1ea4m si\u00eau t\u1ed1c KlarsteinKL-AQUAVITA Cream<\/figcaption><\/figure>\n<h3>Th\u00e2n \u00e2m \u0111\u01b0\u1ee3c l\u00e0m b\u1eb1ng ch\u1ea5t li\u1ec7u th\u00e9p si\u00eau b\u1ec1n<\/h3>\n<p>Ch\u1ea5t li\u1ec7u th\u00e9p ko g\u1ec9 ph\u1ee7 s\u01a1n cao c\u1ea5p b\u00f3ng \u0111\u1eb9p v\u00e0 b\u1ec1n m\u00e0u.<\/p>\n<p>V\u1edbi thi\u1ebft k\u1ebf th\u00e2n b\u00ecnh \u0111\u01b0\u1ee3c l\u00e0m t\u1eeb ch\u1ea5t li\u1ec7u inox v\u1edbi \u0111\u1ed9 b\u1ec1n ch\u1eafc cao, ch\u1ed1ng \u0103n m\u00f2n v\u00e0 kh\u00f4ng b\u1ecb hoen g\u1ec9 sau m\u1ed9t th\u1eddi gian s\u1eed d\u1ee5ng. Ch\u1ea5t li\u1ec7u n\u00e0y kh\u00f4ng s\u1ea3n sinh ra c\u00e1c ch\u1ea5t \u0111\u1ed9c h\u1ea1i khi \u0111un \u1edf nhi\u1ec7t \u0111\u1ed9 cao, \u0111\u1ea3m b\u1ea3o an to\u00e0n cho s\u1ee9c kh\u1ecfe ng\u01b0\u1eddi d\u00f9ng.<\/p>\n<p>Dung t\u00edch 1,7 lit, c\u00f4ng su\u1ea5t 2200W \u0111un nhanh ti\u1ebft ki\u1ec7m \u0111i\u1ec7n.<\/p>\n<p>\u0110\u1ebf ti\u1ebfp \u0111i\u1ec7n xoay 360 \u0111\u1ed9 gi\u00fap b\u1ea1n d\u1ec5 d\u00e0ng nh\u1ea5c b\u00ecnh l\u00ean, \u0111\u1eb7t b\u00ecnh xu\u1ed1ng \u1edf m\u1ecdi g\u00f3c \u0111\u1ed9 m\u00e0 kh\u00f4ng lo v\u01b0\u1edbng. V\u1edbi c\u00f4ng su\u1ea5t ho\u1ea1t \u0111\u1ed9ng m\u1ea1nh m\u1ebd t\u1eeb 1800W \u2013 2200W c\u00f9ng m\u00e2m ph\u1eb3ng b\u1eb1ng inox 304, t\u1ecfa nhi\u1ec7t r\u1ed9ng v\u00e0 nhanh gi\u00fap n\u01b0\u1edbc \u0111\u01b0\u1ee3c \u0111un s\u00f4i nhanh ch\u00f3ng, ti\u1ebft ki\u1ec7m th\u1eddi gian cho ng\u01b0\u1eddi d\u00f9ng.<\/p>\n<figure id=\"attachment_66415\" aria-describedby=\"caption-attachment-66415\" style=\"width: 800px\" class=\"wp-caption alignnone\"><img loading=\"lazy\" decoding=\"async\" class=\"size-large wp-image-66415\" src=\"https:\/\/livinghome.vn\/thiet-bi\/wp-content\/uploads\/nha-bep\/klarstein\/am-sieu-toc\/am-sieu-toc-klarstein-kl-aquavita-cream\/am-sieu-toc-klarstein-kl-aquavita-cream-2-800x800.jpg\" alt=\"\u1ea4m si\u00eau t\u1ed1c KlarsteinKL-AQUAVITA Cream\" width=\"800\" height=\"800\" title=\"\"><figcaption id=\"caption-attachment-66415\" class=\"wp-caption-text\">\u1ea4m si\u00eau t\u1ed1c KlarsteinKL-AQUAVITA Cream<\/figcaption><\/figure>\n<h3>\u0110\u1ed3ng h\u1ed3 nhi\u1ec7t k\u1ebf v\u00e0 c\u00f4ng ngh\u1ec7 c\u1ea3m bi\u1ebfn nhi\u1ec7t<\/h3>\n<p>V\u1edbi \u0111\u1ed3ng h\u1ed3 nhi\u1ec7t \u0111\u1ed9 hi\u1ec3n th\u1ecb b\u00ean ngo\u00e0i cho bi\u1ebft nhi\u1ec7t \u0111\u1ed9 n\u01b0\u1edbc \u0111ang \u0111un.<\/p>\n<p>\u1ea4m si\u00eau t\u1ed1c Klarstein KL-AQUAVITA Cream 1,7L c\u00f3 dung t\u00edch 1.7 l\u00edt, \u0111\u00e1p \u1ee9ng nhu c\u1ea7u s\u1eed d\u1ee5ng cho gia \u0111\u00ecnh t\u1eeb 2 \u2013 4 th\u00e0nh vi\u00ean.<\/p>\n<p>Tr\u00ean th\u00e2n \u1ea5m si\u00eau t\u1ed1c c\u00f3 thi\u1ebft k\u1ebf m\u1eb7t \u0111\u1ed3ng h\u1ed3, mang \u0111\u1ebfn cho ng\u01b0\u1eddi d\u00f9ng m\u1ed9t c\u1ea3m gi\u00e1c m\u1edbi l\u1ea1. M\u1eb7t \u0111\u1ed3ng h\u1ed3 n\u00e0y ch\u00ednh l\u00e0 \u0111\u1ed3ng h\u1ed3 nhi\u1ec7t k\u1ebf th\u1ec3 hi\u1ec7n nhi\u1ec7t \u0111\u1ed9 n\u01b0\u1edbc khi \u0111un. Trong qu\u00e1 tr\u00ecnh \u0111un n\u01b0\u1edbc th\u00ec kim \u0111\u1ed3ng h\u1ed3 s\u1ebd thay \u0111\u1ed5i. Thi\u1ebft k\u1ebf \u0111\u1ed9c \u0111\u00e1o n\u00e0y gi\u00fap b\u1ea1n d\u1ec5 d\u00e0ng bi\u1ebft \u0111\u01b0\u1ee3c nhi\u1ec7t \u0111\u1ed9 n\u01b0\u1edbc khi \u0111un.<\/p>\n<p>\u1ea4m ph\u00f9 h\u1ee3p v\u1edbi c\u00e1c gia \u0111\u00ecnh s\u1eed d\u1ee5ng n\u01b0\u1edbc n\u00f3ng th\u01b0\u1eddng xuy\u00ean nh\u01b0 pha tr\u00e0, n\u1ea5u m\u00ec, pha s\u1eefa.<\/p>\n<p>\u1ea4m si\u00eau t\u1ed1c Klarstein KL-AQUAVITA Cream c\u00f2n \u0111\u01b0\u1ee3c t\u00edch h\u1ee3p c\u00f4ng ngh\u1ec7 c\u1ea3m bi\u1ebfn nhi\u1ec7t s\u1ebd t\u1ef1 \u0111\u1ed9ng ng\u1eaft \u0111i\u1ec7n khi n\u01b0\u1edbc s\u00f4i ho\u1eb7c c\u1ea1n n\u01b0\u1edbc. V\u1edbi t\u00ednh n\u0103ng n\u00e0y, b\u1ea1n s\u1ebd kh\u00f4ng c\u1ea7n ph\u1ea3i tr\u00f4ng ch\u1eebng khi s\u1eed d\u1ee5ng v\u00e0 c\u00f3 nhi\u1ec1u th\u1eddi gian \u0111\u1ec3 l\u00e0m vi\u1ec7c kh\u00e1c. B\u00ean c\u1ea1nh \u0111\u00f3 b\u1ea1n c\u0169ng s\u1ebd kh\u00f4ng ph\u1ea3i lo t\u00ecnh tr\u1ea1ng ch\u00e1y \u0111\u00e1y b\u00ecnh, b\u1ea3o \u0111\u1ea3m an to\u00e0n khi s\u1eed d\u1ee5ng.<\/p>\n<figure id=\"attachment_66416\" aria-describedby=\"caption-attachment-66416\" style=\"width: 800px\" class=\"wp-caption alignnone\"><img loading=\"lazy\" decoding=\"async\" class=\"size-large wp-image-66416\" src=\"https:\/\/livinghome.vn\/thiet-bi\/wp-content\/uploads\/nha-bep\/klarstein\/am-sieu-toc\/am-sieu-toc-klarstein-kl-aquavita-cream\/am-sieu-toc-klarstein-kl-aquavita-cream-4-800x800.jpg\" alt=\"\u1ea4m si\u00eau t\u1ed1c KlarsteinKL-AQUAVITA Cream\" width=\"800\" height=\"800\" title=\"\"><figcaption id=\"caption-attachment-66416\" class=\"wp-caption-text\">\u1ea4m si\u00eau t\u1ed1c KlarsteinKL-AQUAVITA Cream<\/figcaption><\/figure>\n<\/div>\n","protected":false},"excerpt":{"rendered":"<p>\u1ea4m si\u00eau t\u1ed1c Klarstein KL-AQUAVITA Cream c\u00f3 c\u00f4ng su\u1ea5t m\u1ea1nh m\u1ebd 2200W &#8211; dung t\u00edch 1,7 L\u00edt T\u00ednh n\u0103ng &amp; K\u00edch th\u01b0\u1edbc Lo\u1ea1i s\u1ea3n ph\u1ea9m: \u1ea5m si\u00eau t\u1ed1c C\u00f4ng su\u1ea5t: 2200W. M\u00e0u s\u1eafc: m\u00e0u kem Dung t\u00edch: 1,7 l\u00edt. Tr\u1ecdng l\u01b0\u1ee3ng: 948g. K\u00edch th\u01b0\u1edbc: 17x17x25.5 cm. Ch\u1ebf \u0111\u1ed9 t\u1eaft m\u00e1y t\u1ef1 \u0111\u1ed9ng v\u00e0 b\u1eb1ng tay. [&#8230;]\n","protected":false},"featured_media":1241,"comment_status":"open","ping_status":"closed","template":"","meta":[],"product_brand":[],"product_cat":[101,217],"product_tag":[242,243,244,218],"class_list":{"0":"post-1114","1":"product","2":"type-product","3":"status-publish","4":"has-post-thumbnail","6":"product_cat-gia-dung-khac","7":"product_cat-thuong-hieu-klarstein","8":"product_tag-am-sieu-toc","9":"product_tag-am-sieu-toc-klarstein","10":"product_tag-binh-sieu-toc","11":"product_tag-klarstein","13":"first","14":"instock","15":"sale","16":"shipping-taxable","17":"purchasable","18":"product-type-simple"},"_links":{"self":[{"href":"https:\/\/livinghome.vn\/thiet-bi\/wp-json\/wp\/v2\/product\/1114","targetHints":{"allow":["GET"]}}],"collection":[{"href":"https:\/\/livinghome.vn\/thiet-bi\/wp-json\/wp\/v2\/product"}],"about":[{"href":"https:\/\/livinghome.vn\/thiet-bi\/wp-json\/wp\/v2\/types\/product"}],"replies":[{"embeddable":true,"href":"https:\/\/livinghome.vn\/thiet-bi\/wp-json\/wp\/v2\/comments?post=1114"}],"wp:featuredmedia":[{"embeddable":true,"href":"https:\/\/livinghome.vn\/thiet-bi\/wp-json\/wp\/v2\/media\/1241"}],"wp:attachment":[{"href":"https:\/\/livinghome.vn\/thiet-bi\/wp-json\/wp\/v2\/media?parent=1114"}],"wp:term":[{"taxonomy":"product_brand","embeddable":true,"href":"https:\/\/livinghome.vn\/thiet-bi\/wp-json\/wp\/v2\/product_brand?post=1114"},{"taxonomy":"product_cat","embeddable":true,"href":"https:\/\/livinghome.vn\/thiet-bi\/wp-json\/wp\/v2\/product_cat?post=1114"},{"taxonomy":"product_tag","embeddable":true,"href":"https:\/\/livinghome.vn\/thiet-bi\/wp-json\/wp\/v2\/product_tag?post=1114"}],"curies":[{"name":"wp","href":"https:\/\/api.w.org\/{rel}","templated":true}]}}