{"id":1112,"date":"2023-01-12T13:18:58","date_gmt":"2023-01-12T13:18:58","guid":{"rendered":"https:\/\/livinghome.vn\/thiet-bi\/?post_type=product&#038;p=1112"},"modified":"2024-11-29T14:18:13","modified_gmt":"2024-11-29T07:18:13","slug":"quat-hoi-nuoc-klarstein-kl-highawn-white-chieu-cao-90cm-4kg","status":"publish","type":"product","link":"https:\/\/livinghome.vn\/thiet-bi\/quat-hoi-nuoc-klarstein-kl-highawn-white-chieu-cao-90cm-4kg\/","title":{"rendered":"Qu\u1ea1t h\u01a1i n\u01b0\u1edbc Klarstein KL-HIGHAWN WHITE chi\u1ec1u cao 90cm &#8211; 4kg"},"content":{"rendered":"<h2>Qu\u1ea1t h\u01a1i n\u01b0\u1edbc Klarstein KL-HIGHAWN WHITE \u0111i\u1ec1u khi\u1ec3n c\u1ea3m \u1ee9ng hi\u1ec7n \u0111\u1ea1i t\u1eeb xa v\u1edbi c\u1ed1ng su\u1ea5t m\u1ea1nh m\u1ebd<\/h2>\n<figure id=\"attachment_66628\" aria-describedby=\"caption-attachment-66628\" style=\"width: 800px\" class=\"wp-caption alignnone\"><img loading=\"lazy\" decoding=\"async\" class=\"size-large wp-image-66628\" src=\"https:\/\/livinghome.vn\/thiet-bi\/wp-content\/uploads\/nha-bep\/klarstein\/quat-hoi-nuoc\/quat-hoi-nuoc-klarstein-kl-highawn-white\/quat-hoi-nuoc-klarstein-kl-highawn-white-800x800.jpg\" alt=\"Qu\u1ea1t h\u01a1i n\u01b0\u1edbc Klarstein KL-HIGHAWN WHITE \" width=\"800\" height=\"800\" title=\"\"><figcaption id=\"caption-attachment-66628\" class=\"wp-caption-text\">Qu\u1ea1t h\u01a1i n\u01b0\u1edbc Klarstein KL-HIGHAWN WHITE<\/figcaption><\/figure>\n<h3 class=\"uppercase\">TH\u00d4NG S\u1ed0 K\u1ef8 THU\u1eacT<\/h3>\n<ul>\n<li>Lo\u1ea1i s\u1ea3n ph\u1ea9m: <a href=\"https:\/\/livinghome.vn\/thiet-bi\/gia-dung-khac\/\">qu\u1ea1t h\u01a1i n\u01b0\u1edbc<\/a><\/li>\n<li>C\u00e1c m\u1ee9c c\u00f4ng su\u1ea5t: th\u1ea5p, trung b\u00ecnh, cao<\/li>\n<li>Ch\u1ebf \u0111\u1ed9 ho\u1ea1t \u0111\u1ed9ng: b\u00ecnh th\u01b0\u1eddng, ch\u1ebf \u0111\u1ed9 ban \u0111\u00eam, ch\u1ebf \u0111\u1ed9 t\u1ef1 nhi\u00ean<\/li>\n<li>Ch\u1ebf \u0111\u1ed9 ban \u0111\u00eam: Gi\u1ea3m t\u1ed1c \u0111\u1ed9 cho \u0111\u1ebfn khi t\u1eaft m\u00e1y<\/li>\n<li>Ch\u1ebf \u0111\u1ed9 t\u1ef1 nhi\u00ean: t\u0103ng v\u00e0 gi\u1ea3m t\u1ed1c \u0111\u1ed9 th\u00f4ng gi\u00f3<\/li>\n<li>H\u1eb9n gi\u1edd: \u0111i\u1ec1u ch\u1ec9nh trong kho\u1ea3ng t\u1eeb 1 \u0111\u1ebfn 7 gi\u1edd<\/li>\n<li>Ph\u1ea7n \u0111i\u1ec1u khi\u1ec3n c\u1ea3m \u1ee9ng<\/li>\n<li>\u0110\u00e8n LED<\/li>\n<li>B\u00e1o m\u1ee9c n\u01b0\u1edbc<\/li>\n<li>B\u1ed9 l\u1ecdc kh\u00f4ng kh\u00ed c\u00f3 th\u1ec3 th\u00e1o r\u1eddi<\/li>\n<li>Mi\u1ebfng cao su ch\u1ed1ng tr\u01a1n tr\u01b0\u1ee3t<\/li>\n<li>C\u00f4ng su\u1ea5t: 40W<\/li>\n<li>\u0110i\u1ec1u khi\u1ec3n t\u1eeb xa cung c\u1ea5p \u0111i\u1ec7n: 1 x pin CR2025 (bao g\u1ed3m)<\/li>\n<li>Ngu\u1ed3n \u0111i\u1ec7n: AC 220-240V, 50\/60 Hz<\/li>\n<li>Chi\u1ec1u cao: 90 cm<\/li>\n<li>\u0110\u01b0\u1eddng k\u00ednh c\u01a1 s\u1edf: 24 cm (\u00d8)<\/li>\n<li>Chi\u1ec1u d\u00e0i c\u00e1p: 1,60 m<\/li>\n<li>C\u00e2n n\u1eb7ng: kho\u1ea3ng 4,3 kg<\/li>\n<\/ul>\n<h3>Thi\u1ebft k\u1ebf hi\u1ec7n \u0111\u1ea1i<\/h3>\n<p>Qu\u1ea1t h\u01a1i n\u01b0\u1edbc Klarstein KL-HIGHAWN WHITE d\u00f9ng trong nh\u00e0 hay ph\u00f2ng l\u00e0m vi\u1ec7c \u0111\u1ec1u r\u1ea5t h\u1ee3p l\u00fd do c\u00f3 thi\u1ebft k\u1ebf nh\u1ecf g\u1ecdn v\u00e0 hi\u1ec7n \u0111\u1ea1i.<\/p>\n<figure id=\"attachment_66627\" aria-describedby=\"caption-attachment-66627\" style=\"width: 800px\" class=\"wp-caption alignnone\"><img loading=\"lazy\" decoding=\"async\" class=\"size-large wp-image-66627\" src=\"https:\/\/livinghome.vn\/thiet-bi\/wp-content\/uploads\/nha-bep\/klarstein\/quat-hoi-nuoc\/quat-hoi-nuoc-klarstein-kl-highawn-white\/quat-hoi-nuoc-klarstein-kl-highawn-white-5-800x800.jpg\" alt=\"Qu\u1ea1t h\u01a1i n\u01b0\u1edbc Klarstein KL-HIGHAWN WHITE \" width=\"800\" height=\"800\" title=\"\"><figcaption id=\"caption-attachment-66627\" class=\"wp-caption-text\">Qu\u1ea1t h\u01a1i n\u01b0\u1edbc Klarstein KL-HIGHAWN WHITE<\/figcaption><\/figure>\n<h3>V\u1edbi 03 ch\u1ebf \u0111\u1ed9 ho\u1ea1t \u0111\u1ed9ng \u0111a d\u1ea1ng<\/h3>\n<p>l\u00e0m m\u00e1t 3 trong 1 \u0111i\u1ec1u h\u00f2a kh\u00f4ng kh\u00ed v\u1edbi 3 ch\u1ebf \u0111\u1ed9 ho\u1ea1t \u0111\u1ed9ng ( B\u00ecnh th\u01b0\u1eddng, ch\u1ebf \u0111\u1ed9 ban \u0111\u00eam, ch\u1ebf \u0111\u1ed9 t\u1ef1 nhi\u00ean ) c\u00f9ng v\u1edbi thi\u1ebft k\u1ebf \u0111\u1eb9p m\u1eaft th\u00edch h\u1ee3p cho ng\u00e0y h\u00e8 n\u00f3ng b\u1ee9c<\/p>\n<figure id=\"attachment_66631\" aria-describedby=\"caption-attachment-66631\" style=\"width: 800px\" class=\"wp-caption alignnone\"><img loading=\"lazy\" decoding=\"async\" class=\"size-large wp-image-66631\" src=\"https:\/\/livinghome.vn\/thiet-bi\/wp-content\/uploads\/nha-bep\/klarstein\/quat-hoi-nuoc\/quat-hoi-nuoc-klarstein-kl-highawn-white\/quat-hoi-nuoc-klarstein-kl-highawn-white-6-800x800.jpg\" alt=\"Qu\u1ea1t h\u01a1i n\u01b0\u1edbc Klarstein KL-HIGHAWN WHITE \" width=\"800\" height=\"800\" title=\"\"><figcaption id=\"caption-attachment-66631\" class=\"wp-caption-text\">Qu\u1ea1t h\u01a1i n\u01b0\u1edbc Klarstein KL-HIGHAWN WHITE<\/figcaption><\/figure>\n<h3>T\u00ednh n\u0103ng \u0111\u1eb7c bi\u1ec7t<\/h3>\n<p>T\u1ea1o \u0111\u1ed9 \u1ea9m c\u00f3 th\u1ec3 chuy\u1ec3n \u0111\u1ed5i \u0111\u1ec3 c\u1ea3i thi\u1ec7n kh\u00ed h\u1eadu ph\u00f2ng.<\/p>\n<figure id=\"attachment_66629\" aria-describedby=\"caption-attachment-66629\" style=\"width: 800px\" class=\"wp-caption alignnone\"><img loading=\"lazy\" decoding=\"async\" class=\"size-large wp-image-66629\" src=\"https:\/\/livinghome.vn\/thiet-bi\/wp-content\/uploads\/nha-bep\/klarstein\/quat-hoi-nuoc\/quat-hoi-nuoc-klarstein-kl-highawn-white\/quat-hoi-nuoc-klarstein-kl-highawn-white-3-800x800.jpg\" alt=\"Qu\u1ea1t h\u01a1i n\u01b0\u1edbc Klarstein KL-HIGHAWN WHITE \" width=\"800\" height=\"800\" title=\"\"><figcaption id=\"caption-attachment-66629\" class=\"wp-caption-text\">Qu\u1ea1t h\u01a1i n\u01b0\u1edbc Klarstein KL-HIGHAWN WHITE<\/figcaption><\/figure>\n<h3>Thu\u1eadn t\u1ee3i v\u00e0 ti\u1ec7n l\u1ee3i<\/h3>\n<p>Ch\u1ebf \u0111\u1ed9 h\u1eb9n gi\u1edd : 0.5 \u2013 7 ti\u1ebfng.<br \/>\nC\u00f3 \u0111i\u1ec1u khi\u1ec3n t\u1eeb xa.<\/p>\n<figure id=\"attachment_66630\" aria-describedby=\"caption-attachment-66630\" style=\"width: 800px\" class=\"wp-caption alignnone\"><img loading=\"lazy\" decoding=\"async\" class=\"size-large wp-image-66630\" src=\"https:\/\/livinghome.vn\/thiet-bi\/wp-content\/uploads\/nha-bep\/klarstein\/quat-hoi-nuoc\/quat-hoi-nuoc-klarstein-kl-highawn-white\/quat-hoi-nuoc-klarstein-kl-highawn-white-2-800x800.jpg\" alt=\"Qu\u1ea1t h\u01a1i n\u01b0\u1edbc Klarstein KL-HIGHAWN WHITE \" width=\"800\" height=\"800\" title=\"\"><figcaption id=\"caption-attachment-66630\" class=\"wp-caption-text\">Qu\u1ea1t h\u01a1i n\u01b0\u1edbc Klarstein KL-HIGHAWN WHITE<\/figcaption><\/figure>\n<h3>D\u1ec5 d\u00e0ng th\u00e1o r\u1eddi<\/h3>\n<p>B\u1ed9 l\u1ecdc c\u00f3 th\u1ec3 th\u00e1o r\u1eddi th\u00edch h\u1ee3p cho vi\u1ec7c l\u00e0m s\u1ea1ch.<\/p>\n<figure id=\"attachment_66632\" aria-describedby=\"caption-attachment-66632\" style=\"width: 800px\" class=\"wp-caption alignnone\"><img loading=\"lazy\" decoding=\"async\" class=\"size-large wp-image-66632\" src=\"https:\/\/livinghome.vn\/thiet-bi\/wp-content\/uploads\/nha-bep\/klarstein\/quat-hoi-nuoc\/quat-hoi-nuoc-klarstein-kl-highawn-white\/quat-hoi-nuoc-klarstein-kl-highawn-white-1-800x800.jpg\" alt=\"Qu\u1ea1t h\u01a1i n\u01b0\u1edbc Klarstein KL-HIGHAWN WHITE \" width=\"800\" height=\"800\" title=\"\"><figcaption id=\"caption-attachment-66632\" class=\"wp-caption-text\">Qu\u1ea1t h\u01a1i n\u01b0\u1edbc Klarstein KL-HIGHAWN WHITE<\/figcaption><\/figure>\n<h3>Dung t\u00edch v\u1eeba ph\u1ea3i v\u00e0 ph\u1ee5 ki\u1ec7n \u0111i k\u00e8m<\/h3>\n<p>B\u00ecnh ch\u1ee9a n\u01b0\u1edbc 2.5L v\u00e0 1 b\u00ecnh \u0111\u00e1 \u0111i k\u00e8m.<\/p>\n<figure id=\"attachment_66633\" aria-describedby=\"caption-attachment-66633\" style=\"width: 800px\" class=\"wp-caption alignnone\"><img loading=\"lazy\" decoding=\"async\" class=\"size-large wp-image-66633\" src=\"https:\/\/livinghome.vn\/thiet-bi\/wp-content\/uploads\/nha-bep\/klarstein\/quat-hoi-nuoc\/quat-hoi-nuoc-klarstein-kl-highawn-white\/quat-hoi-nuoc-klarstein-kl-highawn-white-4-800x800.jpg\" alt=\"Qu\u1ea1t h\u01a1i n\u01b0\u1edbc Klarstein KL-HIGHAWN WHITE \" width=\"800\" height=\"800\" title=\"\"><figcaption id=\"caption-attachment-66633\" class=\"wp-caption-text\">Qu\u1ea1t h\u01a1i n\u01b0\u1edbc Klarstein KL-HIGHAWN WHITE<\/figcaption><\/figure>\n","protected":false},"excerpt":{"rendered":"<p>Qu\u1ea1t h\u01a1i n\u01b0\u1edbc Klarstein KL-HIGHAWN WHITE \u0111i\u1ec1u khi\u1ec3n c\u1ea3m \u1ee9ng hi\u1ec7n \u0111\u1ea1i t\u1eeb xa v\u1edbi c\u1ed1ng su\u1ea5t m\u1ea1nh m\u1ebd TH\u00d4NG S\u1ed0 K\u1ef8 THU\u1eacT Lo\u1ea1i s\u1ea3n ph\u1ea9m: qu\u1ea1t h\u01a1i n\u01b0\u1edbc C\u00e1c m\u1ee9c c\u00f4ng su\u1ea5t: th\u1ea5p, trung b\u00ecnh, cao Ch\u1ebf \u0111\u1ed9 ho\u1ea1t \u0111\u1ed9ng: b\u00ecnh th\u01b0\u1eddng, ch\u1ebf \u0111\u1ed9 ban \u0111\u00eam, ch\u1ebf \u0111\u1ed9 t\u1ef1 nhi\u00ean Ch\u1ebf \u0111\u1ed9 ban \u0111\u00eam: [&#8230;]\n","protected":false},"featured_media":1229,"comment_status":"open","ping_status":"closed","template":"","meta":[],"product_brand":[],"product_cat":[101,217],"product_tag":[218,240,241],"class_list":{"0":"post-1112","1":"product","2":"type-product","3":"status-publish","4":"has-post-thumbnail","6":"product_cat-gia-dung-khac","7":"product_cat-thuong-hieu-klarstein","8":"product_tag-klarstein","9":"product_tag-quat-hoi-nuoc","10":"product_tag-quat-hoi-nuoc-klarstein","12":"first","13":"instock","14":"sale","15":"shipping-taxable","16":"purchasable","17":"product-type-simple"},"_links":{"self":[{"href":"https:\/\/livinghome.vn\/thiet-bi\/wp-json\/wp\/v2\/product\/1112","targetHints":{"allow":["GET"]}}],"collection":[{"href":"https:\/\/livinghome.vn\/thiet-bi\/wp-json\/wp\/v2\/product"}],"about":[{"href":"https:\/\/livinghome.vn\/thiet-bi\/wp-json\/wp\/v2\/types\/product"}],"replies":[{"embeddable":true,"href":"https:\/\/livinghome.vn\/thiet-bi\/wp-json\/wp\/v2\/comments?post=1112"}],"wp:featuredmedia":[{"embeddable":true,"href":"https:\/\/livinghome.vn\/thiet-bi\/wp-json\/wp\/v2\/media\/1229"}],"wp:attachment":[{"href":"https:\/\/livinghome.vn\/thiet-bi\/wp-json\/wp\/v2\/media?parent=1112"}],"wp:term":[{"taxonomy":"product_brand","embeddable":true,"href":"https:\/\/livinghome.vn\/thiet-bi\/wp-json\/wp\/v2\/product_brand?post=1112"},{"taxonomy":"product_cat","embeddable":true,"href":"https:\/\/livinghome.vn\/thiet-bi\/wp-json\/wp\/v2\/product_cat?post=1112"},{"taxonomy":"product_tag","embeddable":true,"href":"https:\/\/livinghome.vn\/thiet-bi\/wp-json\/wp\/v2\/product_tag?post=1112"}],"curies":[{"name":"wp","href":"https:\/\/api.w.org\/{rel}","templated":true}]}}