{"id":1110,"date":"2023-01-12T13:18:57","date_gmt":"2023-01-12T13:18:57","guid":{"rendered":"https:\/\/livinghome.vn\/thiet-bi\/?post_type=product&#038;p=1110"},"modified":"2024-11-29T14:20:47","modified_gmt":"2024-11-29T07:20:47","slug":"noi-chien-klarstein-kl-aerovital-easy-touch-dung-tich-14l-16-chuong-trinh-nau-nuong-da-dang","status":"publish","type":"product","link":"https:\/\/livinghome.vn\/thiet-bi\/noi-chien-klarstein-kl-aerovital-easy-touch-dung-tich-14l-16-chuong-trinh-nau-nuong-da-dang\/","title":{"rendered":"N\u1ed3i chi\u00ean Klarstein KL-Aerovital Easy Touch dung t\u00edch 14L- 16 ch\u01b0\u01a1ng tr\u00ecnh n\u1ea5u n\u01b0\u1edbng \u0111a d\u1ea1ng"},"content":{"rendered":"<h2>N\u1ed3i chi\u00ean Klarstein KL-Aerovital Easy Touch c\u00f3 b\u1ea3ng \u0111i\u1ec1u khi\u1ec3n k\u1ef9 thu\u1eadt s\u1ed1 r\u00f5 r\u00e0ng v\u1edbi m\u00e0n h\u00ecnh c\u1ea3m \u1ee9ng<\/h2>\n<figure id=\"attachment_66609\" aria-describedby=\"caption-attachment-66609\" style=\"width: 800px\" class=\"wp-caption alignnone\"><img loading=\"lazy\" decoding=\"async\" class=\"size-large wp-image-66609\" src=\"https:\/\/livinghome.vn\/thiet-bi\/wp-content\/uploads\/nha-bep\/klarstein\/noi-chien-khong-dau\/noi-chien-khong-dau-klarstein-kl-aerovital-easy-touch-14l\/noi-chien-khong-dau-klarstein-kl-aerovital-easy-touch-14l-800x800.jpg\" alt=\"N\u1ed3i chi\u00ean Klarstein KL-Aerovital Easy Touch\" width=\"800\" height=\"800\" title=\"\"><figcaption id=\"caption-attachment-66609\" class=\"wp-caption-text\">N\u1ed3i chi\u00ean Klarstein KL-Aerovital Easy Touch<\/figcaption><\/figure>\n<div class=\"xw_product-section-extra\">\n<h3>\u0110\u1eb7c T\u00ednh N\u1ed5i B\u1eadt<\/h3>\n<div class=\"entry-content\">\n<ul>\n<li class=\"p1\">Tr\u1ee5c xoay tr\u00f2n : Ch\u1ebf \u0111\u1ed9 Rotisserie v\u1edbi tr\u1ee5c xoay cho m\u00f3n g\u00e0 quay nguy\u00ean con.<\/li>\n<li class=\"p1\">Hi\u1ec7u su\u1ea5t m\u1ea1nh m\u1ebd : C\u00f4ng ngh\u00ea Dual Heating v\u1edbi h\u1ec7 th\u1ed1ng l\u00e0m n\u00f3ng ph\u00eda tr\u00ean v\u00e0 d\u01b0\u1edbi, c\u00f4ng su\u1ea5t 1700w v\u1edbi c\u00e1c ch\u1ebf \u0111\u1ed9 nhi\u1ec7t t\u1eeb 50<strong>\u00b0<\/strong>C\u00a0\u2013 220<strong>\u00b0<\/strong>C.<\/li>\n<li class=\"p1\">Khoang n\u1ea5u r\u1ed9ng r\u00e3i.<\/li>\n<li class=\"p1\">Ho\u1ea1t \u0111\u1ed9ng \u0111\u01a1n gi\u1ea3n : B\u1ea3ng \u0111i\u1ec1u khi\u1ec3n k\u1ef9 thu\u1eadt s\u1ed1 r\u00f5 r\u00e0ng v\u1edbi m\u00e0n h\u00ecnh c\u1ea3m \u1ee9ng.<\/li>\n<li class=\"p1\">\u0110a n\u0103ng : N\u1ed3i g\u1ed3m 16 ch\u01b0\u01a1ng tr\u00ecnh c\u00f3 th\u1ec3 ch\u1ecdn nhi\u1ec1u m\u00f3n \u0103n, v\u00ed d\u1ee5 nh\u01b0 khoai t\u00e2y chi\u00ean, c\u00e1, b\u00edt t\u1ebft &amp; b\u00e1nh.<\/li>\n<li class=\"p1\">Thi\u1ebft k\u1ebf sang tr\u1ecdng, qu\u00fd ph\u00e1i v\u1edbi c\u1eeda k\u00ednh l\u1edbn d\u1ec5 d\u00e0ng quan s\u00e1t qu\u00e1 tr\u00ecnh n\u1ea5u n\u01b0\u1edbng.<\/li>\n<li class=\"p1\">B\u1ed9 ph\u1ee5 ki\u1ec7n h\u1ed7 tr\u1ee3 : B\u1ed9 ph\u1ee5 ki\u1ec7n 5 m\u00f3n \u0111i k\u00e8m theo n\u1ed3i.<\/li>\n<\/ul>\n<\/div>\n<\/div>\n<div class=\"xw_product-section-extra\">\n<h3>T\u00ednh n\u0103ng &amp; K\u00edch th\u01b0\u1edbc<\/h3>\n<div class=\"entry-content\">\n<div class=\"Product_infoContent__3srJU\">\n<ul>\n<li>Lo\u1ea1i s\u1ea3n ph\u1ea9m: <a href=\"https:\/\/livinghome.vn\/thiet-bi\/gia-dung-khac\/\">n\u1ed3i chi\u00ean kh\u00f4ng d\u1ea7u<\/a><\/li>\n<li class=\"p1\">Dung t\u00edch: 14 l\u00edt.<\/li>\n<li class=\"p1\">B\u1ea3ng \u0111i\u1ec1u khi\u1ec3n k\u1ef9 thu\u1eadt s\u1ed1 v\u1edbi m\u00e0n h\u00ecnh c\u1ea3m \u1ee9ng.<\/li>\n<li class=\"p1\">C\u00f4ng ngh\u1ec7 DualHeating : nhi\u1ec7t tr\u00ean v\u00e0 d\u01b0\u1edbi.<\/li>\n<li class=\"p1\">C\u00f4ng su\u1ea5t: 1700W.<\/li>\n<li class=\"p1\">16 ch\u01b0\u01a1ng tr\u00ecnh c\u00f3 th\u1ec3 l\u1ef1a ch\u1ecdn.<\/li>\n<li class=\"p1\">N\u1eafp m\u1edf ph\u00eda tr\u01b0\u1edbc v\u1edbi c\u1eeda s\u1ed5 k\u00ednh.<\/li>\n<li class=\"p1\">B\u1ed9 \u0111i\u1ec1u nhi\u1ec7t: 50 \u2013 220\u00b0C.<\/li>\n<li class=\"p1\">V\u1ecf ch\u1ecbu nhi\u1ec7t l\u00e0m b\u1eb1ng th\u00e9p kh\u00f4ng g\u1ec9.<\/li>\n<li class=\"p1\">Ngu\u1ed3n \u0111i\u1ec7n: 220-240V ~ | 50\/60 Hz.<\/li>\n<li class=\"p1\">K\u00edch th\u01b0\u1edbc: x\u1ea5p x\u1ec9 33 x 38,5 x 37,5 cm (WxHxD).<\/li>\n<li class=\"p1\">K\u00edch th\u01b0\u1edbc b\u00ean trong: kho\u1ea3ng 26 x 20,5 x 27 cm (WxHxD).<\/li>\n<li class=\"p1\">Chi\u1ec1u d\u00e0i d\u00e2y \u0111i\u1ec7n: kho\u1ea3ng 120 cm.<\/li>\n<li class=\"p1\">Tr\u1ecdng l\u01b0\u1ee3ng: x\u1ea5p x\u1ec9 8,8 kg.<\/li>\n<\/ul>\n<h3><span id=\"cong-nghe-dual-heating\">C\u00f4ng ngh\u1ec7 Dual Heating<\/span><\/h3>\n<p>V\u1edbi N\u1ed3i chi\u00ean Klarstein KL-Aerovital Easy Touch 14L , vi\u1ec7c n\u1ea5u n\u01b0\u1edbng s\u1ebd tr\u1edf n\u00ean \u0111\u01a1n gi\u1ea3n h\u01a1n bao gi\u1edd h\u1ebft v\u1edbi c\u00f4ng ngh\u1ec7 chi\u00ean n\u01b0\u1edbng m\u1ea1nh m\u1ebd c\u00f9ng nhi\u1ec1u ch\u1ee9c n\u0103ng, ch\u1ebf \u0111\u1ed9 c\u00e0i s\u1eb5n.<\/p>\n<p>\u0110i\u1ec3m n\u1ed5i b\u1eadt c\u1ee7a N\u1ed3i chi\u00ean Klarstein KL-Aerovital Easy Touch 14L ch\u00ednh l\u00e0 c\u00f4ng ngh\u1ec7 Dual Heating v\u1edbi h\u1ec7 th\u1ed1ng l\u00e0 n\u00f3ng nhi\u1ec7t tr\u00ean v\u00e0 d\u01b0\u1edbi, b\u1ea1n c\u00f3 th\u1ec3 n\u1ea5u \u0103n tho\u1ea3i m\u00e1i v\u00e0 \u0111a d\u1ea1ng c\u00e1c m\u00f3n n\u01b0\u1edbng, quay v\u00e0 chi\u00ean th\u1ef1c ph\u1ea9m. Nhi\u1ec7t t\u1eeb c\u00e1c b\u1ed9 ph\u1eadn tr\u00ean v\u00e0 d\u01b0\u1edbi \u0111\u01b0\u1ee3c l\u00e0m n\u00f3ng nhanh ch\u00f3ng v\u00e0 t\u1ed1i \u01b0u nh\u1edd qu\u1ea1t kh\u00f4ng kh\u00ed tu\u1ea7n ho\u00e0n \u1edf ph\u00eda tr\u00ean, th\u1ef1c ph\u1ea9m s\u1ebd \u0111\u01b0\u1ee3c n\u1ea5u ch\u00edn m\u1ed9t c\u00e1ch d\u1ec5 d\u00e0ng v\u00e0 nhanh ch\u00f3ng.<\/p>\n<figure id=\"attachment_66610\" aria-describedby=\"caption-attachment-66610\" style=\"width: 800px\" class=\"wp-caption alignnone\"><img loading=\"lazy\" decoding=\"async\" class=\"size-large wp-image-66610\" src=\"https:\/\/livinghome.vn\/thiet-bi\/wp-content\/uploads\/nha-bep\/klarstein\/noi-chien-khong-dau\/noi-chien-khong-dau-klarstein-kl-aerovital-easy-touch-14l\/noi-chien-khong-dau-klarstein-kl-aerovital-easy-touch-14l-3-800x800.jpg\" alt=\"N\u1ed3i chi\u00ean Klarstein KL-Aerovital Easy Touch\" width=\"800\" height=\"800\" title=\"\"><figcaption id=\"caption-attachment-66610\" class=\"wp-caption-text\">N\u1ed3i chi\u00ean Klarstein KL-Aerovital Easy Touch<\/figcaption><\/figure>\n<h3><span id=\"dung-tich-14-lit-8211-16-chuong-trinh-nau-nuong-da-dang\">Dung t\u00edch 14 L\u00edt \u2013 16 ch\u01b0\u01a1ng tr\u00ecnh n\u1ea5u n\u01b0\u1edbng \u0111a d\u1ea1ng<\/span><\/h3>\n<p>Vi\u1ec7c v\u1eadn h\u00e0nh, s\u1eed d\u1ee5ng n\u1ed3i c\u0169ng v\u00f4 c\u00f9ng \u0111\u01a1n gi\u1ea3n v\u1edbi 16 ch\u01b0\u01a1ng tr\u00ecnh v\u1edbi nhi\u1ec7t \u0111\u1ed9 v\u00e0 th\u1eddi gian \u0111\u01b0\u1ee3c c\u00e0i s\u1eb5n c\u1ee7a N\u1ed3i chi\u00ean Klarstein KL-Aerovital Easy Touch 14l. T\u1ea5t nhi\u00ean, b\u1ea1n v\u1eabn c\u00f3 th\u1ec3 c\u00e0i \u0111\u1eb7t th\u1ee7 c\u00f4ng nhi\u1ec7t \u0111\u1ed9 v\u00e0 th\u1eddi gian theo \u00fd c\u1ee7a m\u00ecnh. Ngo\u00e0i ra vi\u1ec7c n\u1ea5u n\u01b0\u1edbng c\u0169ng thu\u1eadn ti\u1ec7n h\u01a1n v\u1edbi ch\u1ebf \u0111\u1ed9 h\u1eb9n gi\u1edd n\u1ea5u c\u1ee7a n\u1ed3i (t\u1eeb 10 ph\u00fat \u0111\u1ebfn 60 ph\u00fat).<\/p>\n<figure id=\"attachment_66608\" aria-describedby=\"caption-attachment-66608\" style=\"width: 800px\" class=\"wp-caption alignnone\"><img loading=\"lazy\" decoding=\"async\" class=\"size-large wp-image-66608\" src=\"https:\/\/livinghome.vn\/thiet-bi\/wp-content\/uploads\/nha-bep\/klarstein\/noi-chien-khong-dau\/noi-chien-khong-dau-klarstein-kl-aerovital-easy-touch-14l\/noi-chien-khong-dau-klarstein-kl-aerovital-easy-touch-14l-1-800x800.jpg\" alt=\"N\u1ed3i chi\u00ean Klarstein KL-Aerovital Easy Touch\" width=\"800\" height=\"800\" title=\"\"><figcaption id=\"caption-attachment-66608\" class=\"wp-caption-text\">N\u1ed3i chi\u00ean Klarstein KL-Aerovital Easy Touch<\/figcaption><\/figure>\n<p>V\u1edbi dung t\u00edch 14 l\u00edt, khoang n\u1ed3i tho\u1ea3i m\u00e1i \u0111\u1ec3 b\u1ea1n c\u00f3 th\u1ec3 chi\u00ean n\u01b0\u1edbng nhi\u1ec1u lo\u1ea1i th\u1ef1c ph\u1ea9m kh\u00e1c nhau v\u00e0 d\u0129 nhi\u00ean c\u00f3 th\u1ec3 quay nguy\u00ean 1 con g\u00e0 n\u01b0\u1edbng trong n\u1ed3i. B\u1ea1n c\u00f3 th\u1ec3 d\u1ec5 d\u00e0ng quan s\u00e1t qu\u00e1 tr\u00ecnh n\u01b0\u1edbng c\u1ee7a th\u1ef1c ph\u1ea9m v\u1edbi c\u1eeda s\u1ed5 b\u1eb1ng k\u00ednh l\u1edbn.<br \/>\nN\u1ed3i chi\u00ean Klarstein KL-Aerovital Easy Touch c\u00f3 th\u1ec3 d\u1ec5 d\u00e0ng b\u1eadt t\u1eaft \u0111\u00e8n trong khoang n\u1ed3i trong khi n\u1ed3i \u0111ang ch\u1ea1y.<\/p>\n<figure id=\"attachment_66606\" aria-describedby=\"caption-attachment-66606\" style=\"width: 800px\" class=\"wp-caption alignnone\"><img loading=\"lazy\" decoding=\"async\" class=\"size-large wp-image-66606\" src=\"https:\/\/livinghome.vn\/thiet-bi\/wp-content\/uploads\/nha-bep\/klarstein\/noi-chien-khong-dau\/noi-chien-khong-dau-klarstein-kl-aerovital-easy-touch-14l\/noi-chien-khong-dau-klarstein-kl-aerovital-easy-touch-14l-4-800x800.jpg\" alt=\"N\u1ed3i chi\u00ean Klarstein KL-Aerovital Easy Touch\" width=\"800\" height=\"800\" title=\"\"><figcaption id=\"caption-attachment-66606\" class=\"wp-caption-text\">N\u1ed3i chi\u00ean Klarstein KL-Aerovital Easy Touch<\/figcaption><\/figure>\n<\/div>\n<\/div>\n<\/div>\n","protected":false},"excerpt":{"rendered":"<p>N\u1ed3i chi\u00ean Klarstein KL-Aerovital Easy Touch c\u00f3 b\u1ea3ng \u0111i\u1ec1u khi\u1ec3n k\u1ef9 thu\u1eadt s\u1ed1 r\u00f5 r\u00e0ng v\u1edbi m\u00e0n h\u00ecnh c\u1ea3m \u1ee9ng \u0110\u1eb7c T\u00ednh N\u1ed5i B\u1eadt Tr\u1ee5c xoay tr\u00f2n : Ch\u1ebf \u0111\u1ed9 Rotisserie v\u1edbi tr\u1ee5c xoay cho m\u00f3n g\u00e0 quay nguy\u00ean con. Hi\u1ec7u su\u1ea5t m\u1ea1nh m\u1ebd : C\u00f4ng ngh\u00ea Dual Heating v\u1edbi h\u1ec7 th\u1ed1ng l\u00e0m n\u00f3ng ph\u00eda [&#8230;]\n","protected":false},"featured_media":1218,"comment_status":"open","ping_status":"closed","template":"","meta":[],"product_brand":[],"product_cat":[101,217],"product_tag":[218,238,104,239],"class_list":{"0":"post-1110","1":"product","2":"type-product","3":"status-publish","4":"has-post-thumbnail","6":"product_cat-gia-dung-khac","7":"product_cat-thuong-hieu-klarstein","8":"product_tag-klarstein","9":"product_tag-noi-chien","10":"product_tag-noi-chien-khong-dau","11":"product_tag-noi-chien-khong-dau-klarstein","13":"first","14":"instock","15":"sale","16":"shipping-taxable","17":"purchasable","18":"product-type-simple"},"_links":{"self":[{"href":"https:\/\/livinghome.vn\/thiet-bi\/wp-json\/wp\/v2\/product\/1110","targetHints":{"allow":["GET"]}}],"collection":[{"href":"https:\/\/livinghome.vn\/thiet-bi\/wp-json\/wp\/v2\/product"}],"about":[{"href":"https:\/\/livinghome.vn\/thiet-bi\/wp-json\/wp\/v2\/types\/product"}],"replies":[{"embeddable":true,"href":"https:\/\/livinghome.vn\/thiet-bi\/wp-json\/wp\/v2\/comments?post=1110"}],"wp:featuredmedia":[{"embeddable":true,"href":"https:\/\/livinghome.vn\/thiet-bi\/wp-json\/wp\/v2\/media\/1218"}],"wp:attachment":[{"href":"https:\/\/livinghome.vn\/thiet-bi\/wp-json\/wp\/v2\/media?parent=1110"}],"wp:term":[{"taxonomy":"product_brand","embeddable":true,"href":"https:\/\/livinghome.vn\/thiet-bi\/wp-json\/wp\/v2\/product_brand?post=1110"},{"taxonomy":"product_cat","embeddable":true,"href":"https:\/\/livinghome.vn\/thiet-bi\/wp-json\/wp\/v2\/product_cat?post=1110"},{"taxonomy":"product_tag","embeddable":true,"href":"https:\/\/livinghome.vn\/thiet-bi\/wp-json\/wp\/v2\/product_tag?post=1110"}],"curies":[{"name":"wp","href":"https:\/\/api.w.org\/{rel}","templated":true}]}}