{"id":1109,"date":"2023-01-12T13:18:57","date_gmt":"2023-01-12T13:18:57","guid":{"rendered":"https:\/\/livinghome.vn\/thiet-bi\/?post_type=product&#038;p=1109"},"modified":"2024-11-29T14:20:47","modified_gmt":"2024-11-29T07:20:47","slug":"noi-chien-khong-dau-klarstein-kl-vitair-turbo-6-chuong-trinh-nau-nuong-dung-tich-9l","status":"publish","type":"product","link":"https:\/\/livinghome.vn\/thiet-bi\/noi-chien-khong-dau-klarstein-kl-vitair-turbo-6-chuong-trinh-nau-nuong-dung-tich-9l\/","title":{"rendered":"N\u1ed3i chi\u00ean kh\u00f4ng d\u1ea7u Klarstein KL-VITAIR TURBO 6 ch\u01b0\u01a1ng tr\u00ecnh n\u1ea5u n\u01b0\u1edbng &#8211; dung t\u00edch 9L"},"content":{"rendered":"<h2>N\u1ed3i chi\u00ean kh\u00f4ng d\u1ea7u Klarstein KL-VITAIR TURBO c\u00f4ng ngh\u1ec7 l\u00e0m n\u00f3ng b\u1eb1ng \u0111\u00e8n h\u1ed1ng ngo\u1ea1i Halogen 1400W<\/h2>\n<figure id=\"attachment_66614\" aria-describedby=\"caption-attachment-66614\" style=\"width: 800px\" class=\"wp-caption alignnone\"><img loading=\"lazy\" decoding=\"async\" class=\"size-large wp-image-66614\" src=\"https:\/\/livinghome.vn\/thiet-bi\/wp-content\/uploads\/nha-bep\/klarstein\/noi-chien-khong-dau\/noi-chien-khong-dau-klarstein-kl-vitair-turbo\/noi-chien-khong-dau-klarstein-kl-vitair-turbo-800x800.jpg\" alt=\"N\u1ed3i chi\u00ean kh\u00f4ng d\u1ea7u Klarstein KL-VITAIR TURBO\" width=\"800\" height=\"800\" title=\"\"><figcaption id=\"caption-attachment-66614\" class=\"wp-caption-text\">N\u1ed3i chi\u00ean kh\u00f4ng d\u1ea7u Klarstein KL-VITAIR TURBO<\/figcaption><\/figure>\n<div class=\"xw_product-section-extra\">\n<h3>\u0110\u1eb7c T\u00ednh N\u1ed5i B\u1eadt<\/h3>\n<div class=\"entry-content\">\n<ul>\n<li class=\"p1\"><a href=\"https:\/\/livinghome.vn\/thiet-bi\/gia-dung-khac\/\">N\u1ed3i chi\u00ean d\u1ea7u<\/a> d\u00f9ng \u0111\u1ec3 chi\u00ean, n\u01b0\u1edbng v\u00e0 quay kh\u00f4ng d\u1ea7u<\/li>\n<li class=\"p1\">C\u00f4ng ngh\u1ec7 l\u00e0m n\u00f3ng b\u1eb1ng \u0111\u00e8n h\u1ed3ng ngo\u1ea1i Halogen 1400w<\/li>\n<li class=\"p1\">Kh\u00f4ng gian n\u1ea5u 9l, d\u1ec5 d\u00e0ng v\u1ec7 sinh nh\u1edd l\u1edbp ch\u1ed1ng d\u00ednh c\u1ee7a khay<\/li>\n<li class=\"p1\">6 Ch\u1ebf \u0111\u1ed9 c\u00e0i \u0111\u1eb7t s\u1eb5n v\u00e0 c\u00f3 th\u1ec3 t\u1ef1 c\u00e0i \u0111\u1eb7t th\u1ee7 c\u00f4ng<\/li>\n<li class=\"p1\">Thi\u1ebft k\u1ebf n\u1eafp m\u00e1i v\u00f2m \u0111\u01b0\u1ee3c l\u00e0m b\u1eb1ng nh\u1ef1a cao c\u1ea5p v\u1edbi c\u1eeda s\u1ed5 quan s\u00e1t 310 \u0111\u1ed9<\/li>\n<li class=\"p1\">D\u1ec5 d\u00e0ng v\u1ec7 sinh v\u1edbi l\u1edbp ch\u1ed1ng d\u00ednh c\u1ee7a khay<\/li>\n<li class=\"p1\">B\u1ed9 ph\u1ee5 ki\u1ec7n \u0111i k\u00e8m \u0111a d\u1ea1ng : 1 khay n\u01b0\u1edbng tr\u00f2n, 1 v\u1ec9 n\u01b0\u1edbng, xi\u00ean g\u00e0 v\u00e0 l\u1ed3ng n\u01b0\u1edbng 3D<\/li>\n<\/ul>\n<\/div>\n<\/div>\n<div class=\"xw_product-section-extra\">\n<h3>T\u00ednh n\u0103ng &amp; K\u00edch th\u01b0\u1edbc<\/h3>\n<div class=\"entry-content\">\n<div class=\"Product_infoContent__3srJU\">\n<ul>\n<li class=\"p2\">C\u00c0I \u0110\u1eb6T B\u1ed8 H\u1eb8N GI\u1edc: T\u1ed0I \u0110A 1 GI\u1edc \/ PH\u00daT C\u00d3 TH\u1ec2 \u0110I\u1ec0U CH\u1ec8NH.<\/li>\n<li class=\"p2\">C\u00c0I \u0110\u1eb6T NHI\u1ec6T \u0110\u1ed8: 50 \u2013 230\u00b0C.<\/li>\n<li class=\"p2\">C\u00d3 TH\u1ec2 CHUY\u1ec2N \u0110\u1ed4I XOAY CHO L\u1ed2NG N\u01af\u1edaNG 3D V\u00c0 XI\u00caN N\u01af\u1edaNG.<\/li>\n<li class=\"p2\">6 CH\u01af\u01a0NG TR\u00ccNH N\u01af\u1edaNG.<\/li>\n<li class=\"p2\">CH\u1ee8C N\u0102NG H\u1eb8N GI\u1edc \u0110\u1ec2 B\u1eaeT \u0110\u1ea6U C\u00d3 KI\u1ec2M SO\u00c1T TH\u1edcI GIAN.<\/li>\n<li class=\"p2\">T\u1ef0 \u0110\u1ed8NG T\u1eaeT KHI K\u1ebeT TH\u00daC CH\u01af\u01a0NG TR\u00ccNH HO\u1eb6C KHI N\u1eaeP M\u1ede.<\/li>\n<li class=\"p2\">T\u00cdN HI\u1ec6U \u00c2M THANH.<\/li>\n<li class=\"p2\">QU\u1ea0T TH\u00d4NG GI\u00d3.<\/li>\n<li class=\"p2\">M\u00c0N H\u00ccNH LCD \u0110\u1ed8 PH\u00c2N GI\u1ea2I CAO.<\/li>\n<li class=\"p2\">NGU\u1ed2N \u0110I\u1ec6N: 220-230V, 50 \/ 60HZ.<\/li>\n<li class=\"p2\">34 X 32 X 48CM (WXHXD).<\/li>\n<li class=\"p2\">TR\u1eccNG L\u01af\u1ee2NG: X\u1ea4P X\u1ec8 8,5 KG.<\/li>\n<\/ul>\n<h3 class=\"p1\">N\u1ed3i chi\u00ean kh\u00f4ng d\u1ea7u v\u1edbi ki\u1ec3u d\u00e1ng hi\u1ec7n \u0111\u1ea1i<\/h3>\n<p class=\"p1\">N\u1ed3i chi\u00ean kh\u00f4ng d\u1ea7u Klarstein KL-VITAIR TURBO l\u00e0 m\u1ed9t n\u1ed3i chi\u00ean kh\u00f4ng d\u1ea7u v\u1edbi ki\u1ec3u d\u00e1ng hi\u1ec7n \u0111\u1ea1i, c\u00e1ch m\u1ea1ng h\u00f3a c\u00e1c nghi th\u1ee9c b\u1ebfp truy\u1ec1n th\u1ed1ng v\u00e0 d\u1ec5 d\u00e0ng v\u01b0\u1ee3t qua c\u00e1c l\u00f2 chi\u00ean, n\u01b0\u1edbng, l\u00f2 n\u01b0\u1edbng ng\u1eadp d\u1ea7u th\u00f4ng th\u01b0\u1eddng.<\/p>\n<p>Nhi\u1ec7t \u0111\u1ed9 v\u00e0 th\u1eddi gian ch\u1ea1y c\u00f3 th\u1ec3 \u0111\u01b0\u1ee3c c\u00e0i \u0111\u1eb7t th\u1ee7 c\u00f4ng, v\u1edbi nhi\u1ec7t \u0111\u1ed9 t\u1eeb 50 \u0111\u1ebfn 230\u00b0 C v\u00e0 th\u1eddi gian ch\u1ea1y l\u00ean \u0111\u1ebfn t\u1ed1i \u0111a 1 gi\u1edd \u0111\u1ec3 \u0111\u1ee7 ph\u1ea1m vi cho nhi\u1ec1u ph\u01b0\u01a1ng ph\u00e1p chu\u1ea9n b\u1ecb, ho\u1eb7c b\u1ea1n c\u00f3 th\u1ec3 s\u1eed d\u1ee5ng m\u1ed9t trong nhi\u1ec1u ch\u1ee9c n\u0103ng t\u1ef1 \u0111\u1ed9ng \u0111\u01b0\u1ee3c l\u1eadp tr\u00ecnh tr\u01b0\u1edbc \u0111\u1ec3 n\u1ea5u khoai t\u00e2y chi\u00ean, g\u00e0 n\u01b0\u1edbng, b\u00e1nh ng\u1ecdt, pizza, b\u00edt t\u1ebft 1 c\u00e1ch ho\u00e0n h\u1ea3o \u0111\u1ebfn t\u1eebng ph\u00fat<\/p>\n<h3>Ch\u1ee9c n\u0103ng h\u1eb9n gi\u1edd cho ph\u00e9p \u0111i\u1ec1u khi\u1ec3n th\u1eddi gian<\/h3>\n<p>Ch\u1ee9c n\u0103ng h\u1eb9n gi\u1edd cho ph\u00e9p \u0111i\u1ec1u khi\u1ec3n th\u1eddi gian kh\u1edfi \u0111\u1ed9ng N\u1ed3i chi\u00ean kh\u00f4ng d\u1ea7u Klarstein KL-VITAIR TURBO \u0111\u1ec3 b\u1ea1n c\u00f3 th\u1ec3 th\u01b0\u1edfng th\u1ee9c nh\u1eefng cu\u1ed9n b\u00e1nh m\u1edbi n\u01b0\u1edbng sau khi th\u1ee9c d\u1eady ho\u1eb7c m\u1ed9t b\u1eefa t\u1ed1i k\u1ebft th\u00fac sau 1 ng\u00e0y d\u00e0i l\u00e0m vi\u1ec7c c\u0103ng th\u1eb3ng. T\u1ea5t c\u1ea3 c\u00e1c ch\u1ee9c n\u0103ng \u0111\u1ec1u \u0111\u01b0\u01a1c \u0111i\u1ec1u khi\u1ec3n thu\u1eadn ti\u1ec7n th\u00f4ng qua b\u1ea3ng \u0111i\u1ec1u khi\u1ec3n v\u00e0 m\u00e0n h\u00ecnh lcd lu\u00f4n cung c\u1ea5p th\u00f4ng tin v\u1ec1 c\u00e1c ch\u01b0\u01a1ng tr\u00ecnh, nhi\u1ec7t \u0111\u1ed9 v\u00e0 th\u1eddi gian ch\u1ea1y \u0111\u00e3 ch\u1ecdn.<\/p>\n<figure id=\"attachment_66617\" aria-describedby=\"caption-attachment-66617\" style=\"width: 800px\" class=\"wp-caption alignnone\"><img loading=\"lazy\" decoding=\"async\" class=\"size-large wp-image-66617\" src=\"https:\/\/livinghome.vn\/thiet-bi\/wp-content\/uploads\/nha-bep\/klarstein\/noi-chien-khong-dau\/noi-chien-khong-dau-klarstein-kl-vitair-turbo\/noi-chien-khong-dau-klarstein-kl-vitair-turbo-4-800x800.jpg\" alt=\"N\u1ed3i chi\u00ean kh\u00f4ng d\u1ea7u Klarstein KL-VITAIR TURBO\" width=\"800\" height=\"800\" title=\"\"><figcaption id=\"caption-attachment-66617\" class=\"wp-caption-text\">N\u1ed3i chi\u00ean kh\u00f4ng d\u1ea7u Klarstein KL-VITAIR TURBO<\/figcaption><\/figure>\n<h3>C\u00e1c ch\u1ee9c n\u0103ng kh\u00e1c \u0111\u1ec1u \u0111\u01b0\u1ee3c k\u1ebft h\u1ee3p v\u1edbi c\u00e1c ph\u1ee5 ki\u1ec7n kh\u00e1c, kh\u00f4ng m\u1ea5t nhi\u1ec1u th\u1eddi gian<\/h3>\n<p>C\u00e1c ch\u1ee9c n\u0103ng c\u1ee7a N\u1ed3i chi\u00ean kh\u00f4ng d\u1ea7u Klarstein KL-VITAIR TURBO \u0111\u01b0\u1ee3c m\u1edf r\u1ed9ng khi k\u1ebft h\u1ee3p c\u00e1c ph\u1ee5 ki\u1ec7n kh\u00e1c. Khoai t\u00e2y chi\u00ean c\u00f3 th\u1ec3 \u0111\u01b0\u1ee3c k\u1eb9p trong l\u1ed3ng n\u01b0\u1edbng 3D, trong khi g\u00e0 n\u01b0\u1edbng ho\u1eb7c shashliks \u0111\u01b0\u1ee3c lu\u1ed3n tr\u00ean xi\u00ean, \u0111\u01b0\u1ee3c k\u1eb9p theo chi\u1ec1u ngang c\u1ee7a thi\u1ebft b\u1ecb. V\u00f2ng xoay c\u00f3 th\u1ec3 chuy\u1ec3n \u0111\u1ed5i \u0111\u1ea3m b\u1ea3o r\u1eb1ng khoai t\u00e2y chi\u00ean v\u00e0 c\u00e1c m\u00f3n xi\u00ean \u0111\u01b0\u1ee3c n\u01b0\u1edbng v\u00e0 ch\u00edn \u0111\u1ec1u t\u1eeb m\u1ecdi ph\u00eda. Khay tr\u00f2n c\u00f3 s\u1eb5n cho pizza, trong khi v\u1ec9 n\u01b0\u1edbng d\u00e0nh ri\u00eang cho vi\u1ec7c chu\u1ea9n b\u1ecb b\u00edt t\u1ebft.<\/p>\n<figure id=\"attachment_66617\" aria-describedby=\"caption-attachment-66617\" style=\"width: 800px\" class=\"wp-caption alignnone\"><img loading=\"lazy\" decoding=\"async\" class=\"size-large wp-image-66617\" src=\"https:\/\/livinghome.vn\/thiet-bi\/wp-content\/uploads\/nha-bep\/klarstein\/noi-chien-khong-dau\/noi-chien-khong-dau-klarstein-kl-vitair-turbo\/noi-chien-khong-dau-klarstein-kl-vitair-turbo-4-800x800.jpg\" alt=\"N\u1ed3i chi\u00ean kh\u00f4ng d\u1ea7u Klarstein KL-VITAIR TURBO\" width=\"800\" height=\"800\" title=\"\"><figcaption id=\"caption-attachment-66617\" class=\"wp-caption-text\">N\u1ed3i chi\u00ean kh\u00f4ng d\u1ea7u Klarstein KL-VITAIR TURBO<\/figcaption><\/figure>\n<h3>V\u1ecf n\u1ed3i 2 l\u1edbp, ch\u1ed1ng nhi\u1ec7t cao<\/h3>\n<p class=\"p1\">L\u1eafp n\u1ed3i \u0111\u1ea7y phong\u00a0 c\u00e1ch \u0111\u01b0\u1ee3c l\u00e0m b\u1eb1ng nh\u1ef1a 2 l\u1edbp c\u00f3 c\u1eeda s\u1ed5 to\u00e0n c\u1ea3nh 310\u00b0 qua \u0111\u00f3 c\u00f3 th\u1ec3 theo d\u00f5i qu\u00e1 tr\u00ecnh n\u1ea5u n\u01b0\u1edbng. L\u1edbp ch\u1ed1ng d\u00ednh c\u1ee7a l\u1ed3ng l\u00e0m gi\u00fap gi\u1ea3m t\u1ed1i \u0111a qu\u00e1 tr\u00ecnh r\u1eeda s\u1ea1ch, m\u1eb7c d\u00f9 c\u00f3 th\u1ec3 \u0111\u01b0\u1ee3c l\u00e0m s\u1ea1ch trong m\u00e1y r\u1eeda b\u00e1t.<\/p>\n<p>V\u1edbi k\u00edch th\u01b0\u1edbc v\u1eeba ph\u1ea3i, c\u00f3 th\u1ec3 \u0111\u01b0\u1ee3c t\u00ecm th\u1ea5y trong h\u1ea7u h\u1ebft c\u00e1c nh\u00e0 b\u1ebfp. C\u00e1c khu v\u1ef1c n\u1ea5u n\u01b0\u1edbng nh\u1ecf th\u1eadm ch\u00ed c\u00f2n c\u00f3 l\u1ee3i g\u1ea5p nhi\u1ec1u l\u1ea7n, m\u00e0u \u0111\u1ecf v\u00e0 \u0111en b\u00ean ngo\u00e0i c\u1ee7a N\u1ed3i chi\u00ean kh\u00f4ng d\u1ea7u Klarstein KL-VITAIR TURBO c\u0169ng l\u00e0 1 \u0111i\u1ec3m b\u1eaft m\u1eaft th\u1ef1c s\u1ef1<\/p>\n<figure id=\"attachment_66611\" aria-describedby=\"caption-attachment-66611\" style=\"width: 800px\" class=\"wp-caption alignnone\"><img loading=\"lazy\" decoding=\"async\" class=\"size-large wp-image-66611\" src=\"https:\/\/livinghome.vn\/thiet-bi\/wp-content\/uploads\/nha-bep\/klarstein\/noi-chien-khong-dau\/noi-chien-khong-dau-klarstein-kl-vitair-turbo\/noi-chien-khong-dau-klarstein-kl-vitair-turbo-3-800x800.jpg\" alt=\"N\u1ed3i chi\u00ean kh\u00f4ng d\u1ea7u Klarstein KL-VITAIR TURBO\" width=\"800\" height=\"800\" title=\"\"><figcaption id=\"caption-attachment-66611\" class=\"wp-caption-text\">N\u1ed3i chi\u00ean kh\u00f4ng d\u1ea7u Klarstein KL-VITAIR TURBO<\/figcaption><\/figure>\n<\/div>\n<\/div>\n<\/div>\n","protected":false},"excerpt":{"rendered":"<p>N\u1ed3i chi\u00ean kh\u00f4ng d\u1ea7u Klarstein KL-VITAIR TURBO c\u00f4ng ngh\u1ec7 l\u00e0m n\u00f3ng b\u1eb1ng \u0111\u00e8n h\u1ed1ng ngo\u1ea1i Halogen 1400W \u0110\u1eb7c T\u00ednh N\u1ed5i B\u1eadt N\u1ed3i chi\u00ean d\u1ea7u d\u00f9ng \u0111\u1ec3 chi\u00ean, n\u01b0\u1edbng v\u00e0 quay kh\u00f4ng d\u1ea7u C\u00f4ng ngh\u1ec7 l\u00e0m n\u00f3ng b\u1eb1ng \u0111\u00e8n h\u1ed3ng ngo\u1ea1i Halogen 1400w Kh\u00f4ng gian n\u1ea5u 9l, d\u1ec5 d\u00e0ng v\u1ec7 sinh nh\u1edd l\u1edbp ch\u1ed1ng d\u00ednh c\u1ee7a [&#8230;]\n","protected":false},"featured_media":1211,"comment_status":"open","ping_status":"closed","template":"","meta":[],"product_brand":[],"product_cat":[101,217],"product_tag":[218,238,104,239],"class_list":{"0":"post-1109","1":"product","2":"type-product","3":"status-publish","4":"has-post-thumbnail","6":"product_cat-gia-dung-khac","7":"product_cat-thuong-hieu-klarstein","8":"product_tag-klarstein","9":"product_tag-noi-chien","10":"product_tag-noi-chien-khong-dau","11":"product_tag-noi-chien-khong-dau-klarstein","13":"first","14":"instock","15":"sale","16":"shipping-taxable","17":"purchasable","18":"product-type-simple"},"_links":{"self":[{"href":"https:\/\/livinghome.vn\/thiet-bi\/wp-json\/wp\/v2\/product\/1109","targetHints":{"allow":["GET"]}}],"collection":[{"href":"https:\/\/livinghome.vn\/thiet-bi\/wp-json\/wp\/v2\/product"}],"about":[{"href":"https:\/\/livinghome.vn\/thiet-bi\/wp-json\/wp\/v2\/types\/product"}],"replies":[{"embeddable":true,"href":"https:\/\/livinghome.vn\/thiet-bi\/wp-json\/wp\/v2\/comments?post=1109"}],"wp:featuredmedia":[{"embeddable":true,"href":"https:\/\/livinghome.vn\/thiet-bi\/wp-json\/wp\/v2\/media\/1211"}],"wp:attachment":[{"href":"https:\/\/livinghome.vn\/thiet-bi\/wp-json\/wp\/v2\/media?parent=1109"}],"wp:term":[{"taxonomy":"product_brand","embeddable":true,"href":"https:\/\/livinghome.vn\/thiet-bi\/wp-json\/wp\/v2\/product_brand?post=1109"},{"taxonomy":"product_cat","embeddable":true,"href":"https:\/\/livinghome.vn\/thiet-bi\/wp-json\/wp\/v2\/product_cat?post=1109"},{"taxonomy":"product_tag","embeddable":true,"href":"https:\/\/livinghome.vn\/thiet-bi\/wp-json\/wp\/v2\/product_tag?post=1109"}],"curies":[{"name":"wp","href":"https:\/\/api.w.org\/{rel}","templated":true}]}}