{"id":1108,"date":"2023-01-12T13:18:57","date_gmt":"2023-01-12T13:18:57","guid":{"rendered":"https:\/\/livinghome.vn\/thiet-bi\/?post_type=product&#038;p=1108"},"modified":"2024-11-29T14:20:47","modified_gmt":"2024-11-29T07:20:47","slug":"noi-chien-khong-dau-klarstein-kl-deluxe-man-hinh-cam-ung-lcd-voi-8-chuong-trinh-cai-dat-san","status":"publish","type":"product","link":"https:\/\/livinghome.vn\/thiet-bi\/noi-chien-khong-dau-klarstein-kl-deluxe-man-hinh-cam-ung-lcd-voi-8-chuong-trinh-cai-dat-san\/","title":{"rendered":"N\u1ed3i chi\u00ean kh\u00f4ng d\u1ea7u Klarstein KL-DELUXE m\u00e0n h\u00ecnh c\u1ea3m \u1ee9ng LCD v\u1edbi 8 ch\u01b0\u01a1ng tr\u00ecnh c\u00e0i \u0111\u1eb7t s\u1eb5n"},"content":{"rendered":"<h2>N\u1ed3i chi\u00ean kh\u00f4ng d\u1ea7u Klarstein KL-DELUXE v\u1edbi c\u00f4ng su\u1ea5t m\u1ea1nh m\u1ebd 1700W &#8211; dung t\u00edch 5,4 L\u00edt<\/h2>\n<figure id=\"attachment_66603\" aria-describedby=\"caption-attachment-66603\" style=\"width: 800px\" class=\"wp-caption alignnone\"><img loading=\"lazy\" decoding=\"async\" class=\"size-large wp-image-66603\" src=\"https:\/\/livinghome.vn\/thiet-bi\/wp-content\/uploads\/nha-bep\/klarstein\/noi-chien-khong-dau\/noi-chien-khong-dau-klarstein-kl-aerovital-deluxe\/noi-chien-khong-dau-klarstein-kl-aerovital-deluxe-800x800.jpg\" alt=\"N\u1ed3i chi\u00ean kh\u00f4ng d\u1ea7u Klarstein KL-DELUXE\" width=\"800\" height=\"800\" title=\"\"><figcaption id=\"caption-attachment-66603\" class=\"wp-caption-text\">N\u1ed3i chi\u00ean kh\u00f4ng d\u1ea7u Klarstein KL-DELUXE<\/figcaption><\/figure>\n<div class=\"xw_product-section-extra\">\n<h3>\u0110\u1eb7c T\u00ednh N\u1ed5i B\u1eadt<\/h3>\n<div class=\"entry-content\">\n<ul>\n<li class=\"p2\">Hi\u1ec7u su\u1ea5t m\u1ea1nh m\u1ebd : c\u00f4ng su\u1ea5t 1700w<\/li>\n<li class=\"p2\">T\u1ed1t cho s\u1ee9c kh\u1ecfe : gi\u1ea3m l\u01b0\u1ee3ng d\u1ea7u m\u1ee1 s\u1eed d\u1ee5ng h\u00e0ng ng\u00e0y \u0111\u1ebfn 80%<\/li>\n<li class=\"p2\">C\u00f4ng ngh\u1ec7 \u0111\u1ed1i l\u01b0u t\u1ed1c \u0111\u1ed9 cao<\/li>\n<li class=\"p2\">S\u1eed d\u1ee5ng thu\u1eadn ti\u1ec7n v\u1edbi m\u00e0n c\u1ea3m \u1ee9ng LCD k\u1ef9 thu\u1eadt s\u1ed1 v\u00e0 8 ch\u01b0\u01a1ng tr\u00ecnh c\u00e0i \u0111\u1eb7t s\u1eb5n<\/li>\n<li class=\"p2\">Dung t\u00edch : 5,4l<\/li>\n<li class=\"p2\">Ti\u1ebft ki\u1ec7m \u0111\u1ebfn 50% th\u1eddi gian v\u00e0 n\u0103ng l\u01b0\u1ee3ng so v\u1edbi l\u00f2 n\u01b0\u1edbng<\/li>\n<\/ul>\n<\/div>\n<\/div>\n<div class=\"xw_product-section-extra\">\n<h3>T\u00ednh n\u0103ng &amp; K\u00edch th\u01b0\u1edbc<\/h3>\n<div class=\"entry-content\">\n<div class=\"Product_infoContent__3srJU\">\n<ul>\n<li>Lo\u1ea1i s\u1ea3n ph\u1ea9m: <a href=\"https:\/\/livinghome.vn\/thiet-bi\/gia-dung-khac\/\">n\u1ed3i chi\u00ean kh\u00f4ng d\u1ea7u<\/a><\/li>\n<li class=\"p1\">Dung t\u00edch: 5,4 l\u00edt<\/li>\n<li class=\"p1\">C\u00f4ng su\u1ea5t: 1700 watt<\/li>\n<li class=\"p1\">Ngu\u1ed3n \u0111i\u1ec7n: 220-240V ~ | 50\/60 Hz<\/li>\n<li class=\"p1\">K\u00edch th\u01b0\u1edbc (c\u00f3 tay c\u1ea7m): x\u1ea5p x\u1ec9 31 x 32,5 x 34 cm (WxHxD)<\/li>\n<li class=\"p1\">Chi\u1ec1u d\u00e0i d\u00e2y ngu\u1ed3n: x\u1ea5p x\u1ec9 150 cm<\/li>\n<li class=\"p1\">Tr\u1ecdng l\u01b0\u1ee3ng: kho\u1ea3ng 5,7 kg<\/li>\n<\/ul>\n<h3>H\u1ec7 th\u1ed1ng Dual Heating m\u1ea1nh m\u1ebd<\/h3>\n<p>V\u1edbi N\u1ed3i chi\u00ean kh\u00f4ng d\u1ea7u Klarstein KL-DELUXE, vi\u1ec7c n\u1ea5u th\u1ef1c ph\u1ea9m \u00edt d\u1ea7u m\u1ee1 tr\u1edf n\u00ean nhanh ch\u00f3ng v\u00e0 d\u1ec5 d\u00e0ng. Kh\u00f4ng ai ph\u1ea3i l\u00e0m m\u00e0 kh\u00f4ng c\u00f3 h\u01b0\u01a1ng v\u1ecb tuy\u1ec7t v\u1eddi: Ngay c\u1ea3 khoai t\u00e2y chi\u00ean c\u0169ng tr\u1edf n\u00ean gi\u00f2n v\u00e0 c\u00f3 h\u01b0\u01a1ng v\u1ecb tuy\u1ec7t v\u1eddi.<\/p>\n<p>V\u1edbi kh\u00f4ng kh\u00ed n\u00f3ng lu\u00e2n chuy\u1ec3n, N\u1ed3i chi\u00ean kh\u00f4ng d\u1ea7u Klarstein KL-DELUXE c\u00f3 th\u1ec3 chi\u00ean, l\u00e0m b\u00e1nh, n\u01b0\u1edbng ho\u1eb7c n\u01b0\u1edbng v\u1edbi c\u00f4ng su\u1ea5t 1700 watt m\u1ea1nh m\u1ebd. V\u1edbi c\u00f4ng ngh\u1ec7 \u0111\u1ed1i l\u01b0u t\u1ed1c \u0111\u1ed9 cao, nhi\u1ec7t l\u01b0\u1ee3ng \u0111\u01b0\u1ee3c ph\u00e2n b\u1ed5 nhanh ch\u00f3ng v\u00e0 t\u1ed1i \u01b0u, n\u1ea5u ch\u00edn th\u1ef1c ph\u1ea9m t\u1eeb m\u1ecdi ph\u00eda m\u1ed9t c\u00e1ch nh\u1eb9 nh\u00e0ng v\u00e0 nhanh ch\u00f3ng, kh\u00f4ng c\u1ea7n r\u00e3 \u0111\u00f4ng.<\/p>\n<figure id=\"attachment_66602\" aria-describedby=\"caption-attachment-66602\" style=\"width: 800px\" class=\"wp-caption alignnone\"><img loading=\"lazy\" decoding=\"async\" class=\"size-large wp-image-66602\" src=\"https:\/\/livinghome.vn\/thiet-bi\/wp-content\/uploads\/nha-bep\/klarstein\/noi-chien-khong-dau\/noi-chien-khong-dau-klarstein-kl-aerovital-deluxe\/noi-chien-khong-dau-klarstein-kl-aerovital-deluxe-3-800x800.jpg\" alt=\"N\u1ed3i chi\u00ean kh\u00f4ng d\u1ea7u Klarstein KL-DELUXE\" width=\"800\" height=\"800\" title=\"\"><figcaption id=\"caption-attachment-66602\" class=\"wp-caption-text\">N\u1ed3i chi\u00ean kh\u00f4ng d\u1ea7u Klarstein KL-DELUXE<\/figcaption><\/figure>\n<h3>M\u00e0n h\u00ecnh c\u1ea3m \u1ee9ng LCD k\u1ef9 thu\u1eadt s\u1ed1<\/h3>\n<p>C\u00e0i \u0111\u1eb7t t\u1ed1i \u01b0u c\u00f3 th\u1ec3 \u0111\u01b0\u1ee3c t\u00ecm th\u1ea5y cho m\u1ecdi ph\u01b0\u01a1ng ph\u00e1p n\u1ea5u \u0103n tr\u00ean m\u00e0n h\u00ecnh c\u1ea3m \u1ee9ng LCD k\u1ef9 thu\u1eadt s\u1ed1 v\u00e0 th\u1eadm ch\u00ed c\u00f3 8 ch\u01b0\u01a1ng tr\u00ecnh \u0111\u01b0\u1ee3c c\u00e0i \u0111\u1eb7t s\u1eb5n cho c\u00e1c m\u00f3n \u0103n ph\u1ed5 bi\u1ebfn nh\u1ea5t nh\u01b0 khoai t\u00e2y chi\u00ean ho\u1eb7c g\u00e0. Gi\u1ecf XXL l\u1edbn v\u1edbi 5,4 l\u00edt cung c\u1ea5p kh\u00f4ng gian cho m\u1ed9t l\u01b0\u1ee3ng l\u1edbn khoai t\u00e2y chi\u00ean, ch\u00e2n g\u00e0 ho\u1eb7c t\u1ea5t c\u1ea3 c\u00e1c lo\u1ea1i th\u1ef1c ph\u1ea9m.<\/p>\n<p>N\u1ed3i chi\u00ean kh\u00f4ng d\u1ea7u Klarstein KL-DELUXE \u0111\u01b0\u1ee3c bao g\u1ed3m \u0111\u1eb7c bi\u1ec7t ti\u1ebft ki\u1ec7m th\u1eddi gian v\u00e0 n\u0103ng l\u01b0\u1ee3ng so v\u1edbi l\u00f2 n\u01b0\u1edbng!<\/p>\n<figure id=\"attachment_66605\" aria-describedby=\"caption-attachment-66605\" style=\"width: 800px\" class=\"wp-caption alignnone\"><img loading=\"lazy\" decoding=\"async\" class=\"size-large wp-image-66605\" src=\"https:\/\/livinghome.vn\/thiet-bi\/wp-content\/uploads\/nha-bep\/klarstein\/noi-chien-khong-dau\/noi-chien-khong-dau-klarstein-kl-aerovital-deluxe\/noi-chien-khong-dau-klarstein-kl-aerovital-deluxe-1-800x800.jpg\" alt=\"N\u1ed3i chi\u00ean kh\u00f4ng d\u1ea7u Klarstein KL-DELUXE\" width=\"800\" height=\"800\" title=\"\"><figcaption id=\"caption-attachment-66605\" class=\"wp-caption-text\">N\u1ed3i chi\u00ean kh\u00f4ng d\u1ea7u Klarstein KL-DELUXE<\/figcaption><\/figure>\n<h3>Thi\u1ebft b\u1ecb d\u1ec5 l\u00e0m s\u1ea1ch<\/h3>\n<p class=\"p1\">T\u1ea5t nhi\u00ean, s\u1ef1 an to\u00e0n c\u0169ng \u0111\u00e3 \u0111\u01b0\u1ee3c xem x\u00e9t: nh\u1edd c\u00f3 v\u1ecf c\u1ea3m \u1ee9ng m\u00e1t m\u1ebb, v\u1ecf v\u00e0 tay c\u1ea7m lu\u00f4n m\u00e1t m\u1ebb d\u1ec5 ch\u1ecbu trong su\u1ed1t qu\u00e1 tr\u00ecnh v\u1eadn h\u00e0nh.<\/p>\n<p class=\"p1\">Nh\u00ecn t\u1eeb b\u00ean ngo\u00e0i, v\u1ecf th\u00e9p kh\u00f4ng g\u1ec9 c\u1ee7a b\u1ebfp chi\u00ean nh\u00fang kh\u00f4ng ch\u1ec9 \u0111\u1eb9p \u1edf v\u1ebb ngo\u00e0i: sau khi chu\u1ea9n b\u1ecb, thi\u1ebft b\u1ecb \u0111\u01b0\u1ee3c l\u00e0m s\u1ea1ch nhanh ch\u00f3ng t\u1eeb trong ra ngo\u00e0i. Ngo\u00e0i ra, t\u1ea5t c\u1ea3 c\u00e1c b\u1ed9 ph\u1eadn kh\u00f4ng ph\u1ea3i \u0111i\u1ec7n t\u1eed \u0111\u1ec1u an to\u00e0n v\u1edbi m\u00e1y r\u1eeda b\u00e1t.<\/p>\n<figure id=\"attachment_66604\" aria-describedby=\"caption-attachment-66604\" style=\"width: 800px\" class=\"wp-caption alignnone\"><img loading=\"lazy\" decoding=\"async\" class=\"size-large wp-image-66604\" src=\"https:\/\/livinghome.vn\/thiet-bi\/wp-content\/uploads\/nha-bep\/klarstein\/noi-chien-khong-dau\/noi-chien-khong-dau-klarstein-kl-aerovital-deluxe\/noi-chien-khong-dau-klarstein-kl-aerovital-deluxe-2-800x800.jpg\" alt=\"N\u1ed3i chi\u00ean kh\u00f4ng d\u1ea7u Klarstein KL-DELUXE\" width=\"800\" height=\"800\" title=\"\"><figcaption id=\"caption-attachment-66604\" class=\"wp-caption-text\">N\u1ed3i chi\u00ean kh\u00f4ng d\u1ea7u Klarstein KL-DELUXE<\/figcaption><\/figure>\n<h3>Ch\u1ebf bi\u1ebfn nhanh ch\u00f3ng v\u00e0 ti\u1ec7n l\u1ee3i<\/h3>\n<figure id=\"attachment_66601\" aria-describedby=\"caption-attachment-66601\" style=\"width: 800px\" class=\"wp-caption alignnone\"><img loading=\"lazy\" decoding=\"async\" class=\"size-large wp-image-66601\" src=\"https:\/\/livinghome.vn\/thiet-bi\/wp-content\/uploads\/nha-bep\/klarstein\/noi-chien-khong-dau\/noi-chien-khong-dau-klarstein-kl-aerovital-deluxe\/noi-chien-khong-dau-klarstein-kl-aerovital-deluxe-4-800x800.jpg\" alt=\"N\u1ed3i chi\u00ean kh\u00f4ng d\u1ea7u Klarstein KL-DELUXE\" width=\"800\" height=\"800\" title=\"\"><figcaption id=\"caption-attachment-66601\" class=\"wp-caption-text\">N\u1ed3i chi\u00ean kh\u00f4ng d\u1ea7u Klarstein KL-DELUXE<\/figcaption><\/figure>\n<\/div>\n<\/div>\n<\/div>\n","protected":false},"excerpt":{"rendered":"<p>N\u1ed3i chi\u00ean kh\u00f4ng d\u1ea7u Klarstein KL-DELUXE v\u1edbi c\u00f4ng su\u1ea5t m\u1ea1nh m\u1ebd 1700W &#8211; dung t\u00edch 5,4 L\u00edt \u0110\u1eb7c T\u00ednh N\u1ed5i B\u1eadt Hi\u1ec7u su\u1ea5t m\u1ea1nh m\u1ebd : c\u00f4ng su\u1ea5t 1700w T\u1ed1t cho s\u1ee9c kh\u1ecfe : gi\u1ea3m l\u01b0\u1ee3ng d\u1ea7u m\u1ee1 s\u1eed d\u1ee5ng h\u00e0ng ng\u00e0y \u0111\u1ebfn 80% C\u00f4ng ngh\u1ec7 \u0111\u1ed1i l\u01b0u t\u1ed1c \u0111\u1ed9 cao S\u1eed d\u1ee5ng thu\u1eadn ti\u1ec7n [&#8230;]\n","protected":false},"featured_media":1206,"comment_status":"open","ping_status":"closed","template":"","meta":[],"product_brand":[],"product_cat":[101,217],"product_tag":[218,238,104,239],"class_list":{"0":"post-1108","1":"product","2":"type-product","3":"status-publish","4":"has-post-thumbnail","6":"product_cat-gia-dung-khac","7":"product_cat-thuong-hieu-klarstein","8":"product_tag-klarstein","9":"product_tag-noi-chien","10":"product_tag-noi-chien-khong-dau","11":"product_tag-noi-chien-khong-dau-klarstein","13":"first","14":"instock","15":"sale","16":"shipping-taxable","17":"purchasable","18":"product-type-simple"},"_links":{"self":[{"href":"https:\/\/livinghome.vn\/thiet-bi\/wp-json\/wp\/v2\/product\/1108","targetHints":{"allow":["GET"]}}],"collection":[{"href":"https:\/\/livinghome.vn\/thiet-bi\/wp-json\/wp\/v2\/product"}],"about":[{"href":"https:\/\/livinghome.vn\/thiet-bi\/wp-json\/wp\/v2\/types\/product"}],"replies":[{"embeddable":true,"href":"https:\/\/livinghome.vn\/thiet-bi\/wp-json\/wp\/v2\/comments?post=1108"}],"wp:featuredmedia":[{"embeddable":true,"href":"https:\/\/livinghome.vn\/thiet-bi\/wp-json\/wp\/v2\/media\/1206"}],"wp:attachment":[{"href":"https:\/\/livinghome.vn\/thiet-bi\/wp-json\/wp\/v2\/media?parent=1108"}],"wp:term":[{"taxonomy":"product_brand","embeddable":true,"href":"https:\/\/livinghome.vn\/thiet-bi\/wp-json\/wp\/v2\/product_brand?post=1108"},{"taxonomy":"product_cat","embeddable":true,"href":"https:\/\/livinghome.vn\/thiet-bi\/wp-json\/wp\/v2\/product_cat?post=1108"},{"taxonomy":"product_tag","embeddable":true,"href":"https:\/\/livinghome.vn\/thiet-bi\/wp-json\/wp\/v2\/product_tag?post=1108"}],"curies":[{"name":"wp","href":"https:\/\/api.w.org\/{rel}","templated":true}]}}