{"id":1105,"date":"2023-01-12T13:18:57","date_gmt":"2023-01-12T13:18:57","guid":{"rendered":"https:\/\/livinghome.vn\/thiet-bi\/?post_type=product&#038;p=1105"},"modified":"2024-11-29T14:20:47","modified_gmt":"2024-11-29T07:20:47","slug":"noi-chien-khong-dau-klarstein-kl-aerovital-cube-mau-den-voi-cong-suat-1600w-12-lit","status":"publish","type":"product","link":"https:\/\/livinghome.vn\/thiet-bi\/noi-chien-khong-dau-klarstein-kl-aerovital-cube-mau-den-voi-cong-suat-1600w-12-lit\/","title":{"rendered":"N\u1ed3i chi\u00ean kh\u00f4ng d\u1ea7u Klarstein KL-AEROVITAL CUBE m\u00e0u \u0111en v\u1edbi c\u00f4ng su\u1ea5t 1600W &#8211; 12 L\u00edt"},"content":{"rendered":"<h2>N\u1ed3i chi\u00ean kh\u00f4ng d\u1ea7u Klarstein KL-AEROVITAL CUBE v\u1edbi 13 ch\u01b0\u01a1ng tr\u00ecnh n\u1ea5u n\u01b0\u1edbng v\u00e0 03 ch\u1ee9c n\u0103ng \u0111\u01b0\u1ee3c ch\u1ecdn<\/h2>\n<figure id=\"attachment_66587\" aria-describedby=\"caption-attachment-66587\" style=\"width: 800px\" class=\"wp-caption alignnone\"><img loading=\"lazy\" decoding=\"async\" class=\"size-large wp-image-66587\" src=\"https:\/\/livinghome.vn\/thiet-bi\/wp-content\/uploads\/nha-bep\/klarstein\/noi-chien-khong-dau\/noi-chien-khong-dau-klarstein-kl-aerovital-cube-black\/noi-chien-khong-dau-klarstein-kl-aerovital-cube-black-800x800.jpg\" alt=\"N\u1ed3i chi\u00ean kh\u00f4ng d\u1ea7u Klarstein KL-AEROVITAL CUBE\" width=\"800\" height=\"800\" title=\"\"><figcaption id=\"caption-attachment-66587\" class=\"wp-caption-text\">N\u1ed3i chi\u00ean kh\u00f4ng d\u1ea7u Klarstein KL-AEROVITAL CUBE<\/figcaption><\/figure>\n<h3>T\u00ednh n\u0103ng<\/h3>\n<div class=\"entry-content\">\n<ul>\n<li>Lo\u1ea1i s\u1ea3n ph\u1ea9m: <a href=\"https:\/\/livinghome.vn\/thiet-bi\/gia-dung-khac\/\">n\u1ed3i chi\u00ean kh\u00f4ng d\u1ea7u<\/a><\/li>\n<li id=\"input_line_7\"><span id=\"input_part_0\" class=\"\" data-mention=\"\u0110\u1ec3 c\u00f3 nh\u1eefng m\u00f3n \u0103n l\u00e0nh m\u1ea1nh \u0111\u01b0\u1ee3c ch\u1ebf bi\u1ebfn nhanh ch\u00f3ng v\u00e0 ti\u1ec7n l\u1ee3i: n\u1ed3i chi\u00ean kh\u00f4ng kh\u00ed n\u00f3ng AeroVital c\u1ee7a Klarstein. Dung t\u00edch chi\u1ebft r\u00f3t: 12 l\u00edt\">Dung t\u00edch : 12 l\u00edt<\/span><\/li>\n<li id=\"input_line_8\"><span id=\"input_part_0\" class=\"\" data-mention=\"nh\u00e0 \u1edf ch\u1ed1ng n\u00f3ng\">V\u1ecf ch\u1ea5t li\u1ec7u ch\u1ed1ng n\u00f3ng.<\/span><\/li>\n<li id=\"input_line_9\"><span id=\"input_part_0\" class=\"\" data-mention=\"m\u00e0n h\u00ecnh k\u1ef9 thu\u1eadt s\u1ed1\">M\u00e0n h\u00ecnh k\u1ef9 thu\u1eadt s\u1ed1.<\/span><\/li>\n<li id=\"input_line_10\"><span id=\"input_part_0\" class=\"\" data-mention=\"C\u00f4ng su\u1ea5t: 1600 watt\">C\u00f4ng su\u1ea5t: 1600 watt.<\/span><\/li>\n<li id=\"input_line_11\"><span id=\"input_part_0\" class=\"\" data-mention=\"13 ch\u01b0\u01a1ng tr\u00ecnh v\u00e0 3 ch\u1ee9c n\u0103ng c\u00f3 th\u1ec3 l\u1ef1a ch\u1ecdn\">13 ch\u01b0\u01a1ng tr\u00ecnh v\u00e0 3 ch\u1ee9c n\u0103ng c\u00f3 th\u1ec3 l\u1ef1a ch\u1ecdn.<\/span><\/li>\n<li id=\"input_line_12\"><span id=\"input_part_0\" class=\"\" data-mention=\"Ch\u01b0\u01a1ng tr\u00ecnh: Khoai t\u00e2y chi\u00ean, C\u00e1nh (c\u00e1nh g\u00e0), B\u00edt t\u1ebft, Khoai t\u00e2y chi\u00ean, C\u00e1, Rau, B\u1eafp rang b\u01a1, G\u00e0, B\u00e1nh ng\u1ecdt, Xi\u00ean que, Pizza, B\u00e1nh m\u00ec n\u01b0\u1edbng, B\u00e1nh quy\">Ch\u01b0\u01a1ng tr\u00ecnh: Khoai t\u00e2y chi\u00ean, C\u00e1nh (c\u00e1nh g\u00e0), B\u00edt t\u1ebft, Khoai t\u00e2y chi\u00ean, C\u00e1, Rau, B\u1eafp rang b\u01a1, G\u00e0, B\u00e1nh ng\u1ecdt, Xi\u00ean que, Pizza, B\u00e1nh m\u00ec n\u01b0\u1edbng, B\u00e1nh quy.<\/span><\/li>\n<li id=\"input_line_13\"><span id=\"input_part_0\" class=\"\" data-mention=\"Ch\u1ee9c n\u0103ng: Th\u1ef1c ph\u1ea9m \u0111\u00f4ng l\u1ea1nh (r\u00e3 \u0111\u00f4ng), Gi\u1eef \u1ea5m (Gi\u1eef \u1ea5m), Dehydrate (S\u1ea5y kh\u00f4)\">Ch\u1ee9c n\u0103ng: Th\u1ef1c ph\u1ea9m \u0111\u00f4ng l\u1ea1nh (r\u00e3 \u0111\u00f4ng), Gi\u1eef \u1ea5m (Gi\u1eef \u1ea5m), Dehydrate (S\u1ea5y kh\u00f4).<\/span><\/li>\n<li id=\"input_line_14\"><span id=\"input_part_0\" class=\"\" data-mention=\"V\u1ea1t tr\u01b0\u1edbc v\u1edbi c\u1eeda s\u1ed5 to\u00e0n c\u1ea3nh\">Ph\u00eda tr\u01b0\u1edbc v\u1edbi c\u1eeda s\u1ed5 to\u00e0n c\u1ea3nh .<\/span><\/li>\n<li id=\"input_line_15\"><span id=\"input_part_0\" class=\"\" data-mention=\"Ngu\u1ed3n \u0111i\u1ec7n: 220-240V ~ | 50 \/ 60Hz\">Ngu\u1ed3n \u0111i\u1ec7n: 220-240V ~ | 50 \/ 60Hz<\/span><\/li>\n<\/ul>\n<div>\n<h3>K\u00cdCH TH\u01af\u1edaC CHI TI\u1ebeT<\/h3>\n<ul>\n<li>K\u00edch th\u01b0\u1edbc (c\u00f3 tay c\u1ea7m): x\u1ea5p x\u1ec9 31 x 37 x 32 cm (WxHxD)<\/li>\n<li>K\u00edch th\u01b0\u1edbc b\u00ean trong: kho\u1ea3ng 26,5 x 20 x 24 cm<\/li>\n<li>Chi\u1ec1u d\u00e0i ngu\u1ed3n \u0111i\u1ec7n: kho\u1ea3ng 130 cm-Tr\u1ecdng l\u01b0\u1ee3ng: x\u1ea5p x\u1ec9 6,8 kg<\/li>\n<\/ul>\n<h3>H\u1ec7 th\u1ed1ng l\u00e0m n\u00f3ng 3D c\u1ef1c nhanh<\/h3>\n<p>T\u1ed1t cho s\u1ee9c kh\u1ecfe v\u00e0 chi\u00ean ngon l\u00e0 kh\u00f4ng th\u1ec3? \u0110\u00fang v\u1eady, v\u1edbi N\u1ed3i chi\u00ean kh\u00f4ng d\u1ea7u Klarstein KL-AEROVITAL CUBE, vi\u1ec7c n\u1ea5u n\u01b0\u1edbng th\u1ef1c ph\u1ea9m \u00edt ch\u1ea5t b\u00e9o tr\u1edf n\u00ean nhanh ch\u00f3ng v\u00e0 si\u00eau d\u1ec5 d\u00e0ng. Kh\u00f4ng ai ph\u1ea3i l\u00e0m m\u00e0 kh\u00f4ng c\u00f3 h\u01b0\u01a1ng v\u1ecb tuy\u1ec7t v\u1eddi: ngay c\u1ea3 khoai t\u00e2y chi\u00ean c\u0169ng gi\u00f2n.<\/p>\n<p>B\u00ed m\u1eadt c\u1ee7a N\u1ed3i chi\u00ean kh\u00f4ng d\u1ea7u Klarstein KL-AEROVITAL CUBE l\u00e0 h\u1ec7 th\u1ed1ng l\u00e0m n\u00f3ng 3D, chi\u00ean, l\u00e0m b\u00e1nh, n\u01b0\u1edbng ho\u1eb7c n\u01b0\u1edbng v\u1edbi 1600 watt v\u00e0 kh\u00f4ng kh\u00ed n\u00f3ng lu\u00e2n chuy\u1ec3n. Nh\u1edd b\u1ed9 ph\u1eadn l\u00e0m n\u00f3ng b\u1eb1ng th\u00e9p kh\u00f4ng g\u1ec9 \u1edf ph\u00eda tr\u00ean v\u00e0 qu\u1ea1t kh\u00f4ng kh\u00ed tu\u1ea7n ho\u00e0n \u1edf ph\u00eda sau, nhi\u1ec7t l\u01b0\u1ee3ng \u0111\u01b0\u1ee3c ph\u00e2n b\u1ed5 nhanh ch\u00f3ng v\u00e0 t\u1ed1i \u01b0u v\u00e0 n\u1ea5u ch\u00edn th\u1ef1c ph\u1ea9m m\u1ed9t c\u00e1ch nh\u1eb9 nh\u00e0ng v\u00e0 nhanh ch\u00f3ng t\u1eeb m\u1ecdi ph\u00eda, kh\u00f4ng c\u1ea7n r\u00e3 \u0111\u00f4ng.<\/p>\n<figure id=\"attachment_66588\" aria-describedby=\"caption-attachment-66588\" style=\"width: 800px\" class=\"wp-caption alignnone\"><img loading=\"lazy\" decoding=\"async\" class=\"size-large wp-image-66588\" src=\"https:\/\/livinghome.vn\/thiet-bi\/wp-content\/uploads\/nha-bep\/klarstein\/noi-chien-khong-dau\/noi-chien-khong-dau-klarstein-kl-aerovital-cube-black\/noi-chien-khong-dau-klarstein-kl-aerovital-cube-black-6-800x800.jpg\" alt=\"N\u1ed3i chi\u00ean kh\u00f4ng d\u1ea7u Klarstein KL-AEROVITAL CUBE\" width=\"800\" height=\"800\" title=\"\"><figcaption id=\"caption-attachment-66588\" class=\"wp-caption-text\">N\u1ed3i chi\u00ean kh\u00f4ng d\u1ea7u Klarstein KL-AEROVITAL CUBE<\/figcaption><\/figure>\n<h3>16 Ch\u01b0\u01a1ng tr\u00ecnh n\u1ea5u n\u01b0\u1edbng c\u1ef1c \u0111\u00e3<\/h3>\n<p>Ho\u1ea1t \u0111\u1ed9ng r\u1ea5t \u0111\u01a1n gi\u1ea3n, v\u00ec N\u1ed3i chi\u00ean kh\u00f4ng d\u1ea7u Klarstein KL-AEROVITAL CUBEe ho\u1ea1t \u0111\u1ed9ng v\u1edbi Easy Start: Ch\u1ecdn m\u1ed9t trong 16 ch\u01b0\u01a1ng tr\u00ecnh th\u00f4ng qua b\u1ea3ng \u0111i\u1ec1u khi\u1ec3n c\u1ea3m \u1ee9ng v\u00e0 nhi\u1ec7t \u0111\u1ed9 v\u00e0 th\u1eddi gian n\u1ea5u \u0111\u01b0\u1ee3c c\u00e0i \u0111\u1eb7t tr\u01b0\u1edbc tr\u1ef1c ti\u1ebfp cho m\u00f3n \u0103n mong mu\u1ed1n. Ch\u1ec9 c\u1ea7n nh\u1ea5n b\u1eaft \u0111\u1ea7u v\u00e0 n\u1ed3i chi\u00ean \u0111\u00e3 th\u1ef1c hi\u1ec7n c\u00f4ng vi\u1ec7c c\u1ee7a n\u00f3. T\u1ea5t nhi\u00ean, nh\u1eefng ng\u01b0\u1eddi theo ch\u1ee7 ngh\u0129a c\u00e1 nh\u00e2n c\u0169ng c\u00f3 th\u1ec3 c\u00e0i \u0111\u1eb7t nhi\u1ec7t \u0111\u1ed9 v\u00e0 th\u1eddi gian ch\u1ea1y b\u1eb1ng tay.<\/p>\n<figure id=\"attachment_66586\" aria-describedby=\"caption-attachment-66586\" style=\"width: 800px\" class=\"wp-caption alignnone\"><img loading=\"lazy\" decoding=\"async\" class=\"size-large wp-image-66586\" src=\"https:\/\/livinghome.vn\/thiet-bi\/wp-content\/uploads\/nha-bep\/klarstein\/noi-chien-khong-dau\/noi-chien-khong-dau-klarstein-kl-aerovital-cube-black\/noi-chien-khong-dau-klarstein-kl-aerovital-cube-black-5-800x800.jpg\" alt=\"N\u1ed3i chi\u00ean kh\u00f4ng d\u1ea7u Klarstein KL-AEROVITAL CUBE\" width=\"800\" height=\"800\" title=\"\"><figcaption id=\"caption-attachment-66586\" class=\"wp-caption-text\">N\u1ed3i chi\u00ean kh\u00f4ng d\u1ea7u Klarstein KL-AEROVITAL CUBE<\/figcaption><\/figure>\n<h3>\u0110i\u1ec1u ch\u1ec9nh nhi\u1ec7t \u0111\u1ed9 theo ch\u01b0\u01a1ng tr\u00ecnh n\u1ea5u n\u01b0\u1edbng<\/h3>\n<p>Nhi\u1ec7t \u0111\u1ed9 c\u00f3 th\u1ec3 \u0111\u01b0\u1ee3c \u0111\u1eb7t theo m\u1ee9c t\u0103ng 10 \u00b0 C t\u1eeb 50 \u0111\u1ebfn 220 \u00b0 C v\u00e0 th\u1eddi gian n\u1ea5u trong 1 ph\u00fat t\u0103ng l\u00ean \u0111\u1ebfn 60 ph\u00fat. C\u00f3 13 ch\u01b0\u01a1ng tr\u00ecnh \u0111\u1ec3 b\u1ea1n l\u1ef1a ch\u1ecdn nh\u01b0 khoai t\u00e2y chi\u00ean, pizza, b\u00e1nh ng\u1ecdt, c\u00e1, rau c\u1ee7 hay th\u1ecbt g\u00e0 c\u0169ng nh\u01b0 3 ch\u1ee9c n\u0103ng r\u00e3 \u0111\u00f4ng, gi\u1eef \u1ea5m v\u00e0 s\u1ea5y kh\u00f4.<\/p>\n<figure id=\"attachment_66585\" aria-describedby=\"caption-attachment-66585\" style=\"width: 800px\" class=\"wp-caption alignnone\"><img loading=\"lazy\" decoding=\"async\" class=\"size-large wp-image-66585\" src=\"https:\/\/livinghome.vn\/thiet-bi\/wp-content\/uploads\/nha-bep\/klarstein\/noi-chien-khong-dau\/noi-chien-khong-dau-klarstein-kl-aerovital-cube-black\/noi-chien-khong-dau-klarstein-kl-aerovital-cube-black-4-800x800.jpg\" alt=\"N\u1ed3i chi\u00ean kh\u00f4ng d\u1ea7u Klarstein KL-AEROVITAL CUBE\" width=\"800\" height=\"800\" title=\"\"><figcaption id=\"caption-attachment-66585\" class=\"wp-caption-text\">N\u1ed3i chi\u00ean kh\u00f4ng d\u1ea7u Klarstein KL-AEROVITAL CUBE<\/figcaption><\/figure>\n<h3>Khoang n\u1ed3i v\u1edbi s\u1ee9c ch\u1ee9a c\u1ef1c l\u1edbn<\/h3>\n<p>N\u1ed3i chi\u00ean kh\u00f4ng d\u1ea7u Klarstein KL-AEROVITAL CUBE c\u00f3 khoang n\u1ed3i size XXL l\u1edbn, v\u1edbi dung t\u00edch l\u1edbn 12 l\u00edt, khi\u1ebfn b\u1ea1n kh\u00f4ng th\u1ec3 b\u1ecf qua khi chu\u1ea9n b\u1ecb v\u00e0 th\u1eadm ch\u00ed c\u00f3 th\u1ec3 ch\u1ee9a c\u1ea3 m\u1ed9t con g\u00e0 n\u01b0\u1edbng. N\u1ed3i chi\u00ean kh\u00f4ng d\u1ea7u Klarstein KL-AEROVITAL CUBE \u0111\u1eb7c bi\u1ec7t nh\u1ecf g\u1ecdn nh\u1edd thi\u1ebft k\u1ebf l\u00f2 n\u01b0\u1edbng mini v\u00e0 ch\u1ec9 chi\u1ebfm nhi\u1ec1u kh\u00f4ng gian tr\u00ean m\u1eb7t b\u1ebfp nh\u01b0 m\u1ed9t n\u1ed3i chi\u00ean th\u00f4ng th\u01b0\u1eddng!<\/p>\n<figure id=\"attachment_66589\" aria-describedby=\"caption-attachment-66589\" style=\"width: 800px\" class=\"wp-caption alignnone\"><img loading=\"lazy\" decoding=\"async\" class=\"size-large wp-image-66589\" src=\"https:\/\/livinghome.vn\/thiet-bi\/wp-content\/uploads\/nha-bep\/klarstein\/noi-chien-khong-dau\/noi-chien-khong-dau-klarstein-kl-aerovital-cube-black\/noi-chien-khong-dau-klarstein-kl-aerovital-cube-black-3-800x800.jpg\" alt=\"N\u1ed3i chi\u00ean kh\u00f4ng d\u1ea7u Klarstein KL-AEROVITAL CUBE\" width=\"800\" height=\"800\" title=\"\"><figcaption id=\"caption-attachment-66589\" class=\"wp-caption-text\">N\u1ed3i chi\u00ean kh\u00f4ng d\u1ea7u Klarstein KL-AEROVITAL CUBE<\/figcaption><\/figure>\n<h3>B\u1ed9 ph\u1ee5 ki\u1ec7n phong ph\u00fa<\/h3>\n<p>\u0110\u01b0\u1ee3c thi\u1ebft l\u1eadp t\u1ed1i \u01b0u cho m\u1ecdi m\u1ee5c \u0111\u00edch: khay nh\u1ecf gi\u1ecdt \u0111\u1ec3 h\u1ee9ng ch\u1ea5t b\u00e9o tho\u00e1t ra, v\u1ec9 n\u01b0\u1edbng v\u00e0 gi\u1ecf n\u01b0\u1edbng cho c\u00e1c m\u00f3n chi\u00ean l\u1edbn v\u00e0 nh\u1ecf nh\u01b0 c\u00e1nh g\u00e0 ho\u1eb7c b\u00e1nh m\u00ec v\u00e0 m\u1ed9t xi\u00ean n\u01b0\u1edbng b\u00e1nh m\u00ec v\u1edbi b\u1ed9 n\u00e2ng nh\u1ed5 \u0111i k\u00e8m \u0111\u01b0\u1ee3c bao g\u1ed3m trong ph\u1ea1m vi giao h\u00e0ng. V\u00e0 \u0111i\u1ec1u tuy\u1ec7t v\u1eddi nh\u1ea5t l\u00e0: \u1ede \u0111\u00e2y b\u1ea1n c\u00f3 th\u1ec3 chi\u00ean theo \u00fd mu\u1ed1n m\u00e0 kh\u00f4ng ph\u1ea3i lo l\u1eafng v\u1ec1 l\u01b0\u1ee3ng calo, b\u1edfi v\u00ec m\u1ecdi th\u1ee9 \u0111\u1ec1u \u0111\u01b0\u1ee3c n\u1ea5u b\u1eb1ng kh\u00f4ng kh\u00ed n\u00f3ng m\u00e0 kh\u00f4ng c\u1ea7n th\u00eam b\u1ea5t k\u1ef3 lo\u1ea1i d\u1ea7u n\u00e0o.<\/p>\n<figure id=\"attachment_66590\" aria-describedby=\"caption-attachment-66590\" style=\"width: 800px\" class=\"wp-caption alignnone\"><img loading=\"lazy\" decoding=\"async\" class=\"size-large wp-image-66590\" src=\"https:\/\/livinghome.vn\/thiet-bi\/wp-content\/uploads\/nha-bep\/klarstein\/noi-chien-khong-dau\/noi-chien-khong-dau-klarstein-kl-aerovital-cube-chef\/noi-chien-khong-dau-klarstein-kl-aerovital-cube-chef-3-800x800.jpg\" alt=\"N\u1ed3i chi\u00ean kh\u00f4ng d\u1ea7u Klarstein KL-AEROVITAL CUBE\" width=\"800\" height=\"800\" title=\"\"><figcaption id=\"caption-attachment-66590\" class=\"wp-caption-text\">N\u1ed3i chi\u00ean kh\u00f4ng d\u1ea7u Klarstein KL-AEROVITAL CUBE<\/figcaption><\/figure>\n<h3>V\u1ecf c\u1ea3m \u1ee9ng ch\u1ed1ng nhi\u1ec7t, gi\u1eef nhi\u1ec7t c\u1ef1c t\u1ed1t<\/h3>\n<p>T\u1ea5t nhi\u00ean, t\u00ednh an to\u00e0n c\u0169ng \u0111\u01b0\u1ee3c xem x\u00e9t: Nh\u1edd c\u00f3 v\u1ecf c\u1ea3m \u1ee9ng m\u00e1t m\u1ebb, v\u1ecf v\u00e0 tay c\u1ea7m lu\u00f4n m\u00e1t m\u1ebb d\u1ec5 ch\u1ecbu trong su\u1ed1t qu\u00e1 tr\u00ecnh v\u1eadn h\u00e0nh.<\/p>\n<figure id=\"attachment_66584\" aria-describedby=\"caption-attachment-66584\" style=\"width: 800px\" class=\"wp-caption alignnone\"><img loading=\"lazy\" decoding=\"async\" class=\"size-large wp-image-66584\" src=\"https:\/\/livinghome.vn\/thiet-bi\/wp-content\/uploads\/nha-bep\/klarstein\/noi-chien-khong-dau\/noi-chien-khong-dau-klarstein-kl-aerovital-cube-black\/noi-chien-khong-dau-klarstein-kl-aerovital-cube-black-2-800x800.jpg\" alt=\"N\u1ed3i chi\u00ean kh\u00f4ng d\u1ea7u Klarstein KL-AEROVITAL CUBE\" width=\"800\" height=\"800\" title=\"\"><figcaption id=\"caption-attachment-66584\" class=\"wp-caption-text\">N\u1ed3i chi\u00ean kh\u00f4ng d\u1ea7u Klarstein KL-AEROVITAL CUBE<\/figcaption><\/figure>\n<h3>V\u1edbi m\u00e0n h\u00ecnh k\u1ef9 thu\u1eadt s\u1ed1 d\u1ec5 s\u1eed d\u1ee5ng,hi\u1ec3n th\u1ecb r\u00f5 r\u00e0ng<\/h3>\n<figure id=\"attachment_66592\" aria-describedby=\"caption-attachment-66592\" style=\"width: 800px\" class=\"wp-caption alignnone\"><img loading=\"lazy\" decoding=\"async\" class=\"size-large wp-image-66592\" src=\"https:\/\/livinghome.vn\/thiet-bi\/wp-content\/uploads\/nha-bep\/klarstein\/noi-chien-khong-dau\/noi-chien-khong-dau-klarstein-kl-aerovital-cube-chef\/noi-chien-khong-dau-klarstein-kl-aerovital-cube-chef-2-800x800.jpg\" alt=\"N\u1ed3i chi\u00ean kh\u00f4ng d\u1ea7u Klarstein KL-AEROVITAL CUBE\" width=\"800\" height=\"800\" title=\"\"><figcaption id=\"caption-attachment-66592\" class=\"wp-caption-text\">N\u1ed3i chi\u00ean kh\u00f4ng d\u1ea7u Klarstein KL-AEROVITAL CUBE<\/figcaption><\/figure>\n<\/div>\n<\/div>\n<p>&nbsp;<\/p>\n","protected":false},"excerpt":{"rendered":"<p>N\u1ed3i chi\u00ean kh\u00f4ng d\u1ea7u Klarstein KL-AEROVITAL CUBE v\u1edbi 13 ch\u01b0\u01a1ng tr\u00ecnh n\u1ea5u n\u01b0\u1edbng v\u00e0 03 ch\u1ee9c n\u0103ng \u0111\u01b0\u1ee3c ch\u1ecdn T\u00ednh n\u0103ng Lo\u1ea1i s\u1ea3n ph\u1ea9m: n\u1ed3i chi\u00ean kh\u00f4ng d\u1ea7u Dung t\u00edch : 12 l\u00edt V\u1ecf ch\u1ea5t li\u1ec7u ch\u1ed1ng n\u00f3ng. M\u00e0n h\u00ecnh k\u1ef9 thu\u1eadt s\u1ed1. C\u00f4ng su\u1ea5t: 1600 watt. 13 ch\u01b0\u01a1ng tr\u00ecnh v\u00e0 3 ch\u1ee9c n\u0103ng c\u00f3 [&#8230;]\n","protected":false},"featured_media":1188,"comment_status":"open","ping_status":"closed","template":"","meta":[],"product_brand":[],"product_cat":[101,217],"product_tag":[218,238,104,239],"class_list":{"0":"post-1105","1":"product","2":"type-product","3":"status-publish","4":"has-post-thumbnail","6":"product_cat-gia-dung-khac","7":"product_cat-thuong-hieu-klarstein","8":"product_tag-klarstein","9":"product_tag-noi-chien","10":"product_tag-noi-chien-khong-dau","11":"product_tag-noi-chien-khong-dau-klarstein","13":"first","14":"instock","15":"sale","16":"shipping-taxable","17":"purchasable","18":"product-type-simple"},"_links":{"self":[{"href":"https:\/\/livinghome.vn\/thiet-bi\/wp-json\/wp\/v2\/product\/1105","targetHints":{"allow":["GET"]}}],"collection":[{"href":"https:\/\/livinghome.vn\/thiet-bi\/wp-json\/wp\/v2\/product"}],"about":[{"href":"https:\/\/livinghome.vn\/thiet-bi\/wp-json\/wp\/v2\/types\/product"}],"replies":[{"embeddable":true,"href":"https:\/\/livinghome.vn\/thiet-bi\/wp-json\/wp\/v2\/comments?post=1105"}],"wp:featuredmedia":[{"embeddable":true,"href":"https:\/\/livinghome.vn\/thiet-bi\/wp-json\/wp\/v2\/media\/1188"}],"wp:attachment":[{"href":"https:\/\/livinghome.vn\/thiet-bi\/wp-json\/wp\/v2\/media?parent=1105"}],"wp:term":[{"taxonomy":"product_brand","embeddable":true,"href":"https:\/\/livinghome.vn\/thiet-bi\/wp-json\/wp\/v2\/product_brand?post=1105"},{"taxonomy":"product_cat","embeddable":true,"href":"https:\/\/livinghome.vn\/thiet-bi\/wp-json\/wp\/v2\/product_cat?post=1105"},{"taxonomy":"product_tag","embeddable":true,"href":"https:\/\/livinghome.vn\/thiet-bi\/wp-json\/wp\/v2\/product_tag?post=1105"}],"curies":[{"name":"wp","href":"https:\/\/api.w.org\/{rel}","templated":true}]}}